{"id":125,"date":"2022-10-03T12:20:48","date_gmt":"2022-10-03T12:20:48","guid":{"rendered":"http:\/\/indjijatravel.rs\/eng\/?page_id=125"},"modified":"2022-10-03T12:20:49","modified_gmt":"2022-10-03T12:20:49","slug":"did-you-know-that","status":"publish","type":"page","link":"http:\/\/indjijatravel.rs\/eng\/did-you-know-that\/","title":{"rendered":"Did you know that&#8230;"},"content":{"rendered":"\n<h5 class=\"wp-block-heading\">Did you know that&#8230;<\/h5>\n\n\n\n<p>\u2026 there are three legends about how In\u0111ija got its name? The first is that the name originates from the Latin word <em>indigena<\/em>, which means indigenous, native. The second version offers an explanation that it originated from the Turkish noun <em>ikindia<\/em>, which means afternoon prayer. The third version certainly sounds the best. It is believed that In\u0111ija used to be a female name and that the settlement was named after a beautiful girl who lived in it.<\/p>\n\n\n\n<p>\u2026 Stari Slankamen is located at the confluence of the Tisza and the Danube, which represents the tripoint of Srem, Banat and Ba\u010dka?<\/p>\n\n\n\n<p>\u2026 according to the legend, the famous military leader Attila the Hun was buried at the confluence of these two rivers?<\/p>\n\n\n\n<p>\u2026 the two hoards excavated in Kr\u010dedin were used as the basis for the study of Celtic money? One was found in the area of Planina and contained 72 coins, and the other in the area of Ve\u0107, containing as many as 881 coins.<\/p>\n\n\n\n<p>\u2026 the Postal Service was founded in In\u0111ija as early as 1800?<\/p>\n\n\n\n<p>\u2026 Andrija Jovi\u0107, the founder of the famous football club BSK (Belgrade Sports Club) from Belgrade, was born in \u010cortanovci?<\/p>\n\n\n\n<p>\u2026 the loess profile in Stari Slankamen is a unique geological site in Europe, important for proving climate change during the last 800,000 years?<\/p>\n\n\n\n<p>\u2026 the summer castle of Count Petar Peja\u010di\u0107 is located in Jarkovci?<\/p>\n\n\n\n<p>\u2026 there are nine large and twenty small wineries in the territory of the municipality of In\u0111ija?<\/p>\n\n\n\n<p>\u2026 the villa of Dr. Radenko Stankovi\u0107, one of the deputies of King Petar II Kara\u0111or\u0111evi\u0107, is located in \u010cortanovci?<\/p>\n\n\n\n<p>\u2026 the salt water spring in Stari Slankamen is the only natural salt water spring in Vojvodina?<\/p>\n\n\n\n<p>\u2026 there is a 150-year-old ethno house in Maradik, with an exceptional exhibition, which is the envy of many ethnographic museums in this area?<\/p>\n\n\n\n<p>\u2026 the spa in Stari Slankamen is the oldest spa in Vojvodina?<\/p>\n\n\n\n<p>\u2026 the Orthodox Church of St. Nicholas in Stari Slankamen is one of the oldest churches in Srem?<\/p>\n\n\n\n<p>\u2026 there are as many as three churches in Maradik: the Orthodox Church, the Catholic Church and the Reformed Christian Church?<\/p>\n\n\n\n<p>\u2026 the Turkish bath in Stari Slankamen, which dates from the 16<sup>th <\/sup>century, is one of the two preserved baths from the period in Vojvodina?<\/p>\n\n\n\n<p>\u2026 the remains of the Turkish bath can be seen in the Akuminkum winery?<\/p>\n\n\n\n<p>\u2026 in 1455, In\u0111ija was mentioned as a feudal estate of the Sulyok de Lekcse family?<\/p>\n\n\n\n<p>\u2026there was a shipyard for chaikas &#8211; light, fast, wooden boats in Slankamen in the 16<sup>th<\/sup> century?<\/p>\n\n\n\n<p>\u2026 the railway came to In\u0111ija in 1883?<\/p>\n\n\n\n<p>\u2026 there were two Catholic churches, an Orthodox church and a mosque in Slankamen in the 17<sup>th<\/sup> century?<\/p>\n\n\n\n<p>\u2026 one of the decisive battles during the Austrian-Turkish wars took place near Slankamen in 1691?<\/p>\n\n\n\n<p>\u2026 Dr. \u0110ordje Nato\u0161evi\u0107 was born in Stari Slankamen in 1821? He was a pedagogue and an educator, credited with laying the foundations of modern education in Serbia.<\/p>\n\n\n\n<p>\u2026 there were two hotels (The Big Hotel and The Small Hotel), with a large balcony on which an orchestra played, as well as a large park with walking paths in Stari Slankamen at the beginning of the 20<sup>th<\/sup> century?<\/p>\n\n\n\n<p>\u2026 the thematic tourist complex Celtic Village was opened in In\u0111ija in 2021?<\/p>\n\n\n\n<p>\u2026 the first museum in In\u0111ija called the Adligat Gallery was opened in In\u0111ija in 2022?<\/p>\n\n\n\n<p>\u2026 you can experience the spirit of the municipality of In\u0111ija by walking along its beautiful streets, visiting cultural and historical sights, cruising on the Danube and visiting local wineries and restaurants?<\/p>\n\n\n\n<figure class=\"wp-block-gallery has-nested-images columns-3 is-cropped wp-block-gallery-1 is-layout-flex wp-block-gallery-is-layout-flex\"><\/figure>\n","protected":false},"excerpt":{"rendered":"<p>Did you know that&#8230; \u2026 there are three legends about how In\u0111ija got its name? The first is that the name originates from the Latin word indigena, which means indigenous, native. The second version offers an explanation that it originated from the Turkish noun ikindia, which means afternoon prayer. The third version certainly sounds the [&hellip;]<\/p>\n","protected":false},"author":1,"featured_media":0,"parent":0,"menu_order":0,"comment_status":"closed","ping_status":"closed","template":"","meta":{"_monsterinsights_skip_tracking":false,"_monsterinsights_sitenote_active":false,"_monsterinsights_sitenote_note":"","_monsterinsights_sitenote_category":0,"footnotes":""},"class_list":["post-125","page","type-page","status-publish","hentry","no-thumb"],"yoast_head":"<!-- This site is optimized with the Yoast SEO plugin v19.7.1 - https:\/\/yoast.com\/wordpress\/plugins\/seo\/ -->\n<title>Did you know that... - Tourist organization of the Municipality of In\u0111ija<\/title>\n<meta name=\"robots\" content=\"index, follow, max-snippet:-1, max-image-preview:large, max-video-preview:-1\" \/>\n<link rel=\"canonical\" href=\"http:\/\/indjijatravel.rs\/eng\/did-you-know-that\/\" \/>\n<meta property=\"og:locale\" content=\"en_US\" \/>\n<meta property=\"og:type\" content=\"article\" \/>\n<meta property=\"og:title\" content=\"Did you know that... - Tourist organization of the Municipality of In\u0111ija\" \/>\n<meta property=\"og:description\" content=\"Did you know that&#8230; \u2026 there are three legends about how In\u0111ija got its name? The first is that the name originates from the Latin word indigena, which means indigenous, native. The second version offers an explanation that it originated from the Turkish noun ikindia, which means afternoon prayer. The third version certainly sounds the [&hellip;]\" \/>\n<meta property=\"og:url\" content=\"http:\/\/indjijatravel.rs\/eng\/did-you-know-that\/\" \/>\n<meta property=\"og:site_name\" content=\"Tourist organization of the Municipality of In\u0111ija\" \/>\n<meta property=\"article:modified_time\" content=\"2022-10-03T12:20:49+00:00\" \/>\n<meta name=\"twitter:card\" content=\"summary_large_image\" \/>\n<meta name=\"twitter:label1\" content=\"Est. reading time\" \/>\n\t<meta name=\"twitter:data1\" content=\"3 minutes\" \/>\n<script type=\"application\/ld+json\" class=\"yoast-schema-graph\">{\"@context\":\"https:\/\/schema.org\",\"@graph\":[{\"@type\":\"WebPage\",\"@id\":\"http:\/\/indjijatravel.rs\/eng\/did-you-know-that\/\",\"url\":\"http:\/\/indjijatravel.rs\/eng\/did-you-know-that\/\",\"name\":\"Did you know that... - Tourist organization of the Municipality of In\u0111ija\",\"isPartOf\":{\"@id\":\"https:\/\/indjijatravel.rs\/eng\/#website\"},\"datePublished\":\"2022-10-03T12:20:48+00:00\",\"dateModified\":\"2022-10-03T12:20:49+00:00\",\"breadcrumb\":{\"@id\":\"http:\/\/indjijatravel.rs\/eng\/did-you-know-that\/#breadcrumb\"},\"inLanguage\":\"en-US\",\"potentialAction\":[{\"@type\":\"ReadAction\",\"target\":[\"http:\/\/indjijatravel.rs\/eng\/did-you-know-that\/\"]}]},{\"@type\":\"BreadcrumbList\",\"@id\":\"http:\/\/indjijatravel.rs\/eng\/did-you-know-that\/#breadcrumb\",\"itemListElement\":[{\"@type\":\"ListItem\",\"position\":1,\"name\":\"\u041f\u043e\u0447\u0435\u0442\u043d\u0430\",\"item\":\"https:\/\/indjijatravel.rs\/eng\/\"},{\"@type\":\"ListItem\",\"position\":2,\"name\":\"Did you know that&#8230;\"}]},{\"@type\":\"WebSite\",\"@id\":\"https:\/\/indjijatravel.rs\/eng\/#website\",\"url\":\"https:\/\/indjijatravel.rs\/eng\/\",\"name\":\"Tourist organization of the Municipality of In\u0111ija\",\"description\":\"\",\"potentialAction\":[{\"@type\":\"SearchAction\",\"target\":{\"@type\":\"EntryPoint\",\"urlTemplate\":\"https:\/\/indjijatravel.rs\/eng\/?s={search_term_string}\"},\"query-input\":\"required name=search_term_string\"}],\"inLanguage\":\"en-US\"}]}<\/script>\n<!-- \/ Yoast SEO plugin. -->","yoast_head_json":{"title":"Did you know that... - Tourist organization of the Municipality of In\u0111ija","robots":{"index":"index","follow":"follow","max-snippet":"max-snippet:-1","max-image-preview":"max-image-preview:large","max-video-preview":"max-video-preview:-1"},"canonical":"http:\/\/indjijatravel.rs\/eng\/did-you-know-that\/","og_locale":"en_US","og_type":"article","og_title":"Did you know that... - Tourist organization of the Municipality of In\u0111ija","og_description":"Did you know that&#8230; \u2026 there are three legends about how In\u0111ija got its name? The first is that the name originates from the Latin word indigena, which means indigenous, native. The second version offers an explanation that it originated from the Turkish noun ikindia, which means afternoon prayer. The third version certainly sounds the [&hellip;]","og_url":"http:\/\/indjijatravel.rs\/eng\/did-you-know-that\/","og_site_name":"Tourist organization of the Municipality of In\u0111ija","article_modified_time":"2022-10-03T12:20:49+00:00","twitter_card":"summary_large_image","twitter_misc":{"Est. reading time":"3 minutes"},"schema":{"@context":"https:\/\/schema.org","@graph":[{"@type":"WebPage","@id":"http:\/\/indjijatravel.rs\/eng\/did-you-know-that\/","url":"http:\/\/indjijatravel.rs\/eng\/did-you-know-that\/","name":"Did you know that... - Tourist organization of the Municipality of In\u0111ija","isPartOf":{"@id":"https:\/\/indjijatravel.rs\/eng\/#website"},"datePublished":"2022-10-03T12:20:48+00:00","dateModified":"2022-10-03T12:20:49+00:00","breadcrumb":{"@id":"http:\/\/indjijatravel.rs\/eng\/did-you-know-that\/#breadcrumb"},"inLanguage":"en-US","potentialAction":[{"@type":"ReadAction","target":["http:\/\/indjijatravel.rs\/eng\/did-you-know-that\/"]}]},{"@type":"BreadcrumbList","@id":"http:\/\/indjijatravel.rs\/eng\/did-you-know-that\/#breadcrumb","itemListElement":[{"@type":"ListItem","position":1,"name":"\u041f\u043e\u0447\u0435\u0442\u043d\u0430","item":"https:\/\/indjijatravel.rs\/eng\/"},{"@type":"ListItem","position":2,"name":"Did you know that&#8230;"}]},{"@type":"WebSite","@id":"https:\/\/indjijatravel.rs\/eng\/#website","url":"https:\/\/indjijatravel.rs\/eng\/","name":"Tourist organization of the Municipality of In\u0111ija","description":"","potentialAction":[{"@type":"SearchAction","target":{"@type":"EntryPoint","urlTemplate":"https:\/\/indjijatravel.rs\/eng\/?s={search_term_string}"},"query-input":"required name=search_term_string"}],"inLanguage":"en-US"}]}},"_links":{"self":[{"href":"http:\/\/indjijatravel.rs\/eng\/wp-json\/wp\/v2\/pages\/125","targetHints":{"allow":["GET"]}}],"collection":[{"href":"http:\/\/indjijatravel.rs\/eng\/wp-json\/wp\/v2\/pages"}],"about":[{"href":"http:\/\/indjijatravel.rs\/eng\/wp-json\/wp\/v2\/types\/page"}],"author":[{"embeddable":true,"href":"http:\/\/indjijatravel.rs\/eng\/wp-json\/wp\/v2\/users\/1"}],"replies":[{"embeddable":true,"href":"http:\/\/indjijatravel.rs\/eng\/wp-json\/wp\/v2\/comments?post=125"}],"version-history":[{"count":1,"href":"http:\/\/indjijatravel.rs\/eng\/wp-json\/wp\/v2\/pages\/125\/revisions"}],"predecessor-version":[{"id":126,"href":"http:\/\/indjijatravel.rs\/eng\/wp-json\/wp\/v2\/pages\/125\/revisions\/126"}],"wp:attachment":[{"href":"http:\/\/indjijatravel.rs\/eng\/wp-json\/wp\/v2\/media?parent=125"}],"curies":[{"name":"wp","href":"https:\/\/api.w.org\/{rel}","templated":true}]}}