{"id":78,"date":"2017-12-12T09:51:01","date_gmt":"2017-12-12T09:51:01","guid":{"rendered":"http:\/\/indjijatravel.rs\/eng\/?page_id=78"},"modified":"2026-03-03T14:28:00","modified_gmt":"2026-03-03T14:28:00","slug":"accommodation","status":"publish","type":"page","link":"http:\/\/indjijatravel.rs\/eng\/accommodation\/","title":{"rendered":"Accommodation"},"content":{"rendered":"\n<h5 class=\"wp-block-heading has-text-align-left\">Accommodation<\/h5>\n\n\n\n<p><\/p>\n\n\n\n<div class=\"wp-block-media-text alignwide has-media-on-the-right is-stacked-on-mobile\" style=\"grid-template-columns:auto 42%\"><div class=\"wp-block-media-text__content\">\n<p><strong>&#8220;Hotel Central&#8221;<\/strong> <strong>***<\/strong>*<\/p>\n\n\n\n<p>Vojvode Stepe 2, Indjija<\/p>\n\n\n\n<p>+381 69 55 15 511,\u00a0+381 22 551 551<\/p>\n\n\n\n<p><a href=\"https:\/\/hogo.rs\/en\/hogo-english\/\">w<\/a><a href=\"https:\/\/www.hotelcentral.rs\/en\/\" target=\"_blank\" rel=\"noreferrer noopener\">ww.hotelcentral.rs<\/a><\/p>\n\n\n\n<p><\/p>\n\n\n\n<p><\/p>\n\n\n\n<p><\/p>\n<\/div><figure class=\"wp-block-media-text__media\"><img loading=\"lazy\" decoding=\"async\" width=\"1024\" height=\"683\" src=\"http:\/\/indjijatravel.rs\/eng\/wp-content\/uploads\/sites\/2\/2026\/03\/dwadsadsdad.jpg\" alt=\"\" class=\"wp-image-730 size-full\" srcset=\"http:\/\/indjijatravel.rs\/eng\/wp-content\/uploads\/sites\/2\/2026\/03\/dwadsadsdad.jpg 1024w, http:\/\/indjijatravel.rs\/eng\/wp-content\/uploads\/sites\/2\/2026\/03\/dwadsadsdad-300x200.jpg 300w, http:\/\/indjijatravel.rs\/eng\/wp-content\/uploads\/sites\/2\/2026\/03\/dwadsadsdad-768x512.jpg 768w\" sizes=\"auto, (max-width: 1024px) 100vw, 1024px\" \/><\/figure><\/div>\n\n\n\n<p><\/p>\n\n\n\n<div class=\"wp-block-media-text alignwide has-media-on-the-right is-stacked-on-mobile\" style=\"grid-template-columns:auto 42%\"><div class=\"wp-block-media-text__content\">\n<p><strong>&#8220;Hotel Hogo&#8221;<\/strong> <strong>***<\/strong>*<\/p>\n\n\n\n<p>Vojvode Stepe 32, Indjija<\/p>\n\n\n\n<p>+381 66 21 51 25,&nbsp;+381 22 21 51 250<\/p>\n\n\n\n<p><a href=\"https:\/\/hogo.rs\/en\/hogo-english\/\">w<\/a><a href=\"https:\/\/hogo.rs\/en\/hogo-english\/\" target=\"_blank\" rel=\"noreferrer noopener\">ww.hogo.rs<\/a><\/p>\n\n\n\n<p><\/p>\n\n\n\n<p><\/p>\n\n\n\n<p><\/p>\n<\/div><figure class=\"wp-block-media-text__media\"><img loading=\"lazy\" decoding=\"async\" width=\"1024\" height=\"683\" src=\"https:\/\/indjijatravel.rs\/eng\/wp-content\/uploads\/sites\/2\/2025\/08\/hogobiznisapartman05-1024x683.jpg\" alt=\"\" class=\"wp-image-726 size-full\" srcset=\"http:\/\/indjijatravel.rs\/eng\/wp-content\/uploads\/sites\/2\/2025\/08\/hogobiznisapartman05-1024x683.jpg 1024w, http:\/\/indjijatravel.rs\/eng\/wp-content\/uploads\/sites\/2\/2025\/08\/hogobiznisapartman05-300x200.jpg 300w, http:\/\/indjijatravel.rs\/eng\/wp-content\/uploads\/sites\/2\/2025\/08\/hogobiznisapartman05-768x512.jpg 768w, http:\/\/indjijatravel.rs\/eng\/wp-content\/uploads\/sites\/2\/2025\/08\/hogobiznisapartman05-1536x1025.jpg 1536w, http:\/\/indjijatravel.rs\/eng\/wp-content\/uploads\/sites\/2\/2025\/08\/hogobiznisapartman05-1170x780.jpg 1170w, http:\/\/indjijatravel.rs\/eng\/wp-content\/uploads\/sites\/2\/2025\/08\/hogobiznisapartman05.jpg 1920w\" sizes=\"auto, (max-width: 1024px) 100vw, 1024px\" \/><\/figure><\/div>\n\n\n\n<p><\/p>\n\n\n\n<div class=\"wp-block-media-text alignwide has-media-on-the-right is-stacked-on-mobile\" style=\"grid-template-columns:auto 42%\"><div class=\"wp-block-media-text__content\">\n<p><strong>Hotel &#8220;MB MONOGRAM&#8221;<\/strong> <strong>***<\/strong><\/p>\n\n\n\n<p>Novosadski put bb, Maradik (Be\u0161\u010danski krst)<br>062 400 404<br><a href=\"http:\/\/www.mvmonogram.rs\/\">www.mvmonogram.rs<\/a><\/p>\n<\/div><figure class=\"wp-block-media-text__media\"><img decoding=\"async\" src=\"http:\/\/indjijatravel.rs\/wp-content\/uploads\/2022\/02\/Monogram-1.jpg\" alt=\"\" class=\"wp-image-3876 size-full\" \/><\/figure><\/div>\n\n\n\n<p><strong>  <\/strong><\/p>\n\n\n\n<div class=\"wp-block-media-text alignwide has-media-on-the-right is-stacked-on-mobile\" style=\"grid-template-columns:auto 42%\"><div class=\"wp-block-media-text__content\">\n<p><strong>&#8220;MONOGRAM LUX&#8221;<br><\/strong><br>Novosadski put 2, In\u0111ija<br>069 14 00 404<br><\/p>\n<\/div><figure class=\"wp-block-media-text__media\"><img decoding=\"async\" src=\"http:\/\/indjijatravel.rs\/wp-content\/uploads\/2022\/04\/monogram-lux-1.jpg\" alt=\"\" class=\"wp-image-4112 size-full\" \/><\/figure><\/div>\n\n\n\n<p><\/p>\n\n\n\n<div class=\"wp-block-media-text alignwide has-media-on-the-right is-stacked-on-mobile\" style=\"grid-template-columns:auto 42%\"><div class=\"wp-block-media-text__content\">\n<p><strong>&#8220;BLACK QUEEN HOUSE&#8221;<\/strong><br>Stari \u0160or 42, \u010cortanovci<br>063 403 669<\/p>\n<\/div><figure class=\"wp-block-media-text__media\"><img loading=\"lazy\" decoding=\"async\" width=\"800\" height=\"533\" src=\"http:\/\/indjijatravel.rs\/eng\/wp-content\/uploads\/sites\/2\/2025\/08\/BlackHouse.jpg\" alt=\"\" class=\"wp-image-722 size-full\" srcset=\"http:\/\/indjijatravel.rs\/eng\/wp-content\/uploads\/sites\/2\/2025\/08\/BlackHouse.jpg 800w, http:\/\/indjijatravel.rs\/eng\/wp-content\/uploads\/sites\/2\/2025\/08\/BlackHouse-300x200.jpg 300w, http:\/\/indjijatravel.rs\/eng\/wp-content\/uploads\/sites\/2\/2025\/08\/BlackHouse-768x512.jpg 768w\" sizes=\"auto, (max-width: 800px) 100vw, 800px\" \/><\/figure><\/div>\n\n\n\n<p><strong>  <\/strong><\/p>\n\n\n\n<div class=\"wp-block-media-text alignwide has-media-on-the-right is-stacked-on-mobile\" style=\"grid-template-columns:auto 42%\"><div class=\"wp-block-media-text__content\">\n<p><strong>Lodging &#8220;IN CLUB<\/strong>&#8220;<\/p>\n\n\n\n<p>Jug Bogdana 13, In\u0111ija<br>022 556 340, 556 341<br><a href=\"http:\/\/www.inclub.rs\/\">www.inclub.rs<\/a><\/p>\n<\/div><figure class=\"wp-block-media-text__media\"><img decoding=\"async\" src=\"http:\/\/indjijatravel.rs\/wp-content\/uploads\/2022\/02\/In-klub-2.jpg\" alt=\"\" class=\"wp-image-3882 size-full\" \/><\/figure><\/div>\n\n\n\n<p><strong>  <\/strong><\/p>\n\n\n\n<div class=\"wp-block-media-text alignwide has-media-on-the-right is-stacked-on-mobile\" style=\"grid-template-columns:auto 42%\"><div class=\"wp-block-media-text__content\">\n<p><strong>Apartments &#8220;Kord 2&#8221;<\/strong><\/p>\n\n\n\n<p>Trejdjunik 8\/32, In\u0111ija<br>063 518 261, 063 518 783<br><a href=\"http:\/\/www.kord2apartmani.com\/\">www.kord2apartmani.com<\/a><\/p>\n<\/div><figure class=\"wp-block-media-text__media\"><img decoding=\"async\" src=\"http:\/\/indjijatravel.rs\/wp-content\/uploads\/2022\/02\/Kord-2-1.jpg\" alt=\"\" class=\"wp-image-3874 size-full\" \/><\/figure><\/div>\n\n\n\n<p><strong>  <\/strong><\/p>\n\n\n\n<div class=\"wp-block-media-text alignwide has-media-on-the-right is-stacked-on-mobile\" style=\"grid-template-columns:auto 42%\"><div class=\"wp-block-media-text__content\">\n<p><strong>Lodging &#8220;FIVE APARTMENTS<\/strong>&#8220;<\/p>\n\n\n\n<p>Petra Drap\u0161ina 2, In\u0111ija<br>065 30 11 000, 063 88 76 413<br><a href=\"http:\/\/www.five-apartments.com\/\">www.five-apartments.com<\/a><\/p>\n<\/div><figure class=\"wp-block-media-text__media\"><img decoding=\"async\" src=\"http:\/\/indjijatravel.rs\/wp-content\/uploads\/2022\/02\/Five-apartments-1.jpeg\" alt=\"\" class=\"wp-image-3875 size-full\" \/><\/figure><\/div>\n\n\n\n<p><strong>  <\/strong><\/p>\n\n\n\n<p><strong>  <\/strong><\/p>\n\n\n\n<div class=\"wp-block-media-text alignwide has-media-on-the-right is-stacked-on-mobile\" style=\"grid-template-columns:auto 42%\"><div class=\"wp-block-media-text__content\">\n<p><strong>Hotel &#8220;SIDRO&#8221; **<br><\/strong><br>Dunavska obala bb, Be\u0161ka<br>022 572 001<br><a href=\"http:\/\/www.sidro.co.rs\/\">www.sidro.co.rs<\/a><\/p>\n<\/div><figure class=\"wp-block-media-text__media\"><img decoding=\"async\" src=\"http:\/\/indjijatravel.rs\/wp-content\/uploads\/2022\/02\/Sidro.jpg\" alt=\"\" class=\"wp-image-3855 size-full\" \/><\/figure><\/div>\n\n\n\n<p><strong>  <\/strong><\/p>\n\n\n\n<div class=\"wp-block-media-text alignwide has-media-on-the-right is-stacked-on-mobile\" style=\"grid-template-columns:auto 42%\"><div class=\"wp-block-media-text__content\">\n<p><strong>Ludging &#8220;PARK&#8221;<\/strong><\/p>\n\n\n\n<p>Trg Srpskih junaka 1, Be\u0161ka<br>022 570 278<\/p>\n<\/div><figure class=\"wp-block-media-text__media\"><img decoding=\"async\" src=\"http:\/\/indjijatravel.rs\/wp-content\/uploads\/2022\/02\/Park-1.jpg\" alt=\"\" class=\"wp-image-3877 size-full\" \/><\/figure><\/div>\n\n\n\n<p><strong>  <\/strong><\/p>\n\n\n\n<div class=\"wp-block-media-text alignwide has-media-on-the-right is-stacked-on-mobile\" style=\"grid-template-columns:auto 42%\"><div class=\"wp-block-media-text__content\">\n<p><strong>Ludging &#8220;KEJ&#8221;<\/strong><\/p>\n\n\n\n<p>Banjska 53, Stari Slankamen<br>022 25 91 088, 060 59 10 200<\/p>\n<\/div><figure class=\"wp-block-media-text__media\"><img decoding=\"async\" src=\"http:\/\/indjijatravel.rs\/wp-content\/uploads\/2022\/02\/Kej-1.png\" alt=\"\" class=\"wp-image-3878 size-full\" \/><\/figure><\/div>\n\n\n\n<p><strong>  <\/strong><\/p>\n\n\n\n<div class=\"wp-block-media-text alignwide has-media-on-the-right is-stacked-on-mobile\" style=\"grid-template-columns:auto 42%\"><div class=\"wp-block-media-text__content\">\n<p><strong>Ludging &#8220;Vila 48&#8221;<\/strong><\/p>\n\n\n\n<p>Po\u010denta 2, Stari Slankamen<br>064 64 09 292<br><a href=\"http:\/\/www.facebook.com\/Villa-48-431680610743532\/\">www.facebook.com\/Villa-48-431680610743532\/<\/a><br><\/p>\n<\/div><figure class=\"wp-block-media-text__media\"><img decoding=\"async\" src=\"http:\/\/indjijatravel.rs\/wp-content\/uploads\/2022\/02\/Vila-48-1.jpg\" alt=\"\" class=\"wp-image-3879 size-full\" \/><\/figure><\/div>\n\n\n\n<p><strong>  <\/strong><\/p>\n\n\n\n<div class=\"wp-block-media-text alignwide has-media-on-the-right is-stacked-on-mobile\" style=\"grid-template-columns:auto 42%\"><div class=\"wp-block-media-text__content\">\n<p><strong>&#8220;VILA \u0160APAT&#8221;, Rooms ****<\/strong><\/p>\n\n\n\n<p>Po\u010denta bb, Novi Slankamen<br>069 60 76 98<br><a href=\"http:\/\/www.sapat.rs\/\">www.sapat.rs<\/a><\/p>\n<\/div><figure class=\"wp-block-media-text__media\"><img decoding=\"async\" src=\"http:\/\/indjijatravel.rs\/wp-content\/uploads\/2022\/02\/Sapat.jpg\" alt=\"\" class=\"wp-image-3887 size-full\" \/><\/figure><\/div>\n\n\n\n<p><strong>  <\/strong><\/p>\n\n\n\n<div class=\"wp-block-media-text alignwide has-media-on-the-right is-stacked-on-mobile\" style=\"grid-template-columns:auto 42%\"><div class=\"wp-block-media-text__content\">\n<p><strong>&#8220;VILA U\u0160\u0106E&#8221;, Rural tourist household ****&nbsp;<\/strong><\/p>\n\n\n\n<p>Vojvode Stepe 17, Stari Slankamen<br>064 70 09 960<br><a href=\"https:\/\/www.facebook.com\/vilausce1\/\">www.facebook.com\/vilausce1\/<\/a><\/p>\n<\/div><figure class=\"wp-block-media-text__media\"><img decoding=\"async\" src=\"http:\/\/indjijatravel.rs\/wp-content\/uploads\/2022\/02\/Vila-Usce-1-1024x680.jpg\" alt=\"\" class=\"wp-image-3880 size-full\" \/><\/figure><\/div>\n\n\n\n<p><strong>  <\/strong><\/p>\n\n\n\n<div class=\"wp-block-media-text alignwide has-media-on-the-right is-stacked-on-mobile\" style=\"grid-template-columns:auto 42%\"><div class=\"wp-block-media-text__content\">\n<p><strong>&#8220;VILA DUNAVSKA BAJKA&#8221;<\/strong><\/p>\n\n\n\n<p>Vojvode Stepe Stepanovi\u0107a, Stari Slankamen<br>063 214 214<\/p>\n<\/div><figure class=\"wp-block-media-text__media\"><img decoding=\"async\" src=\"http:\/\/indjijatravel.rs\/wp-content\/uploads\/2022\/09\/vila-dunavska-bajka1748.jpg\" alt=\"\" class=\"wp-image-4765 size-full\" \/><\/figure><\/div>\n\n\n\n<p><strong>  <\/strong><\/p>\n\n\n\n<p><strong>  <\/strong><\/p>\n\n\n\n<div class=\"wp-block-media-text alignwide has-media-on-the-right is-stacked-on-mobile\" style=\"grid-template-columns:auto 42%\"><div class=\"wp-block-media-text__content\">\n<p><strong>&#8220;SUNSET HILL HOUSE&#8221;, House for rest ***&nbsp;<\/strong><\/p>\n\n\n\n<p>11. put bb, Kr\u010dedin<br>069 24 63 433<br><a href=\"http:\/\/www.facebook.com\/Sunset-hill-house-105231741806687\/?ref=page_internal\">www.facebook.com\/Sunset-hill-house-105231741806687\/?ref=page_internal<\/a><\/p>\n<\/div><figure class=\"wp-block-media-text__media\"><img decoding=\"async\" src=\"http:\/\/indjijatravel.rs\/wp-content\/uploads\/2022\/02\/Sunset-hill-house.jpg\" alt=\"\" class=\"wp-image-3894 size-full\" \/><\/figure><\/div>\n\n\n\n<p><strong>  <\/strong><\/p>\n\n\n\n<div class=\"wp-block-media-text alignwide has-media-on-the-right is-stacked-on-mobile\" style=\"grid-template-columns:auto 42%\"><div class=\"wp-block-media-text__content\">\n<p><strong>&#8220;LAGUNA PLATZ&#8221;, House for rest *<\/strong><\/p>\n\n\n\n<p>Nova Tidija bb, \u010cortanovci<br>063 82 75 552<br><a href=\"http:\/\/lagunaplatz.com\/\">www.lagunaplatz.com<\/a><\/p>\n<\/div><figure class=\"wp-block-media-text__media\"><img decoding=\"async\" src=\"http:\/\/indjijatravel.rs\/wp-content\/uploads\/2022\/02\/Laguna-Platz.jpg\" alt=\"\" class=\"wp-image-3890 size-full\" \/><\/figure><\/div>\n\n\n\n<p><\/p>\n\n\n\n<div class=\"wp-block-media-text alignwide has-media-on-the-right is-stacked-on-mobile\" style=\"grid-template-columns:auto 42%\"><div class=\"wp-block-media-text__content\">\n<p><strong>&#8220;VILA KALEMEGDAN&#8221;, House for rest ****&nbsp;<\/strong><\/p>\n\n\n\n<p>Mar\u0161ala Tita 6, \u010cortanovci<br>063 28 73 88<br><a href=\"http:\/\/www.facebook.com\/Villa-Kalemegdan-103976711349063063287388\">www.facebook.com\/Villa-Kalemegdan-103976711349063063287388<\/a><\/p>\n<\/div><figure class=\"wp-block-media-text__media\"><img decoding=\"async\" src=\"http:\/\/indjijatravel.rs\/wp-content\/uploads\/2022\/02\/Vila-Kalemegdan.jpg\" alt=\"\" class=\"wp-image-3895 size-full\" \/><\/figure><\/div>\n\n\n\n<p><\/p>\n\n\n\n<div class=\"wp-block-media-text alignwide has-media-on-the-right is-stacked-on-mobile\" style=\"grid-template-columns:auto 42%\"><div class=\"wp-block-media-text__content\">\n<p><strong>&#8220;BANSTOLKA&#8221;, Rural tourist household ***&nbsp;<\/strong><\/p>\n\n\n\n<p>Vikend naselje bb, Banstol<br>060 14 00 995<\/p>\n<\/div><figure class=\"wp-block-media-text__media\"><img decoding=\"async\" src=\"http:\/\/indjijatravel.rs\/wp-content\/uploads\/2022\/02\/Banstolka.jpg\" alt=\"\" class=\"wp-image-3886 size-full\" \/><\/figure><\/div>\n\n\n\n<p><strong>  <\/strong><\/p>\n\n\n\n<div class=\"wp-block-media-text alignwide has-media-on-the-right is-stacked-on-mobile\" style=\"grid-template-columns:auto 42%\"><div class=\"wp-block-media-text__content\">\n<p><strong>&#8220;VILA MP&#8221;, Rural tourist household ***&nbsp;<\/strong><\/p>\n\n\n\n<p>Brde\u017e do, Banstol<br>063 81 17 292<br><a href=\"http:\/\/www.facebook.com\/vilampbanstol\/\">www.facebook.com\/vilampbanstol\/<\/a><\/p>\n<\/div><figure class=\"wp-block-media-text__media\"><img decoding=\"async\" src=\"http:\/\/indjijatravel.rs\/wp-content\/uploads\/2022\/02\/Vila-MP.jpg\" alt=\"\" class=\"wp-image-3891 size-full\" \/><\/figure><\/div>\n\n\n\n<p><\/p>\n\n\n\n<div class=\"wp-block-media-text alignwide has-media-on-the-right is-stacked-on-mobile\" style=\"grid-template-columns:auto 42%\"><div class=\"wp-block-media-text__content\">\n<p><strong>&#8220;BRVNARA AURORA VISTA&#8221;, Rural tourist household ***&nbsp;<\/strong><\/p>\n\n\n\n<p>Devet Jugovi\u0107a 20, Banstol<br>063 14 00 737<br><a href=\"http:\/\/www.facebook.com\/auroravistabrvnara\/\">www.facebook.com\/auroravistabrvnara\/<\/a><\/p>\n<\/div><figure class=\"wp-block-media-text__media\"><img decoding=\"async\" src=\"http:\/\/indjijatravel.rs\/wp-content\/uploads\/2022\/02\/Aurora-Vista.jpg\" alt=\"\" class=\"wp-image-3892 size-full\" \/><\/figure><\/div>\n\n\n\n<p><strong>  <\/strong><\/p>\n\n\n\n<div class=\"wp-block-media-text alignwide has-media-on-the-right is-stacked-on-mobile\" style=\"grid-template-columns:auto 42%\"><div class=\"wp-block-media-text__content\">\n<p><strong>&#8220;ZONAMITA HOUSE&#8221;,&nbsp; House for rest ****&nbsp;<\/strong><\/p>\n\n\n\n<p>Banstol<br>064 12 13 312<br><a href=\"http:\/\/www.facebook.com\/zonamita.house\/\">www.facebook.com\/zonamita.house\/<\/a><\/p>\n<\/div><figure class=\"wp-block-media-text__media\"><img decoding=\"async\" src=\"http:\/\/indjijatravel.rs\/wp-content\/uploads\/2022\/02\/Zonamita-house.jpg\" alt=\"\" class=\"wp-image-3893 size-full\" \/><\/figure><\/div>\n","protected":false},"excerpt":{"rendered":"<p>Accommodation &#8220;Hotel Central&#8221; **** Vojvode Stepe 2, Indjija +381 69 55 15 511,\u00a0+381 22 551 551 www.hotelcentral.rs &#8220;Hotel Hogo&#8221; **** Vojvode Stepe 32, Indjija +381 66 21 51 25,&nbsp;+381 22 21 51 250 www.hogo.rs Hotel &#8220;MB MONOGRAM&#8221; *** Novosadski put bb, Maradik (Be\u0161\u010danski krst)062 400 404www.mvmonogram.rs &#8220;MONOGRAM LUX&#8221;Novosadski put 2, In\u0111ija069 14 00 404 &#8220;BLACK [&hellip;]<\/p>\n","protected":false},"author":1,"featured_media":0,"parent":0,"menu_order":0,"comment_status":"closed","ping_status":"closed","template":"","meta":{"_monsterinsights_skip_tracking":false,"_monsterinsights_sitenote_active":false,"_monsterinsights_sitenote_note":"","_monsterinsights_sitenote_category":0,"footnotes":""},"class_list":["post-78","page","type-page","status-publish","hentry","no-thumb"],"yoast_head":"<!-- This site is optimized with the Yoast SEO plugin v19.7.1 - https:\/\/yoast.com\/wordpress\/plugins\/seo\/ -->\n<title>Accommodation - Tourist organization of the Municipality of In\u0111ija<\/title>\n<meta name=\"robots\" content=\"index, follow, max-snippet:-1, max-image-preview:large, max-video-preview:-1\" \/>\n<link rel=\"canonical\" href=\"http:\/\/indjijatravel.rs\/eng\/accommodation\/\" \/>\n<meta property=\"og:locale\" content=\"en_US\" \/>\n<meta property=\"og:type\" content=\"article\" \/>\n<meta property=\"og:title\" content=\"Accommodation - Tourist organization of the Municipality of In\u0111ija\" \/>\n<meta property=\"og:description\" content=\"Accommodation &#8220;Hotel Central&#8221; **** Vojvode Stepe 2, Indjija +381 69 55 15 511,\u00a0+381 22 551 551 www.hotelcentral.rs &#8220;Hotel Hogo&#8221; **** Vojvode Stepe 32, Indjija +381 66 21 51 25,&nbsp;+381 22 21 51 250 www.hogo.rs Hotel &#8220;MB MONOGRAM&#8221; *** Novosadski put bb, Maradik (Be\u0161\u010danski krst)062 400 404www.mvmonogram.rs &#8220;MONOGRAM LUX&#8221;Novosadski put 2, In\u0111ija069 14 00 404 &#8220;BLACK [&hellip;]\" \/>\n<meta property=\"og:url\" content=\"http:\/\/indjijatravel.rs\/eng\/accommodation\/\" \/>\n<meta property=\"og:site_name\" content=\"Tourist organization of the Municipality of In\u0111ija\" \/>\n<meta property=\"article:modified_time\" content=\"2026-03-03T14:28:00+00:00\" \/>\n<meta property=\"og:image\" content=\"http:\/\/indjijatravel.rs\/eng\/wp-content\/uploads\/sites\/2\/2026\/03\/dwadsadsdad.jpg\" \/>\n<meta name=\"twitter:card\" content=\"summary_large_image\" \/>\n<meta name=\"twitter:label1\" content=\"Est. reading time\" \/>\n\t<meta name=\"twitter:data1\" content=\"6 minutes\" \/>\n<script type=\"application\/ld+json\" class=\"yoast-schema-graph\">{\"@context\":\"https:\/\/schema.org\",\"@graph\":[{\"@type\":\"WebPage\",\"@id\":\"http:\/\/indjijatravel.rs\/eng\/accommodation\/\",\"url\":\"http:\/\/indjijatravel.rs\/eng\/accommodation\/\",\"name\":\"Accommodation - Tourist organization of the Municipality of In\u0111ija\",\"isPartOf\":{\"@id\":\"https:\/\/indjijatravel.rs\/eng\/#website\"},\"datePublished\":\"2017-12-12T09:51:01+00:00\",\"dateModified\":\"2026-03-03T14:28:00+00:00\",\"breadcrumb\":{\"@id\":\"http:\/\/indjijatravel.rs\/eng\/accommodation\/#breadcrumb\"},\"inLanguage\":\"en-US\",\"potentialAction\":[{\"@type\":\"ReadAction\",\"target\":[\"http:\/\/indjijatravel.rs\/eng\/accommodation\/\"]}]},{\"@type\":\"BreadcrumbList\",\"@id\":\"http:\/\/indjijatravel.rs\/eng\/accommodation\/#breadcrumb\",\"itemListElement\":[{\"@type\":\"ListItem\",\"position\":1,\"name\":\"\u041f\u043e\u0447\u0435\u0442\u043d\u0430\",\"item\":\"https:\/\/indjijatravel.rs\/eng\/\"},{\"@type\":\"ListItem\",\"position\":2,\"name\":\"Accommodation\"}]},{\"@type\":\"WebSite\",\"@id\":\"https:\/\/indjijatravel.rs\/eng\/#website\",\"url\":\"https:\/\/indjijatravel.rs\/eng\/\",\"name\":\"Tourist organization of the Municipality of In\u0111ija\",\"description\":\"\",\"potentialAction\":[{\"@type\":\"SearchAction\",\"target\":{\"@type\":\"EntryPoint\",\"urlTemplate\":\"https:\/\/indjijatravel.rs\/eng\/?s={search_term_string}\"},\"query-input\":\"required name=search_term_string\"}],\"inLanguage\":\"en-US\"}]}<\/script>\n<!-- \/ Yoast SEO plugin. -->","yoast_head_json":{"title":"Accommodation - Tourist organization of the Municipality of In\u0111ija","robots":{"index":"index","follow":"follow","max-snippet":"max-snippet:-1","max-image-preview":"max-image-preview:large","max-video-preview":"max-video-preview:-1"},"canonical":"http:\/\/indjijatravel.rs\/eng\/accommodation\/","og_locale":"en_US","og_type":"article","og_title":"Accommodation - Tourist organization of the Municipality of In\u0111ija","og_description":"Accommodation &#8220;Hotel Central&#8221; **** Vojvode Stepe 2, Indjija +381 69 55 15 511,\u00a0+381 22 551 551 www.hotelcentral.rs &#8220;Hotel Hogo&#8221; **** Vojvode Stepe 32, Indjija +381 66 21 51 25,&nbsp;+381 22 21 51 250 www.hogo.rs Hotel &#8220;MB MONOGRAM&#8221; *** Novosadski put bb, Maradik (Be\u0161\u010danski krst)062 400 404www.mvmonogram.rs &#8220;MONOGRAM LUX&#8221;Novosadski put 2, In\u0111ija069 14 00 404 &#8220;BLACK [&hellip;]","og_url":"http:\/\/indjijatravel.rs\/eng\/accommodation\/","og_site_name":"Tourist organization of the Municipality of In\u0111ija","article_modified_time":"2026-03-03T14:28:00+00:00","og_image":[{"url":"http:\/\/indjijatravel.rs\/eng\/wp-content\/uploads\/sites\/2\/2026\/03\/dwadsadsdad.jpg"}],"twitter_card":"summary_large_image","twitter_misc":{"Est. reading time":"6 minutes"},"schema":{"@context":"https:\/\/schema.org","@graph":[{"@type":"WebPage","@id":"http:\/\/indjijatravel.rs\/eng\/accommodation\/","url":"http:\/\/indjijatravel.rs\/eng\/accommodation\/","name":"Accommodation - Tourist organization of the Municipality of In\u0111ija","isPartOf":{"@id":"https:\/\/indjijatravel.rs\/eng\/#website"},"datePublished":"2017-12-12T09:51:01+00:00","dateModified":"2026-03-03T14:28:00+00:00","breadcrumb":{"@id":"http:\/\/indjijatravel.rs\/eng\/accommodation\/#breadcrumb"},"inLanguage":"en-US","potentialAction":[{"@type":"ReadAction","target":["http:\/\/indjijatravel.rs\/eng\/accommodation\/"]}]},{"@type":"BreadcrumbList","@id":"http:\/\/indjijatravel.rs\/eng\/accommodation\/#breadcrumb","itemListElement":[{"@type":"ListItem","position":1,"name":"\u041f\u043e\u0447\u0435\u0442\u043d\u0430","item":"https:\/\/indjijatravel.rs\/eng\/"},{"@type":"ListItem","position":2,"name":"Accommodation"}]},{"@type":"WebSite","@id":"https:\/\/indjijatravel.rs\/eng\/#website","url":"https:\/\/indjijatravel.rs\/eng\/","name":"Tourist organization of the Municipality of In\u0111ija","description":"","potentialAction":[{"@type":"SearchAction","target":{"@type":"EntryPoint","urlTemplate":"https:\/\/indjijatravel.rs\/eng\/?s={search_term_string}"},"query-input":"required name=search_term_string"}],"inLanguage":"en-US"}]}},"_links":{"self":[{"href":"http:\/\/indjijatravel.rs\/eng\/wp-json\/wp\/v2\/pages\/78","targetHints":{"allow":["GET"]}}],"collection":[{"href":"http:\/\/indjijatravel.rs\/eng\/wp-json\/wp\/v2\/pages"}],"about":[{"href":"http:\/\/indjijatravel.rs\/eng\/wp-json\/wp\/v2\/types\/page"}],"author":[{"embeddable":true,"href":"http:\/\/indjijatravel.rs\/eng\/wp-json\/wp\/v2\/users\/1"}],"replies":[{"embeddable":true,"href":"http:\/\/indjijatravel.rs\/eng\/wp-json\/wp\/v2\/comments?post=78"}],"version-history":[{"count":8,"href":"http:\/\/indjijatravel.rs\/eng\/wp-json\/wp\/v2\/pages\/78\/revisions"}],"predecessor-version":[{"id":732,"href":"http:\/\/indjijatravel.rs\/eng\/wp-json\/wp\/v2\/pages\/78\/revisions\/732"}],"wp:attachment":[{"href":"http:\/\/indjijatravel.rs\/eng\/wp-json\/wp\/v2\/media?parent=78"}],"curies":[{"name":"wp","href":"https:\/\/api.w.org\/{rel}","templated":true}]}}