{"id":111,"date":"2022-10-03T11:50:24","date_gmt":"2022-10-03T11:50:24","guid":{"rendered":"http:\/\/indjijatravel.rs\/eng\/?page_id=111"},"modified":"2022-10-03T12:02:13","modified_gmt":"2022-10-03T12:02:13","slug":"transport-information","status":"publish","type":"page","link":"https:\/\/indjijatravel.rs\/eng\/transport-information\/","title":{"rendered":"Transport information"},"content":{"rendered":"<h5>Transport information<\/h5>\n<p>Important roads pass through the municipality of In\u0111ija:<\/p>\n<p>&#8211; highway E-75 (Athens-Skopje-Belgrade-Novi Sad-Budapest) &#8211; Corridor 10<br \/>&#8211; arterial road M-22.1 (Subotica-Belgrade)<br \/>&#8211; regional road R-109 (Ruma-Stari Slankamen)<br \/>&#8211; Belgrade-Novi Sad-Subotica-Budapest railway<br \/>&#8211; Belgrade-Zagreb-Ljubljana railway and<br \/>&#8211; the River Danube &#8211; Corridor 7.<\/p>\n<p>In\u0111ija is 39 km away from the &#8220;Nikola Tesla&#8221; airport in Belgrade.<\/p>\n<table style=\"width: 100%;\">\n<tbody>\n<tr>\n<td><strong>Bus station \u201eLasta\u201d<\/strong><\/td>\n<td><strong>Railroad station<\/strong><\/td>\n<td><strong>Taxi station<\/strong><\/td>\n<\/tr>\n<tr>\n<td>Sonje Marinkovi\u0107 bb, In\u0111ija<\/td>\n<td>\u017delezni\u010dka 9, In\u0111ija<\/td>\n<td>\u00a0<\/td>\n<\/tr>\n<tr>\n<td>022 561 409<\/td>\n<td>022 560 866<\/td>\n<td>022 554 154<\/td>\n<\/tr>\n<\/tbody>\n<\/table>\n<p><img loading=\"lazy\" decoding=\"async\" class=\"size-medium wp-image-953 alignleft\" src=\"http:\/\/indjijatravel.rs\/wp-content\/uploads\/2018\/10\/JPI-1-210x300.jpg\" alt=\"\" width=\"210\" height=\"300\" \/><\/p>\n<p><strong>Public Transport In\u0111ija \u2013\u00a0\u00a0 (Javni prevoz In\u0111ija \u2013 JPI)<br \/><\/strong>The villages of the municipality of In\u0111ija are connected by regular bus lines of suburban and city public transport.<strong><br \/><\/strong>022 21 50 014<br \/><a href=\"https:\/\/javniprevoz.indjija.rs\/\">www.javniprevoz.indjija.rs<\/a><\/p>\n<p><strong>Parking<br \/><\/strong>Public parking lots in In\u0111ija are divided into two toll zones. <br \/>Payment can be made by purchasing a parking ticket at kiosks or by sending an SMS to:<br \/>9221 for parking in Zone 1\u00a0 <br \/>9222 for parking in Zone 2.<br \/><a href=\"http:\/\/www.indjijaput.net\">www.indjijaput.net<\/a><\/p>\n<p>\u00a0<\/p>\n<div class=\"block\">\u00a0<\/div>\n\n\n<p><strong>The Danube<\/strong> flows through the territory of the municipality of In\u0111ija in the length of 27 km.<\/p>\n\n\n\n<p>Locations where mooring is possible:<\/p>\n\n\n\n<p>Boat mooring NK Be\u0161ka<br>The right bank of the Danube, 1232<sup>nd<\/sup> kilometre<br>Dunavska obala bb<br>022 570 039<br>063 379 420<\/p>\n\n\n\n<p>Marina Stari Slankamen<br>The right bank of the Danube, 1215<sup>th<\/sup> kilometre<br>022 555 422<br>064 11 53 598<\/p>\n\n\n\n<p>Old marina Stari Slankamen<br>The right bank of the Danube, 1216<sup>th <\/sup>kilometre<br>064 12 79 459<\/p>\n\n\n\n<p>Mooring is also possible to the restaurant pontoons, located on the banks of the Danube in Be\u0161ka and Stari Slankamen.<\/p>\n\n\n\n<p><strong>RENT A CAR<\/strong><\/p>\n\n\n\n<p><strong>\u201eINFINITY RENT A CAR\u201d&nbsp;<\/strong><br>Kara\u0111or\u0111eva 6, In\u0111ija<br>062 788 899, 064 16 00 175<br><a href=\"http:\/\/www.infinityrentacar.rs\/\">www.infinityrentacar.rs<\/a><\/p>\n\n\n\n<p><strong>\u201eRENT A CAR 29\u201d<\/strong><br>Vojvode Stepe 29, In\u0111ija<br>065 26 26 269<br><a href=\"http:\/\/www.rentacar29indjija.com\">www.rentacar29indjija.com<\/a><\/p>\n\n\n\n<p><strong>\u201eRENT A CAR IN\u201d<\/strong><br>Novosadska 27, In\u0111ija<br>062 84 19 199<br><a href=\"http:\/\/www.rentacarindjija.com\">www.rentacarindjija.com<\/a><\/p>\n","protected":false},"excerpt":{"rendered":"<p>Transport information Important roads pass through the municipality of In\u0111ija: &#8211; highway E-75 (Athens-Skopje-Belgrade-Novi Sad-Budapest) &#8211; Corridor 10&#8211; arterial road M-22.1 (Subotica-Belgrade)&#8211; regional road R-109 (Ruma-Stari Slankamen)&#8211; Belgrade-Novi Sad-Subotica-Budapest railway&#8211; Belgrade-Zagreb-Ljubljana railway and&#8211; the River Danube &#8211; Corridor 7. In\u0111ija is 39 km away from the &#8220;Nikola Tesla&#8221; airport in Belgrade. Bus station \u201eLasta\u201d Railroad [&hellip;]<\/p>\n","protected":false},"author":1,"featured_media":0,"parent":0,"menu_order":0,"comment_status":"closed","ping_status":"closed","template":"","meta":{"_monsterinsights_skip_tracking":false,"_monsterinsights_sitenote_active":false,"_monsterinsights_sitenote_note":"","_monsterinsights_sitenote_category":0,"footnotes":""},"class_list":["post-111","page","type-page","status-publish","hentry","no-thumb"],"yoast_head":"<!-- This site is optimized with the Yoast SEO plugin v19.7.1 - https:\/\/yoast.com\/wordpress\/plugins\/seo\/ -->\n<title>Transport information - Tourist organization of the Municipality of In\u0111ija<\/title>\n<meta name=\"robots\" content=\"index, follow, max-snippet:-1, max-image-preview:large, max-video-preview:-1\" \/>\n<link rel=\"canonical\" href=\"https:\/\/indjijatravel.rs\/eng\/transport-information\/\" \/>\n<meta property=\"og:locale\" content=\"en_US\" \/>\n<meta property=\"og:type\" content=\"article\" \/>\n<meta property=\"og:title\" content=\"Transport information - Tourist organization of the Municipality of In\u0111ija\" \/>\n<meta property=\"og:description\" content=\"Transport information Important roads pass through the municipality of In\u0111ija: &#8211; highway E-75 (Athens-Skopje-Belgrade-Novi Sad-Budapest) &#8211; Corridor 10&#8211; arterial road M-22.1 (Subotica-Belgrade)&#8211; regional road R-109 (Ruma-Stari Slankamen)&#8211; Belgrade-Novi Sad-Subotica-Budapest railway&#8211; Belgrade-Zagreb-Ljubljana railway and&#8211; the River Danube &#8211; Corridor 7. In\u0111ija is 39 km away from the &#8220;Nikola Tesla&#8221; airport in Belgrade. Bus station \u201eLasta\u201d Railroad [&hellip;]\" \/>\n<meta property=\"og:url\" content=\"https:\/\/indjijatravel.rs\/eng\/transport-information\/\" \/>\n<meta property=\"og:site_name\" content=\"Tourist organization of the Municipality of In\u0111ija\" \/>\n<meta property=\"article:modified_time\" content=\"2022-10-03T12:02:13+00:00\" \/>\n<meta property=\"og:image\" content=\"http:\/\/indjijatravel.rs\/wp-content\/uploads\/2018\/10\/JPI-1-210x300.jpg\" \/>\n<meta name=\"twitter:card\" content=\"summary_large_image\" \/>\n<meta name=\"twitter:label1\" content=\"Est. reading time\" \/>\n\t<meta name=\"twitter:data1\" content=\"2 minutes\" \/>\n<script type=\"application\/ld+json\" class=\"yoast-schema-graph\">{\"@context\":\"https:\/\/schema.org\",\"@graph\":[{\"@type\":\"WebPage\",\"@id\":\"https:\/\/indjijatravel.rs\/eng\/transport-information\/\",\"url\":\"https:\/\/indjijatravel.rs\/eng\/transport-information\/\",\"name\":\"Transport information - Tourist organization of the Municipality of In\u0111ija\",\"isPartOf\":{\"@id\":\"https:\/\/indjijatravel.rs\/eng\/#website\"},\"datePublished\":\"2022-10-03T11:50:24+00:00\",\"dateModified\":\"2022-10-03T12:02:13+00:00\",\"breadcrumb\":{\"@id\":\"https:\/\/indjijatravel.rs\/eng\/transport-information\/#breadcrumb\"},\"inLanguage\":\"en-US\",\"potentialAction\":[{\"@type\":\"ReadAction\",\"target\":[\"https:\/\/indjijatravel.rs\/eng\/transport-information\/\"]}]},{\"@type\":\"BreadcrumbList\",\"@id\":\"https:\/\/indjijatravel.rs\/eng\/transport-information\/#breadcrumb\",\"itemListElement\":[{\"@type\":\"ListItem\",\"position\":1,\"name\":\"\u041f\u043e\u0447\u0435\u0442\u043d\u0430\",\"item\":\"https:\/\/indjijatravel.rs\/eng\/\"},{\"@type\":\"ListItem\",\"position\":2,\"name\":\"Transport information\"}]},{\"@type\":\"WebSite\",\"@id\":\"https:\/\/indjijatravel.rs\/eng\/#website\",\"url\":\"https:\/\/indjijatravel.rs\/eng\/\",\"name\":\"Tourist organization of the Municipality of In\u0111ija\",\"description\":\"\",\"potentialAction\":[{\"@type\":\"SearchAction\",\"target\":{\"@type\":\"EntryPoint\",\"urlTemplate\":\"https:\/\/indjijatravel.rs\/eng\/?s={search_term_string}\"},\"query-input\":\"required name=search_term_string\"}],\"inLanguage\":\"en-US\"}]}<\/script>\n<!-- \/ Yoast SEO plugin. -->","yoast_head_json":{"title":"Transport information - Tourist organization of the Municipality of In\u0111ija","robots":{"index":"index","follow":"follow","max-snippet":"max-snippet:-1","max-image-preview":"max-image-preview:large","max-video-preview":"max-video-preview:-1"},"canonical":"https:\/\/indjijatravel.rs\/eng\/transport-information\/","og_locale":"en_US","og_type":"article","og_title":"Transport information - Tourist organization of the Municipality of In\u0111ija","og_description":"Transport information Important roads pass through the municipality of In\u0111ija: &#8211; highway E-75 (Athens-Skopje-Belgrade-Novi Sad-Budapest) &#8211; Corridor 10&#8211; arterial road M-22.1 (Subotica-Belgrade)&#8211; regional road R-109 (Ruma-Stari Slankamen)&#8211; Belgrade-Novi Sad-Subotica-Budapest railway&#8211; Belgrade-Zagreb-Ljubljana railway and&#8211; the River Danube &#8211; Corridor 7. In\u0111ija is 39 km away from the &#8220;Nikola Tesla&#8221; airport in Belgrade. Bus station \u201eLasta\u201d Railroad [&hellip;]","og_url":"https:\/\/indjijatravel.rs\/eng\/transport-information\/","og_site_name":"Tourist organization of the Municipality of In\u0111ija","article_modified_time":"2022-10-03T12:02:13+00:00","og_image":[{"url":"http:\/\/indjijatravel.rs\/wp-content\/uploads\/2018\/10\/JPI-1-210x300.jpg"}],"twitter_card":"summary_large_image","twitter_misc":{"Est. reading time":"2 minutes"},"schema":{"@context":"https:\/\/schema.org","@graph":[{"@type":"WebPage","@id":"https:\/\/indjijatravel.rs\/eng\/transport-information\/","url":"https:\/\/indjijatravel.rs\/eng\/transport-information\/","name":"Transport information - Tourist organization of the Municipality of In\u0111ija","isPartOf":{"@id":"https:\/\/indjijatravel.rs\/eng\/#website"},"datePublished":"2022-10-03T11:50:24+00:00","dateModified":"2022-10-03T12:02:13+00:00","breadcrumb":{"@id":"https:\/\/indjijatravel.rs\/eng\/transport-information\/#breadcrumb"},"inLanguage":"en-US","potentialAction":[{"@type":"ReadAction","target":["https:\/\/indjijatravel.rs\/eng\/transport-information\/"]}]},{"@type":"BreadcrumbList","@id":"https:\/\/indjijatravel.rs\/eng\/transport-information\/#breadcrumb","itemListElement":[{"@type":"ListItem","position":1,"name":"\u041f\u043e\u0447\u0435\u0442\u043d\u0430","item":"https:\/\/indjijatravel.rs\/eng\/"},{"@type":"ListItem","position":2,"name":"Transport information"}]},{"@type":"WebSite","@id":"https:\/\/indjijatravel.rs\/eng\/#website","url":"https:\/\/indjijatravel.rs\/eng\/","name":"Tourist organization of the Municipality of In\u0111ija","description":"","potentialAction":[{"@type":"SearchAction","target":{"@type":"EntryPoint","urlTemplate":"https:\/\/indjijatravel.rs\/eng\/?s={search_term_string}"},"query-input":"required name=search_term_string"}],"inLanguage":"en-US"}]}},"_links":{"self":[{"href":"https:\/\/indjijatravel.rs\/eng\/wp-json\/wp\/v2\/pages\/111","targetHints":{"allow":["GET"]}}],"collection":[{"href":"https:\/\/indjijatravel.rs\/eng\/wp-json\/wp\/v2\/pages"}],"about":[{"href":"https:\/\/indjijatravel.rs\/eng\/wp-json\/wp\/v2\/types\/page"}],"author":[{"embeddable":true,"href":"https:\/\/indjijatravel.rs\/eng\/wp-json\/wp\/v2\/users\/1"}],"replies":[{"embeddable":true,"href":"https:\/\/indjijatravel.rs\/eng\/wp-json\/wp\/v2\/comments?post=111"}],"version-history":[{"count":3,"href":"https:\/\/indjijatravel.rs\/eng\/wp-json\/wp\/v2\/pages\/111\/revisions"}],"predecessor-version":[{"id":115,"href":"https:\/\/indjijatravel.rs\/eng\/wp-json\/wp\/v2\/pages\/111\/revisions\/115"}],"wp:attachment":[{"href":"https:\/\/indjijatravel.rs\/eng\/wp-json\/wp\/v2\/media?parent=111"}],"curies":[{"name":"wp","href":"https:\/\/api.w.org\/{rel}","templated":true}]}}