{"id":131,"date":"2022-10-04T06:28:38","date_gmt":"2022-10-04T06:28:38","guid":{"rendered":"https:\/\/indjijatravel.rs\/eng\/?page_id=131"},"modified":"2022-10-06T22:03:29","modified_gmt":"2022-10-06T22:03:29","slug":"settlement-indjija","status":"publish","type":"page","link":"https:\/\/indjijatravel.rs\/eng\/settlement-indjija\/","title":{"rendered":"Settlement: In\u0111ija"},"content":{"rendered":"\n<h5 class=\"wp-block-heading\">In\u0111ija<\/h5>\n\n\n\n<p>The urban core of In\u0111ija originated at the turn of the 20<sup>th<\/sup> century, during the period of industrial development when the population of German nationality settled. At that time, the building of the Municipal Administration, <a href=\"https:\/\/indjijatravel.rs\/eng\/culture-the-vojnovic-house\/\">the Vojnovi\u0107 House<\/a>, the Roman Catholic Church of St. Peter and the Town House with eclectically shaped street fa\u00e7ades, with elements of Baroque, Classicism, Secession and Neo-renaissance, were built. Somewhat earlier, the Church of the Presentation of the Most Holy Mother of God was built, which according to its proportions is one of the most beautiful and harmonious buildings in Srem preserved from the 18<sup>th<\/sup> century. <\/p>\n\n\n\n<p>In\u0111ija, as the centre of one of the most developed and well-organized municipalities in the country, owing to its accelerated development, has grown into a modern urban environment.<\/p>\n\n\n\n<figure class=\"wp-block-gallery has-nested-images columns-default is-cropped wp-block-gallery-1 is-layout-flex wp-block-gallery-is-layout-flex\">\n<figure class=\"wp-block-image size-large\"><img loading=\"lazy\" decoding=\"async\" width=\"815\" height=\"611\" data-id=\"339\" src=\"http:\/\/indjijatravel.rs\/eng\/wp-content\/uploads\/sites\/2\/2022\/10\/Centar-setaliste.jpg\" alt=\"\" class=\"wp-image-339\" srcset=\"https:\/\/indjijatravel.rs\/eng\/wp-content\/uploads\/sites\/2\/2022\/10\/Centar-setaliste.jpg 815w, https:\/\/indjijatravel.rs\/eng\/wp-content\/uploads\/sites\/2\/2022\/10\/Centar-setaliste-300x225.jpg 300w, https:\/\/indjijatravel.rs\/eng\/wp-content\/uploads\/sites\/2\/2022\/10\/Centar-setaliste-768x576.jpg 768w\" sizes=\"auto, (max-width: 815px) 100vw, 815px\" \/><\/figure>\n\n\n\n<figure class=\"wp-block-image size-large\"><img loading=\"lazy\" decoding=\"async\" width=\"2016\" height=\"1512\" data-id=\"347\" src=\"http:\/\/indjijatravel.rs\/eng\/wp-content\/uploads\/sites\/2\/2022\/10\/Picture-036.jpg\" alt=\"\" class=\"wp-image-347\" srcset=\"https:\/\/indjijatravel.rs\/eng\/wp-content\/uploads\/sites\/2\/2022\/10\/Picture-036.jpg 2016w, https:\/\/indjijatravel.rs\/eng\/wp-content\/uploads\/sites\/2\/2022\/10\/Picture-036-300x225.jpg 300w, https:\/\/indjijatravel.rs\/eng\/wp-content\/uploads\/sites\/2\/2022\/10\/Picture-036-1024x768.jpg 1024w, https:\/\/indjijatravel.rs\/eng\/wp-content\/uploads\/sites\/2\/2022\/10\/Picture-036-768x576.jpg 768w, https:\/\/indjijatravel.rs\/eng\/wp-content\/uploads\/sites\/2\/2022\/10\/Picture-036-1536x1152.jpg 1536w\" sizes=\"auto, (max-width: 2016px) 100vw, 2016px\" \/><\/figure>\n\n\n\n<figure class=\"wp-block-image size-large\"><img loading=\"lazy\" decoding=\"async\" width=\"1000\" height=\"667\" data-id=\"346\" src=\"http:\/\/indjijatravel.rs\/eng\/wp-content\/uploads\/sites\/2\/2022\/10\/kat-crkva.jpg\" alt=\"\" class=\"wp-image-346\" srcset=\"https:\/\/indjijatravel.rs\/eng\/wp-content\/uploads\/sites\/2\/2022\/10\/kat-crkva.jpg 1000w, https:\/\/indjijatravel.rs\/eng\/wp-content\/uploads\/sites\/2\/2022\/10\/kat-crkva-300x200.jpg 300w, https:\/\/indjijatravel.rs\/eng\/wp-content\/uploads\/sites\/2\/2022\/10\/kat-crkva-768x512.jpg 768w\" sizes=\"auto, (max-width: 1000px) 100vw, 1000px\" \/><\/figure>\n\n\n\n<figure class=\"wp-block-image size-large\"><img loading=\"lazy\" decoding=\"async\" width=\"1000\" height=\"667\" data-id=\"345\" src=\"http:\/\/indjijatravel.rs\/eng\/wp-content\/uploads\/sites\/2\/2022\/10\/milunka-2.jpg\" alt=\"\" class=\"wp-image-345\" srcset=\"https:\/\/indjijatravel.rs\/eng\/wp-content\/uploads\/sites\/2\/2022\/10\/milunka-2.jpg 1000w, https:\/\/indjijatravel.rs\/eng\/wp-content\/uploads\/sites\/2\/2022\/10\/milunka-2-300x200.jpg 300w, https:\/\/indjijatravel.rs\/eng\/wp-content\/uploads\/sites\/2\/2022\/10\/milunka-2-768x512.jpg 768w\" sizes=\"auto, (max-width: 1000px) 100vw, 1000px\" \/><\/figure>\n\n\n\n<figure class=\"wp-block-image size-large\"><img loading=\"lazy\" decoding=\"async\" width=\"2560\" height=\"1840\" data-id=\"344\" src=\"http:\/\/indjijatravel.rs\/eng\/wp-content\/uploads\/sites\/2\/2022\/10\/slova-2-scaled-1.jpg\" alt=\"\" class=\"wp-image-344\" srcset=\"https:\/\/indjijatravel.rs\/eng\/wp-content\/uploads\/sites\/2\/2022\/10\/slova-2-scaled-1.jpg 2560w, https:\/\/indjijatravel.rs\/eng\/wp-content\/uploads\/sites\/2\/2022\/10\/slova-2-scaled-1-300x216.jpg 300w, https:\/\/indjijatravel.rs\/eng\/wp-content\/uploads\/sites\/2\/2022\/10\/slova-2-scaled-1-1024x736.jpg 1024w, https:\/\/indjijatravel.rs\/eng\/wp-content\/uploads\/sites\/2\/2022\/10\/slova-2-scaled-1-768x552.jpg 768w, https:\/\/indjijatravel.rs\/eng\/wp-content\/uploads\/sites\/2\/2022\/10\/slova-2-scaled-1-1536x1104.jpg 1536w, https:\/\/indjijatravel.rs\/eng\/wp-content\/uploads\/sites\/2\/2022\/10\/slova-2-scaled-1-2048x1472.jpg 2048w\" sizes=\"auto, (max-width: 2560px) 100vw, 2560px\" \/><\/figure>\n\n\n\n<figure class=\"wp-block-image size-large\"><img loading=\"lazy\" decoding=\"async\" width=\"1000\" height=\"667\" data-id=\"343\" src=\"http:\/\/indjijatravel.rs\/eng\/wp-content\/uploads\/sites\/2\/2022\/10\/jezerce.jpg\" alt=\"\" class=\"wp-image-343\" srcset=\"https:\/\/indjijatravel.rs\/eng\/wp-content\/uploads\/sites\/2\/2022\/10\/jezerce.jpg 1000w, https:\/\/indjijatravel.rs\/eng\/wp-content\/uploads\/sites\/2\/2022\/10\/jezerce-300x200.jpg 300w, https:\/\/indjijatravel.rs\/eng\/wp-content\/uploads\/sites\/2\/2022\/10\/jezerce-768x512.jpg 768w\" sizes=\"auto, (max-width: 1000px) 100vw, 1000px\" \/><\/figure>\n\n\n\n<figure class=\"wp-block-image size-large\"><img loading=\"lazy\" decoding=\"async\" width=\"996\" height=\"664\" data-id=\"342\" src=\"http:\/\/indjijatravel.rs\/eng\/wp-content\/uploads\/sites\/2\/2022\/10\/klupa.jpg\" alt=\"\" class=\"wp-image-342\" srcset=\"https:\/\/indjijatravel.rs\/eng\/wp-content\/uploads\/sites\/2\/2022\/10\/klupa.jpg 996w, https:\/\/indjijatravel.rs\/eng\/wp-content\/uploads\/sites\/2\/2022\/10\/klupa-300x200.jpg 300w, https:\/\/indjijatravel.rs\/eng\/wp-content\/uploads\/sites\/2\/2022\/10\/klupa-768x512.jpg 768w\" sizes=\"auto, (max-width: 996px) 100vw, 996px\" \/><\/figure>\n\n\n\n<figure class=\"wp-block-image size-large\"><img loading=\"lazy\" decoding=\"async\" width=\"1000\" height=\"667\" data-id=\"341\" src=\"http:\/\/indjijatravel.rs\/eng\/wp-content\/uploads\/sites\/2\/2022\/10\/bazen-1.jpg\" alt=\"\" class=\"wp-image-341\" srcset=\"https:\/\/indjijatravel.rs\/eng\/wp-content\/uploads\/sites\/2\/2022\/10\/bazen-1.jpg 1000w, https:\/\/indjijatravel.rs\/eng\/wp-content\/uploads\/sites\/2\/2022\/10\/bazen-1-300x200.jpg 300w, https:\/\/indjijatravel.rs\/eng\/wp-content\/uploads\/sites\/2\/2022\/10\/bazen-1-768x512.jpg 768w\" sizes=\"auto, (max-width: 1000px) 100vw, 1000px\" \/><\/figure>\n\n\n\n<figure class=\"wp-block-image size-large\"><img loading=\"lazy\" decoding=\"async\" width=\"821\" height=\"544\" data-id=\"340\" src=\"http:\/\/indjijatravel.rs\/eng\/wp-content\/uploads\/sites\/2\/2022\/10\/DSC_0028.jpg\" alt=\"\" class=\"wp-image-340\" srcset=\"https:\/\/indjijatravel.rs\/eng\/wp-content\/uploads\/sites\/2\/2022\/10\/DSC_0028.jpg 821w, https:\/\/indjijatravel.rs\/eng\/wp-content\/uploads\/sites\/2\/2022\/10\/DSC_0028-300x199.jpg 300w, https:\/\/indjijatravel.rs\/eng\/wp-content\/uploads\/sites\/2\/2022\/10\/DSC_0028-768x509.jpg 768w\" sizes=\"auto, (max-width: 821px) 100vw, 821px\" \/><\/figure>\n<\/figure>\n\n\n\n<p><\/p>\n\n\n\n<p>With its new pedestrian zone with a monumental square, a modern building of <a href=\"https:\/\/indjijatravel.rs\/eng\/culture-the-cultural-centre-indija\/\">the Cultural Centre<\/a>, flower arrangements and urban outdoor furniture, In\u0111ija is building the image of a European city tailored to the modern person.<\/p>\n\n\n\n<p>Vojvode Stepe St. passes through the central part of the city and is the main pedestrian zone. This exceptional ambience, a combination of modern and civic architecture from the end of the 19<sup>th<\/sup> century, is the main commercial and business zone of the city with numerous shops and caf\u00e9s.&nbsp; The pedestrian zone consists of two parts, the first, which is slightly older, and the second part, which was reconstructed in 2005. The central place of the pedestrian zone is the square near the post office, where many important events are held today, such as concerts, festivals, theatre performances and other events that enrich the cultural life of the city.<\/p>\n\n\n\n<p>Lovers of culture, art and history can enjoy visiting <a href=\"https:\/\/indjijatravel.rs\/eng\/culture-adligat-gallery-indija\/\">the Adligat Gallery In\u0111ija<\/a>. It is a branch of the &#8220;Adligat&#8221; Museum from Belgrade and was opened in In\u0111ija in March 2022.<\/p>\n\n\n\n<p>The biggest tourist attraction of In\u0111ija is the thematic tourist complex <a href=\"https:\/\/keltskoselo.rs\/\">Celtic Village<\/a>. The complex was opened in July 2021, it is open during the summer tourist season, and its rich and diverse facilities attract a large number of visitors.<\/p>\n\n\n\n<p>The urban core of In\u0111ija originated at the turn of the 20<sup>th<\/sup> century, during the period of industrial development when the population of German nationality settled. At that time, the building of the Municipal Administration, <a href=\"https:\/\/indjijatravel.rs\/eng\/culture-the-vojnovic-house\/\">the Vojnovi\u0107 House<\/a>, the Roman Catholic Church of St. Peter and the Town House with eclectically shaped street fa\u00e7ades, with elements of Baroque, Classicism, Secession and Neo-renaissance, were built. Somewhat earlier, the Church of the Presentation of the Most Holy Mother of God was built, which according to its proportions is one of the most beautiful and harmonious buildings in Srem preserved from the 18<sup>th<\/sup> century. <\/p>\n","protected":false},"excerpt":{"rendered":"<p>In\u0111ija The urban core of In\u0111ija originated at the turn of the 20th century, during the period of industrial development when the population of German nationality settled. At that time, the building of the Municipal Administration, the Vojnovi\u0107 House, the Roman Catholic Church of St. Peter and the Town House with eclectically shaped street fa\u00e7ades, [&hellip;]<\/p>\n","protected":false},"author":1,"featured_media":0,"parent":0,"menu_order":0,"comment_status":"closed","ping_status":"closed","template":"","meta":{"_monsterinsights_skip_tracking":false,"_monsterinsights_sitenote_active":false,"_monsterinsights_sitenote_note":"","_monsterinsights_sitenote_category":0,"footnotes":""},"class_list":["post-131","page","type-page","status-publish","hentry","no-thumb"],"yoast_head":"<!-- This site is optimized with the Yoast SEO plugin v19.7.1 - https:\/\/yoast.com\/wordpress\/plugins\/seo\/ -->\n<title>Settlement: In\u0111ija - Tourist organization of the Municipality of In\u0111ija<\/title>\n<meta name=\"description\" content=\"The urban core of In\u0111ija originated at the turn of the 20th century, during the period of industrial development when the population of ...\" \/>\n<meta name=\"robots\" content=\"index, follow, max-snippet:-1, max-image-preview:large, max-video-preview:-1\" \/>\n<link rel=\"canonical\" href=\"https:\/\/indjijatravel.rs\/eng\/settlement-indjija\/\" \/>\n<meta property=\"og:locale\" content=\"en_US\" \/>\n<meta property=\"og:type\" content=\"article\" \/>\n<meta property=\"og:title\" content=\"Settlement: In\u0111ija - Tourist organization of the Municipality of In\u0111ija\" \/>\n<meta property=\"og:description\" content=\"The urban core of In\u0111ija originated at the turn of the 20th century, during the period of industrial development when the population of ...\" \/>\n<meta property=\"og:url\" content=\"https:\/\/indjijatravel.rs\/eng\/settlement-indjija\/\" \/>\n<meta property=\"og:site_name\" content=\"Tourist organization of the Municipality of In\u0111ija\" \/>\n<meta property=\"article:modified_time\" content=\"2022-10-06T22:03:29+00:00\" \/>\n<meta property=\"og:image\" content=\"http:\/\/indjijatravel.rs\/eng\/wp-content\/uploads\/sites\/2\/2022\/10\/Centar-setaliste.jpg\" \/>\n<meta name=\"twitter:card\" content=\"summary_large_image\" \/>\n<meta name=\"twitter:label1\" content=\"Est. reading time\" \/>\n\t<meta name=\"twitter:data1\" content=\"4 minutes\" \/>\n<script type=\"application\/ld+json\" class=\"yoast-schema-graph\">{\"@context\":\"https:\/\/schema.org\",\"@graph\":[{\"@type\":\"WebPage\",\"@id\":\"https:\/\/indjijatravel.rs\/eng\/settlement-indjija\/\",\"url\":\"https:\/\/indjijatravel.rs\/eng\/settlement-indjija\/\",\"name\":\"Settlement: In\u0111ija - Tourist organization of the Municipality of In\u0111ija\",\"isPartOf\":{\"@id\":\"https:\/\/indjijatravel.rs\/eng\/#website\"},\"datePublished\":\"2022-10-04T06:28:38+00:00\",\"dateModified\":\"2022-10-06T22:03:29+00:00\",\"description\":\"The urban core of In\u0111ija originated at the turn of the 20th century, during the period of industrial development when the population of ...\",\"breadcrumb\":{\"@id\":\"https:\/\/indjijatravel.rs\/eng\/settlement-indjija\/#breadcrumb\"},\"inLanguage\":\"en-US\",\"potentialAction\":[{\"@type\":\"ReadAction\",\"target\":[\"https:\/\/indjijatravel.rs\/eng\/settlement-indjija\/\"]}]},{\"@type\":\"BreadcrumbList\",\"@id\":\"https:\/\/indjijatravel.rs\/eng\/settlement-indjija\/#breadcrumb\",\"itemListElement\":[{\"@type\":\"ListItem\",\"position\":1,\"name\":\"\u041f\u043e\u0447\u0435\u0442\u043d\u0430\",\"item\":\"https:\/\/indjijatravel.rs\/eng\/\"},{\"@type\":\"ListItem\",\"position\":2,\"name\":\"Settlement: In\u0111ija\"}]},{\"@type\":\"WebSite\",\"@id\":\"https:\/\/indjijatravel.rs\/eng\/#website\",\"url\":\"https:\/\/indjijatravel.rs\/eng\/\",\"name\":\"Tourist organization of the Municipality of In\u0111ija\",\"description\":\"\",\"potentialAction\":[{\"@type\":\"SearchAction\",\"target\":{\"@type\":\"EntryPoint\",\"urlTemplate\":\"https:\/\/indjijatravel.rs\/eng\/?s={search_term_string}\"},\"query-input\":\"required name=search_term_string\"}],\"inLanguage\":\"en-US\"}]}<\/script>\n<!-- \/ Yoast SEO plugin. -->","yoast_head_json":{"title":"Settlement: In\u0111ija - Tourist organization of the Municipality of In\u0111ija","description":"The urban core of In\u0111ija originated at the turn of the 20th century, during the period of industrial development when the population of ...","robots":{"index":"index","follow":"follow","max-snippet":"max-snippet:-1","max-image-preview":"max-image-preview:large","max-video-preview":"max-video-preview:-1"},"canonical":"https:\/\/indjijatravel.rs\/eng\/settlement-indjija\/","og_locale":"en_US","og_type":"article","og_title":"Settlement: In\u0111ija - Tourist organization of the Municipality of In\u0111ija","og_description":"The urban core of In\u0111ija originated at the turn of the 20th century, during the period of industrial development when the population of ...","og_url":"https:\/\/indjijatravel.rs\/eng\/settlement-indjija\/","og_site_name":"Tourist organization of the Municipality of In\u0111ija","article_modified_time":"2022-10-06T22:03:29+00:00","og_image":[{"url":"http:\/\/indjijatravel.rs\/eng\/wp-content\/uploads\/sites\/2\/2022\/10\/Centar-setaliste.jpg"}],"twitter_card":"summary_large_image","twitter_misc":{"Est. reading time":"4 minutes"},"schema":{"@context":"https:\/\/schema.org","@graph":[{"@type":"WebPage","@id":"https:\/\/indjijatravel.rs\/eng\/settlement-indjija\/","url":"https:\/\/indjijatravel.rs\/eng\/settlement-indjija\/","name":"Settlement: In\u0111ija - Tourist organization of the Municipality of In\u0111ija","isPartOf":{"@id":"https:\/\/indjijatravel.rs\/eng\/#website"},"datePublished":"2022-10-04T06:28:38+00:00","dateModified":"2022-10-06T22:03:29+00:00","description":"The urban core of In\u0111ija originated at the turn of the 20th century, during the period of industrial development when the population of ...","breadcrumb":{"@id":"https:\/\/indjijatravel.rs\/eng\/settlement-indjija\/#breadcrumb"},"inLanguage":"en-US","potentialAction":[{"@type":"ReadAction","target":["https:\/\/indjijatravel.rs\/eng\/settlement-indjija\/"]}]},{"@type":"BreadcrumbList","@id":"https:\/\/indjijatravel.rs\/eng\/settlement-indjija\/#breadcrumb","itemListElement":[{"@type":"ListItem","position":1,"name":"\u041f\u043e\u0447\u0435\u0442\u043d\u0430","item":"https:\/\/indjijatravel.rs\/eng\/"},{"@type":"ListItem","position":2,"name":"Settlement: In\u0111ija"}]},{"@type":"WebSite","@id":"https:\/\/indjijatravel.rs\/eng\/#website","url":"https:\/\/indjijatravel.rs\/eng\/","name":"Tourist organization of the Municipality of In\u0111ija","description":"","potentialAction":[{"@type":"SearchAction","target":{"@type":"EntryPoint","urlTemplate":"https:\/\/indjijatravel.rs\/eng\/?s={search_term_string}"},"query-input":"required name=search_term_string"}],"inLanguage":"en-US"}]}},"_links":{"self":[{"href":"https:\/\/indjijatravel.rs\/eng\/wp-json\/wp\/v2\/pages\/131","targetHints":{"allow":["GET"]}}],"collection":[{"href":"https:\/\/indjijatravel.rs\/eng\/wp-json\/wp\/v2\/pages"}],"about":[{"href":"https:\/\/indjijatravel.rs\/eng\/wp-json\/wp\/v2\/types\/page"}],"author":[{"embeddable":true,"href":"https:\/\/indjijatravel.rs\/eng\/wp-json\/wp\/v2\/users\/1"}],"replies":[{"embeddable":true,"href":"https:\/\/indjijatravel.rs\/eng\/wp-json\/wp\/v2\/comments?post=131"}],"version-history":[{"count":12,"href":"https:\/\/indjijatravel.rs\/eng\/wp-json\/wp\/v2\/pages\/131\/revisions"}],"predecessor-version":[{"id":366,"href":"https:\/\/indjijatravel.rs\/eng\/wp-json\/wp\/v2\/pages\/131\/revisions\/366"}],"wp:attachment":[{"href":"https:\/\/indjijatravel.rs\/eng\/wp-json\/wp\/v2\/media?parent=131"}],"curies":[{"name":"wp","href":"https:\/\/api.w.org\/{rel}","templated":true}]}}