{"id":133,"date":"2022-10-04T06:31:53","date_gmt":"2022-10-04T06:31:53","guid":{"rendered":"https:\/\/indjijatravel.rs\/eng\/?page_id=133"},"modified":"2022-10-06T22:07:32","modified_gmt":"2022-10-06T22:07:32","slug":"settlement-stari-slankamen","status":"publish","type":"page","link":"https:\/\/indjijatravel.rs\/eng\/settlement-stari-slankamen\/","title":{"rendered":"Settlement: Stari Slankamen"},"content":{"rendered":"\n<h5 class=\"wp-block-heading\">Stari Slankamen<\/h5>\n\n\n\n<p>Imbued with the remnants of a rich past, and located in a beautiful setting on the banks of the Danube, Stari Slankamen still holds a special charm. Both history and nature have given the village numerous values \u200b\u200bthat invite visitors to explore and experience it. The village, which instigated the development of tourism in the municipality of In\u0111ija, is still one of its most attractive villages for tourists.<\/p>\n\n\n\n<p>The Church of St. Nicholas built in 1468, the remains of the Acumincum fortress, the remains of the Turkish bath, the source of salt water &#8220;Slana\u010da&#8221; and the nearby Monument of the Battle of Slankamen are just some of the sights of the village. One can also get to know it from the water, by a <a href=\"https:\/\/indjijatravel.rs\/eng\/boat-ride\/\">river cruise<\/a> that leads to the confluence of the Tisza and the Danube. The confluence represents the tripoint of Ba\u010dka, Banat and Srem and the place where, according to the legend, the famous military leader Attila the Hun was buried. The entire experience will be completed by the rich offer of <a href=\"https:\/\/indjijatravel.rs\/eng\/restaurants\/\">restaurants<\/a> and <a href=\"https:\/\/indjijatravel.rs\/eng\/wineries\/\">wineries<\/a> in Stari Slankamen and its surroundings.<\/p>\n\n\n\n<figure class=\"wp-block-gallery has-nested-images columns-3 is-cropped wp-block-gallery-1 is-layout-flex wp-block-gallery-is-layout-flex\">\n<figure class=\"wp-block-image size-large\"><img loading=\"lazy\" decoding=\"async\" width=\"770\" height=\"490\" data-id=\"373\" src=\"http:\/\/indjijatravel.rs\/eng\/wp-content\/uploads\/sites\/2\/2022\/10\/ss2-770x490-1.jpg\" alt=\"\" class=\"wp-image-373\" srcset=\"https:\/\/indjijatravel.rs\/eng\/wp-content\/uploads\/sites\/2\/2022\/10\/ss2-770x490-1.jpg 770w, https:\/\/indjijatravel.rs\/eng\/wp-content\/uploads\/sites\/2\/2022\/10\/ss2-770x490-1-300x191.jpg 300w, https:\/\/indjijatravel.rs\/eng\/wp-content\/uploads\/sites\/2\/2022\/10\/ss2-770x490-1-768x489.jpg 768w\" sizes=\"auto, (max-width: 770px) 100vw, 770px\" \/><\/figure>\n\n\n\n<figure class=\"wp-block-image size-large\"><img loading=\"lazy\" decoding=\"async\" width=\"770\" height=\"490\" data-id=\"372\" src=\"http:\/\/indjijatravel.rs\/eng\/wp-content\/uploads\/sites\/2\/2022\/10\/ss1-770x490-1.jpg\" alt=\"\" class=\"wp-image-372\" srcset=\"https:\/\/indjijatravel.rs\/eng\/wp-content\/uploads\/sites\/2\/2022\/10\/ss1-770x490-1.jpg 770w, https:\/\/indjijatravel.rs\/eng\/wp-content\/uploads\/sites\/2\/2022\/10\/ss1-770x490-1-300x191.jpg 300w, https:\/\/indjijatravel.rs\/eng\/wp-content\/uploads\/sites\/2\/2022\/10\/ss1-770x490-1-768x489.jpg 768w\" sizes=\"auto, (max-width: 770px) 100vw, 770px\" \/><\/figure>\n\n\n\n<figure class=\"wp-block-image size-large\"><img loading=\"lazy\" decoding=\"async\" width=\"770\" height=\"490\" data-id=\"374\" src=\"http:\/\/indjijatravel.rs\/eng\/wp-content\/uploads\/sites\/2\/2022\/10\/SON_8477-770x490-1.jpg\" alt=\"\" class=\"wp-image-374\" srcset=\"https:\/\/indjijatravel.rs\/eng\/wp-content\/uploads\/sites\/2\/2022\/10\/SON_8477-770x490-1.jpg 770w, https:\/\/indjijatravel.rs\/eng\/wp-content\/uploads\/sites\/2\/2022\/10\/SON_8477-770x490-1-300x191.jpg 300w, https:\/\/indjijatravel.rs\/eng\/wp-content\/uploads\/sites\/2\/2022\/10\/SON_8477-770x490-1-768x489.jpg 768w\" sizes=\"auto, (max-width: 770px) 100vw, 770px\" \/><\/figure>\n\n\n\n<figure class=\"wp-block-image size-large\"><img loading=\"lazy\" decoding=\"async\" width=\"770\" height=\"490\" data-id=\"367\" src=\"http:\/\/indjijatravel.rs\/eng\/wp-content\/uploads\/sites\/2\/2022\/10\/SON_8504-770x490-1.jpg\" alt=\"\" class=\"wp-image-367\" srcset=\"https:\/\/indjijatravel.rs\/eng\/wp-content\/uploads\/sites\/2\/2022\/10\/SON_8504-770x490-1.jpg 770w, https:\/\/indjijatravel.rs\/eng\/wp-content\/uploads\/sites\/2\/2022\/10\/SON_8504-770x490-1-300x191.jpg 300w, https:\/\/indjijatravel.rs\/eng\/wp-content\/uploads\/sites\/2\/2022\/10\/SON_8504-770x490-1-768x489.jpg 768w\" sizes=\"auto, (max-width: 770px) 100vw, 770px\" \/><\/figure>\n\n\n\n<figure class=\"wp-block-image size-large\"><img loading=\"lazy\" decoding=\"async\" width=\"770\" height=\"490\" data-id=\"368\" src=\"http:\/\/indjijatravel.rs\/eng\/wp-content\/uploads\/sites\/2\/2022\/10\/SON_8561-770x490-1.jpg\" alt=\"\" class=\"wp-image-368\" srcset=\"https:\/\/indjijatravel.rs\/eng\/wp-content\/uploads\/sites\/2\/2022\/10\/SON_8561-770x490-1.jpg 770w, https:\/\/indjijatravel.rs\/eng\/wp-content\/uploads\/sites\/2\/2022\/10\/SON_8561-770x490-1-300x191.jpg 300w, https:\/\/indjijatravel.rs\/eng\/wp-content\/uploads\/sites\/2\/2022\/10\/SON_8561-770x490-1-768x489.jpg 768w\" sizes=\"auto, (max-width: 770px) 100vw, 770px\" \/><\/figure>\n\n\n\n<figure class=\"wp-block-image size-large\"><img loading=\"lazy\" decoding=\"async\" width=\"770\" height=\"490\" data-id=\"370\" src=\"http:\/\/indjijatravel.rs\/eng\/wp-content\/uploads\/sites\/2\/2022\/10\/SON_8863-770x490-1.jpg\" alt=\"\" class=\"wp-image-370\" srcset=\"https:\/\/indjijatravel.rs\/eng\/wp-content\/uploads\/sites\/2\/2022\/10\/SON_8863-770x490-1.jpg 770w, https:\/\/indjijatravel.rs\/eng\/wp-content\/uploads\/sites\/2\/2022\/10\/SON_8863-770x490-1-300x191.jpg 300w, https:\/\/indjijatravel.rs\/eng\/wp-content\/uploads\/sites\/2\/2022\/10\/SON_8863-770x490-1-768x489.jpg 768w\" sizes=\"auto, (max-width: 770px) 100vw, 770px\" \/><\/figure>\n\n\n\n<figure class=\"wp-block-image size-large\"><img loading=\"lazy\" decoding=\"async\" width=\"770\" height=\"490\" data-id=\"371\" src=\"http:\/\/indjijatravel.rs\/eng\/wp-content\/uploads\/sites\/2\/2022\/10\/SON_9826-770x490-1.jpg\" alt=\"\" class=\"wp-image-371\" srcset=\"https:\/\/indjijatravel.rs\/eng\/wp-content\/uploads\/sites\/2\/2022\/10\/SON_9826-770x490-1.jpg 770w, https:\/\/indjijatravel.rs\/eng\/wp-content\/uploads\/sites\/2\/2022\/10\/SON_9826-770x490-1-300x191.jpg 300w, https:\/\/indjijatravel.rs\/eng\/wp-content\/uploads\/sites\/2\/2022\/10\/SON_9826-770x490-1-768x489.jpg 768w\" sizes=\"auto, (max-width: 770px) 100vw, 770px\" \/><\/figure>\n\n\n\n<figure class=\"wp-block-image size-large\"><img loading=\"lazy\" decoding=\"async\" width=\"770\" height=\"490\" data-id=\"369\" src=\"http:\/\/indjijatravel.rs\/eng\/wp-content\/uploads\/sites\/2\/2022\/10\/SON_8814-770x490-1.jpg\" alt=\"\" class=\"wp-image-369\" srcset=\"https:\/\/indjijatravel.rs\/eng\/wp-content\/uploads\/sites\/2\/2022\/10\/SON_8814-770x490-1.jpg 770w, https:\/\/indjijatravel.rs\/eng\/wp-content\/uploads\/sites\/2\/2022\/10\/SON_8814-770x490-1-300x191.jpg 300w, https:\/\/indjijatravel.rs\/eng\/wp-content\/uploads\/sites\/2\/2022\/10\/SON_8814-770x490-1-768x489.jpg 768w\" sizes=\"auto, (max-width: 770px) 100vw, 770px\" \/><\/figure>\n<\/figure>\n\n\n\n<p><\/p>\n\n\n\n<p>Stari Slankamen, the oldest settlement in the Municipality of In\u0111ija, is located in the north-eastern part of Srem, at the place where the Danube cuts into the extreme eastern slopes of Fru\u0161ka Gora. Numerous cultural and historical monuments testify to the turbulent past as well as the strategic importance of the village along the Danube, which used to represent the border between different empires for centuries.<\/p>\n\n\n\n<p>Archaeological excavations carried out at the Gradina site testify that this area was inhabited first by the Scordisci &#8211; Celtic tribes, and then by the Romans when the settlement was called Acumincum. During that period, due to their position on the frontier of the Roman Empire, the Romans built an observation post that protected their territory from Barbarian incursions from the north.<\/p>\n\n\n\n<p>At the time of the migration of the peoples, Slankamen was destroyed, but its strategic position and military function, which was noticed and used by the Romans, rebuilt it and it often changed its masters. Slavs were replaced by Hungarians who held it until the Battle of Moh\u00e1cs (1526). There is not much information about Slankamen in the time of the Middle Ages until 1072, when it was first mentioned as Slankamen, i.e., Zalankemen, which can be connected to a source of salt water, which is still used today.<\/p>\n\n\n\n<p>In the 13<sup>th<\/sup> and 14<sup>th<\/sup> centuries, a fortress was built in Slankamen, which protected the southern parts of Hungary from invasions from the south. As the danger from the Turks grew in the 15<sup>th<\/sup> century, the Hungarian kings began to distribute many of their assets to the Serbian nobility as fiefdoms, provided they defended them. At that time, Slankamen first belonged to \u0110ura\u0111 Brankovi\u0107, Vuk Brankovi\u0107, and then to despots \u0110ura\u0111 and Jovan. Due to its important position controlling navigation on the Danube, as well as the confluence of the Tisza, Slankamen was a very important point in the defence system of southern Hungary in the 15<sup>th<\/sup> and early 16<sup>th <\/sup>centuries and the most important naval centre on the Danube. In 1504, there were about 500 chaika boats in Slankamen, and in the 16<sup>th<\/sup> century there was a shipyard for the construction of chaikas. Chaikas were light and fast wooden boats that used oars or sails to move. They were very easy to manoeuvre, had a cannon at the top and were used for both attack and defence. During the time of the despots, Slankamen was also a very important spiritual centre in which monastic book copying was a well-developed activity at the turn of the 16<sup>th<\/sup> century.<\/p>\n\n\n\n<p>The first written mention of the Church of St. Nicholas dates from 1501. According to the legend, it was founded by Vuk Grgurevi\u0107, popularly known as Zmaj Ognjeni Vuk, the grandson of Despot \u0110ura\u0111 Brankovi\u0107. The church got its present appearance in the 18<sup>th <\/sup>century. Due to its historical, architectural and artistic value, the church was declared a cultural monument of exceptional importance.<\/p>\n\n\n\n<p>After the fall of Belgrade in 1521, Turks devastated Slankamen, which is confirmed by many travel writers who describe the settlement and churches as severely damaged and destroyed. However, during this period, Slankamen did not lose its significance, but also gained a new, town function. Namely, the Turks built a Turkish bath there in the middle of the 16<sup>th <\/sup>century and thus laid the foundation for today&#8217;s medical function, which later completely replaced its military function.<\/p>\n\n\n\n<p>In the 17<sup>th <\/sup>century, more precisely in 1691, there was a conflict between the Austrian and Turkish armies, after which Slankamen suffered a lot. A report from 1702 notes that the town was only partially preserved, that two Catholic churches and one mosque were destroyed, while the Orthodox church had walls, but was left without a roof.<\/p>\n\n\n\n<p>Due to its position on the Danube River, near the confluence of the Tisza, the importance of Slankamen did not completely decline even during the times of the Military Frontier. In 1820, it was recorded that there was a ferry near Slankamen for transport from Srem to Banat and Ba\u010dka. At the time, Slankamen was an important fishing centre, a dock and a layover port for merchant ships. Slankamen developed slowly until the abolition of the Military Frontier in 1871, but also later. Due to the congestion between the floodplain of the Danube and sliding loess outcrops, part of the population moved out of the settlement during the 18<sup>th <\/sup>century and a new settlement was formed, which was called Novi Slankamen.<\/p>\n\n\n\n<p>Slankamen was revived at the beginning of the 20<sup>th <\/sup>century, when a modern road to Novi Slankamen was built and a Hospital\/Spa was founded (1906). The new spa function influenced the increased traffic, trade and crafts. After the collapse of the Austro-Hungarian Monarchy and the annexation to the Kingdom of Serbs, Croats and Slovenes in 1918, Slankamen began to develop even more and became a tourist destination. In order to encourage the development of tourism, a part of a quay was built after 1945, and regular bus lines from Stara Pazova and ferry lines Belgrade-Titel and Belgrade-Slankamen were reintroduced in order to bring the settlement closer to other urban settlements.<\/p>\n","protected":false},"excerpt":{"rendered":"<p>Stari Slankamen Imbued with the remnants of a rich past, and located in a beautiful setting on the banks of the Danube, Stari Slankamen still holds a special charm. Both history and nature have given the village numerous values \u200b\u200bthat invite visitors to explore and experience it. The village, which instigated the development of tourism [&hellip;]<\/p>\n","protected":false},"author":1,"featured_media":0,"parent":0,"menu_order":0,"comment_status":"closed","ping_status":"closed","template":"","meta":{"_monsterinsights_skip_tracking":false,"_monsterinsights_sitenote_active":false,"_monsterinsights_sitenote_note":"","_monsterinsights_sitenote_category":0,"footnotes":""},"class_list":["post-133","page","type-page","status-publish","hentry","no-thumb"],"yoast_head":"<!-- This site is optimized with the Yoast SEO plugin v19.7.1 - https:\/\/yoast.com\/wordpress\/plugins\/seo\/ -->\n<title>Settlement: Stari Slankamen - Tourist organization of the Municipality of In\u0111ija<\/title>\n<meta name=\"description\" content=\"Imbued with the remnants of a rich past, and located in a beautiful setting on the banks of the Danube, Stari Slankamen still holds a ...\" \/>\n<meta name=\"robots\" content=\"index, follow, max-snippet:-1, max-image-preview:large, max-video-preview:-1\" \/>\n<link rel=\"canonical\" href=\"https:\/\/indjijatravel.rs\/eng\/settlement-stari-slankamen\/\" \/>\n<meta property=\"og:locale\" content=\"en_US\" \/>\n<meta property=\"og:type\" content=\"article\" \/>\n<meta property=\"og:title\" content=\"Settlement: Stari Slankamen - Tourist organization of the Municipality of In\u0111ija\" \/>\n<meta property=\"og:description\" content=\"Imbued with the remnants of a rich past, and located in a beautiful setting on the banks of the Danube, Stari Slankamen still holds a ...\" \/>\n<meta property=\"og:url\" content=\"https:\/\/indjijatravel.rs\/eng\/settlement-stari-slankamen\/\" \/>\n<meta property=\"og:site_name\" content=\"Tourist organization of the Municipality of In\u0111ija\" \/>\n<meta property=\"article:modified_time\" content=\"2022-10-06T22:07:32+00:00\" \/>\n<meta property=\"og:image\" content=\"http:\/\/indjijatravel.rs\/eng\/wp-content\/uploads\/sites\/2\/2022\/10\/ss2-770x490-1.jpg\" \/>\n<meta name=\"twitter:card\" content=\"summary_large_image\" \/>\n<meta name=\"twitter:label1\" content=\"Est. reading time\" \/>\n\t<meta name=\"twitter:data1\" content=\"7 minutes\" \/>\n<script type=\"application\/ld+json\" class=\"yoast-schema-graph\">{\"@context\":\"https:\/\/schema.org\",\"@graph\":[{\"@type\":\"WebPage\",\"@id\":\"https:\/\/indjijatravel.rs\/eng\/settlement-stari-slankamen\/\",\"url\":\"https:\/\/indjijatravel.rs\/eng\/settlement-stari-slankamen\/\",\"name\":\"Settlement: Stari Slankamen - Tourist organization of the Municipality of In\u0111ija\",\"isPartOf\":{\"@id\":\"https:\/\/indjijatravel.rs\/eng\/#website\"},\"datePublished\":\"2022-10-04T06:31:53+00:00\",\"dateModified\":\"2022-10-06T22:07:32+00:00\",\"description\":\"Imbued with the remnants of a rich past, and located in a beautiful setting on the banks of the Danube, Stari Slankamen still holds a ...\",\"breadcrumb\":{\"@id\":\"https:\/\/indjijatravel.rs\/eng\/settlement-stari-slankamen\/#breadcrumb\"},\"inLanguage\":\"en-US\",\"potentialAction\":[{\"@type\":\"ReadAction\",\"target\":[\"https:\/\/indjijatravel.rs\/eng\/settlement-stari-slankamen\/\"]}]},{\"@type\":\"BreadcrumbList\",\"@id\":\"https:\/\/indjijatravel.rs\/eng\/settlement-stari-slankamen\/#breadcrumb\",\"itemListElement\":[{\"@type\":\"ListItem\",\"position\":1,\"name\":\"\u041f\u043e\u0447\u0435\u0442\u043d\u0430\",\"item\":\"https:\/\/indjijatravel.rs\/eng\/\"},{\"@type\":\"ListItem\",\"position\":2,\"name\":\"Settlement: Stari Slankamen\"}]},{\"@type\":\"WebSite\",\"@id\":\"https:\/\/indjijatravel.rs\/eng\/#website\",\"url\":\"https:\/\/indjijatravel.rs\/eng\/\",\"name\":\"Tourist organization of the Municipality of In\u0111ija\",\"description\":\"\",\"potentialAction\":[{\"@type\":\"SearchAction\",\"target\":{\"@type\":\"EntryPoint\",\"urlTemplate\":\"https:\/\/indjijatravel.rs\/eng\/?s={search_term_string}\"},\"query-input\":\"required name=search_term_string\"}],\"inLanguage\":\"en-US\"}]}<\/script>\n<!-- \/ Yoast SEO plugin. -->","yoast_head_json":{"title":"Settlement: Stari Slankamen - Tourist organization of the Municipality of In\u0111ija","description":"Imbued with the remnants of a rich past, and located in a beautiful setting on the banks of the Danube, Stari Slankamen still holds a ...","robots":{"index":"index","follow":"follow","max-snippet":"max-snippet:-1","max-image-preview":"max-image-preview:large","max-video-preview":"max-video-preview:-1"},"canonical":"https:\/\/indjijatravel.rs\/eng\/settlement-stari-slankamen\/","og_locale":"en_US","og_type":"article","og_title":"Settlement: Stari Slankamen - Tourist organization of the Municipality of In\u0111ija","og_description":"Imbued with the remnants of a rich past, and located in a beautiful setting on the banks of the Danube, Stari Slankamen still holds a ...","og_url":"https:\/\/indjijatravel.rs\/eng\/settlement-stari-slankamen\/","og_site_name":"Tourist organization of the Municipality of In\u0111ija","article_modified_time":"2022-10-06T22:07:32+00:00","og_image":[{"url":"http:\/\/indjijatravel.rs\/eng\/wp-content\/uploads\/sites\/2\/2022\/10\/ss2-770x490-1.jpg"}],"twitter_card":"summary_large_image","twitter_misc":{"Est. reading time":"7 minutes"},"schema":{"@context":"https:\/\/schema.org","@graph":[{"@type":"WebPage","@id":"https:\/\/indjijatravel.rs\/eng\/settlement-stari-slankamen\/","url":"https:\/\/indjijatravel.rs\/eng\/settlement-stari-slankamen\/","name":"Settlement: Stari Slankamen - Tourist organization of the Municipality of In\u0111ija","isPartOf":{"@id":"https:\/\/indjijatravel.rs\/eng\/#website"},"datePublished":"2022-10-04T06:31:53+00:00","dateModified":"2022-10-06T22:07:32+00:00","description":"Imbued with the remnants of a rich past, and located in a beautiful setting on the banks of the Danube, Stari Slankamen still holds a ...","breadcrumb":{"@id":"https:\/\/indjijatravel.rs\/eng\/settlement-stari-slankamen\/#breadcrumb"},"inLanguage":"en-US","potentialAction":[{"@type":"ReadAction","target":["https:\/\/indjijatravel.rs\/eng\/settlement-stari-slankamen\/"]}]},{"@type":"BreadcrumbList","@id":"https:\/\/indjijatravel.rs\/eng\/settlement-stari-slankamen\/#breadcrumb","itemListElement":[{"@type":"ListItem","position":1,"name":"\u041f\u043e\u0447\u0435\u0442\u043d\u0430","item":"https:\/\/indjijatravel.rs\/eng\/"},{"@type":"ListItem","position":2,"name":"Settlement: Stari Slankamen"}]},{"@type":"WebSite","@id":"https:\/\/indjijatravel.rs\/eng\/#website","url":"https:\/\/indjijatravel.rs\/eng\/","name":"Tourist organization of the Municipality of In\u0111ija","description":"","potentialAction":[{"@type":"SearchAction","target":{"@type":"EntryPoint","urlTemplate":"https:\/\/indjijatravel.rs\/eng\/?s={search_term_string}"},"query-input":"required name=search_term_string"}],"inLanguage":"en-US"}]}},"_links":{"self":[{"href":"https:\/\/indjijatravel.rs\/eng\/wp-json\/wp\/v2\/pages\/133","targetHints":{"allow":["GET"]}}],"collection":[{"href":"https:\/\/indjijatravel.rs\/eng\/wp-json\/wp\/v2\/pages"}],"about":[{"href":"https:\/\/indjijatravel.rs\/eng\/wp-json\/wp\/v2\/types\/page"}],"author":[{"embeddable":true,"href":"https:\/\/indjijatravel.rs\/eng\/wp-json\/wp\/v2\/users\/1"}],"replies":[{"embeddable":true,"href":"https:\/\/indjijatravel.rs\/eng\/wp-json\/wp\/v2\/comments?post=133"}],"version-history":[{"count":5,"href":"https:\/\/indjijatravel.rs\/eng\/wp-json\/wp\/v2\/pages\/133\/revisions"}],"predecessor-version":[{"id":375,"href":"https:\/\/indjijatravel.rs\/eng\/wp-json\/wp\/v2\/pages\/133\/revisions\/375"}],"wp:attachment":[{"href":"https:\/\/indjijatravel.rs\/eng\/wp-json\/wp\/v2\/media?parent=133"}],"curies":[{"name":"wp","href":"https:\/\/api.w.org\/{rel}","templated":true}]}}