{"id":137,"date":"2022-10-04T06:35:28","date_gmt":"2022-10-04T06:35:28","guid":{"rendered":"https:\/\/indjijatravel.rs\/eng\/?page_id=137"},"modified":"2022-10-07T03:54:00","modified_gmt":"2022-10-07T03:54:00","slug":"settlement-cortanovci","status":"publish","type":"page","link":"https:\/\/indjijatravel.rs\/eng\/settlement-cortanovci\/","title":{"rendered":"Settlement: \u010cortanovci"},"content":{"rendered":"\n<h5 class=\"wp-block-heading\">\u010cortanovci<\/h5>\n\n\n\n<p>\u010cortanovci, a famous picnic area within the <a href=\"https:\/\/indjijatravel.rs\/eng\/nature-fruska-gora\/\">Fru\u0161ka Gora<\/a> National Park, is an interesting rural settlement located on the banks of the Danube. In addition to natural treasures \u200b\u200band wonders, it is an area rich in cultural and historical monuments: remains of Neolithic settlements, remains of a Roman fortress, the Holy Spring Savinac, where St. Sava stayed on his trip to the Kovilj Monastery and Villa Stankovic &#8211; the villa of the royal governor Radenko Stankovi\u0107.<\/p>\n\n\n\n<figure class=\"wp-block-gallery has-nested-images columns-3 is-cropped wp-block-gallery-1 is-layout-flex wp-block-gallery-is-layout-flex\">\n<figure class=\"wp-block-image size-large\"><img loading=\"lazy\" decoding=\"async\" width=\"770\" height=\"490\" data-id=\"382\" src=\"http:\/\/indjijatravel.rs\/eng\/wp-content\/uploads\/sites\/2\/2022\/10\/selo-2-770x490-1.jpg\" alt=\"\" class=\"wp-image-382\" srcset=\"https:\/\/indjijatravel.rs\/eng\/wp-content\/uploads\/sites\/2\/2022\/10\/selo-2-770x490-1.jpg 770w, https:\/\/indjijatravel.rs\/eng\/wp-content\/uploads\/sites\/2\/2022\/10\/selo-2-770x490-1-300x191.jpg 300w, https:\/\/indjijatravel.rs\/eng\/wp-content\/uploads\/sites\/2\/2022\/10\/selo-2-770x490-1-768x489.jpg 768w\" sizes=\"auto, (max-width: 770px) 100vw, 770px\" \/><\/figure>\n\n\n\n<figure class=\"wp-block-image size-large\"><img loading=\"lazy\" decoding=\"async\" width=\"770\" height=\"490\" data-id=\"376\" src=\"http:\/\/indjijatravel.rs\/eng\/wp-content\/uploads\/sites\/2\/2022\/10\/2-770x490-1.jpg\" alt=\"\" class=\"wp-image-376\" srcset=\"https:\/\/indjijatravel.rs\/eng\/wp-content\/uploads\/sites\/2\/2022\/10\/2-770x490-1.jpg 770w, https:\/\/indjijatravel.rs\/eng\/wp-content\/uploads\/sites\/2\/2022\/10\/2-770x490-1-300x191.jpg 300w, https:\/\/indjijatravel.rs\/eng\/wp-content\/uploads\/sites\/2\/2022\/10\/2-770x490-1-768x489.jpg 768w\" sizes=\"auto, (max-width: 770px) 100vw, 770px\" \/><\/figure>\n\n\n\n<figure class=\"wp-block-image size-large\"><img loading=\"lazy\" decoding=\"async\" width=\"770\" height=\"490\" data-id=\"377\" src=\"http:\/\/indjijatravel.rs\/eng\/wp-content\/uploads\/sites\/2\/2022\/10\/6-770x490-1.jpg\" alt=\"\" class=\"wp-image-377\" srcset=\"https:\/\/indjijatravel.rs\/eng\/wp-content\/uploads\/sites\/2\/2022\/10\/6-770x490-1.jpg 770w, https:\/\/indjijatravel.rs\/eng\/wp-content\/uploads\/sites\/2\/2022\/10\/6-770x490-1-300x191.jpg 300w, https:\/\/indjijatravel.rs\/eng\/wp-content\/uploads\/sites\/2\/2022\/10\/6-770x490-1-768x489.jpg 768w\" sizes=\"auto, (max-width: 770px) 100vw, 770px\" \/><\/figure>\n\n\n\n<figure class=\"wp-block-image size-large\"><img loading=\"lazy\" decoding=\"async\" width=\"770\" height=\"490\" data-id=\"378\" src=\"http:\/\/indjijatravel.rs\/eng\/wp-content\/uploads\/sites\/2\/2022\/10\/7-770x490-1.jpg\" alt=\"\" class=\"wp-image-378\" srcset=\"https:\/\/indjijatravel.rs\/eng\/wp-content\/uploads\/sites\/2\/2022\/10\/7-770x490-1.jpg 770w, https:\/\/indjijatravel.rs\/eng\/wp-content\/uploads\/sites\/2\/2022\/10\/7-770x490-1-300x191.jpg 300w, https:\/\/indjijatravel.rs\/eng\/wp-content\/uploads\/sites\/2\/2022\/10\/7-770x490-1-768x489.jpg 768w\" sizes=\"auto, (max-width: 770px) 100vw, 770px\" \/><\/figure>\n\n\n\n<figure class=\"wp-block-image size-large\"><img loading=\"lazy\" decoding=\"async\" width=\"770\" height=\"490\" data-id=\"380\" src=\"http:\/\/indjijatravel.rs\/eng\/wp-content\/uploads\/sites\/2\/2022\/10\/rimsko-1-770x490-1.jpg\" alt=\"\" class=\"wp-image-380\" srcset=\"https:\/\/indjijatravel.rs\/eng\/wp-content\/uploads\/sites\/2\/2022\/10\/rimsko-1-770x490-1.jpg 770w, https:\/\/indjijatravel.rs\/eng\/wp-content\/uploads\/sites\/2\/2022\/10\/rimsko-1-770x490-1-300x191.jpg 300w, https:\/\/indjijatravel.rs\/eng\/wp-content\/uploads\/sites\/2\/2022\/10\/rimsko-1-770x490-1-768x489.jpg 768w\" sizes=\"auto, (max-width: 770px) 100vw, 770px\" \/><\/figure>\n\n\n\n<figure class=\"wp-block-image size-large\"><img loading=\"lazy\" decoding=\"async\" width=\"770\" height=\"490\" data-id=\"381\" src=\"http:\/\/indjijatravel.rs\/eng\/wp-content\/uploads\/sites\/2\/2022\/10\/rimsko-2-770x490-1.jpg\" alt=\"\" class=\"wp-image-381\" srcset=\"https:\/\/indjijatravel.rs\/eng\/wp-content\/uploads\/sites\/2\/2022\/10\/rimsko-2-770x490-1.jpg 770w, https:\/\/indjijatravel.rs\/eng\/wp-content\/uploads\/sites\/2\/2022\/10\/rimsko-2-770x490-1-300x191.jpg 300w, https:\/\/indjijatravel.rs\/eng\/wp-content\/uploads\/sites\/2\/2022\/10\/rimsko-2-770x490-1-768x489.jpg 768w\" sizes=\"auto, (max-width: 770px) 100vw, 770px\" \/><\/figure>\n\n\n\n<figure class=\"wp-block-image size-large\"><img loading=\"lazy\" decoding=\"async\" width=\"770\" height=\"490\" data-id=\"379\" src=\"http:\/\/indjijatravel.rs\/eng\/wp-content\/uploads\/sites\/2\/2022\/10\/Izvor-Savinac-770x490-1.jpg\" alt=\"\" class=\"wp-image-379\" srcset=\"https:\/\/indjijatravel.rs\/eng\/wp-content\/uploads\/sites\/2\/2022\/10\/Izvor-Savinac-770x490-1.jpg 770w, https:\/\/indjijatravel.rs\/eng\/wp-content\/uploads\/sites\/2\/2022\/10\/Izvor-Savinac-770x490-1-300x191.jpg 300w, https:\/\/indjijatravel.rs\/eng\/wp-content\/uploads\/sites\/2\/2022\/10\/Izvor-Savinac-770x490-1-768x489.jpg 768w\" sizes=\"auto, (max-width: 770px) 100vw, 770px\" \/><\/figure>\n<\/figure>\n\n\n\n<p><\/p>\n\n\n\n<p>This picturesque village boasts one of the most beautiful beaches in this part of the Danube, where the classic film &#8220;Varljivo leto \u201968&#8221; (<em>The Elusive Summer of &#8217;68<\/em>) was shot, attractive sandbanks and islands, the natural ambience of the Forest of Mihaljevac (Mihaljeva\u010dka \u0161uma), and is recommended for lovers of sports and recreation &#8211; active holidays in the nature.<\/p>\n","protected":false},"excerpt":{"rendered":"<p>\u010cortanovci \u010cortanovci, a famous picnic area within the Fru\u0161ka Gora National Park, is an interesting rural settlement located on the banks of the Danube. In addition to natural treasures \u200b\u200band wonders, it is an area rich in cultural and historical monuments: remains of Neolithic settlements, remains of a Roman fortress, the Holy Spring Savinac, where [&hellip;]<\/p>\n","protected":false},"author":1,"featured_media":0,"parent":0,"menu_order":0,"comment_status":"closed","ping_status":"closed","template":"","meta":{"_monsterinsights_skip_tracking":false,"_monsterinsights_sitenote_active":false,"_monsterinsights_sitenote_note":"","_monsterinsights_sitenote_category":0,"footnotes":""},"class_list":["post-137","page","type-page","status-publish","hentry","no-thumb"],"yoast_head":"<!-- This site is optimized with the Yoast SEO plugin v19.7.1 - https:\/\/yoast.com\/wordpress\/plugins\/seo\/ -->\n<title>Settlement: \u010cortanovci - Tourist organization of the Municipality of In\u0111ija<\/title>\n<meta name=\"description\" content=\"\u010cortanovci, a famous picnic area within the Fru\u0161ka Gora National Park, is an interesting rural settlement located on the banks of the Danube.\" \/>\n<meta name=\"robots\" content=\"index, follow, max-snippet:-1, max-image-preview:large, max-video-preview:-1\" \/>\n<link rel=\"canonical\" href=\"https:\/\/indjijatravel.rs\/eng\/settlement-cortanovci\/\" \/>\n<meta property=\"og:locale\" content=\"en_US\" \/>\n<meta property=\"og:type\" content=\"article\" \/>\n<meta property=\"og:title\" content=\"Settlement: \u010cortanovci - Tourist organization of the Municipality of In\u0111ija\" \/>\n<meta property=\"og:description\" content=\"\u010cortanovci, a famous picnic area within the Fru\u0161ka Gora National Park, is an interesting rural settlement located on the banks of the Danube.\" \/>\n<meta property=\"og:url\" content=\"https:\/\/indjijatravel.rs\/eng\/settlement-cortanovci\/\" \/>\n<meta property=\"og:site_name\" content=\"Tourist organization of the Municipality of In\u0111ija\" \/>\n<meta property=\"article:modified_time\" content=\"2022-10-07T03:54:00+00:00\" \/>\n<meta property=\"og:image\" content=\"http:\/\/indjijatravel.rs\/eng\/wp-content\/uploads\/sites\/2\/2022\/10\/selo-2-770x490-1.jpg\" \/>\n<meta name=\"twitter:card\" content=\"summary_large_image\" \/>\n<meta name=\"twitter:label1\" content=\"Est. reading time\" \/>\n\t<meta name=\"twitter:data1\" content=\"2 minutes\" \/>\n<script type=\"application\/ld+json\" class=\"yoast-schema-graph\">{\"@context\":\"https:\/\/schema.org\",\"@graph\":[{\"@type\":\"WebPage\",\"@id\":\"https:\/\/indjijatravel.rs\/eng\/settlement-cortanovci\/\",\"url\":\"https:\/\/indjijatravel.rs\/eng\/settlement-cortanovci\/\",\"name\":\"Settlement: \u010cortanovci - Tourist organization of the Municipality of In\u0111ija\",\"isPartOf\":{\"@id\":\"https:\/\/indjijatravel.rs\/eng\/#website\"},\"datePublished\":\"2022-10-04T06:35:28+00:00\",\"dateModified\":\"2022-10-07T03:54:00+00:00\",\"description\":\"\u010cortanovci, a famous picnic area within the Fru\u0161ka Gora National Park, is an interesting rural settlement located on the banks of the Danube.\",\"breadcrumb\":{\"@id\":\"https:\/\/indjijatravel.rs\/eng\/settlement-cortanovci\/#breadcrumb\"},\"inLanguage\":\"en-US\",\"potentialAction\":[{\"@type\":\"ReadAction\",\"target\":[\"https:\/\/indjijatravel.rs\/eng\/settlement-cortanovci\/\"]}]},{\"@type\":\"BreadcrumbList\",\"@id\":\"https:\/\/indjijatravel.rs\/eng\/settlement-cortanovci\/#breadcrumb\",\"itemListElement\":[{\"@type\":\"ListItem\",\"position\":1,\"name\":\"\u041f\u043e\u0447\u0435\u0442\u043d\u0430\",\"item\":\"https:\/\/indjijatravel.rs\/eng\/\"},{\"@type\":\"ListItem\",\"position\":2,\"name\":\"Settlement: \u010cortanovci\"}]},{\"@type\":\"WebSite\",\"@id\":\"https:\/\/indjijatravel.rs\/eng\/#website\",\"url\":\"https:\/\/indjijatravel.rs\/eng\/\",\"name\":\"Tourist organization of the Municipality of In\u0111ija\",\"description\":\"\",\"potentialAction\":[{\"@type\":\"SearchAction\",\"target\":{\"@type\":\"EntryPoint\",\"urlTemplate\":\"https:\/\/indjijatravel.rs\/eng\/?s={search_term_string}\"},\"query-input\":\"required name=search_term_string\"}],\"inLanguage\":\"en-US\"}]}<\/script>\n<!-- \/ Yoast SEO plugin. -->","yoast_head_json":{"title":"Settlement: \u010cortanovci - Tourist organization of the Municipality of In\u0111ija","description":"\u010cortanovci, a famous picnic area within the Fru\u0161ka Gora National Park, is an interesting rural settlement located on the banks of the Danube.","robots":{"index":"index","follow":"follow","max-snippet":"max-snippet:-1","max-image-preview":"max-image-preview:large","max-video-preview":"max-video-preview:-1"},"canonical":"https:\/\/indjijatravel.rs\/eng\/settlement-cortanovci\/","og_locale":"en_US","og_type":"article","og_title":"Settlement: \u010cortanovci - Tourist organization of the Municipality of In\u0111ija","og_description":"\u010cortanovci, a famous picnic area within the Fru\u0161ka Gora National Park, is an interesting rural settlement located on the banks of the Danube.","og_url":"https:\/\/indjijatravel.rs\/eng\/settlement-cortanovci\/","og_site_name":"Tourist organization of the Municipality of In\u0111ija","article_modified_time":"2022-10-07T03:54:00+00:00","og_image":[{"url":"http:\/\/indjijatravel.rs\/eng\/wp-content\/uploads\/sites\/2\/2022\/10\/selo-2-770x490-1.jpg"}],"twitter_card":"summary_large_image","twitter_misc":{"Est. reading time":"2 minutes"},"schema":{"@context":"https:\/\/schema.org","@graph":[{"@type":"WebPage","@id":"https:\/\/indjijatravel.rs\/eng\/settlement-cortanovci\/","url":"https:\/\/indjijatravel.rs\/eng\/settlement-cortanovci\/","name":"Settlement: \u010cortanovci - Tourist organization of the Municipality of In\u0111ija","isPartOf":{"@id":"https:\/\/indjijatravel.rs\/eng\/#website"},"datePublished":"2022-10-04T06:35:28+00:00","dateModified":"2022-10-07T03:54:00+00:00","description":"\u010cortanovci, a famous picnic area within the Fru\u0161ka Gora National Park, is an interesting rural settlement located on the banks of the Danube.","breadcrumb":{"@id":"https:\/\/indjijatravel.rs\/eng\/settlement-cortanovci\/#breadcrumb"},"inLanguage":"en-US","potentialAction":[{"@type":"ReadAction","target":["https:\/\/indjijatravel.rs\/eng\/settlement-cortanovci\/"]}]},{"@type":"BreadcrumbList","@id":"https:\/\/indjijatravel.rs\/eng\/settlement-cortanovci\/#breadcrumb","itemListElement":[{"@type":"ListItem","position":1,"name":"\u041f\u043e\u0447\u0435\u0442\u043d\u0430","item":"https:\/\/indjijatravel.rs\/eng\/"},{"@type":"ListItem","position":2,"name":"Settlement: \u010cortanovci"}]},{"@type":"WebSite","@id":"https:\/\/indjijatravel.rs\/eng\/#website","url":"https:\/\/indjijatravel.rs\/eng\/","name":"Tourist organization of the Municipality of In\u0111ija","description":"","potentialAction":[{"@type":"SearchAction","target":{"@type":"EntryPoint","urlTemplate":"https:\/\/indjijatravel.rs\/eng\/?s={search_term_string}"},"query-input":"required name=search_term_string"}],"inLanguage":"en-US"}]}},"_links":{"self":[{"href":"https:\/\/indjijatravel.rs\/eng\/wp-json\/wp\/v2\/pages\/137","targetHints":{"allow":["GET"]}}],"collection":[{"href":"https:\/\/indjijatravel.rs\/eng\/wp-json\/wp\/v2\/pages"}],"about":[{"href":"https:\/\/indjijatravel.rs\/eng\/wp-json\/wp\/v2\/types\/page"}],"author":[{"embeddable":true,"href":"https:\/\/indjijatravel.rs\/eng\/wp-json\/wp\/v2\/users\/1"}],"replies":[{"embeddable":true,"href":"https:\/\/indjijatravel.rs\/eng\/wp-json\/wp\/v2\/comments?post=137"}],"version-history":[{"count":5,"href":"https:\/\/indjijatravel.rs\/eng\/wp-json\/wp\/v2\/pages\/137\/revisions"}],"predecessor-version":[{"id":384,"href":"https:\/\/indjijatravel.rs\/eng\/wp-json\/wp\/v2\/pages\/137\/revisions\/384"}],"wp:attachment":[{"href":"https:\/\/indjijatravel.rs\/eng\/wp-json\/wp\/v2\/media?parent=137"}],"curies":[{"name":"wp","href":"https:\/\/api.w.org\/{rel}","templated":true}]}}