{"id":139,"date":"2022-10-04T06:37:07","date_gmt":"2022-10-04T06:37:07","guid":{"rendered":"https:\/\/indjijatravel.rs\/eng\/?page_id=139"},"modified":"2022-10-07T03:56:10","modified_gmt":"2022-10-07T03:56:10","slug":"settlement-beska","status":"publish","type":"page","link":"https:\/\/indjijatravel.rs\/eng\/settlement-beska\/","title":{"rendered":"Settlement: Be\u0161ka"},"content":{"rendered":"\n<h5 class=\"wp-block-heading\">Be\u0161ka<\/h5>\n\n\n\n<p>Be\u0161ka is the second largest village in the municipality of In\u0111ija. It is located near the E-75 highway and the Danube River, which is about five kilometres away. The European cycling route EuroVelo 6 passes through Be\u0161ka and this is the only <a href=\"https:\/\/indjijatravel.rs\/eng\/cycling\/\">rest area for cyclists<\/a> with utilities on this part of the route.<\/p>\n\n\n\n<p>Owing to its position along the banks of the Danube and pleasant caf\u00e9s and restaurants, the weekend break zone of Be\u0161ka has become an attractive place for lovers of the river, good food, tamburitza music and outdoor recreation.<\/p>\n\n\n\n<p>Be\u0161ka is also known for the bridge, the longest on the Danube, which is called the Be\u0161ka Bridge (<em>Be\u0161\u010danski most<\/em>). The bridge is a part of the E-75 highway and is a place where two important European corridors intersect: Corridor 10 (the mentioned highway) and Corridor 7 (the Danube River). The total length of the bridge is 2.2 km, with the width of 15 meters. Due to the large difference in altitude between the left and right banks of the Danube, the bridge was designed with a slope of 2.3%, which is also the largest slope on this highway. During the mid-water level, the bridge rises 51 m above the Danube. The main designer of the bridge was Branko \u017de\u017eelj, and it was built by <a>&#8220;<\/a>Mostogradnja&#8221; between 1971 and 1975. In 2011, another bridge was opened, the so-called &#8220;Twin Bridge&#8221; built parallel with the existing one.<\/p>\n\n\n\n<figure class=\"wp-block-gallery has-nested-images columns-3 is-cropped wp-block-gallery-1 is-layout-flex wp-block-gallery-is-layout-flex\">\n<figure class=\"wp-block-image size-large\"><img loading=\"lazy\" decoding=\"async\" width=\"770\" height=\"490\" data-id=\"391\" src=\"http:\/\/indjijatravel.rs\/eng\/wp-content\/uploads\/sites\/2\/2022\/10\/nova-mz-770x490-1.jpg\" alt=\"\" class=\"wp-image-391\" srcset=\"https:\/\/indjijatravel.rs\/eng\/wp-content\/uploads\/sites\/2\/2022\/10\/nova-mz-770x490-1.jpg 770w, https:\/\/indjijatravel.rs\/eng\/wp-content\/uploads\/sites\/2\/2022\/10\/nova-mz-770x490-1-300x191.jpg 300w, https:\/\/indjijatravel.rs\/eng\/wp-content\/uploads\/sites\/2\/2022\/10\/nova-mz-770x490-1-768x489.jpg 768w\" sizes=\"auto, (max-width: 770px) 100vw, 770px\" \/><\/figure>\n\n\n\n<figure class=\"wp-block-image size-large\"><img loading=\"lazy\" decoding=\"async\" width=\"770\" height=\"490\" data-id=\"388\" src=\"http:\/\/indjijatravel.rs\/eng\/wp-content\/uploads\/sites\/2\/2022\/10\/DSC_9306-770x490-1.jpg\" alt=\"\" class=\"wp-image-388\" srcset=\"https:\/\/indjijatravel.rs\/eng\/wp-content\/uploads\/sites\/2\/2022\/10\/DSC_9306-770x490-1.jpg 770w, https:\/\/indjijatravel.rs\/eng\/wp-content\/uploads\/sites\/2\/2022\/10\/DSC_9306-770x490-1-300x191.jpg 300w, https:\/\/indjijatravel.rs\/eng\/wp-content\/uploads\/sites\/2\/2022\/10\/DSC_9306-770x490-1-768x489.jpg 768w\" sizes=\"auto, (max-width: 770px) 100vw, 770px\" \/><\/figure>\n\n\n\n<figure class=\"wp-block-image size-large\"><img loading=\"lazy\" decoding=\"async\" width=\"770\" height=\"490\" data-id=\"389\" src=\"http:\/\/indjijatravel.rs\/eng\/wp-content\/uploads\/sites\/2\/2022\/10\/DSC_9318-770x490-1.jpg\" alt=\"\" class=\"wp-image-389\" srcset=\"https:\/\/indjijatravel.rs\/eng\/wp-content\/uploads\/sites\/2\/2022\/10\/DSC_9318-770x490-1.jpg 770w, https:\/\/indjijatravel.rs\/eng\/wp-content\/uploads\/sites\/2\/2022\/10\/DSC_9318-770x490-1-300x191.jpg 300w, https:\/\/indjijatravel.rs\/eng\/wp-content\/uploads\/sites\/2\/2022\/10\/DSC_9318-770x490-1-768x489.jpg 768w\" sizes=\"auto, (max-width: 770px) 100vw, 770px\" \/><\/figure>\n\n\n\n<figure class=\"wp-block-image size-large\"><img loading=\"lazy\" decoding=\"async\" width=\"770\" height=\"490\" data-id=\"390\" src=\"http:\/\/indjijatravel.rs\/eng\/wp-content\/uploads\/sites\/2\/2022\/10\/DSC_9352-770x490-1.jpg\" alt=\"\" class=\"wp-image-390\" srcset=\"https:\/\/indjijatravel.rs\/eng\/wp-content\/uploads\/sites\/2\/2022\/10\/DSC_9352-770x490-1.jpg 770w, https:\/\/indjijatravel.rs\/eng\/wp-content\/uploads\/sites\/2\/2022\/10\/DSC_9352-770x490-1-300x191.jpg 300w, https:\/\/indjijatravel.rs\/eng\/wp-content\/uploads\/sites\/2\/2022\/10\/DSC_9352-770x490-1-768x489.jpg 768w\" sizes=\"auto, (max-width: 770px) 100vw, 770px\" \/><\/figure>\n\n\n\n<figure class=\"wp-block-image size-large\"><img loading=\"lazy\" decoding=\"async\" width=\"770\" height=\"490\" data-id=\"387\" src=\"http:\/\/indjijatravel.rs\/eng\/wp-content\/uploads\/sites\/2\/2022\/10\/DSC_9268-770x490-1.jpg\" alt=\"\" class=\"wp-image-387\" srcset=\"https:\/\/indjijatravel.rs\/eng\/wp-content\/uploads\/sites\/2\/2022\/10\/DSC_9268-770x490-1.jpg 770w, https:\/\/indjijatravel.rs\/eng\/wp-content\/uploads\/sites\/2\/2022\/10\/DSC_9268-770x490-1-300x191.jpg 300w, https:\/\/indjijatravel.rs\/eng\/wp-content\/uploads\/sites\/2\/2022\/10\/DSC_9268-770x490-1-768x489.jpg 768w\" sizes=\"auto, (max-width: 770px) 100vw, 770px\" \/><\/figure>\n\n\n\n<figure class=\"wp-block-image size-large\"><img loading=\"lazy\" decoding=\"async\" width=\"770\" height=\"490\" data-id=\"386\" src=\"http:\/\/indjijatravel.rs\/eng\/wp-content\/uploads\/sites\/2\/2022\/10\/20200721_132719-770x490-1.jpg\" alt=\"\" class=\"wp-image-386\" srcset=\"https:\/\/indjijatravel.rs\/eng\/wp-content\/uploads\/sites\/2\/2022\/10\/20200721_132719-770x490-1.jpg 770w, https:\/\/indjijatravel.rs\/eng\/wp-content\/uploads\/sites\/2\/2022\/10\/20200721_132719-770x490-1-300x191.jpg 300w, https:\/\/indjijatravel.rs\/eng\/wp-content\/uploads\/sites\/2\/2022\/10\/20200721_132719-770x490-1-768x489.jpg 768w\" sizes=\"auto, (max-width: 770px) 100vw, 770px\" \/><\/figure>\n\n\n\n<figure class=\"wp-block-image size-large\"><img loading=\"lazy\" decoding=\"async\" width=\"770\" height=\"490\" data-id=\"392\" src=\"http:\/\/indjijatravel.rs\/eng\/wp-content\/uploads\/sites\/2\/2022\/10\/20200721_132536-770x490-1.jpg\" alt=\"\" class=\"wp-image-392\" srcset=\"https:\/\/indjijatravel.rs\/eng\/wp-content\/uploads\/sites\/2\/2022\/10\/20200721_132536-770x490-1.jpg 770w, https:\/\/indjijatravel.rs\/eng\/wp-content\/uploads\/sites\/2\/2022\/10\/20200721_132536-770x490-1-300x191.jpg 300w, https:\/\/indjijatravel.rs\/eng\/wp-content\/uploads\/sites\/2\/2022\/10\/20200721_132536-770x490-1-768x489.jpg 768w\" sizes=\"auto, (max-width: 770px) 100vw, 770px\" \/><\/figure>\n<\/figure>\n\n\n\n<p><\/p>\n\n\n\n<p>On the bank of the Danube, near the bridge, there is a significant archaeological site of Kalaka\u010da dating from the Early Iron Age.<\/p>\n\n\n\n<p>Although there are several different interpretations of the origin of the name of Be\u0161ka, to this day it has not been determined exactly where it comes from and what it means. It is assumed that the word <em>be\u0161ka<\/em> is an old Slavic word, which has lost its original meaning in modern speech over time.<\/p>\n\n\n\n<p>Be\u0161ka is a medieval place, created during the settlement of Slavs in this area. The first historical records about it date from the first half of the 16<sup>th<\/sup> century. Be\u0161ka was a Serbian settlement until 1860, when Germans, who originate from the Palatinate Area, immigrated. At the beginning of the 20<sup>th <\/sup>century, Be\u0161ka was inhabited by Hungarians, a smaller number of Slovaks, and later by Croats, Montenegrins and Serbs from different parts. According to the 2011 census, Be\u0161ka had 5,783 inhabitants.<\/p>\n\n\n\n<p>There are two churches in the village: the Orthodox Church of the Presentation of the Most Holy Mother of God, the Catholic Church of St. Theresa and the Chapel of St. Petka, which is located on the outskirts of the village.<\/p>\n\n\n\n<p>The famous painter Danica Jovanovi\u0107 was born in Be\u0161ka in 1886. A few years ago, <a href=\"https:\/\/indjijatravel.rs\/eng\/culture-memorial-room-of-danica-jovanovic\/\">Memorial Room of Danica Jovanovi\u0107<\/a> was opened in the Cultural Centre in Be\u0161ka, where visitors can get acquainted with the life and work of the artist.<\/p>\n\n\n\n<p>As a result of long-term cooperation between the Heritage Society &#8220;Stara Be\u0161ka&#8221; from Be\u0161ka and the Danube Swabians &#8211; former inhabitants of Be\u0161ka and their descendants, and after the Decisions of the Municipality of Karlshuld and the Local Community of Be\u0161ka, a Partnership Agreement was signed in 2010 between Be\u0161ka and Karlshuld, a municipality from the German province of Bavaria. The agreement stipulates that in order to get to know each other better, friendly meetings of citizens of both places will be organized, through mutual connection of societies and associations, to organize student exchange programmes, to improve sports cooperation involving local sports clubs; to implement economic cooperation, exchange of experiences in the field of utilities and services in terms of topics important for the common future, such as ecology and environmental protection, etc. To honour the successful long-term cooperation, the rest area for cyclists in Be\u0161ka bears the name Karlshuld Park.<\/p>\n\n\n\n<p>The festival &#8220;Days of Vojvodinian-Bavarian Culture &#8211; Be\u0161ka Fest&#8221;, which has been held since 2012 and which attracts an increasing number of visitors each year with its rich content and international character, also resulted from this partnership.<\/p>\n","protected":false},"excerpt":{"rendered":"<p>Be\u0161ka Be\u0161ka is the second largest village in the municipality of In\u0111ija. It is located near the E-75 highway and the Danube River, which is about five kilometres away. The European cycling route EuroVelo 6 passes through Be\u0161ka and this is the only rest area for cyclists with utilities on this part of the route. [&hellip;]<\/p>\n","protected":false},"author":1,"featured_media":0,"parent":0,"menu_order":0,"comment_status":"closed","ping_status":"closed","template":"","meta":{"_monsterinsights_skip_tracking":false,"_monsterinsights_sitenote_active":false,"_monsterinsights_sitenote_note":"","_monsterinsights_sitenote_category":0,"footnotes":""},"class_list":["post-139","page","type-page","status-publish","hentry","no-thumb"],"yoast_head":"<!-- This site is optimized with the Yoast SEO plugin v19.7.1 - https:\/\/yoast.com\/wordpress\/plugins\/seo\/ -->\n<title>Settlement: Be\u0161ka - Tourist organization of the Municipality of In\u0111ija<\/title>\n<meta name=\"description\" content=\"Be\u0161ka is the second largest village in the municipality of In\u0111ija. It is located near the E-75 highway and the Danube River, which is about ...\" \/>\n<meta name=\"robots\" content=\"index, follow, max-snippet:-1, max-image-preview:large, max-video-preview:-1\" \/>\n<link rel=\"canonical\" href=\"https:\/\/indjijatravel.rs\/eng\/settlement-beska\/\" \/>\n<meta property=\"og:locale\" content=\"en_US\" \/>\n<meta property=\"og:type\" content=\"article\" \/>\n<meta property=\"og:title\" content=\"Settlement: Be\u0161ka - Tourist organization of the Municipality of In\u0111ija\" \/>\n<meta property=\"og:description\" content=\"Be\u0161ka is the second largest village in the municipality of In\u0111ija. It is located near the E-75 highway and the Danube River, which is about ...\" \/>\n<meta property=\"og:url\" content=\"https:\/\/indjijatravel.rs\/eng\/settlement-beska\/\" \/>\n<meta property=\"og:site_name\" content=\"Tourist organization of the Municipality of In\u0111ija\" \/>\n<meta property=\"article:modified_time\" content=\"2022-10-07T03:56:10+00:00\" \/>\n<meta property=\"og:image\" content=\"http:\/\/indjijatravel.rs\/eng\/wp-content\/uploads\/sites\/2\/2022\/10\/nova-mz-770x490-1.jpg\" \/>\n<meta name=\"twitter:card\" content=\"summary_large_image\" \/>\n<meta name=\"twitter:label1\" content=\"Est. reading time\" \/>\n\t<meta name=\"twitter:data1\" content=\"5 minutes\" \/>\n<script type=\"application\/ld+json\" class=\"yoast-schema-graph\">{\"@context\":\"https:\/\/schema.org\",\"@graph\":[{\"@type\":\"WebPage\",\"@id\":\"https:\/\/indjijatravel.rs\/eng\/settlement-beska\/\",\"url\":\"https:\/\/indjijatravel.rs\/eng\/settlement-beska\/\",\"name\":\"Settlement: Be\u0161ka - Tourist organization of the Municipality of In\u0111ija\",\"isPartOf\":{\"@id\":\"https:\/\/indjijatravel.rs\/eng\/#website\"},\"datePublished\":\"2022-10-04T06:37:07+00:00\",\"dateModified\":\"2022-10-07T03:56:10+00:00\",\"description\":\"Be\u0161ka is the second largest village in the municipality of In\u0111ija. It is located near the E-75 highway and the Danube River, which is about ...\",\"breadcrumb\":{\"@id\":\"https:\/\/indjijatravel.rs\/eng\/settlement-beska\/#breadcrumb\"},\"inLanguage\":\"en-US\",\"potentialAction\":[{\"@type\":\"ReadAction\",\"target\":[\"https:\/\/indjijatravel.rs\/eng\/settlement-beska\/\"]}]},{\"@type\":\"BreadcrumbList\",\"@id\":\"https:\/\/indjijatravel.rs\/eng\/settlement-beska\/#breadcrumb\",\"itemListElement\":[{\"@type\":\"ListItem\",\"position\":1,\"name\":\"\u041f\u043e\u0447\u0435\u0442\u043d\u0430\",\"item\":\"https:\/\/indjijatravel.rs\/eng\/\"},{\"@type\":\"ListItem\",\"position\":2,\"name\":\"Settlement: Be\u0161ka\"}]},{\"@type\":\"WebSite\",\"@id\":\"https:\/\/indjijatravel.rs\/eng\/#website\",\"url\":\"https:\/\/indjijatravel.rs\/eng\/\",\"name\":\"Tourist organization of the Municipality of In\u0111ija\",\"description\":\"\",\"potentialAction\":[{\"@type\":\"SearchAction\",\"target\":{\"@type\":\"EntryPoint\",\"urlTemplate\":\"https:\/\/indjijatravel.rs\/eng\/?s={search_term_string}\"},\"query-input\":\"required name=search_term_string\"}],\"inLanguage\":\"en-US\"}]}<\/script>\n<!-- \/ Yoast SEO plugin. -->","yoast_head_json":{"title":"Settlement: Be\u0161ka - Tourist organization of the Municipality of In\u0111ija","description":"Be\u0161ka is the second largest village in the municipality of In\u0111ija. It is located near the E-75 highway and the Danube River, which is about ...","robots":{"index":"index","follow":"follow","max-snippet":"max-snippet:-1","max-image-preview":"max-image-preview:large","max-video-preview":"max-video-preview:-1"},"canonical":"https:\/\/indjijatravel.rs\/eng\/settlement-beska\/","og_locale":"en_US","og_type":"article","og_title":"Settlement: Be\u0161ka - Tourist organization of the Municipality of In\u0111ija","og_description":"Be\u0161ka is the second largest village in the municipality of In\u0111ija. It is located near the E-75 highway and the Danube River, which is about ...","og_url":"https:\/\/indjijatravel.rs\/eng\/settlement-beska\/","og_site_name":"Tourist organization of the Municipality of In\u0111ija","article_modified_time":"2022-10-07T03:56:10+00:00","og_image":[{"url":"http:\/\/indjijatravel.rs\/eng\/wp-content\/uploads\/sites\/2\/2022\/10\/nova-mz-770x490-1.jpg"}],"twitter_card":"summary_large_image","twitter_misc":{"Est. reading time":"5 minutes"},"schema":{"@context":"https:\/\/schema.org","@graph":[{"@type":"WebPage","@id":"https:\/\/indjijatravel.rs\/eng\/settlement-beska\/","url":"https:\/\/indjijatravel.rs\/eng\/settlement-beska\/","name":"Settlement: Be\u0161ka - Tourist organization of the Municipality of In\u0111ija","isPartOf":{"@id":"https:\/\/indjijatravel.rs\/eng\/#website"},"datePublished":"2022-10-04T06:37:07+00:00","dateModified":"2022-10-07T03:56:10+00:00","description":"Be\u0161ka is the second largest village in the municipality of In\u0111ija. It is located near the E-75 highway and the Danube River, which is about ...","breadcrumb":{"@id":"https:\/\/indjijatravel.rs\/eng\/settlement-beska\/#breadcrumb"},"inLanguage":"en-US","potentialAction":[{"@type":"ReadAction","target":["https:\/\/indjijatravel.rs\/eng\/settlement-beska\/"]}]},{"@type":"BreadcrumbList","@id":"https:\/\/indjijatravel.rs\/eng\/settlement-beska\/#breadcrumb","itemListElement":[{"@type":"ListItem","position":1,"name":"\u041f\u043e\u0447\u0435\u0442\u043d\u0430","item":"https:\/\/indjijatravel.rs\/eng\/"},{"@type":"ListItem","position":2,"name":"Settlement: Be\u0161ka"}]},{"@type":"WebSite","@id":"https:\/\/indjijatravel.rs\/eng\/#website","url":"https:\/\/indjijatravel.rs\/eng\/","name":"Tourist organization of the Municipality of In\u0111ija","description":"","potentialAction":[{"@type":"SearchAction","target":{"@type":"EntryPoint","urlTemplate":"https:\/\/indjijatravel.rs\/eng\/?s={search_term_string}"},"query-input":"required name=search_term_string"}],"inLanguage":"en-US"}]}},"_links":{"self":[{"href":"https:\/\/indjijatravel.rs\/eng\/wp-json\/wp\/v2\/pages\/139","targetHints":{"allow":["GET"]}}],"collection":[{"href":"https:\/\/indjijatravel.rs\/eng\/wp-json\/wp\/v2\/pages"}],"about":[{"href":"https:\/\/indjijatravel.rs\/eng\/wp-json\/wp\/v2\/types\/page"}],"author":[{"embeddable":true,"href":"https:\/\/indjijatravel.rs\/eng\/wp-json\/wp\/v2\/users\/1"}],"replies":[{"embeddable":true,"href":"https:\/\/indjijatravel.rs\/eng\/wp-json\/wp\/v2\/comments?post=139"}],"version-history":[{"count":4,"href":"https:\/\/indjijatravel.rs\/eng\/wp-json\/wp\/v2\/pages\/139\/revisions"}],"predecessor-version":[{"id":393,"href":"https:\/\/indjijatravel.rs\/eng\/wp-json\/wp\/v2\/pages\/139\/revisions\/393"}],"wp:attachment":[{"href":"https:\/\/indjijatravel.rs\/eng\/wp-json\/wp\/v2\/media?parent=139"}],"curies":[{"name":"wp","href":"https:\/\/api.w.org\/{rel}","templated":true}]}}