{"id":141,"date":"2022-10-04T06:38:47","date_gmt":"2022-10-04T06:38:47","guid":{"rendered":"https:\/\/indjijatravel.rs\/eng\/?page_id=141"},"modified":"2022-10-07T03:57:39","modified_gmt":"2022-10-07T03:57:39","slug":"settlement-krcedin","status":"publish","type":"page","link":"https:\/\/indjijatravel.rs\/eng\/settlement-krcedin\/","title":{"rendered":"Settlement: Kr\u010dedin"},"content":{"rendered":"\n<h5 class=\"wp-block-heading\">Kr\u010dedin<\/h5>\n\n\n\n<p>Kr\u010dedin is an interesting village in the municipality of In\u0111ija, located on the slopes of Fru\u0161ka Gora near the bank of the Danube and it is extremely appealing to tourists. North of the village, on the right bank of the Danube, a settlement of holiday homes was formed, which consists of about 2,000 cottages. Next to the bank, there are several sandy hills with beautiful beaches with excellent conditions for swimming and other types of recreation.<\/p>\n\n\n\n<p>The left bank of the Danube, overgrown with Canadian poplar forests, with the spacious Island of Kr\u010dedin (<em><a href=\"https:\/\/indjijatravel.rs\/eng\/nature-krcedinska-ada\/\">Kr\u010dedinska ada<\/a><\/em>), numerous distributaries and ponds, is a true paradise for lovers of nature, ecology, hunting, fishing and photo safaris. The Island of Kr\u010dedin, with a 10 km long shore and an area of \u200b\u200balmost nine square kilometres, belongs to the group of the largest Danube islands from the confluence of the Drava to the confluence of the Tisza into the Danube. It is separated from the land by the Gardinovci Distributary (<em>Gardinova\u010dki Rukavac<\/em>, a.k.a. <em>Dunavac<\/em>), which leads to the whole network of other distributaries and ponds.<\/p>\n\n\n\n<figure class=\"wp-block-gallery has-nested-images columns-3 is-cropped wp-block-gallery-1 is-layout-flex wp-block-gallery-is-layout-flex\">\n<figure class=\"wp-block-image size-large\"><img loading=\"lazy\" decoding=\"async\" width=\"770\" height=\"490\" data-id=\"396\" src=\"http:\/\/indjijatravel.rs\/eng\/wp-content\/uploads\/sites\/2\/2022\/10\/panorama-sela-770x490-1.jpg\" alt=\"\" class=\"wp-image-396\" srcset=\"https:\/\/indjijatravel.rs\/eng\/wp-content\/uploads\/sites\/2\/2022\/10\/panorama-sela-770x490-1.jpg 770w, https:\/\/indjijatravel.rs\/eng\/wp-content\/uploads\/sites\/2\/2022\/10\/panorama-sela-770x490-1-300x191.jpg 300w, https:\/\/indjijatravel.rs\/eng\/wp-content\/uploads\/sites\/2\/2022\/10\/panorama-sela-770x490-1-768x489.jpg 768w\" sizes=\"auto, (max-width: 770px) 100vw, 770px\" \/><\/figure>\n\n\n\n<figure class=\"wp-block-image size-large\"><img loading=\"lazy\" decoding=\"async\" width=\"770\" height=\"490\" data-id=\"395\" src=\"http:\/\/indjijatravel.rs\/eng\/wp-content\/uploads\/sites\/2\/2022\/10\/kuca-u-selu-2-4-770x490-1.jpg\" alt=\"\" class=\"wp-image-395\" srcset=\"https:\/\/indjijatravel.rs\/eng\/wp-content\/uploads\/sites\/2\/2022\/10\/kuca-u-selu-2-4-770x490-1.jpg 770w, https:\/\/indjijatravel.rs\/eng\/wp-content\/uploads\/sites\/2\/2022\/10\/kuca-u-selu-2-4-770x490-1-300x191.jpg 300w, https:\/\/indjijatravel.rs\/eng\/wp-content\/uploads\/sites\/2\/2022\/10\/kuca-u-selu-2-4-770x490-1-768x489.jpg 768w\" sizes=\"auto, (max-width: 770px) 100vw, 770px\" \/><\/figure>\n\n\n\n<figure class=\"wp-block-image size-large\"><img loading=\"lazy\" decoding=\"async\" width=\"770\" height=\"490\" data-id=\"394\" src=\"http:\/\/indjijatravel.rs\/eng\/wp-content\/uploads\/sites\/2\/2022\/10\/final-770x490-1.jpg\" alt=\"\" class=\"wp-image-394\" srcset=\"https:\/\/indjijatravel.rs\/eng\/wp-content\/uploads\/sites\/2\/2022\/10\/final-770x490-1.jpg 770w, https:\/\/indjijatravel.rs\/eng\/wp-content\/uploads\/sites\/2\/2022\/10\/final-770x490-1-300x191.jpg 300w, https:\/\/indjijatravel.rs\/eng\/wp-content\/uploads\/sites\/2\/2022\/10\/final-770x490-1-768x489.jpg 768w\" sizes=\"auto, (max-width: 770px) 100vw, 770px\" \/><\/figure>\n\n\n\n<figure class=\"wp-block-image size-large\"><img loading=\"lazy\" decoding=\"async\" width=\"770\" height=\"490\" data-id=\"397\" src=\"http:\/\/indjijatravel.rs\/eng\/wp-content\/uploads\/sites\/2\/2022\/10\/kod-Laze-3-770x490-1.jpg\" alt=\"\" class=\"wp-image-397\" srcset=\"https:\/\/indjijatravel.rs\/eng\/wp-content\/uploads\/sites\/2\/2022\/10\/kod-Laze-3-770x490-1.jpg 770w, https:\/\/indjijatravel.rs\/eng\/wp-content\/uploads\/sites\/2\/2022\/10\/kod-Laze-3-770x490-1-300x191.jpg 300w, https:\/\/indjijatravel.rs\/eng\/wp-content\/uploads\/sites\/2\/2022\/10\/kod-Laze-3-770x490-1-768x489.jpg 768w\" sizes=\"auto, (max-width: 770px) 100vw, 770px\" \/><\/figure>\n<\/figure>\n","protected":false},"excerpt":{"rendered":"<p>Kr\u010dedin Kr\u010dedin is an interesting village in the municipality of In\u0111ija, located on the slopes of Fru\u0161ka Gora near the bank of the Danube and it is extremely appealing to tourists. North of the village, on the right bank of the Danube, a settlement of holiday homes was formed, which consists of about 2,000 cottages. [&hellip;]<\/p>\n","protected":false},"author":1,"featured_media":0,"parent":0,"menu_order":0,"comment_status":"closed","ping_status":"closed","template":"","meta":{"_monsterinsights_skip_tracking":false,"_monsterinsights_sitenote_active":false,"_monsterinsights_sitenote_note":"","_monsterinsights_sitenote_category":0,"footnotes":""},"class_list":["post-141","page","type-page","status-publish","hentry","no-thumb"],"yoast_head":"<!-- This site is optimized with the Yoast SEO plugin v19.7.1 - https:\/\/yoast.com\/wordpress\/plugins\/seo\/ -->\n<title>Settlement: Kr\u010dedin - Tourist organization of the Municipality of In\u0111ija<\/title>\n<meta name=\"description\" content=\"Kr\u010dedin is an interesting village in the municipality of In\u0111ija, located on the slopes of Fru\u0161ka Gora near the bank of the Danube and it ...\" \/>\n<meta name=\"robots\" content=\"index, follow, max-snippet:-1, max-image-preview:large, max-video-preview:-1\" \/>\n<link rel=\"canonical\" href=\"http:\/\/indjijatravel.rs\/eng\/settlement-krcedin\/\" \/>\n<meta property=\"og:locale\" content=\"en_US\" \/>\n<meta property=\"og:type\" content=\"article\" \/>\n<meta property=\"og:title\" content=\"Settlement: Kr\u010dedin - Tourist organization of the Municipality of In\u0111ija\" \/>\n<meta property=\"og:description\" content=\"Kr\u010dedin is an interesting village in the municipality of In\u0111ija, located on the slopes of Fru\u0161ka Gora near the bank of the Danube and it ...\" \/>\n<meta property=\"og:url\" content=\"http:\/\/indjijatravel.rs\/eng\/settlement-krcedin\/\" \/>\n<meta property=\"og:site_name\" content=\"Tourist organization of the Municipality of In\u0111ija\" \/>\n<meta property=\"article:modified_time\" content=\"2022-10-07T03:57:39+00:00\" \/>\n<meta property=\"og:image\" content=\"http:\/\/indjijatravel.rs\/eng\/wp-content\/uploads\/sites\/2\/2022\/10\/panorama-sela-770x490-1.jpg\" \/>\n<meta name=\"twitter:card\" content=\"summary_large_image\" \/>\n<meta name=\"twitter:label1\" content=\"Est. reading time\" \/>\n\t<meta name=\"twitter:data1\" content=\"2 minutes\" \/>\n<script type=\"application\/ld+json\" class=\"yoast-schema-graph\">{\"@context\":\"https:\/\/schema.org\",\"@graph\":[{\"@type\":\"WebPage\",\"@id\":\"http:\/\/indjijatravel.rs\/eng\/settlement-krcedin\/\",\"url\":\"http:\/\/indjijatravel.rs\/eng\/settlement-krcedin\/\",\"name\":\"Settlement: Kr\u010dedin - Tourist organization of the Municipality of In\u0111ija\",\"isPartOf\":{\"@id\":\"https:\/\/indjijatravel.rs\/eng\/#website\"},\"datePublished\":\"2022-10-04T06:38:47+00:00\",\"dateModified\":\"2022-10-07T03:57:39+00:00\",\"description\":\"Kr\u010dedin is an interesting village in the municipality of In\u0111ija, located on the slopes of Fru\u0161ka Gora near the bank of the Danube and it ...\",\"breadcrumb\":{\"@id\":\"http:\/\/indjijatravel.rs\/eng\/settlement-krcedin\/#breadcrumb\"},\"inLanguage\":\"en-US\",\"potentialAction\":[{\"@type\":\"ReadAction\",\"target\":[\"http:\/\/indjijatravel.rs\/eng\/settlement-krcedin\/\"]}]},{\"@type\":\"BreadcrumbList\",\"@id\":\"http:\/\/indjijatravel.rs\/eng\/settlement-krcedin\/#breadcrumb\",\"itemListElement\":[{\"@type\":\"ListItem\",\"position\":1,\"name\":\"\u041f\u043e\u0447\u0435\u0442\u043d\u0430\",\"item\":\"https:\/\/indjijatravel.rs\/eng\/\"},{\"@type\":\"ListItem\",\"position\":2,\"name\":\"Settlement: Kr\u010dedin\"}]},{\"@type\":\"WebSite\",\"@id\":\"https:\/\/indjijatravel.rs\/eng\/#website\",\"url\":\"https:\/\/indjijatravel.rs\/eng\/\",\"name\":\"Tourist organization of the Municipality of In\u0111ija\",\"description\":\"\",\"potentialAction\":[{\"@type\":\"SearchAction\",\"target\":{\"@type\":\"EntryPoint\",\"urlTemplate\":\"https:\/\/indjijatravel.rs\/eng\/?s={search_term_string}\"},\"query-input\":\"required name=search_term_string\"}],\"inLanguage\":\"en-US\"}]}<\/script>\n<!-- \/ Yoast SEO plugin. -->","yoast_head_json":{"title":"Settlement: Kr\u010dedin - Tourist organization of the Municipality of In\u0111ija","description":"Kr\u010dedin is an interesting village in the municipality of In\u0111ija, located on the slopes of Fru\u0161ka Gora near the bank of the Danube and it ...","robots":{"index":"index","follow":"follow","max-snippet":"max-snippet:-1","max-image-preview":"max-image-preview:large","max-video-preview":"max-video-preview:-1"},"canonical":"http:\/\/indjijatravel.rs\/eng\/settlement-krcedin\/","og_locale":"en_US","og_type":"article","og_title":"Settlement: Kr\u010dedin - Tourist organization of the Municipality of In\u0111ija","og_description":"Kr\u010dedin is an interesting village in the municipality of In\u0111ija, located on the slopes of Fru\u0161ka Gora near the bank of the Danube and it ...","og_url":"http:\/\/indjijatravel.rs\/eng\/settlement-krcedin\/","og_site_name":"Tourist organization of the Municipality of In\u0111ija","article_modified_time":"2022-10-07T03:57:39+00:00","og_image":[{"url":"http:\/\/indjijatravel.rs\/eng\/wp-content\/uploads\/sites\/2\/2022\/10\/panorama-sela-770x490-1.jpg"}],"twitter_card":"summary_large_image","twitter_misc":{"Est. reading time":"2 minutes"},"schema":{"@context":"https:\/\/schema.org","@graph":[{"@type":"WebPage","@id":"http:\/\/indjijatravel.rs\/eng\/settlement-krcedin\/","url":"http:\/\/indjijatravel.rs\/eng\/settlement-krcedin\/","name":"Settlement: Kr\u010dedin - Tourist organization of the Municipality of In\u0111ija","isPartOf":{"@id":"https:\/\/indjijatravel.rs\/eng\/#website"},"datePublished":"2022-10-04T06:38:47+00:00","dateModified":"2022-10-07T03:57:39+00:00","description":"Kr\u010dedin is an interesting village in the municipality of In\u0111ija, located on the slopes of Fru\u0161ka Gora near the bank of the Danube and it ...","breadcrumb":{"@id":"http:\/\/indjijatravel.rs\/eng\/settlement-krcedin\/#breadcrumb"},"inLanguage":"en-US","potentialAction":[{"@type":"ReadAction","target":["http:\/\/indjijatravel.rs\/eng\/settlement-krcedin\/"]}]},{"@type":"BreadcrumbList","@id":"http:\/\/indjijatravel.rs\/eng\/settlement-krcedin\/#breadcrumb","itemListElement":[{"@type":"ListItem","position":1,"name":"\u041f\u043e\u0447\u0435\u0442\u043d\u0430","item":"https:\/\/indjijatravel.rs\/eng\/"},{"@type":"ListItem","position":2,"name":"Settlement: Kr\u010dedin"}]},{"@type":"WebSite","@id":"https:\/\/indjijatravel.rs\/eng\/#website","url":"https:\/\/indjijatravel.rs\/eng\/","name":"Tourist organization of the Municipality of In\u0111ija","description":"","potentialAction":[{"@type":"SearchAction","target":{"@type":"EntryPoint","urlTemplate":"https:\/\/indjijatravel.rs\/eng\/?s={search_term_string}"},"query-input":"required name=search_term_string"}],"inLanguage":"en-US"}]}},"_links":{"self":[{"href":"https:\/\/indjijatravel.rs\/eng\/wp-json\/wp\/v2\/pages\/141","targetHints":{"allow":["GET"]}}],"collection":[{"href":"https:\/\/indjijatravel.rs\/eng\/wp-json\/wp\/v2\/pages"}],"about":[{"href":"https:\/\/indjijatravel.rs\/eng\/wp-json\/wp\/v2\/types\/page"}],"author":[{"embeddable":true,"href":"https:\/\/indjijatravel.rs\/eng\/wp-json\/wp\/v2\/users\/1"}],"replies":[{"embeddable":true,"href":"https:\/\/indjijatravel.rs\/eng\/wp-json\/wp\/v2\/comments?post=141"}],"version-history":[{"count":4,"href":"https:\/\/indjijatravel.rs\/eng\/wp-json\/wp\/v2\/pages\/141\/revisions"}],"predecessor-version":[{"id":399,"href":"https:\/\/indjijatravel.rs\/eng\/wp-json\/wp\/v2\/pages\/141\/revisions\/399"}],"wp:attachment":[{"href":"https:\/\/indjijatravel.rs\/eng\/wp-json\/wp\/v2\/media?parent=141"}],"curies":[{"name":"wp","href":"https:\/\/api.w.org\/{rel}","templated":true}]}}