{"id":144,"date":"2022-10-04T06:40:51","date_gmt":"2022-10-04T06:40:51","guid":{"rendered":"https:\/\/indjijatravel.rs\/eng\/?page_id=144"},"modified":"2022-10-07T03:59:43","modified_gmt":"2022-10-07T03:59:43","slug":"settlement-maradik","status":"publish","type":"page","link":"https:\/\/indjijatravel.rs\/eng\/settlement-maradik\/","title":{"rendered":"Settlement: Maradik"},"content":{"rendered":"\n<h5 class=\"wp-block-heading\">Maradik<\/h5>\n\n\n\n<p>Maradik is located in the western part of the municipality of In\u0111ija, on the south-eastern slopes of Fru\u0161ka Gora, in the immediate vicinity of Fru\u0161ka Gora monasteries. The arterial road M-22.1, which is about two kilometres away from Maradik, connects the village with Novi Sad and In\u0111ija (11 km). Near the village, there is an artificial accumulation lake \u0160elevrenac. It was created in the 1980s with the construction of a dam on the stream with the same name. Today, the lake is privately owned and fishing is possible with a permit purchased on-site.<\/p>\n\n\n\n<p>The name of the village comes from the Hungarian word <em>marad\u00e9k<\/em> which means &#8220;remainder&#8221;. The settlement was first recorded in 1498 in the \u201cKru\u0161evo Pomenik\u201d and the falsified charter of the Kru\u0161edol Monastery. There is no reliable information about the village from the Turkish period, but it is mentioned as early as 1702, when it was permanently inhabited. In the first half of the 18<sup>th<\/sup> century, the majority of the population were Serbs. Later, due to the intensification of agriculture, Count Marko Peja\u010devi\u0107 settled a large number of Hungarians here, who were good farmers.<\/p>\n\n\n\n<figure class=\"wp-block-gallery has-nested-images columns-3 is-cropped wp-block-gallery-1 is-layout-flex wp-block-gallery-is-layout-flex\">\n<figure class=\"wp-block-image size-large\"><img loading=\"lazy\" decoding=\"async\" width=\"770\" height=\"490\" data-id=\"401\" src=\"http:\/\/indjijatravel.rs\/eng\/wp-content\/uploads\/sites\/2\/2022\/10\/2-1-770x490-1.jpg\" alt=\"\" class=\"wp-image-401\" srcset=\"https:\/\/indjijatravel.rs\/eng\/wp-content\/uploads\/sites\/2\/2022\/10\/2-1-770x490-1.jpg 770w, https:\/\/indjijatravel.rs\/eng\/wp-content\/uploads\/sites\/2\/2022\/10\/2-1-770x490-1-300x191.jpg 300w, https:\/\/indjijatravel.rs\/eng\/wp-content\/uploads\/sites\/2\/2022\/10\/2-1-770x490-1-768x489.jpg 768w\" sizes=\"auto, (max-width: 770px) 100vw, 770px\" \/><\/figure>\n\n\n\n<figure class=\"wp-block-image size-large\"><img loading=\"lazy\" decoding=\"async\" width=\"770\" height=\"490\" data-id=\"402\" src=\"http:\/\/indjijatravel.rs\/eng\/wp-content\/uploads\/sites\/2\/2022\/10\/3-770x490-1.jpg\" alt=\"\" class=\"wp-image-402\" srcset=\"https:\/\/indjijatravel.rs\/eng\/wp-content\/uploads\/sites\/2\/2022\/10\/3-770x490-1.jpg 770w, https:\/\/indjijatravel.rs\/eng\/wp-content\/uploads\/sites\/2\/2022\/10\/3-770x490-1-300x191.jpg 300w, https:\/\/indjijatravel.rs\/eng\/wp-content\/uploads\/sites\/2\/2022\/10\/3-770x490-1-768x489.jpg 768w\" sizes=\"auto, (max-width: 770px) 100vw, 770px\" \/><\/figure>\n\n\n\n<figure class=\"wp-block-image size-large\"><img loading=\"lazy\" decoding=\"async\" width=\"770\" height=\"490\" data-id=\"404\" src=\"http:\/\/indjijatravel.rs\/eng\/wp-content\/uploads\/sites\/2\/2022\/10\/5-1-770x490-1.jpg\" alt=\"\" class=\"wp-image-404\" srcset=\"https:\/\/indjijatravel.rs\/eng\/wp-content\/uploads\/sites\/2\/2022\/10\/5-1-770x490-1.jpg 770w, https:\/\/indjijatravel.rs\/eng\/wp-content\/uploads\/sites\/2\/2022\/10\/5-1-770x490-1-300x191.jpg 300w, https:\/\/indjijatravel.rs\/eng\/wp-content\/uploads\/sites\/2\/2022\/10\/5-1-770x490-1-768x489.jpg 768w\" sizes=\"auto, (max-width: 770px) 100vw, 770px\" \/><\/figure>\n\n\n\n<figure class=\"wp-block-image size-large\"><img loading=\"lazy\" decoding=\"async\" width=\"770\" height=\"490\" data-id=\"403\" src=\"http:\/\/indjijatravel.rs\/eng\/wp-content\/uploads\/sites\/2\/2022\/10\/4-770x490-1.jpg\" alt=\"\" class=\"wp-image-403\" srcset=\"https:\/\/indjijatravel.rs\/eng\/wp-content\/uploads\/sites\/2\/2022\/10\/4-770x490-1.jpg 770w, https:\/\/indjijatravel.rs\/eng\/wp-content\/uploads\/sites\/2\/2022\/10\/4-770x490-1-300x191.jpg 300w, https:\/\/indjijatravel.rs\/eng\/wp-content\/uploads\/sites\/2\/2022\/10\/4-770x490-1-768x489.jpg 768w\" sizes=\"auto, (max-width: 770px) 100vw, 770px\" \/><\/figure>\n\n\n\n<figure class=\"wp-block-image size-large\"><img loading=\"lazy\" decoding=\"async\" width=\"770\" height=\"490\" data-id=\"405\" src=\"http:\/\/indjijatravel.rs\/eng\/wp-content\/uploads\/sites\/2\/2022\/10\/6-1-770x490-1.jpg\" alt=\"\" class=\"wp-image-405\" srcset=\"https:\/\/indjijatravel.rs\/eng\/wp-content\/uploads\/sites\/2\/2022\/10\/6-1-770x490-1.jpg 770w, https:\/\/indjijatravel.rs\/eng\/wp-content\/uploads\/sites\/2\/2022\/10\/6-1-770x490-1-300x191.jpg 300w, https:\/\/indjijatravel.rs\/eng\/wp-content\/uploads\/sites\/2\/2022\/10\/6-1-770x490-1-768x489.jpg 768w\" sizes=\"auto, (max-width: 770px) 100vw, 770px\" \/><\/figure>\n\n\n\n<figure class=\"wp-block-image size-large\"><img loading=\"lazy\" decoding=\"async\" width=\"770\" height=\"490\" data-id=\"400\" src=\"http:\/\/indjijatravel.rs\/eng\/wp-content\/uploads\/sites\/2\/2022\/10\/1-770x490-1.jpg\" alt=\"\" class=\"wp-image-400\" srcset=\"https:\/\/indjijatravel.rs\/eng\/wp-content\/uploads\/sites\/2\/2022\/10\/1-770x490-1.jpg 770w, https:\/\/indjijatravel.rs\/eng\/wp-content\/uploads\/sites\/2\/2022\/10\/1-770x490-1-300x191.jpg 300w, https:\/\/indjijatravel.rs\/eng\/wp-content\/uploads\/sites\/2\/2022\/10\/1-770x490-1-768x489.jpg 768w\" sizes=\"auto, (max-width: 770px) 100vw, 770px\" \/><\/figure>\n<\/figure>\n\n\n\n<p><\/p>\n\n\n\n<p>Maradik is a typical rural settlement of the Pannonian type and specific because it is a multi-ethnic environment, which has a preserved tradition. The traditional elements of the area can be best experienced by visiting <a href=\"https:\/\/indjijatravel.rs\/eng\/tradition-ethno-house-maradik\/\">the Ethno House Maradik<\/a>, which is an authentic rural household about 150 years old. The household is adapted for tourists and gives them the opportunity to learn a lot about the traditions, culture, customs and way of life of the people who once inhabited this area. In Maradik, there are active associations of women who deal with the preservation of tradition and who pass on their knowledge and skills to younger generations, through organized workshops. The traditional manifestation \u201c<em>Maradi\u010dka jesen<\/em>\u201d, which is held in September, presents their works, but also agricultural products characteristic of this village, which is known for fruit production among other things.<\/p>\n\n\n\n<p>According to the 2011 census, Maradik has 2,095 inhabitants of various nationalities, most of whom are Serbs and Hungarians, followed by Croats and Slovaks. The village is specific because it represents a multi-ethnic environment in which different peoples have nurtured their own tradition and religion, but also respect those of the other people. This is evidenced by the fact that there are still three churches in Maradik: the Orthodox Church of St. Sava, the Reformed Christian Church and the Roman Catholic Church of St. Anne.<\/p>\n","protected":false},"excerpt":{"rendered":"<p>Maradik Maradik is located in the western part of the municipality of In\u0111ija, on the south-eastern slopes of Fru\u0161ka Gora, in the immediate vicinity of Fru\u0161ka Gora monasteries. The arterial road M-22.1, which is about two kilometres away from Maradik, connects the village with Novi Sad and In\u0111ija (11 km). Near the village, there is [&hellip;]<\/p>\n","protected":false},"author":1,"featured_media":0,"parent":0,"menu_order":0,"comment_status":"closed","ping_status":"closed","template":"","meta":{"_monsterinsights_skip_tracking":false,"_monsterinsights_sitenote_active":false,"_monsterinsights_sitenote_note":"","_monsterinsights_sitenote_category":0,"footnotes":""},"class_list":["post-144","page","type-page","status-publish","hentry","no-thumb"],"yoast_head":"<!-- This site is optimized with the Yoast SEO plugin v19.7.1 - https:\/\/yoast.com\/wordpress\/plugins\/seo\/ -->\n<title>Settlement: Maradik - Tourist organization of the Municipality of In\u0111ija<\/title>\n<meta name=\"description\" content=\"Maradik is located in the western part of the municipality of In\u0111ija, on the south-eastern slopes of Fru\u0161ka Gora, in the immediate ...\" \/>\n<meta name=\"robots\" content=\"index, follow, max-snippet:-1, max-image-preview:large, max-video-preview:-1\" \/>\n<link rel=\"canonical\" href=\"https:\/\/indjijatravel.rs\/eng\/settlement-maradik\/\" \/>\n<meta property=\"og:locale\" content=\"en_US\" \/>\n<meta property=\"og:type\" content=\"article\" \/>\n<meta property=\"og:title\" content=\"Settlement: Maradik - Tourist organization of the Municipality of In\u0111ija\" \/>\n<meta property=\"og:description\" content=\"Maradik is located in the western part of the municipality of In\u0111ija, on the south-eastern slopes of Fru\u0161ka Gora, in the immediate ...\" \/>\n<meta property=\"og:url\" content=\"https:\/\/indjijatravel.rs\/eng\/settlement-maradik\/\" \/>\n<meta property=\"og:site_name\" content=\"Tourist organization of the Municipality of In\u0111ija\" \/>\n<meta property=\"article:modified_time\" content=\"2022-10-07T03:59:43+00:00\" \/>\n<meta property=\"og:image\" content=\"http:\/\/indjijatravel.rs\/eng\/wp-content\/uploads\/sites\/2\/2022\/10\/2-1-770x490-1.jpg\" \/>\n<meta name=\"twitter:card\" content=\"summary_large_image\" \/>\n<meta name=\"twitter:label1\" content=\"Est. reading time\" \/>\n\t<meta name=\"twitter:data1\" content=\"4 minutes\" \/>\n<script type=\"application\/ld+json\" class=\"yoast-schema-graph\">{\"@context\":\"https:\/\/schema.org\",\"@graph\":[{\"@type\":\"WebPage\",\"@id\":\"https:\/\/indjijatravel.rs\/eng\/settlement-maradik\/\",\"url\":\"https:\/\/indjijatravel.rs\/eng\/settlement-maradik\/\",\"name\":\"Settlement: Maradik - Tourist organization of the Municipality of In\u0111ija\",\"isPartOf\":{\"@id\":\"https:\/\/indjijatravel.rs\/eng\/#website\"},\"datePublished\":\"2022-10-04T06:40:51+00:00\",\"dateModified\":\"2022-10-07T03:59:43+00:00\",\"description\":\"Maradik is located in the western part of the municipality of In\u0111ija, on the south-eastern slopes of Fru\u0161ka Gora, in the immediate ...\",\"breadcrumb\":{\"@id\":\"https:\/\/indjijatravel.rs\/eng\/settlement-maradik\/#breadcrumb\"},\"inLanguage\":\"en-US\",\"potentialAction\":[{\"@type\":\"ReadAction\",\"target\":[\"https:\/\/indjijatravel.rs\/eng\/settlement-maradik\/\"]}]},{\"@type\":\"BreadcrumbList\",\"@id\":\"https:\/\/indjijatravel.rs\/eng\/settlement-maradik\/#breadcrumb\",\"itemListElement\":[{\"@type\":\"ListItem\",\"position\":1,\"name\":\"\u041f\u043e\u0447\u0435\u0442\u043d\u0430\",\"item\":\"https:\/\/indjijatravel.rs\/eng\/\"},{\"@type\":\"ListItem\",\"position\":2,\"name\":\"Settlement: Maradik\"}]},{\"@type\":\"WebSite\",\"@id\":\"https:\/\/indjijatravel.rs\/eng\/#website\",\"url\":\"https:\/\/indjijatravel.rs\/eng\/\",\"name\":\"Tourist organization of the Municipality of In\u0111ija\",\"description\":\"\",\"potentialAction\":[{\"@type\":\"SearchAction\",\"target\":{\"@type\":\"EntryPoint\",\"urlTemplate\":\"https:\/\/indjijatravel.rs\/eng\/?s={search_term_string}\"},\"query-input\":\"required name=search_term_string\"}],\"inLanguage\":\"en-US\"}]}<\/script>\n<!-- \/ Yoast SEO plugin. -->","yoast_head_json":{"title":"Settlement: Maradik - Tourist organization of the Municipality of In\u0111ija","description":"Maradik is located in the western part of the municipality of In\u0111ija, on the south-eastern slopes of Fru\u0161ka Gora, in the immediate ...","robots":{"index":"index","follow":"follow","max-snippet":"max-snippet:-1","max-image-preview":"max-image-preview:large","max-video-preview":"max-video-preview:-1"},"canonical":"https:\/\/indjijatravel.rs\/eng\/settlement-maradik\/","og_locale":"en_US","og_type":"article","og_title":"Settlement: Maradik - Tourist organization of the Municipality of In\u0111ija","og_description":"Maradik is located in the western part of the municipality of In\u0111ija, on the south-eastern slopes of Fru\u0161ka Gora, in the immediate ...","og_url":"https:\/\/indjijatravel.rs\/eng\/settlement-maradik\/","og_site_name":"Tourist organization of the Municipality of In\u0111ija","article_modified_time":"2022-10-07T03:59:43+00:00","og_image":[{"url":"http:\/\/indjijatravel.rs\/eng\/wp-content\/uploads\/sites\/2\/2022\/10\/2-1-770x490-1.jpg"}],"twitter_card":"summary_large_image","twitter_misc":{"Est. reading time":"4 minutes"},"schema":{"@context":"https:\/\/schema.org","@graph":[{"@type":"WebPage","@id":"https:\/\/indjijatravel.rs\/eng\/settlement-maradik\/","url":"https:\/\/indjijatravel.rs\/eng\/settlement-maradik\/","name":"Settlement: Maradik - Tourist organization of the Municipality of In\u0111ija","isPartOf":{"@id":"https:\/\/indjijatravel.rs\/eng\/#website"},"datePublished":"2022-10-04T06:40:51+00:00","dateModified":"2022-10-07T03:59:43+00:00","description":"Maradik is located in the western part of the municipality of In\u0111ija, on the south-eastern slopes of Fru\u0161ka Gora, in the immediate ...","breadcrumb":{"@id":"https:\/\/indjijatravel.rs\/eng\/settlement-maradik\/#breadcrumb"},"inLanguage":"en-US","potentialAction":[{"@type":"ReadAction","target":["https:\/\/indjijatravel.rs\/eng\/settlement-maradik\/"]}]},{"@type":"BreadcrumbList","@id":"https:\/\/indjijatravel.rs\/eng\/settlement-maradik\/#breadcrumb","itemListElement":[{"@type":"ListItem","position":1,"name":"\u041f\u043e\u0447\u0435\u0442\u043d\u0430","item":"https:\/\/indjijatravel.rs\/eng\/"},{"@type":"ListItem","position":2,"name":"Settlement: Maradik"}]},{"@type":"WebSite","@id":"https:\/\/indjijatravel.rs\/eng\/#website","url":"https:\/\/indjijatravel.rs\/eng\/","name":"Tourist organization of the Municipality of In\u0111ija","description":"","potentialAction":[{"@type":"SearchAction","target":{"@type":"EntryPoint","urlTemplate":"https:\/\/indjijatravel.rs\/eng\/?s={search_term_string}"},"query-input":"required name=search_term_string"}],"inLanguage":"en-US"}]}},"_links":{"self":[{"href":"https:\/\/indjijatravel.rs\/eng\/wp-json\/wp\/v2\/pages\/144","targetHints":{"allow":["GET"]}}],"collection":[{"href":"https:\/\/indjijatravel.rs\/eng\/wp-json\/wp\/v2\/pages"}],"about":[{"href":"https:\/\/indjijatravel.rs\/eng\/wp-json\/wp\/v2\/types\/page"}],"author":[{"embeddable":true,"href":"https:\/\/indjijatravel.rs\/eng\/wp-json\/wp\/v2\/users\/1"}],"replies":[{"embeddable":true,"href":"https:\/\/indjijatravel.rs\/eng\/wp-json\/wp\/v2\/comments?post=144"}],"version-history":[{"count":4,"href":"https:\/\/indjijatravel.rs\/eng\/wp-json\/wp\/v2\/pages\/144\/revisions"}],"predecessor-version":[{"id":406,"href":"https:\/\/indjijatravel.rs\/eng\/wp-json\/wp\/v2\/pages\/144\/revisions\/406"}],"wp:attachment":[{"href":"https:\/\/indjijatravel.rs\/eng\/wp-json\/wp\/v2\/media?parent=144"}],"curies":[{"name":"wp","href":"https:\/\/api.w.org\/{rel}","templated":true}]}}