{"id":156,"date":"2022-10-04T06:53:59","date_gmt":"2022-10-04T06:53:59","guid":{"rendered":"https:\/\/indjijatravel.rs\/eng\/?page_id=156"},"modified":"2022-10-07T04:05:32","modified_gmt":"2022-10-07T04:05:32","slug":"settlement-slankamenacki-vinogradi","status":"publish","type":"page","link":"https:\/\/indjijatravel.rs\/eng\/settlement-slankamenacki-vinogradi\/","title":{"rendered":"Settlement: Slankamena\u010dki Vinogradi"},"content":{"rendered":"\n<h5 class=\"wp-block-heading\">Slankamena\u010dki Vinogradi<\/h5>\n\n\n\n<p>The village of Slankamen\u010dki Vinogradi stands out with its preserved tradition in the municipality of In\u0111ija. Formed at the end of the 19<sup>th <\/sup>century on the extreme eastern slopes of Fru\u0161ka Gora, on the slopes of Ko\u0161evac hill, this picturesque village is the youngest and smallest in the municipality of In\u0111ija.<\/p>\n\n\n\n<p>The story of its origin is interesting because it was originally a holiday home settlement of winegrowers, which over time grew into a permanent settlement. It is inhabited by the Slovaks (90% of the population are the Slovaks), who attract more and more tourists with their specific culture, customs, costumes, way of life and folklore.<\/p>\n\n\n\n<figure class=\"wp-block-gallery has-nested-images columns-default is-cropped wp-block-gallery-1 is-layout-flex wp-block-gallery-is-layout-flex\">\n<figure class=\"wp-block-image size-large\"><img loading=\"lazy\" decoding=\"async\" width=\"770\" height=\"490\" data-id=\"423\" src=\"http:\/\/indjijatravel.rs\/eng\/wp-content\/uploads\/sites\/2\/2022\/10\/Crkva-3-770x490-1.jpg\" alt=\"\" class=\"wp-image-423\" srcset=\"https:\/\/indjijatravel.rs\/eng\/wp-content\/uploads\/sites\/2\/2022\/10\/Crkva-3-770x490-1.jpg 770w, https:\/\/indjijatravel.rs\/eng\/wp-content\/uploads\/sites\/2\/2022\/10\/Crkva-3-770x490-1-300x191.jpg 300w, https:\/\/indjijatravel.rs\/eng\/wp-content\/uploads\/sites\/2\/2022\/10\/Crkva-3-770x490-1-768x489.jpg 768w\" sizes=\"auto, (max-width: 770px) 100vw, 770px\" \/><\/figure>\n\n\n\n<figure class=\"wp-block-image size-large\"><img loading=\"lazy\" decoding=\"async\" width=\"770\" height=\"490\" data-id=\"424\" src=\"http:\/\/indjijatravel.rs\/eng\/wp-content\/uploads\/sites\/2\/2022\/10\/novi-slovaci-770x490-1.jpg\" alt=\"\" class=\"wp-image-424\" srcset=\"https:\/\/indjijatravel.rs\/eng\/wp-content\/uploads\/sites\/2\/2022\/10\/novi-slovaci-770x490-1.jpg 770w, https:\/\/indjijatravel.rs\/eng\/wp-content\/uploads\/sites\/2\/2022\/10\/novi-slovaci-770x490-1-300x191.jpg 300w, https:\/\/indjijatravel.rs\/eng\/wp-content\/uploads\/sites\/2\/2022\/10\/novi-slovaci-770x490-1-768x489.jpg 768w\" sizes=\"auto, (max-width: 770px) 100vw, 770px\" \/><\/figure>\n\n\n\n<figure class=\"wp-block-image size-large\"><img loading=\"lazy\" decoding=\"async\" width=\"770\" height=\"490\" data-id=\"425\" src=\"http:\/\/indjijatravel.rs\/eng\/wp-content\/uploads\/sites\/2\/2022\/10\/vin-2-770x490-1.jpg\" alt=\"\" class=\"wp-image-425\" srcset=\"https:\/\/indjijatravel.rs\/eng\/wp-content\/uploads\/sites\/2\/2022\/10\/vin-2-770x490-1.jpg 770w, https:\/\/indjijatravel.rs\/eng\/wp-content\/uploads\/sites\/2\/2022\/10\/vin-2-770x490-1-300x191.jpg 300w, https:\/\/indjijatravel.rs\/eng\/wp-content\/uploads\/sites\/2\/2022\/10\/vin-2-770x490-1-768x489.jpg 768w\" sizes=\"auto, (max-width: 770px) 100vw, 770px\" \/><\/figure>\n\n\n\n<figure class=\"wp-block-image size-large\"><img loading=\"lazy\" decoding=\"async\" width=\"770\" height=\"490\" data-id=\"426\" src=\"http:\/\/indjijatravel.rs\/eng\/wp-content\/uploads\/sites\/2\/2022\/10\/dunav-janda-770x490-1.jpg\" alt=\"\" class=\"wp-image-426\" srcset=\"https:\/\/indjijatravel.rs\/eng\/wp-content\/uploads\/sites\/2\/2022\/10\/dunav-janda-770x490-1.jpg 770w, https:\/\/indjijatravel.rs\/eng\/wp-content\/uploads\/sites\/2\/2022\/10\/dunav-janda-770x490-1-300x191.jpg 300w, https:\/\/indjijatravel.rs\/eng\/wp-content\/uploads\/sites\/2\/2022\/10\/dunav-janda-770x490-1-768x489.jpg 768w\" sizes=\"auto, (max-width: 770px) 100vw, 770px\" \/><\/figure>\n<\/figure>\n","protected":false},"excerpt":{"rendered":"<p>Slankamena\u010dki Vinogradi The village of Slankamen\u010dki Vinogradi stands out with its preserved tradition in the municipality of In\u0111ija. Formed at the end of the 19th century on the extreme eastern slopes of Fru\u0161ka Gora, on the slopes of Ko\u0161evac hill, this picturesque village is the youngest and smallest in the municipality of In\u0111ija. The story [&hellip;]<\/p>\n","protected":false},"author":1,"featured_media":0,"parent":0,"menu_order":0,"comment_status":"closed","ping_status":"closed","template":"","meta":{"_monsterinsights_skip_tracking":false,"_monsterinsights_sitenote_active":false,"_monsterinsights_sitenote_note":"","_monsterinsights_sitenote_category":0,"footnotes":""},"class_list":["post-156","page","type-page","status-publish","hentry","no-thumb"],"yoast_head":"<!-- This site is optimized with the Yoast SEO plugin v19.7.1 - https:\/\/yoast.com\/wordpress\/plugins\/seo\/ -->\n<title>Settlement: Slankamena\u010dki Vinogradi - Tourist organization of the Municipality of In\u0111ija<\/title>\n<meta name=\"description\" content=\"The village of Slankamen\u010dki Vinogradi stands out with its preserved tradition in the municipality of In\u0111ija. Formed at the end of the 19th ...\" \/>\n<meta name=\"robots\" content=\"index, follow, max-snippet:-1, max-image-preview:large, max-video-preview:-1\" \/>\n<link rel=\"canonical\" href=\"https:\/\/indjijatravel.rs\/eng\/settlement-slankamenacki-vinogradi\/\" \/>\n<meta property=\"og:locale\" content=\"en_US\" \/>\n<meta property=\"og:type\" content=\"article\" \/>\n<meta property=\"og:title\" content=\"Settlement: Slankamena\u010dki Vinogradi - Tourist organization of the Municipality of In\u0111ija\" \/>\n<meta property=\"og:description\" content=\"The village of Slankamen\u010dki Vinogradi stands out with its preserved tradition in the municipality of In\u0111ija. Formed at the end of the 19th ...\" \/>\n<meta property=\"og:url\" content=\"https:\/\/indjijatravel.rs\/eng\/settlement-slankamenacki-vinogradi\/\" \/>\n<meta property=\"og:site_name\" content=\"Tourist organization of the Municipality of In\u0111ija\" \/>\n<meta property=\"article:modified_time\" content=\"2022-10-07T04:05:32+00:00\" \/>\n<meta property=\"og:image\" content=\"http:\/\/indjijatravel.rs\/eng\/wp-content\/uploads\/sites\/2\/2022\/10\/Crkva-3-770x490-1.jpg\" \/>\n<meta name=\"twitter:card\" content=\"summary_large_image\" \/>\n<meta name=\"twitter:label1\" content=\"Est. reading time\" \/>\n\t<meta name=\"twitter:data1\" content=\"2 minutes\" \/>\n<script type=\"application\/ld+json\" class=\"yoast-schema-graph\">{\"@context\":\"https:\/\/schema.org\",\"@graph\":[{\"@type\":\"WebPage\",\"@id\":\"https:\/\/indjijatravel.rs\/eng\/settlement-slankamenacki-vinogradi\/\",\"url\":\"https:\/\/indjijatravel.rs\/eng\/settlement-slankamenacki-vinogradi\/\",\"name\":\"Settlement: Slankamena\u010dki Vinogradi - Tourist organization of the Municipality of In\u0111ija\",\"isPartOf\":{\"@id\":\"https:\/\/indjijatravel.rs\/eng\/#website\"},\"datePublished\":\"2022-10-04T06:53:59+00:00\",\"dateModified\":\"2022-10-07T04:05:32+00:00\",\"description\":\"The village of Slankamen\u010dki Vinogradi stands out with its preserved tradition in the municipality of In\u0111ija. Formed at the end of the 19th ...\",\"breadcrumb\":{\"@id\":\"https:\/\/indjijatravel.rs\/eng\/settlement-slankamenacki-vinogradi\/#breadcrumb\"},\"inLanguage\":\"en-US\",\"potentialAction\":[{\"@type\":\"ReadAction\",\"target\":[\"https:\/\/indjijatravel.rs\/eng\/settlement-slankamenacki-vinogradi\/\"]}]},{\"@type\":\"BreadcrumbList\",\"@id\":\"https:\/\/indjijatravel.rs\/eng\/settlement-slankamenacki-vinogradi\/#breadcrumb\",\"itemListElement\":[{\"@type\":\"ListItem\",\"position\":1,\"name\":\"\u041f\u043e\u0447\u0435\u0442\u043d\u0430\",\"item\":\"https:\/\/indjijatravel.rs\/eng\/\"},{\"@type\":\"ListItem\",\"position\":2,\"name\":\"Settlement: Slankamena\u010dki Vinogradi\"}]},{\"@type\":\"WebSite\",\"@id\":\"https:\/\/indjijatravel.rs\/eng\/#website\",\"url\":\"https:\/\/indjijatravel.rs\/eng\/\",\"name\":\"Tourist organization of the Municipality of In\u0111ija\",\"description\":\"\",\"potentialAction\":[{\"@type\":\"SearchAction\",\"target\":{\"@type\":\"EntryPoint\",\"urlTemplate\":\"https:\/\/indjijatravel.rs\/eng\/?s={search_term_string}\"},\"query-input\":\"required name=search_term_string\"}],\"inLanguage\":\"en-US\"}]}<\/script>\n<!-- \/ Yoast SEO plugin. -->","yoast_head_json":{"title":"Settlement: Slankamena\u010dki Vinogradi - Tourist organization of the Municipality of In\u0111ija","description":"The village of Slankamen\u010dki Vinogradi stands out with its preserved tradition in the municipality of In\u0111ija. Formed at the end of the 19th ...","robots":{"index":"index","follow":"follow","max-snippet":"max-snippet:-1","max-image-preview":"max-image-preview:large","max-video-preview":"max-video-preview:-1"},"canonical":"https:\/\/indjijatravel.rs\/eng\/settlement-slankamenacki-vinogradi\/","og_locale":"en_US","og_type":"article","og_title":"Settlement: Slankamena\u010dki Vinogradi - Tourist organization of the Municipality of In\u0111ija","og_description":"The village of Slankamen\u010dki Vinogradi stands out with its preserved tradition in the municipality of In\u0111ija. Formed at the end of the 19th ...","og_url":"https:\/\/indjijatravel.rs\/eng\/settlement-slankamenacki-vinogradi\/","og_site_name":"Tourist organization of the Municipality of In\u0111ija","article_modified_time":"2022-10-07T04:05:32+00:00","og_image":[{"url":"http:\/\/indjijatravel.rs\/eng\/wp-content\/uploads\/sites\/2\/2022\/10\/Crkva-3-770x490-1.jpg"}],"twitter_card":"summary_large_image","twitter_misc":{"Est. reading time":"2 minutes"},"schema":{"@context":"https:\/\/schema.org","@graph":[{"@type":"WebPage","@id":"https:\/\/indjijatravel.rs\/eng\/settlement-slankamenacki-vinogradi\/","url":"https:\/\/indjijatravel.rs\/eng\/settlement-slankamenacki-vinogradi\/","name":"Settlement: Slankamena\u010dki Vinogradi - Tourist organization of the Municipality of In\u0111ija","isPartOf":{"@id":"https:\/\/indjijatravel.rs\/eng\/#website"},"datePublished":"2022-10-04T06:53:59+00:00","dateModified":"2022-10-07T04:05:32+00:00","description":"The village of Slankamen\u010dki Vinogradi stands out with its preserved tradition in the municipality of In\u0111ija. Formed at the end of the 19th ...","breadcrumb":{"@id":"https:\/\/indjijatravel.rs\/eng\/settlement-slankamenacki-vinogradi\/#breadcrumb"},"inLanguage":"en-US","potentialAction":[{"@type":"ReadAction","target":["https:\/\/indjijatravel.rs\/eng\/settlement-slankamenacki-vinogradi\/"]}]},{"@type":"BreadcrumbList","@id":"https:\/\/indjijatravel.rs\/eng\/settlement-slankamenacki-vinogradi\/#breadcrumb","itemListElement":[{"@type":"ListItem","position":1,"name":"\u041f\u043e\u0447\u0435\u0442\u043d\u0430","item":"https:\/\/indjijatravel.rs\/eng\/"},{"@type":"ListItem","position":2,"name":"Settlement: Slankamena\u010dki Vinogradi"}]},{"@type":"WebSite","@id":"https:\/\/indjijatravel.rs\/eng\/#website","url":"https:\/\/indjijatravel.rs\/eng\/","name":"Tourist organization of the Municipality of In\u0111ija","description":"","potentialAction":[{"@type":"SearchAction","target":{"@type":"EntryPoint","urlTemplate":"https:\/\/indjijatravel.rs\/eng\/?s={search_term_string}"},"query-input":"required name=search_term_string"}],"inLanguage":"en-US"}]}},"_links":{"self":[{"href":"https:\/\/indjijatravel.rs\/eng\/wp-json\/wp\/v2\/pages\/156","targetHints":{"allow":["GET"]}}],"collection":[{"href":"https:\/\/indjijatravel.rs\/eng\/wp-json\/wp\/v2\/pages"}],"about":[{"href":"https:\/\/indjijatravel.rs\/eng\/wp-json\/wp\/v2\/types\/page"}],"author":[{"embeddable":true,"href":"https:\/\/indjijatravel.rs\/eng\/wp-json\/wp\/v2\/users\/1"}],"replies":[{"embeddable":true,"href":"https:\/\/indjijatravel.rs\/eng\/wp-json\/wp\/v2\/comments?post=156"}],"version-history":[{"count":2,"href":"https:\/\/indjijatravel.rs\/eng\/wp-json\/wp\/v2\/pages\/156\/revisions"}],"predecessor-version":[{"id":427,"href":"https:\/\/indjijatravel.rs\/eng\/wp-json\/wp\/v2\/pages\/156\/revisions\/427"}],"wp:attachment":[{"href":"https:\/\/indjijatravel.rs\/eng\/wp-json\/wp\/v2\/media?parent=156"}],"curies":[{"name":"wp","href":"https:\/\/api.w.org\/{rel}","templated":true}]}}