{"id":160,"date":"2022-10-04T06:57:21","date_gmt":"2022-10-04T06:57:21","guid":{"rendered":"https:\/\/indjijatravel.rs\/eng\/?page_id=160"},"modified":"2022-10-07T04:08:29","modified_gmt":"2022-10-07T04:08:29","slug":"settlement-ljukovo","status":"publish","type":"page","link":"https:\/\/indjijatravel.rs\/eng\/settlement-ljukovo\/","title":{"rendered":"Settlement: Ljukovo"},"content":{"rendered":"<h5>Ljukovo<\/h5>\n\n\n<p>Ljukovo is located in the southwestern part of the municipality of In\u0111ija. The village is connected with In\u0111ija (6 km) and Ruma (18 km) by the regional road R-109, In\u0111ija-Ruma. Ljukovo is connected with the arterial road M-22.1, Novi Sad-In\u0111ija-Belgrade, via In\u0111ija, by the north-eastern road. It is connected with the highway Belgrade-Zagreb, via Ruma. The village is connected to Jarkovci by an asphalted road, and to Maradik by a country road.<\/p>\n\n\n\n<figure class=\"wp-block-gallery has-nested-images columns-3 is-cropped wp-block-gallery-1 is-layout-flex wp-block-gallery-is-layout-flex\">\n<figure class=\"wp-block-image size-large\"><img loading=\"lazy\" decoding=\"async\" width=\"770\" height=\"490\" data-id=\"438\" src=\"http:\/\/indjijatravel.rs\/eng\/wp-content\/uploads\/sites\/2\/2022\/10\/IMG_1848-770x490-1.jpg\" alt=\"\" class=\"wp-image-438\" srcset=\"https:\/\/indjijatravel.rs\/eng\/wp-content\/uploads\/sites\/2\/2022\/10\/IMG_1848-770x490-1.jpg 770w, https:\/\/indjijatravel.rs\/eng\/wp-content\/uploads\/sites\/2\/2022\/10\/IMG_1848-770x490-1-300x191.jpg 300w, https:\/\/indjijatravel.rs\/eng\/wp-content\/uploads\/sites\/2\/2022\/10\/IMG_1848-770x490-1-768x489.jpg 768w\" sizes=\"auto, (max-width: 770px) 100vw, 770px\" \/><\/figure>\n\n\n\n<figure class=\"wp-block-image size-large\"><img loading=\"lazy\" decoding=\"async\" width=\"770\" height=\"490\" data-id=\"437\" src=\"http:\/\/indjijatravel.rs\/eng\/wp-content\/uploads\/sites\/2\/2022\/10\/IMG_1840-770x490-1.jpg\" alt=\"\" class=\"wp-image-437\" srcset=\"https:\/\/indjijatravel.rs\/eng\/wp-content\/uploads\/sites\/2\/2022\/10\/IMG_1840-770x490-1.jpg 770w, https:\/\/indjijatravel.rs\/eng\/wp-content\/uploads\/sites\/2\/2022\/10\/IMG_1840-770x490-1-300x191.jpg 300w, https:\/\/indjijatravel.rs\/eng\/wp-content\/uploads\/sites\/2\/2022\/10\/IMG_1840-770x490-1-768x489.jpg 768w\" sizes=\"auto, (max-width: 770px) 100vw, 770px\" \/><\/figure>\n\n\n\n<figure class=\"wp-block-image size-large\"><img loading=\"lazy\" decoding=\"async\" width=\"770\" height=\"490\" data-id=\"439\" src=\"http:\/\/indjijatravel.rs\/eng\/wp-content\/uploads\/sites\/2\/2022\/10\/IMG_1833-770x490-1.jpg\" alt=\"\" class=\"wp-image-439\" srcset=\"https:\/\/indjijatravel.rs\/eng\/wp-content\/uploads\/sites\/2\/2022\/10\/IMG_1833-770x490-1.jpg 770w, https:\/\/indjijatravel.rs\/eng\/wp-content\/uploads\/sites\/2\/2022\/10\/IMG_1833-770x490-1-300x191.jpg 300w, https:\/\/indjijatravel.rs\/eng\/wp-content\/uploads\/sites\/2\/2022\/10\/IMG_1833-770x490-1-768x489.jpg 768w\" sizes=\"auto, (max-width: 770px) 100vw, 770px\" \/><\/figure>\n<\/figure>\n\n\n\n<p><\/p>\n\n\n\n<p><a href=\"https:\/\/indjijatravel.rs\/eng\/cycling\/\">A new lake cycling route<\/a> passes through Ljukovo, connecting five lakes located in the territory of eastern Srem.<\/p>\n\n\n\n<p>Although it was mentioned before, Ljukovo is a new village. It was created on the property of the noble family of Count Petar Peja\u010devi\u0107, in the 1920s, by settling colonists, mostly from Lika (Croatia). During the Second World War, many inhabitants of Ljukovo suffered greatly, while the rest were banished to Ma\u010dva, where they remained until the liberation of the country.<\/p>\n","protected":false},"excerpt":{"rendered":"<p>Ljukovo Ljukovo is located in the southwestern part of the municipality of In\u0111ija. The village is connected with In\u0111ija (6 km) and Ruma (18 km) by the regional road R-109, In\u0111ija-Ruma. Ljukovo is connected with the arterial road M-22.1, Novi Sad-In\u0111ija-Belgrade, via In\u0111ija, by the north-eastern road. It is connected with the highway Belgrade-Zagreb, via [&hellip;]<\/p>\n","protected":false},"author":1,"featured_media":0,"parent":0,"menu_order":0,"comment_status":"closed","ping_status":"closed","template":"","meta":{"_monsterinsights_skip_tracking":false,"_monsterinsights_sitenote_active":false,"_monsterinsights_sitenote_note":"","_monsterinsights_sitenote_category":0,"footnotes":""},"class_list":["post-160","page","type-page","status-publish","hentry","no-thumb"],"yoast_head":"<!-- This site is optimized with the Yoast SEO plugin v19.7.1 - https:\/\/yoast.com\/wordpress\/plugins\/seo\/ -->\n<title>Settlement: Ljukovo - Tourist organization of the Municipality of In\u0111ija<\/title>\n<meta name=\"description\" content=\"Ljukovo is located in the southwestern part of the municipality of In\u0111ija. The village is connected with In\u0111ija (6 km) and Ruma (8 km) by ...\" \/>\n<meta name=\"robots\" content=\"index, follow, max-snippet:-1, max-image-preview:large, max-video-preview:-1\" \/>\n<link rel=\"canonical\" href=\"https:\/\/indjijatravel.rs\/eng\/settlement-ljukovo\/\" \/>\n<meta property=\"og:locale\" content=\"en_US\" \/>\n<meta property=\"og:type\" content=\"article\" \/>\n<meta property=\"og:title\" content=\"Settlement: Ljukovo - Tourist organization of the Municipality of In\u0111ija\" \/>\n<meta property=\"og:description\" content=\"Ljukovo is located in the southwestern part of the municipality of In\u0111ija. The village is connected with In\u0111ija (6 km) and Ruma (8 km) by ...\" \/>\n<meta property=\"og:url\" content=\"https:\/\/indjijatravel.rs\/eng\/settlement-ljukovo\/\" \/>\n<meta property=\"og:site_name\" content=\"Tourist organization of the Municipality of In\u0111ija\" \/>\n<meta property=\"article:modified_time\" content=\"2022-10-07T04:08:29+00:00\" \/>\n<meta property=\"og:image\" content=\"http:\/\/indjijatravel.rs\/eng\/wp-content\/uploads\/sites\/2\/2022\/10\/IMG_1848-770x490-1.jpg\" \/>\n<meta name=\"twitter:card\" content=\"summary_large_image\" \/>\n<meta name=\"twitter:label1\" content=\"Est. reading time\" \/>\n\t<meta name=\"twitter:data1\" content=\"2 minutes\" \/>\n<script type=\"application\/ld+json\" class=\"yoast-schema-graph\">{\"@context\":\"https:\/\/schema.org\",\"@graph\":[{\"@type\":\"WebPage\",\"@id\":\"https:\/\/indjijatravel.rs\/eng\/settlement-ljukovo\/\",\"url\":\"https:\/\/indjijatravel.rs\/eng\/settlement-ljukovo\/\",\"name\":\"Settlement: Ljukovo - Tourist organization of the Municipality of In\u0111ija\",\"isPartOf\":{\"@id\":\"https:\/\/indjijatravel.rs\/eng\/#website\"},\"datePublished\":\"2022-10-04T06:57:21+00:00\",\"dateModified\":\"2022-10-07T04:08:29+00:00\",\"description\":\"Ljukovo is located in the southwestern part of the municipality of In\u0111ija. The village is connected with In\u0111ija (6 km) and Ruma (8 km) by ...\",\"breadcrumb\":{\"@id\":\"https:\/\/indjijatravel.rs\/eng\/settlement-ljukovo\/#breadcrumb\"},\"inLanguage\":\"en-US\",\"potentialAction\":[{\"@type\":\"ReadAction\",\"target\":[\"https:\/\/indjijatravel.rs\/eng\/settlement-ljukovo\/\"]}]},{\"@type\":\"BreadcrumbList\",\"@id\":\"https:\/\/indjijatravel.rs\/eng\/settlement-ljukovo\/#breadcrumb\",\"itemListElement\":[{\"@type\":\"ListItem\",\"position\":1,\"name\":\"\u041f\u043e\u0447\u0435\u0442\u043d\u0430\",\"item\":\"https:\/\/indjijatravel.rs\/eng\/\"},{\"@type\":\"ListItem\",\"position\":2,\"name\":\"Settlement: Ljukovo\"}]},{\"@type\":\"WebSite\",\"@id\":\"https:\/\/indjijatravel.rs\/eng\/#website\",\"url\":\"https:\/\/indjijatravel.rs\/eng\/\",\"name\":\"Tourist organization of the Municipality of In\u0111ija\",\"description\":\"\",\"potentialAction\":[{\"@type\":\"SearchAction\",\"target\":{\"@type\":\"EntryPoint\",\"urlTemplate\":\"https:\/\/indjijatravel.rs\/eng\/?s={search_term_string}\"},\"query-input\":\"required name=search_term_string\"}],\"inLanguage\":\"en-US\"}]}<\/script>\n<!-- \/ Yoast SEO plugin. -->","yoast_head_json":{"title":"Settlement: Ljukovo - Tourist organization of the Municipality of In\u0111ija","description":"Ljukovo is located in the southwestern part of the municipality of In\u0111ija. The village is connected with In\u0111ija (6 km) and Ruma (8 km) by ...","robots":{"index":"index","follow":"follow","max-snippet":"max-snippet:-1","max-image-preview":"max-image-preview:large","max-video-preview":"max-video-preview:-1"},"canonical":"https:\/\/indjijatravel.rs\/eng\/settlement-ljukovo\/","og_locale":"en_US","og_type":"article","og_title":"Settlement: Ljukovo - Tourist organization of the Municipality of In\u0111ija","og_description":"Ljukovo is located in the southwestern part of the municipality of In\u0111ija. The village is connected with In\u0111ija (6 km) and Ruma (8 km) by ...","og_url":"https:\/\/indjijatravel.rs\/eng\/settlement-ljukovo\/","og_site_name":"Tourist organization of the Municipality of In\u0111ija","article_modified_time":"2022-10-07T04:08:29+00:00","og_image":[{"url":"http:\/\/indjijatravel.rs\/eng\/wp-content\/uploads\/sites\/2\/2022\/10\/IMG_1848-770x490-1.jpg"}],"twitter_card":"summary_large_image","twitter_misc":{"Est. reading time":"2 minutes"},"schema":{"@context":"https:\/\/schema.org","@graph":[{"@type":"WebPage","@id":"https:\/\/indjijatravel.rs\/eng\/settlement-ljukovo\/","url":"https:\/\/indjijatravel.rs\/eng\/settlement-ljukovo\/","name":"Settlement: Ljukovo - Tourist organization of the Municipality of In\u0111ija","isPartOf":{"@id":"https:\/\/indjijatravel.rs\/eng\/#website"},"datePublished":"2022-10-04T06:57:21+00:00","dateModified":"2022-10-07T04:08:29+00:00","description":"Ljukovo is located in the southwestern part of the municipality of In\u0111ija. The village is connected with In\u0111ija (6 km) and Ruma (8 km) by ...","breadcrumb":{"@id":"https:\/\/indjijatravel.rs\/eng\/settlement-ljukovo\/#breadcrumb"},"inLanguage":"en-US","potentialAction":[{"@type":"ReadAction","target":["https:\/\/indjijatravel.rs\/eng\/settlement-ljukovo\/"]}]},{"@type":"BreadcrumbList","@id":"https:\/\/indjijatravel.rs\/eng\/settlement-ljukovo\/#breadcrumb","itemListElement":[{"@type":"ListItem","position":1,"name":"\u041f\u043e\u0447\u0435\u0442\u043d\u0430","item":"https:\/\/indjijatravel.rs\/eng\/"},{"@type":"ListItem","position":2,"name":"Settlement: Ljukovo"}]},{"@type":"WebSite","@id":"https:\/\/indjijatravel.rs\/eng\/#website","url":"https:\/\/indjijatravel.rs\/eng\/","name":"Tourist organization of the Municipality of In\u0111ija","description":"","potentialAction":[{"@type":"SearchAction","target":{"@type":"EntryPoint","urlTemplate":"https:\/\/indjijatravel.rs\/eng\/?s={search_term_string}"},"query-input":"required name=search_term_string"}],"inLanguage":"en-US"}]}},"_links":{"self":[{"href":"https:\/\/indjijatravel.rs\/eng\/wp-json\/wp\/v2\/pages\/160","targetHints":{"allow":["GET"]}}],"collection":[{"href":"https:\/\/indjijatravel.rs\/eng\/wp-json\/wp\/v2\/pages"}],"about":[{"href":"https:\/\/indjijatravel.rs\/eng\/wp-json\/wp\/v2\/types\/page"}],"author":[{"embeddable":true,"href":"https:\/\/indjijatravel.rs\/eng\/wp-json\/wp\/v2\/users\/1"}],"replies":[{"embeddable":true,"href":"https:\/\/indjijatravel.rs\/eng\/wp-json\/wp\/v2\/comments?post=160"}],"version-history":[{"count":3,"href":"https:\/\/indjijatravel.rs\/eng\/wp-json\/wp\/v2\/pages\/160\/revisions"}],"predecessor-version":[{"id":440,"href":"https:\/\/indjijatravel.rs\/eng\/wp-json\/wp\/v2\/pages\/160\/revisions\/440"}],"wp:attachment":[{"href":"https:\/\/indjijatravel.rs\/eng\/wp-json\/wp\/v2\/media?parent=160"}],"curies":[{"name":"wp","href":"https:\/\/api.w.org\/{rel}","templated":true}]}}