{"id":178,"date":"2022-10-04T07:58:45","date_gmt":"2022-10-04T07:58:45","guid":{"rendered":"https:\/\/indjijatravel.rs\/eng\/?page_id=178"},"modified":"2022-10-07T04:15:53","modified_gmt":"2022-10-07T04:15:53","slug":"nature-fruska-gora","status":"publish","type":"page","link":"https:\/\/indjijatravel.rs\/eng\/nature-fruska-gora\/","title":{"rendered":"Nature: Fru\u0161ka Gora"},"content":{"rendered":"\n<h5 class=\"wp-block-heading\">Fru\u0161ka Gora<\/h5>\n\n\n\n<p>Fru\u0161ka Gora is one of the most recognizable elements of the tourist offer of Vojvodina. It abounds in natural and cultural-historical tourist sites. A part of the territory of the municipality of In\u0111ija is located on the south-eastern slopes of this mountain, which provides good conditions for the development of agriculture and tourism. In the village of <a href=\"https:\/\/indjijatravel.rs\/eng\/settlement-cortanovci\/\">\u010cortanovci<\/a>, there is the only part of the Fru\u0161ka Gora National Park that faces the Danube. The area of \u200b\u200bMihaljeva\u010dka forest and the famous picnic area Kozarica provide a real pleasure of staying in the nature and the possibility of various types of recreation.<\/p>\n\n\n\n<p><strong>FRU\u0160KA GORA NATIONAL PARK<\/strong><\/p>\n\n\n\n<p>Fru\u0161ka Gora National Park was established in 1960 on an area of \u200b\u200b25,393 ha. It is located on the southern edge of the Pannonian Plain, along the right bank of the Danube. The protected area occupies the highest ridge parts of the mountain massif of Fru\u0161ka Gora, with the highest peak of 539 m above sea level. Fru\u0161ka Gora is 78 km long and 15 km wide. It is spatially located in the municipalities of Petrovaradin, Sremski Karlovci, Beo\u010din, Ba\u010dka Palanka, Irig, In\u0111ija, \u0160id and Sremska Mitrovica and occupies the northern part of Srem.<\/p>\n\n\n\n<figure class=\"wp-block-gallery has-nested-images columns-3 is-cropped wp-block-gallery-1 is-layout-flex wp-block-gallery-is-layout-flex\">\n<figure class=\"wp-block-image size-large\"><img loading=\"lazy\" decoding=\"async\" width=\"770\" height=\"490\" data-id=\"467\" src=\"http:\/\/indjijatravel.rs\/eng\/wp-content\/uploads\/sites\/2\/2022\/10\/fg-770x490-1.jpg\" alt=\"\" class=\"wp-image-467\" srcset=\"https:\/\/indjijatravel.rs\/eng\/wp-content\/uploads\/sites\/2\/2022\/10\/fg-770x490-1.jpg 770w, https:\/\/indjijatravel.rs\/eng\/wp-content\/uploads\/sites\/2\/2022\/10\/fg-770x490-1-300x191.jpg 300w, https:\/\/indjijatravel.rs\/eng\/wp-content\/uploads\/sites\/2\/2022\/10\/fg-770x490-1-768x489.jpg 768w\" sizes=\"auto, (max-width: 770px) 100vw, 770px\" \/><\/figure>\n\n\n\n<figure class=\"wp-block-image size-large\"><img loading=\"lazy\" decoding=\"async\" width=\"770\" height=\"490\" data-id=\"466\" src=\"http:\/\/indjijatravel.rs\/eng\/wp-content\/uploads\/sites\/2\/2022\/10\/2-770x490-2.jpg\" alt=\"\" class=\"wp-image-466\" srcset=\"https:\/\/indjijatravel.rs\/eng\/wp-content\/uploads\/sites\/2\/2022\/10\/2-770x490-2.jpg 770w, https:\/\/indjijatravel.rs\/eng\/wp-content\/uploads\/sites\/2\/2022\/10\/2-770x490-2-300x191.jpg 300w, https:\/\/indjijatravel.rs\/eng\/wp-content\/uploads\/sites\/2\/2022\/10\/2-770x490-2-768x489.jpg 768w\" sizes=\"auto, (max-width: 770px) 100vw, 770px\" \/><\/figure>\n\n\n\n<figure class=\"wp-block-image size-large\"><img loading=\"lazy\" decoding=\"async\" width=\"770\" height=\"490\" data-id=\"465\" src=\"http:\/\/indjijatravel.rs\/eng\/wp-content\/uploads\/sites\/2\/2022\/10\/1-770x490-2.jpg\" alt=\"\" class=\"wp-image-465\" srcset=\"https:\/\/indjijatravel.rs\/eng\/wp-content\/uploads\/sites\/2\/2022\/10\/1-770x490-2.jpg 770w, https:\/\/indjijatravel.rs\/eng\/wp-content\/uploads\/sites\/2\/2022\/10\/1-770x490-2-300x191.jpg 300w, https:\/\/indjijatravel.rs\/eng\/wp-content\/uploads\/sites\/2\/2022\/10\/1-770x490-2-768x489.jpg 768w\" sizes=\"auto, (max-width: 770px) 100vw, 770px\" \/><\/figure>\n<\/figure>\n\n\n\n<p><\/p>\n\n\n\n<p>In the geological sense, Fru\u0161ka Gora is a unique natural phenomenon. It is built of rocks from almost all geological periods, starting from the oldest Palaeozoic (500 million years ago), through the Mesozoic, Neogene to the Quaternary. On its peripheral part, primarily loess sections and riverbeds of streams reveal the rich fossil fauna of the former Pannonian Sea.<\/p>\n\n\n\n<p>Fru\u0161ka Gora National Park is covered with forests, in an area of \u200b\u200b90%. There are mostly linden, oak and beech forests.<\/p>\n\n\n\n<p>The flora of Fru\u0161ka Gora consists of about 1,500 plant species. Of this number, 40 species have the status of strictly protected species. Of the 13 species of amphibians and 11 species of reptiles, 14 species are on the World\u2019s Red List of Endangered Species. The most endangered species are the common viper and the fire salamander. The bird fauna includes 211 species, of which about 130 species nest on Fru\u0161ka Gora. Among the nesting birds of Fru\u0161ka Gora, the eastern imperial eagle stands out, which is the most endangered species from the World\u2019s Red List. Fru\u0161ka Gora is the only place in Serbia where the species nests. The mammal fauna of Fru\u0161ka Gora consists of about 60 species. Among them are the European ground squirrel, the lesser blind mole-rat, the protected group of bats, the wild cat and other species.<\/p>\n\n\n\n<p>In addition to natural sites, the Fru\u0161ka Gora National Park has a rich cultural and historical heritage: numerous archaeological sites from the Neolithic through the Roman era to the Middle Ages, important architectural monuments and Orthodox monasteries dating from the 15<sup>th<\/sup> to 18<sup>th<\/sup> centuries.<\/p>\n\n\n\n<p>The text was taken from the official website of the Provincial Institute for Nature Protection <a href=\"http:\/\/www.pzzp.rs\" target=\"_blank\" rel=\"noreferrer noopener\">www.pzzp.rs<\/a><\/p>\n","protected":false},"excerpt":{"rendered":"<p>Fru\u0161ka Gora Fru\u0161ka Gora is one of the most recognizable elements of the tourist offer of Vojvodina. It abounds in natural and cultural-historical tourist sites. A part of the territory of the municipality of In\u0111ija is located on the south-eastern slopes of this mountain, which provides good conditions for the development of agriculture and tourism. [&hellip;]<\/p>\n","protected":false},"author":1,"featured_media":0,"parent":0,"menu_order":0,"comment_status":"closed","ping_status":"closed","template":"","meta":{"_monsterinsights_skip_tracking":false,"_monsterinsights_sitenote_active":false,"_monsterinsights_sitenote_note":"","_monsterinsights_sitenote_category":0,"footnotes":""},"class_list":["post-178","page","type-page","status-publish","hentry","no-thumb"],"yoast_head":"<!-- This site is optimized with the Yoast SEO plugin v19.7.1 - https:\/\/yoast.com\/wordpress\/plugins\/seo\/ -->\n<title>Nature: Fru\u0161ka Gora - Tourist organization of the Municipality of In\u0111ija<\/title>\n<meta name=\"description\" content=\"Fru\u0161ka Gora is one of the most recognizable elements of the tourist offer of Vojvodina. It abounds in natural and cultural-historical ...\" \/>\n<meta name=\"robots\" content=\"index, follow, max-snippet:-1, max-image-preview:large, max-video-preview:-1\" \/>\n<link rel=\"canonical\" href=\"https:\/\/indjijatravel.rs\/eng\/nature-fruska-gora\/\" \/>\n<meta property=\"og:locale\" content=\"en_US\" \/>\n<meta property=\"og:type\" content=\"article\" \/>\n<meta property=\"og:title\" content=\"Nature: Fru\u0161ka Gora - Tourist organization of the Municipality of In\u0111ija\" \/>\n<meta property=\"og:description\" content=\"Fru\u0161ka Gora is one of the most recognizable elements of the tourist offer of Vojvodina. It abounds in natural and cultural-historical ...\" \/>\n<meta property=\"og:url\" content=\"https:\/\/indjijatravel.rs\/eng\/nature-fruska-gora\/\" \/>\n<meta property=\"og:site_name\" content=\"Tourist organization of the Municipality of In\u0111ija\" \/>\n<meta property=\"article:modified_time\" content=\"2022-10-07T04:15:53+00:00\" \/>\n<meta property=\"og:image\" content=\"http:\/\/indjijatravel.rs\/eng\/wp-content\/uploads\/sites\/2\/2022\/10\/fg-770x490-1.jpg\" \/>\n<meta name=\"twitter:card\" content=\"summary_large_image\" \/>\n<meta name=\"twitter:label1\" content=\"Est. reading time\" \/>\n\t<meta name=\"twitter:data1\" content=\"3 minutes\" \/>\n<script type=\"application\/ld+json\" class=\"yoast-schema-graph\">{\"@context\":\"https:\/\/schema.org\",\"@graph\":[{\"@type\":\"WebPage\",\"@id\":\"https:\/\/indjijatravel.rs\/eng\/nature-fruska-gora\/\",\"url\":\"https:\/\/indjijatravel.rs\/eng\/nature-fruska-gora\/\",\"name\":\"Nature: Fru\u0161ka Gora - Tourist organization of the Municipality of In\u0111ija\",\"isPartOf\":{\"@id\":\"https:\/\/indjijatravel.rs\/eng\/#website\"},\"datePublished\":\"2022-10-04T07:58:45+00:00\",\"dateModified\":\"2022-10-07T04:15:53+00:00\",\"description\":\"Fru\u0161ka Gora is one of the most recognizable elements of the tourist offer of Vojvodina. It abounds in natural and cultural-historical ...\",\"breadcrumb\":{\"@id\":\"https:\/\/indjijatravel.rs\/eng\/nature-fruska-gora\/#breadcrumb\"},\"inLanguage\":\"en-US\",\"potentialAction\":[{\"@type\":\"ReadAction\",\"target\":[\"https:\/\/indjijatravel.rs\/eng\/nature-fruska-gora\/\"]}]},{\"@type\":\"BreadcrumbList\",\"@id\":\"https:\/\/indjijatravel.rs\/eng\/nature-fruska-gora\/#breadcrumb\",\"itemListElement\":[{\"@type\":\"ListItem\",\"position\":1,\"name\":\"\u041f\u043e\u0447\u0435\u0442\u043d\u0430\",\"item\":\"https:\/\/indjijatravel.rs\/eng\/\"},{\"@type\":\"ListItem\",\"position\":2,\"name\":\"Nature: Fru\u0161ka Gora\"}]},{\"@type\":\"WebSite\",\"@id\":\"https:\/\/indjijatravel.rs\/eng\/#website\",\"url\":\"https:\/\/indjijatravel.rs\/eng\/\",\"name\":\"Tourist organization of the Municipality of In\u0111ija\",\"description\":\"\",\"potentialAction\":[{\"@type\":\"SearchAction\",\"target\":{\"@type\":\"EntryPoint\",\"urlTemplate\":\"https:\/\/indjijatravel.rs\/eng\/?s={search_term_string}\"},\"query-input\":\"required name=search_term_string\"}],\"inLanguage\":\"en-US\"}]}<\/script>\n<!-- \/ Yoast SEO plugin. -->","yoast_head_json":{"title":"Nature: Fru\u0161ka Gora - Tourist organization of the Municipality of In\u0111ija","description":"Fru\u0161ka Gora is one of the most recognizable elements of the tourist offer of Vojvodina. It abounds in natural and cultural-historical ...","robots":{"index":"index","follow":"follow","max-snippet":"max-snippet:-1","max-image-preview":"max-image-preview:large","max-video-preview":"max-video-preview:-1"},"canonical":"https:\/\/indjijatravel.rs\/eng\/nature-fruska-gora\/","og_locale":"en_US","og_type":"article","og_title":"Nature: Fru\u0161ka Gora - Tourist organization of the Municipality of In\u0111ija","og_description":"Fru\u0161ka Gora is one of the most recognizable elements of the tourist offer of Vojvodina. It abounds in natural and cultural-historical ...","og_url":"https:\/\/indjijatravel.rs\/eng\/nature-fruska-gora\/","og_site_name":"Tourist organization of the Municipality of In\u0111ija","article_modified_time":"2022-10-07T04:15:53+00:00","og_image":[{"url":"http:\/\/indjijatravel.rs\/eng\/wp-content\/uploads\/sites\/2\/2022\/10\/fg-770x490-1.jpg"}],"twitter_card":"summary_large_image","twitter_misc":{"Est. reading time":"3 minutes"},"schema":{"@context":"https:\/\/schema.org","@graph":[{"@type":"WebPage","@id":"https:\/\/indjijatravel.rs\/eng\/nature-fruska-gora\/","url":"https:\/\/indjijatravel.rs\/eng\/nature-fruska-gora\/","name":"Nature: Fru\u0161ka Gora - Tourist organization of the Municipality of In\u0111ija","isPartOf":{"@id":"https:\/\/indjijatravel.rs\/eng\/#website"},"datePublished":"2022-10-04T07:58:45+00:00","dateModified":"2022-10-07T04:15:53+00:00","description":"Fru\u0161ka Gora is one of the most recognizable elements of the tourist offer of Vojvodina. It abounds in natural and cultural-historical ...","breadcrumb":{"@id":"https:\/\/indjijatravel.rs\/eng\/nature-fruska-gora\/#breadcrumb"},"inLanguage":"en-US","potentialAction":[{"@type":"ReadAction","target":["https:\/\/indjijatravel.rs\/eng\/nature-fruska-gora\/"]}]},{"@type":"BreadcrumbList","@id":"https:\/\/indjijatravel.rs\/eng\/nature-fruska-gora\/#breadcrumb","itemListElement":[{"@type":"ListItem","position":1,"name":"\u041f\u043e\u0447\u0435\u0442\u043d\u0430","item":"https:\/\/indjijatravel.rs\/eng\/"},{"@type":"ListItem","position":2,"name":"Nature: Fru\u0161ka Gora"}]},{"@type":"WebSite","@id":"https:\/\/indjijatravel.rs\/eng\/#website","url":"https:\/\/indjijatravel.rs\/eng\/","name":"Tourist organization of the Municipality of In\u0111ija","description":"","potentialAction":[{"@type":"SearchAction","target":{"@type":"EntryPoint","urlTemplate":"https:\/\/indjijatravel.rs\/eng\/?s={search_term_string}"},"query-input":"required name=search_term_string"}],"inLanguage":"en-US"}]}},"_links":{"self":[{"href":"https:\/\/indjijatravel.rs\/eng\/wp-json\/wp\/v2\/pages\/178","targetHints":{"allow":["GET"]}}],"collection":[{"href":"https:\/\/indjijatravel.rs\/eng\/wp-json\/wp\/v2\/pages"}],"about":[{"href":"https:\/\/indjijatravel.rs\/eng\/wp-json\/wp\/v2\/types\/page"}],"author":[{"embeddable":true,"href":"https:\/\/indjijatravel.rs\/eng\/wp-json\/wp\/v2\/users\/1"}],"replies":[{"embeddable":true,"href":"https:\/\/indjijatravel.rs\/eng\/wp-json\/wp\/v2\/comments?post=178"}],"version-history":[{"count":3,"href":"https:\/\/indjijatravel.rs\/eng\/wp-json\/wp\/v2\/pages\/178\/revisions"}],"predecessor-version":[{"id":468,"href":"https:\/\/indjijatravel.rs\/eng\/wp-json\/wp\/v2\/pages\/178\/revisions\/468"}],"wp:attachment":[{"href":"https:\/\/indjijatravel.rs\/eng\/wp-json\/wp\/v2\/media?parent=178"}],"curies":[{"name":"wp","href":"https:\/\/api.w.org\/{rel}","templated":true}]}}