{"id":184,"date":"2022-10-04T08:26:29","date_gmt":"2022-10-04T08:26:29","guid":{"rendered":"https:\/\/indjijatravel.rs\/eng\/?page_id=184"},"modified":"2022-10-07T04:39:25","modified_gmt":"2022-10-07T04:39:25","slug":"culture-the-cultural-centre-indija","status":"publish","type":"page","link":"https:\/\/indjijatravel.rs\/eng\/culture-the-cultural-centre-indija\/","title":{"rendered":"Culture: The Cultural Centre In\u0111ija"},"content":{"rendered":"\n<h5 class=\"wp-block-heading\">The Cultural Centre In\u0111ija<\/h5>\n\n\n\n<p>Today, In\u0111ija is one of the cities with the richest cultural life in the region, but also the best example of successful decentralization of culture. Giving great importance to the development of culture, In\u0111ija has become a place whose cultural events, with their concept and quality, attract an increasing number of visitors from the country and abroad.<\/p>\n\n\n\n<p>The opening of the Cultural Centre in 2003 created the basis for further cultural development of the city. With modern marketing, current and attractive programs, the Cultural Centre of In\u0111ija has become the bearer of the entire reform of cultural life in the municipality.<\/p>\n\n\n\n<figure class=\"wp-block-gallery has-nested-images columns-3 is-cropped wp-block-gallery-1 is-layout-flex wp-block-gallery-is-layout-flex\">\n<figure class=\"wp-block-image size-large\"><img loading=\"lazy\" decoding=\"async\" width=\"770\" height=\"490\" data-id=\"538\" src=\"http:\/\/indjijatravel.rs\/eng\/wp-content\/uploads\/sites\/2\/2022\/10\/KC-2.jpg\" alt=\"\" class=\"wp-image-538\" srcset=\"https:\/\/indjijatravel.rs\/eng\/wp-content\/uploads\/sites\/2\/2022\/10\/KC-2.jpg 770w, https:\/\/indjijatravel.rs\/eng\/wp-content\/uploads\/sites\/2\/2022\/10\/KC-2-300x191.jpg 300w, https:\/\/indjijatravel.rs\/eng\/wp-content\/uploads\/sites\/2\/2022\/10\/KC-2-768x489.jpg 768w\" sizes=\"auto, (max-width: 770px) 100vw, 770px\" \/><\/figure>\n\n\n\n<figure class=\"wp-block-image size-large\"><img loading=\"lazy\" decoding=\"async\" width=\"770\" height=\"490\" data-id=\"537\" src=\"http:\/\/indjijatravel.rs\/eng\/wp-content\/uploads\/sites\/2\/2022\/10\/Hol-003-v-770x490-1.jpg\" alt=\"\" class=\"wp-image-537\" srcset=\"https:\/\/indjijatravel.rs\/eng\/wp-content\/uploads\/sites\/2\/2022\/10\/Hol-003-v-770x490-1.jpg 770w, https:\/\/indjijatravel.rs\/eng\/wp-content\/uploads\/sites\/2\/2022\/10\/Hol-003-v-770x490-1-300x191.jpg 300w, https:\/\/indjijatravel.rs\/eng\/wp-content\/uploads\/sites\/2\/2022\/10\/Hol-003-v-770x490-1-768x489.jpg 768w\" sizes=\"auto, (max-width: 770px) 100vw, 770px\" \/><\/figure>\n\n\n\n<figure class=\"wp-block-image size-large\"><img loading=\"lazy\" decoding=\"async\" width=\"770\" height=\"490\" data-id=\"535\" src=\"http:\/\/indjijatravel.rs\/eng\/wp-content\/uploads\/sites\/2\/2022\/10\/Velika-sala-KC-002-v-770x490-1.jpg\" alt=\"\" class=\"wp-image-535\" srcset=\"https:\/\/indjijatravel.rs\/eng\/wp-content\/uploads\/sites\/2\/2022\/10\/Velika-sala-KC-002-v-770x490-1.jpg 770w, https:\/\/indjijatravel.rs\/eng\/wp-content\/uploads\/sites\/2\/2022\/10\/Velika-sala-KC-002-v-770x490-1-300x191.jpg 300w, https:\/\/indjijatravel.rs\/eng\/wp-content\/uploads\/sites\/2\/2022\/10\/Velika-sala-KC-002-v-770x490-1-768x489.jpg 768w\" sizes=\"auto, (max-width: 770px) 100vw, 770px\" \/><\/figure>\n\n\n\n<figure class=\"wp-block-image size-large\"><img loading=\"lazy\" decoding=\"async\" width=\"770\" height=\"490\" data-id=\"536\" src=\"http:\/\/indjijatravel.rs\/eng\/wp-content\/uploads\/sites\/2\/2022\/10\/wood-rs-poz-2019-770x490-1.jpg\" alt=\"\" class=\"wp-image-536\" srcset=\"https:\/\/indjijatravel.rs\/eng\/wp-content\/uploads\/sites\/2\/2022\/10\/wood-rs-poz-2019-770x490-1.jpg 770w, https:\/\/indjijatravel.rs\/eng\/wp-content\/uploads\/sites\/2\/2022\/10\/wood-rs-poz-2019-770x490-1-300x191.jpg 300w, https:\/\/indjijatravel.rs\/eng\/wp-content\/uploads\/sites\/2\/2022\/10\/wood-rs-poz-2019-770x490-1-768x489.jpg 768w\" sizes=\"auto, (max-width: 770px) 100vw, 770px\" \/><\/figure>\n\n\n\n<figure class=\"wp-block-image size-large\"><img loading=\"lazy\" decoding=\"async\" width=\"770\" height=\"490\" data-id=\"533\" src=\"http:\/\/indjijatravel.rs\/eng\/wp-content\/uploads\/sites\/2\/2022\/10\/KC-cafe-003-v-770x490-1.jpg\" alt=\"\" class=\"wp-image-533\" srcset=\"https:\/\/indjijatravel.rs\/eng\/wp-content\/uploads\/sites\/2\/2022\/10\/KC-cafe-003-v-770x490-1.jpg 770w, https:\/\/indjijatravel.rs\/eng\/wp-content\/uploads\/sites\/2\/2022\/10\/KC-cafe-003-v-770x490-1-300x191.jpg 300w, https:\/\/indjijatravel.rs\/eng\/wp-content\/uploads\/sites\/2\/2022\/10\/KC-cafe-003-v-770x490-1-768x489.jpg 768w\" sizes=\"auto, (max-width: 770px) 100vw, 770px\" \/><\/figure>\n\n\n\n<figure class=\"wp-block-image size-large\"><img loading=\"lazy\" decoding=\"async\" width=\"770\" height=\"490\" data-id=\"534\" src=\"http:\/\/indjijatravel.rs\/eng\/wp-content\/uploads\/sites\/2\/2022\/10\/KC-cafe-005-v-770x490-1.jpg\" alt=\"\" class=\"wp-image-534\" srcset=\"https:\/\/indjijatravel.rs\/eng\/wp-content\/uploads\/sites\/2\/2022\/10\/KC-cafe-005-v-770x490-1.jpg 770w, https:\/\/indjijatravel.rs\/eng\/wp-content\/uploads\/sites\/2\/2022\/10\/KC-cafe-005-v-770x490-1-300x191.jpg 300w, https:\/\/indjijatravel.rs\/eng\/wp-content\/uploads\/sites\/2\/2022\/10\/KC-cafe-005-v-770x490-1-768x489.jpg 768w\" sizes=\"auto, (max-width: 770px) 100vw, 770px\" \/><\/figure>\n<\/figure>\n\n\n\n<p><\/p>\n\n\n\n<p>Facilities:<\/p>\n\n\n\n<p>theatre-cinema &#8211; 203 seats<br>conference hall &#8211; 40 seats<br>modern audio\/video\/stage equipment<br>a caf\u00e9 with a summer garden<\/p>\n\n\n\n<p>Under the management of the Cultural Centre, there is also a gallery of <a href=\"https:\/\/indjijatravel.rs\/eng\/culture-the-vojnovic-house\/\">the Vojnovi\u0107 House<\/a>, which is also a venue of various cultural events.<\/p>\n\n\n\n<p>Contact:<br>Cultural Centre In\u0111ija<br>Vojvode Stepe 40a, In\u0111ija<br>022 515 005, 510 915<br><a href=\"http:\/\/kcindjija.rs\/\">www.kcindjija.rs<\/a><\/p>\n","protected":false},"excerpt":{"rendered":"<p>The Cultural Centre In\u0111ija Today, In\u0111ija is one of the cities with the richest cultural life in the region, but also the best example of successful decentralization of culture. Giving great importance to the development of culture, In\u0111ija has become a place whose cultural events, with their concept and quality, attract an increasing number of [&hellip;]<\/p>\n","protected":false},"author":1,"featured_media":0,"parent":0,"menu_order":0,"comment_status":"closed","ping_status":"closed","template":"","meta":{"_monsterinsights_skip_tracking":false,"_monsterinsights_sitenote_active":false,"_monsterinsights_sitenote_note":"","_monsterinsights_sitenote_category":0,"footnotes":""},"class_list":["post-184","page","type-page","status-publish","hentry","no-thumb"],"yoast_head":"<!-- This site is optimized with the Yoast SEO plugin v19.7.1 - https:\/\/yoast.com\/wordpress\/plugins\/seo\/ -->\n<title>Culture: The Cultural Centre In\u0111ija - Tourist organization of the Municipality of In\u0111ija<\/title>\n<meta name=\"description\" content=\"Today, In\u0111ija is one of the cities with the richest cultural life in the region, but also the best example of successful decentralization ...\" \/>\n<meta name=\"robots\" content=\"index, follow, max-snippet:-1, max-image-preview:large, max-video-preview:-1\" \/>\n<link rel=\"canonical\" href=\"https:\/\/indjijatravel.rs\/eng\/culture-the-cultural-centre-indija\/\" \/>\n<meta property=\"og:locale\" content=\"en_US\" \/>\n<meta property=\"og:type\" content=\"article\" \/>\n<meta property=\"og:title\" content=\"Culture: The Cultural Centre In\u0111ija - Tourist organization of the Municipality of In\u0111ija\" \/>\n<meta property=\"og:description\" content=\"Today, In\u0111ija is one of the cities with the richest cultural life in the region, but also the best example of successful decentralization ...\" \/>\n<meta property=\"og:url\" content=\"https:\/\/indjijatravel.rs\/eng\/culture-the-cultural-centre-indija\/\" \/>\n<meta property=\"og:site_name\" content=\"Tourist organization of the Municipality of In\u0111ija\" \/>\n<meta property=\"article:modified_time\" content=\"2022-10-07T04:39:25+00:00\" \/>\n<meta property=\"og:image\" content=\"http:\/\/indjijatravel.rs\/eng\/wp-content\/uploads\/sites\/2\/2022\/10\/KC-2.jpg\" \/>\n<meta name=\"twitter:card\" content=\"summary_large_image\" \/>\n<meta name=\"twitter:label1\" content=\"Est. reading time\" \/>\n\t<meta name=\"twitter:data1\" content=\"2 minutes\" \/>\n<script type=\"application\/ld+json\" class=\"yoast-schema-graph\">{\"@context\":\"https:\/\/schema.org\",\"@graph\":[{\"@type\":\"WebPage\",\"@id\":\"https:\/\/indjijatravel.rs\/eng\/culture-the-cultural-centre-indija\/\",\"url\":\"https:\/\/indjijatravel.rs\/eng\/culture-the-cultural-centre-indija\/\",\"name\":\"Culture: The Cultural Centre In\u0111ija - Tourist organization of the Municipality of In\u0111ija\",\"isPartOf\":{\"@id\":\"https:\/\/indjijatravel.rs\/eng\/#website\"},\"datePublished\":\"2022-10-04T08:26:29+00:00\",\"dateModified\":\"2022-10-07T04:39:25+00:00\",\"description\":\"Today, In\u0111ija is one of the cities with the richest cultural life in the region, but also the best example of successful decentralization ...\",\"breadcrumb\":{\"@id\":\"https:\/\/indjijatravel.rs\/eng\/culture-the-cultural-centre-indija\/#breadcrumb\"},\"inLanguage\":\"en-US\",\"potentialAction\":[{\"@type\":\"ReadAction\",\"target\":[\"https:\/\/indjijatravel.rs\/eng\/culture-the-cultural-centre-indija\/\"]}]},{\"@type\":\"BreadcrumbList\",\"@id\":\"https:\/\/indjijatravel.rs\/eng\/culture-the-cultural-centre-indija\/#breadcrumb\",\"itemListElement\":[{\"@type\":\"ListItem\",\"position\":1,\"name\":\"\u041f\u043e\u0447\u0435\u0442\u043d\u0430\",\"item\":\"https:\/\/indjijatravel.rs\/eng\/\"},{\"@type\":\"ListItem\",\"position\":2,\"name\":\"Culture: The Cultural Centre In\u0111ija\"}]},{\"@type\":\"WebSite\",\"@id\":\"https:\/\/indjijatravel.rs\/eng\/#website\",\"url\":\"https:\/\/indjijatravel.rs\/eng\/\",\"name\":\"Tourist organization of the Municipality of In\u0111ija\",\"description\":\"\",\"potentialAction\":[{\"@type\":\"SearchAction\",\"target\":{\"@type\":\"EntryPoint\",\"urlTemplate\":\"https:\/\/indjijatravel.rs\/eng\/?s={search_term_string}\"},\"query-input\":\"required name=search_term_string\"}],\"inLanguage\":\"en-US\"}]}<\/script>\n<!-- \/ Yoast SEO plugin. -->","yoast_head_json":{"title":"Culture: The Cultural Centre In\u0111ija - Tourist organization of the Municipality of In\u0111ija","description":"Today, In\u0111ija is one of the cities with the richest cultural life in the region, but also the best example of successful decentralization ...","robots":{"index":"index","follow":"follow","max-snippet":"max-snippet:-1","max-image-preview":"max-image-preview:large","max-video-preview":"max-video-preview:-1"},"canonical":"https:\/\/indjijatravel.rs\/eng\/culture-the-cultural-centre-indija\/","og_locale":"en_US","og_type":"article","og_title":"Culture: The Cultural Centre In\u0111ija - Tourist organization of the Municipality of In\u0111ija","og_description":"Today, In\u0111ija is one of the cities with the richest cultural life in the region, but also the best example of successful decentralization ...","og_url":"https:\/\/indjijatravel.rs\/eng\/culture-the-cultural-centre-indija\/","og_site_name":"Tourist organization of the Municipality of In\u0111ija","article_modified_time":"2022-10-07T04:39:25+00:00","og_image":[{"url":"http:\/\/indjijatravel.rs\/eng\/wp-content\/uploads\/sites\/2\/2022\/10\/KC-2.jpg"}],"twitter_card":"summary_large_image","twitter_misc":{"Est. reading time":"2 minutes"},"schema":{"@context":"https:\/\/schema.org","@graph":[{"@type":"WebPage","@id":"https:\/\/indjijatravel.rs\/eng\/culture-the-cultural-centre-indija\/","url":"https:\/\/indjijatravel.rs\/eng\/culture-the-cultural-centre-indija\/","name":"Culture: The Cultural Centre In\u0111ija - Tourist organization of the Municipality of In\u0111ija","isPartOf":{"@id":"https:\/\/indjijatravel.rs\/eng\/#website"},"datePublished":"2022-10-04T08:26:29+00:00","dateModified":"2022-10-07T04:39:25+00:00","description":"Today, In\u0111ija is one of the cities with the richest cultural life in the region, but also the best example of successful decentralization ...","breadcrumb":{"@id":"https:\/\/indjijatravel.rs\/eng\/culture-the-cultural-centre-indija\/#breadcrumb"},"inLanguage":"en-US","potentialAction":[{"@type":"ReadAction","target":["https:\/\/indjijatravel.rs\/eng\/culture-the-cultural-centre-indija\/"]}]},{"@type":"BreadcrumbList","@id":"https:\/\/indjijatravel.rs\/eng\/culture-the-cultural-centre-indija\/#breadcrumb","itemListElement":[{"@type":"ListItem","position":1,"name":"\u041f\u043e\u0447\u0435\u0442\u043d\u0430","item":"https:\/\/indjijatravel.rs\/eng\/"},{"@type":"ListItem","position":2,"name":"Culture: The Cultural Centre In\u0111ija"}]},{"@type":"WebSite","@id":"https:\/\/indjijatravel.rs\/eng\/#website","url":"https:\/\/indjijatravel.rs\/eng\/","name":"Tourist organization of the Municipality of In\u0111ija","description":"","potentialAction":[{"@type":"SearchAction","target":{"@type":"EntryPoint","urlTemplate":"https:\/\/indjijatravel.rs\/eng\/?s={search_term_string}"},"query-input":"required name=search_term_string"}],"inLanguage":"en-US"}]}},"_links":{"self":[{"href":"https:\/\/indjijatravel.rs\/eng\/wp-json\/wp\/v2\/pages\/184","targetHints":{"allow":["GET"]}}],"collection":[{"href":"https:\/\/indjijatravel.rs\/eng\/wp-json\/wp\/v2\/pages"}],"about":[{"href":"https:\/\/indjijatravel.rs\/eng\/wp-json\/wp\/v2\/types\/page"}],"author":[{"embeddable":true,"href":"https:\/\/indjijatravel.rs\/eng\/wp-json\/wp\/v2\/users\/1"}],"replies":[{"embeddable":true,"href":"https:\/\/indjijatravel.rs\/eng\/wp-json\/wp\/v2\/comments?post=184"}],"version-history":[{"count":3,"href":"https:\/\/indjijatravel.rs\/eng\/wp-json\/wp\/v2\/pages\/184\/revisions"}],"predecessor-version":[{"id":540,"href":"https:\/\/indjijatravel.rs\/eng\/wp-json\/wp\/v2\/pages\/184\/revisions\/540"}],"wp:attachment":[{"href":"https:\/\/indjijatravel.rs\/eng\/wp-json\/wp\/v2\/media?parent=184"}],"curies":[{"name":"wp","href":"https:\/\/api.w.org\/{rel}","templated":true}]}}