{"id":188,"date":"2022-10-04T08:50:42","date_gmt":"2022-10-04T08:50:42","guid":{"rendered":"https:\/\/indjijatravel.rs\/eng\/?page_id=188"},"modified":"2023-01-12T06:56:26","modified_gmt":"2023-01-12T06:56:26","slug":"culture-adligat-gallery-indija","status":"publish","type":"page","link":"https:\/\/indjijatravel.rs\/eng\/culture-adligat-gallery-indija\/","title":{"rendered":"Culture: &#8220;Adligat&#8221; Gallery In\u0111ija"},"content":{"rendered":"\n<h5 class=\"wp-block-heading\"><strong><mark style=\"color:#58ade2\" class=\"has-inline-color\">&#8220;Adligat&#8221; Gallery In\u0111ija<\/mark><\/strong><\/h5>\n\n\n\n<p>&#8220;Adligat&#8221; Gallery In\u0111ija is a branch of the &#8220;Adligat&#8221; Museum from Belgrade, which has signed a Protocol of Cooperation with the Tourist Organization of the Municipality of In\u0111ija in order to improve tourism, culture, art, preservation of memories, science and education.<\/p>\n\n\n\n<figure class=\"wp-block-gallery has-nested-images columns-default is-cropped wp-block-gallery-1 is-layout-flex wp-block-gallery-is-layout-flex\">\n<figure class=\"wp-block-image size-large\"><img loading=\"lazy\" decoding=\"async\" width=\"1024\" height=\"655\" data-id=\"541\" src=\"http:\/\/indjijatravel.rs\/eng\/wp-content\/uploads\/sites\/2\/2022\/10\/za-naslovnu-3-1024x655-1.jpg\" alt=\"\" class=\"wp-image-541\" srcset=\"https:\/\/indjijatravel.rs\/eng\/wp-content\/uploads\/sites\/2\/2022\/10\/za-naslovnu-3-1024x655-1.jpg 1024w, https:\/\/indjijatravel.rs\/eng\/wp-content\/uploads\/sites\/2\/2022\/10\/za-naslovnu-3-1024x655-1-300x192.jpg 300w, https:\/\/indjijatravel.rs\/eng\/wp-content\/uploads\/sites\/2\/2022\/10\/za-naslovnu-3-1024x655-1-768x491.jpg 768w\" sizes=\"auto, (max-width: 1024px) 100vw, 1024px\" \/><\/figure>\n<\/figure>\n\n\n\n<p><\/p>\n\n\n\n<p>On the ground floor of the &#8220;Adligat&#8221; Gallery In\u0111ija there is an exhibition area where every two or three weeks there are exhibitions of the great people of domestic and world literature, art, history, science, etc. Additionally, there is a corner dedicated to Japanese literature; personal belongings and awards of the journalist Donka \u0160pi\u010dek and photographs and books by the writer Ra\u0161a Popov.<\/p>\n\n\n\n<p>The &#8220;Adligat&#8221; Gallery of In\u0111ija also includes two rooms with legacies of great people of the 19<sup>th<\/sup> and 20<sup>th <\/sup>centuries. The first contains personal items, correspondence, letters, texts and furniture of the writer Milo\u0161 Crnjanski; books, letters and records of King Milan Obrenovi\u0107; letters of Prince \u0110or\u0111e Kara\u0111or\u0111evic and personal items and awards of the chemist Marko T. Leka. In the room of the great people of the 20<sup>th <\/sup>century, there are personal items, books and awards of the Serbian actor Ivan Bekjarev; personal belongings of the prima ballerina and baroness Ivanka Lukateli; collections of books and personal belongings of Danilo Bata Stojkovi\u0107 and letters of the painter Sava \u0160umanovi\u0107.<\/p>\n\n\n\n<p>The gallery opened its doors to visitors on 30<sup>th<\/sup> March 2022 with an exhibition of Pavle Vuisi\u0107, which consists of personal items, photographs, newspaper articles, songs, drawings, etc. Some objects are part of a permanent legacy.<\/p>\n\n\n\n<p>The word ADLIGAT means several books bound in a single binding, it is a symbol of several peoples, cultures, generations under one roof.<\/p>\n\n\n\n<p>Contact:<br>\u017delezni\u010dka 1 v <br>064 862 15 05<br>info@galerijaindjija.rs<br><a href=\"http:\/\/www.galerijaindjija.rs\">www.galerijaindjija.rs<\/a><\/p>\n\n\n\n<p>Open hours:<br>Wednesday &#8211; Sunday <br>9.00 &#8211; 17.00<\/p>\n","protected":false},"excerpt":{"rendered":"<p>&#8220;Adligat&#8221; Gallery In\u0111ija &#8220;Adligat&#8221; Gallery In\u0111ija is a branch of the &#8220;Adligat&#8221; Museum from Belgrade, which has signed a Protocol of Cooperation with the Tourist Organization of the Municipality of In\u0111ija in order to improve tourism, culture, art, preservation of memories, science and education. On the ground floor of the &#8220;Adligat&#8221; Gallery In\u0111ija there is [&hellip;]<\/p>\n","protected":false},"author":1,"featured_media":0,"parent":0,"menu_order":0,"comment_status":"closed","ping_status":"closed","template":"","meta":{"_monsterinsights_skip_tracking":false,"_monsterinsights_sitenote_active":false,"_monsterinsights_sitenote_note":"","_monsterinsights_sitenote_category":0,"footnotes":""},"class_list":["post-188","page","type-page","status-publish","hentry","no-thumb"],"yoast_head":"<!-- This site is optimized with the Yoast SEO plugin v19.7.1 - https:\/\/yoast.com\/wordpress\/plugins\/seo\/ -->\n<title>Culture: &quot;Adligat&quot; Gallery In\u0111ija - Tourist organization of the Municipality of In\u0111ija<\/title>\n<meta name=\"description\" content=\"&quot;Adligat&quot; Gallery In\u0111ija is a branch of the &quot;Adligat&quot; Museum from Belgrade, which has signed a Protocol of Cooperation with the Tourist ...\" \/>\n<meta name=\"robots\" content=\"index, follow, max-snippet:-1, max-image-preview:large, max-video-preview:-1\" \/>\n<link rel=\"canonical\" href=\"https:\/\/indjijatravel.rs\/eng\/culture-adligat-gallery-indija\/\" \/>\n<meta property=\"og:locale\" content=\"en_US\" \/>\n<meta property=\"og:type\" content=\"article\" \/>\n<meta property=\"og:title\" content=\"Culture: &quot;Adligat&quot; Gallery In\u0111ija - Tourist organization of the Municipality of In\u0111ija\" \/>\n<meta property=\"og:description\" content=\"&quot;Adligat&quot; Gallery In\u0111ija is a branch of the &quot;Adligat&quot; Museum from Belgrade, which has signed a Protocol of Cooperation with the Tourist ...\" \/>\n<meta property=\"og:url\" content=\"https:\/\/indjijatravel.rs\/eng\/culture-adligat-gallery-indija\/\" \/>\n<meta property=\"og:site_name\" content=\"Tourist organization of the Municipality of In\u0111ija\" \/>\n<meta property=\"article:modified_time\" content=\"2023-01-12T06:56:26+00:00\" \/>\n<meta property=\"og:image\" content=\"http:\/\/indjijatravel.rs\/eng\/wp-content\/uploads\/sites\/2\/2022\/10\/za-naslovnu-3-1024x655-1.jpg\" \/>\n<meta name=\"twitter:card\" content=\"summary_large_image\" \/>\n<meta name=\"twitter:label1\" content=\"Est. reading time\" \/>\n\t<meta name=\"twitter:data1\" content=\"2 minutes\" \/>\n<script type=\"application\/ld+json\" class=\"yoast-schema-graph\">{\"@context\":\"https:\/\/schema.org\",\"@graph\":[{\"@type\":\"WebPage\",\"@id\":\"https:\/\/indjijatravel.rs\/eng\/culture-adligat-gallery-indija\/\",\"url\":\"https:\/\/indjijatravel.rs\/eng\/culture-adligat-gallery-indija\/\",\"name\":\"Culture: \\\"Adligat\\\" Gallery In\u0111ija - Tourist organization of the Municipality of In\u0111ija\",\"isPartOf\":{\"@id\":\"https:\/\/indjijatravel.rs\/eng\/#website\"},\"datePublished\":\"2022-10-04T08:50:42+00:00\",\"dateModified\":\"2023-01-12T06:56:26+00:00\",\"description\":\"\\\"Adligat\\\" Gallery In\u0111ija is a branch of the \\\"Adligat\\\" Museum from Belgrade, which has signed a Protocol of Cooperation with the Tourist ...\",\"breadcrumb\":{\"@id\":\"https:\/\/indjijatravel.rs\/eng\/culture-adligat-gallery-indija\/#breadcrumb\"},\"inLanguage\":\"en-US\",\"potentialAction\":[{\"@type\":\"ReadAction\",\"target\":[\"https:\/\/indjijatravel.rs\/eng\/culture-adligat-gallery-indija\/\"]}]},{\"@type\":\"BreadcrumbList\",\"@id\":\"https:\/\/indjijatravel.rs\/eng\/culture-adligat-gallery-indija\/#breadcrumb\",\"itemListElement\":[{\"@type\":\"ListItem\",\"position\":1,\"name\":\"\u041f\u043e\u0447\u0435\u0442\u043d\u0430\",\"item\":\"https:\/\/indjijatravel.rs\/eng\/\"},{\"@type\":\"ListItem\",\"position\":2,\"name\":\"Culture: &#8220;Adligat&#8221; Gallery In\u0111ija\"}]},{\"@type\":\"WebSite\",\"@id\":\"https:\/\/indjijatravel.rs\/eng\/#website\",\"url\":\"https:\/\/indjijatravel.rs\/eng\/\",\"name\":\"Tourist organization of the Municipality of In\u0111ija\",\"description\":\"\",\"potentialAction\":[{\"@type\":\"SearchAction\",\"target\":{\"@type\":\"EntryPoint\",\"urlTemplate\":\"https:\/\/indjijatravel.rs\/eng\/?s={search_term_string}\"},\"query-input\":\"required name=search_term_string\"}],\"inLanguage\":\"en-US\"}]}<\/script>\n<!-- \/ Yoast SEO plugin. -->","yoast_head_json":{"title":"Culture: \"Adligat\" Gallery In\u0111ija - Tourist organization of the Municipality of In\u0111ija","description":"\"Adligat\" Gallery In\u0111ija is a branch of the \"Adligat\" Museum from Belgrade, which has signed a Protocol of Cooperation with the Tourist ...","robots":{"index":"index","follow":"follow","max-snippet":"max-snippet:-1","max-image-preview":"max-image-preview:large","max-video-preview":"max-video-preview:-1"},"canonical":"https:\/\/indjijatravel.rs\/eng\/culture-adligat-gallery-indija\/","og_locale":"en_US","og_type":"article","og_title":"Culture: \"Adligat\" Gallery In\u0111ija - Tourist organization of the Municipality of In\u0111ija","og_description":"\"Adligat\" Gallery In\u0111ija is a branch of the \"Adligat\" Museum from Belgrade, which has signed a Protocol of Cooperation with the Tourist ...","og_url":"https:\/\/indjijatravel.rs\/eng\/culture-adligat-gallery-indija\/","og_site_name":"Tourist organization of the Municipality of In\u0111ija","article_modified_time":"2023-01-12T06:56:26+00:00","og_image":[{"url":"http:\/\/indjijatravel.rs\/eng\/wp-content\/uploads\/sites\/2\/2022\/10\/za-naslovnu-3-1024x655-1.jpg"}],"twitter_card":"summary_large_image","twitter_misc":{"Est. reading time":"2 minutes"},"schema":{"@context":"https:\/\/schema.org","@graph":[{"@type":"WebPage","@id":"https:\/\/indjijatravel.rs\/eng\/culture-adligat-gallery-indija\/","url":"https:\/\/indjijatravel.rs\/eng\/culture-adligat-gallery-indija\/","name":"Culture: \"Adligat\" Gallery In\u0111ija - Tourist organization of the Municipality of In\u0111ija","isPartOf":{"@id":"https:\/\/indjijatravel.rs\/eng\/#website"},"datePublished":"2022-10-04T08:50:42+00:00","dateModified":"2023-01-12T06:56:26+00:00","description":"\"Adligat\" Gallery In\u0111ija is a branch of the \"Adligat\" Museum from Belgrade, which has signed a Protocol of Cooperation with the Tourist ...","breadcrumb":{"@id":"https:\/\/indjijatravel.rs\/eng\/culture-adligat-gallery-indija\/#breadcrumb"},"inLanguage":"en-US","potentialAction":[{"@type":"ReadAction","target":["https:\/\/indjijatravel.rs\/eng\/culture-adligat-gallery-indija\/"]}]},{"@type":"BreadcrumbList","@id":"https:\/\/indjijatravel.rs\/eng\/culture-adligat-gallery-indija\/#breadcrumb","itemListElement":[{"@type":"ListItem","position":1,"name":"\u041f\u043e\u0447\u0435\u0442\u043d\u0430","item":"https:\/\/indjijatravel.rs\/eng\/"},{"@type":"ListItem","position":2,"name":"Culture: &#8220;Adligat&#8221; Gallery In\u0111ija"}]},{"@type":"WebSite","@id":"https:\/\/indjijatravel.rs\/eng\/#website","url":"https:\/\/indjijatravel.rs\/eng\/","name":"Tourist organization of the Municipality of In\u0111ija","description":"","potentialAction":[{"@type":"SearchAction","target":{"@type":"EntryPoint","urlTemplate":"https:\/\/indjijatravel.rs\/eng\/?s={search_term_string}"},"query-input":"required name=search_term_string"}],"inLanguage":"en-US"}]}},"_links":{"self":[{"href":"https:\/\/indjijatravel.rs\/eng\/wp-json\/wp\/v2\/pages\/188","targetHints":{"allow":["GET"]}}],"collection":[{"href":"https:\/\/indjijatravel.rs\/eng\/wp-json\/wp\/v2\/pages"}],"about":[{"href":"https:\/\/indjijatravel.rs\/eng\/wp-json\/wp\/v2\/types\/page"}],"author":[{"embeddable":true,"href":"https:\/\/indjijatravel.rs\/eng\/wp-json\/wp\/v2\/users\/1"}],"replies":[{"embeddable":true,"href":"https:\/\/indjijatravel.rs\/eng\/wp-json\/wp\/v2\/comments?post=188"}],"version-history":[{"count":3,"href":"https:\/\/indjijatravel.rs\/eng\/wp-json\/wp\/v2\/pages\/188\/revisions"}],"predecessor-version":[{"id":703,"href":"https:\/\/indjijatravel.rs\/eng\/wp-json\/wp\/v2\/pages\/188\/revisions\/703"}],"wp:attachment":[{"href":"https:\/\/indjijatravel.rs\/eng\/wp-json\/wp\/v2\/media?parent=188"}],"curies":[{"name":"wp","href":"https:\/\/api.w.org\/{rel}","templated":true}]}}