{"id":190,"date":"2022-10-04T08:53:48","date_gmt":"2022-10-04T08:53:48","guid":{"rendered":"https:\/\/indjijatravel.rs\/eng\/?page_id=190"},"modified":"2022-10-07T04:36:36","modified_gmt":"2022-10-07T04:36:36","slug":"culture-memorial-room-of-danica-jovanovic","status":"publish","type":"page","link":"https:\/\/indjijatravel.rs\/eng\/culture-memorial-room-of-danica-jovanovic\/","title":{"rendered":"Culture: Memorial Room of Danica Jovanovi\u0107"},"content":{"rendered":"\n<h5 class=\"wp-block-heading\">Memorial Room of Danica Jovanovi\u0107<\/h5>\n\n\n\n<p>The Memorial Room of Danica Jovanovi\u0107 is located in the Community Centre &#8220;Branko Radi\u010devi\u0107&#8221; in Be\u0161ka. It was created on the initiative of the Serbian-Greek Friendship Association Be\u0161ka by redesigning the exhibition <em>Danica Jovanovi\u0107 (1886-1914)<\/em> &#8211; <em>unfulfilled dreams<\/em> by Dr. Jasna Jovanov and the exhibition of the Memorial Collection by Pavle Beljanski and the Matica Srpska Gallery, premiered at the House of the Army of Serbia in 2014.<\/p>\n\n\n\n<p>The exhibition was realized in cooperation with Dr. Jasna Jovanov and Jasmina Jak\u0161i\u0107 Subi\u0107, according to whose concept the exhibition was realized by Aleksandra Re\u0161njak Pe\u0161i\u0107, designer of the above-mentioned exhibition, with the support and engagement of the elementary school &#8220;Bra\u0107a Grulovi\u0107&#8221; in Be\u0161ka and the Local Community of Be\u0161ka.<\/p>\n\n\n\n<p>The Memorial Room is a permanent reminder of an important figure in Serbian art and enables the availability of national cultural treasures to the wider community.<\/p>\n\n\n\n<p>Visits are possible only with advance booking with the Local Community of Be\u0161ka on the phone number 022 570 039 or the Association of Serbian-Greek Friendship of Be\u0161ka on the phone numbers 064 370 39 66 and 060 439 68 05.<\/p>\n\n\n\n<figure class=\"wp-block-gallery has-nested-images columns-3 is-cropped wp-block-gallery-1 is-layout-flex wp-block-gallery-is-layout-flex\">\n<figure class=\"wp-block-image size-large\"><img loading=\"lazy\" decoding=\"async\" width=\"770\" height=\"490\" data-id=\"522\" src=\"http:\/\/indjijatravel.rs\/eng\/wp-content\/uploads\/sites\/2\/2022\/10\/3-3-770x490-1.jpg\" alt=\"\" class=\"wp-image-522\" srcset=\"https:\/\/indjijatravel.rs\/eng\/wp-content\/uploads\/sites\/2\/2022\/10\/3-3-770x490-1.jpg 770w, https:\/\/indjijatravel.rs\/eng\/wp-content\/uploads\/sites\/2\/2022\/10\/3-3-770x490-1-300x191.jpg 300w, https:\/\/indjijatravel.rs\/eng\/wp-content\/uploads\/sites\/2\/2022\/10\/3-3-770x490-1-768x489.jpg 768w\" sizes=\"auto, (max-width: 770px) 100vw, 770px\" \/><\/figure>\n\n\n\n<figure class=\"wp-block-image size-large\"><img loading=\"lazy\" decoding=\"async\" width=\"770\" height=\"490\" data-id=\"523\" src=\"http:\/\/indjijatravel.rs\/eng\/wp-content\/uploads\/sites\/2\/2022\/10\/4-3-770x490-1.jpg\" alt=\"\" class=\"wp-image-523\" srcset=\"https:\/\/indjijatravel.rs\/eng\/wp-content\/uploads\/sites\/2\/2022\/10\/4-3-770x490-1.jpg 770w, https:\/\/indjijatravel.rs\/eng\/wp-content\/uploads\/sites\/2\/2022\/10\/4-3-770x490-1-300x191.jpg 300w, https:\/\/indjijatravel.rs\/eng\/wp-content\/uploads\/sites\/2\/2022\/10\/4-3-770x490-1-768x489.jpg 768w\" sizes=\"auto, (max-width: 770px) 100vw, 770px\" \/><\/figure>\n\n\n\n<figure class=\"wp-block-image size-large\"><img loading=\"lazy\" decoding=\"async\" width=\"770\" height=\"490\" data-id=\"525\" src=\"http:\/\/indjijatravel.rs\/eng\/wp-content\/uploads\/sites\/2\/2022\/10\/6-3-770x490-1.jpg\" alt=\"\" class=\"wp-image-525\" srcset=\"https:\/\/indjijatravel.rs\/eng\/wp-content\/uploads\/sites\/2\/2022\/10\/6-3-770x490-1.jpg 770w, https:\/\/indjijatravel.rs\/eng\/wp-content\/uploads\/sites\/2\/2022\/10\/6-3-770x490-1-300x191.jpg 300w, https:\/\/indjijatravel.rs\/eng\/wp-content\/uploads\/sites\/2\/2022\/10\/6-3-770x490-1-768x489.jpg 768w\" sizes=\"auto, (max-width: 770px) 100vw, 770px\" \/><\/figure>\n\n\n\n<figure class=\"wp-block-image size-large\"><img loading=\"lazy\" decoding=\"async\" width=\"770\" height=\"490\" data-id=\"521\" src=\"http:\/\/indjijatravel.rs\/eng\/wp-content\/uploads\/sites\/2\/2022\/10\/2-4-770x490-1.jpg\" alt=\"\" class=\"wp-image-521\" srcset=\"https:\/\/indjijatravel.rs\/eng\/wp-content\/uploads\/sites\/2\/2022\/10\/2-4-770x490-1.jpg 770w, https:\/\/indjijatravel.rs\/eng\/wp-content\/uploads\/sites\/2\/2022\/10\/2-4-770x490-1-300x191.jpg 300w, https:\/\/indjijatravel.rs\/eng\/wp-content\/uploads\/sites\/2\/2022\/10\/2-4-770x490-1-768x489.jpg 768w\" sizes=\"auto, (max-width: 770px) 100vw, 770px\" \/><\/figure>\n\n\n\n<figure class=\"wp-block-image size-large\"><img loading=\"lazy\" decoding=\"async\" width=\"770\" height=\"490\" data-id=\"524\" src=\"http:\/\/indjijatravel.rs\/eng\/wp-content\/uploads\/sites\/2\/2022\/10\/5-3-770x490-1.jpg\" alt=\"\" class=\"wp-image-524\" srcset=\"https:\/\/indjijatravel.rs\/eng\/wp-content\/uploads\/sites\/2\/2022\/10\/5-3-770x490-1.jpg 770w, https:\/\/indjijatravel.rs\/eng\/wp-content\/uploads\/sites\/2\/2022\/10\/5-3-770x490-1-300x191.jpg 300w, https:\/\/indjijatravel.rs\/eng\/wp-content\/uploads\/sites\/2\/2022\/10\/5-3-770x490-1-768x489.jpg 768w\" sizes=\"auto, (max-width: 770px) 100vw, 770px\" \/><\/figure>\n\n\n\n<figure class=\"wp-block-image size-large\"><img loading=\"lazy\" decoding=\"async\" width=\"770\" height=\"490\" data-id=\"520\" src=\"http:\/\/indjijatravel.rs\/eng\/wp-content\/uploads\/sites\/2\/2022\/10\/1-4-770x490-1.jpg\" alt=\"\" class=\"wp-image-520\" srcset=\"https:\/\/indjijatravel.rs\/eng\/wp-content\/uploads\/sites\/2\/2022\/10\/1-4-770x490-1.jpg 770w, https:\/\/indjijatravel.rs\/eng\/wp-content\/uploads\/sites\/2\/2022\/10\/1-4-770x490-1-300x191.jpg 300w, https:\/\/indjijatravel.rs\/eng\/wp-content\/uploads\/sites\/2\/2022\/10\/1-4-770x490-1-768x489.jpg 768w\" sizes=\"auto, (max-width: 770px) 100vw, 770px\" \/><\/figure>\n<\/figure>\n\n\n\n<p><\/p>\n\n\n\n<p><strong>Danica Jovanovi\u0107<\/strong><\/p>\n\n\n\n<p>Danica Jovanovi\u0107 is the second Serbian painter to graduate from the Academy of Fine Arts. She was born in 1886 in Be\u0161ka, and completed her painting studies in Munich in 1914. She is one of the most important Serbian painters from the beginning of the 20<sup>th <\/sup>century. During her schooling in Belgrade and Munich, as well as during her summer holidays in Be\u0161ka, she painted intensively, which resulted in an artistic legacy of hundreds of works. On the other hand, her engagement in the Serbian academic society &#8220;Srbadija&#8221; in Munich, her stay in Belgrade at the beginning of the First World War, as well as the reception of Serbian soldiers in Be\u0161ka, attracted the attention of police and military authorities from Petrovaradin and she was one of our first artists to become a victim of the First World War on 12<sup>th <\/sup>September 1914, sentenced to death and was shot at the Petrovaradin Fortress. At the beginning 1960s, the work of Danica Jovanovi\u0107 and her unusual life path, interests and plans for the future began to be systematically researched and discovered.<\/p>\n","protected":false},"excerpt":{"rendered":"<p>Memorial Room of Danica Jovanovi\u0107 The Memorial Room of Danica Jovanovi\u0107 is located in the Community Centre &#8220;Branko Radi\u010devi\u0107&#8221; in Be\u0161ka. It was created on the initiative of the Serbian-Greek Friendship Association Be\u0161ka by redesigning the exhibition Danica Jovanovi\u0107 (1886-1914) &#8211; unfulfilled dreams by Dr. Jasna Jovanov and the exhibition of the Memorial Collection by [&hellip;]<\/p>\n","protected":false},"author":1,"featured_media":0,"parent":0,"menu_order":0,"comment_status":"closed","ping_status":"closed","template":"","meta":{"_monsterinsights_skip_tracking":false,"_monsterinsights_sitenote_active":false,"_monsterinsights_sitenote_note":"","_monsterinsights_sitenote_category":0,"footnotes":""},"class_list":["post-190","page","type-page","status-publish","hentry","no-thumb"],"yoast_head":"<!-- This site is optimized with the Yoast SEO plugin v19.7.1 - https:\/\/yoast.com\/wordpress\/plugins\/seo\/ -->\n<title>Culture: Memorial Room of Danica Jovanovi\u0107 - Tourist organization of the Municipality of In\u0111ija<\/title>\n<meta name=\"description\" content=\"The Memorial Room of Danica Jovanovi\u0107 is located in the Community Centre &quot;Branko Radi\u010devi\u0107&quot; in Be\u0161ka. It was created on the initiative of ...\" \/>\n<meta name=\"robots\" content=\"index, follow, max-snippet:-1, max-image-preview:large, max-video-preview:-1\" \/>\n<link rel=\"canonical\" href=\"https:\/\/indjijatravel.rs\/eng\/culture-memorial-room-of-danica-jovanovic\/\" \/>\n<meta property=\"og:locale\" content=\"en_US\" \/>\n<meta property=\"og:type\" content=\"article\" \/>\n<meta property=\"og:title\" content=\"Culture: Memorial Room of Danica Jovanovi\u0107 - Tourist organization of the Municipality of In\u0111ija\" \/>\n<meta property=\"og:description\" content=\"The Memorial Room of Danica Jovanovi\u0107 is located in the Community Centre &quot;Branko Radi\u010devi\u0107&quot; in Be\u0161ka. It was created on the initiative of ...\" \/>\n<meta property=\"og:url\" content=\"https:\/\/indjijatravel.rs\/eng\/culture-memorial-room-of-danica-jovanovic\/\" \/>\n<meta property=\"og:site_name\" content=\"Tourist organization of the Municipality of In\u0111ija\" \/>\n<meta property=\"article:modified_time\" content=\"2022-10-07T04:36:36+00:00\" \/>\n<meta property=\"og:image\" content=\"http:\/\/indjijatravel.rs\/eng\/wp-content\/uploads\/sites\/2\/2022\/10\/3-3-770x490-1.jpg\" \/>\n<meta name=\"twitter:card\" content=\"summary_large_image\" \/>\n<meta name=\"twitter:label1\" content=\"Est. reading time\" \/>\n\t<meta name=\"twitter:data1\" content=\"3 minutes\" \/>\n<script type=\"application\/ld+json\" class=\"yoast-schema-graph\">{\"@context\":\"https:\/\/schema.org\",\"@graph\":[{\"@type\":\"WebPage\",\"@id\":\"https:\/\/indjijatravel.rs\/eng\/culture-memorial-room-of-danica-jovanovic\/\",\"url\":\"https:\/\/indjijatravel.rs\/eng\/culture-memorial-room-of-danica-jovanovic\/\",\"name\":\"Culture: Memorial Room of Danica Jovanovi\u0107 - Tourist organization of the Municipality of In\u0111ija\",\"isPartOf\":{\"@id\":\"https:\/\/indjijatravel.rs\/eng\/#website\"},\"datePublished\":\"2022-10-04T08:53:48+00:00\",\"dateModified\":\"2022-10-07T04:36:36+00:00\",\"description\":\"The Memorial Room of Danica Jovanovi\u0107 is located in the Community Centre \\\"Branko Radi\u010devi\u0107\\\" in Be\u0161ka. It was created on the initiative of ...\",\"breadcrumb\":{\"@id\":\"https:\/\/indjijatravel.rs\/eng\/culture-memorial-room-of-danica-jovanovic\/#breadcrumb\"},\"inLanguage\":\"en-US\",\"potentialAction\":[{\"@type\":\"ReadAction\",\"target\":[\"https:\/\/indjijatravel.rs\/eng\/culture-memorial-room-of-danica-jovanovic\/\"]}]},{\"@type\":\"BreadcrumbList\",\"@id\":\"https:\/\/indjijatravel.rs\/eng\/culture-memorial-room-of-danica-jovanovic\/#breadcrumb\",\"itemListElement\":[{\"@type\":\"ListItem\",\"position\":1,\"name\":\"\u041f\u043e\u0447\u0435\u0442\u043d\u0430\",\"item\":\"https:\/\/indjijatravel.rs\/eng\/\"},{\"@type\":\"ListItem\",\"position\":2,\"name\":\"Culture: Memorial Room of Danica Jovanovi\u0107\"}]},{\"@type\":\"WebSite\",\"@id\":\"https:\/\/indjijatravel.rs\/eng\/#website\",\"url\":\"https:\/\/indjijatravel.rs\/eng\/\",\"name\":\"Tourist organization of the Municipality of In\u0111ija\",\"description\":\"\",\"potentialAction\":[{\"@type\":\"SearchAction\",\"target\":{\"@type\":\"EntryPoint\",\"urlTemplate\":\"https:\/\/indjijatravel.rs\/eng\/?s={search_term_string}\"},\"query-input\":\"required name=search_term_string\"}],\"inLanguage\":\"en-US\"}]}<\/script>\n<!-- \/ Yoast SEO plugin. -->","yoast_head_json":{"title":"Culture: Memorial Room of Danica Jovanovi\u0107 - Tourist organization of the Municipality of In\u0111ija","description":"The Memorial Room of Danica Jovanovi\u0107 is located in the Community Centre \"Branko Radi\u010devi\u0107\" in Be\u0161ka. It was created on the initiative of ...","robots":{"index":"index","follow":"follow","max-snippet":"max-snippet:-1","max-image-preview":"max-image-preview:large","max-video-preview":"max-video-preview:-1"},"canonical":"https:\/\/indjijatravel.rs\/eng\/culture-memorial-room-of-danica-jovanovic\/","og_locale":"en_US","og_type":"article","og_title":"Culture: Memorial Room of Danica Jovanovi\u0107 - Tourist organization of the Municipality of In\u0111ija","og_description":"The Memorial Room of Danica Jovanovi\u0107 is located in the Community Centre \"Branko Radi\u010devi\u0107\" in Be\u0161ka. It was created on the initiative of ...","og_url":"https:\/\/indjijatravel.rs\/eng\/culture-memorial-room-of-danica-jovanovic\/","og_site_name":"Tourist organization of the Municipality of In\u0111ija","article_modified_time":"2022-10-07T04:36:36+00:00","og_image":[{"url":"http:\/\/indjijatravel.rs\/eng\/wp-content\/uploads\/sites\/2\/2022\/10\/3-3-770x490-1.jpg"}],"twitter_card":"summary_large_image","twitter_misc":{"Est. reading time":"3 minutes"},"schema":{"@context":"https:\/\/schema.org","@graph":[{"@type":"WebPage","@id":"https:\/\/indjijatravel.rs\/eng\/culture-memorial-room-of-danica-jovanovic\/","url":"https:\/\/indjijatravel.rs\/eng\/culture-memorial-room-of-danica-jovanovic\/","name":"Culture: Memorial Room of Danica Jovanovi\u0107 - Tourist organization of the Municipality of In\u0111ija","isPartOf":{"@id":"https:\/\/indjijatravel.rs\/eng\/#website"},"datePublished":"2022-10-04T08:53:48+00:00","dateModified":"2022-10-07T04:36:36+00:00","description":"The Memorial Room of Danica Jovanovi\u0107 is located in the Community Centre \"Branko Radi\u010devi\u0107\" in Be\u0161ka. It was created on the initiative of ...","breadcrumb":{"@id":"https:\/\/indjijatravel.rs\/eng\/culture-memorial-room-of-danica-jovanovic\/#breadcrumb"},"inLanguage":"en-US","potentialAction":[{"@type":"ReadAction","target":["https:\/\/indjijatravel.rs\/eng\/culture-memorial-room-of-danica-jovanovic\/"]}]},{"@type":"BreadcrumbList","@id":"https:\/\/indjijatravel.rs\/eng\/culture-memorial-room-of-danica-jovanovic\/#breadcrumb","itemListElement":[{"@type":"ListItem","position":1,"name":"\u041f\u043e\u0447\u0435\u0442\u043d\u0430","item":"https:\/\/indjijatravel.rs\/eng\/"},{"@type":"ListItem","position":2,"name":"Culture: Memorial Room of Danica Jovanovi\u0107"}]},{"@type":"WebSite","@id":"https:\/\/indjijatravel.rs\/eng\/#website","url":"https:\/\/indjijatravel.rs\/eng\/","name":"Tourist organization of the Municipality of In\u0111ija","description":"","potentialAction":[{"@type":"SearchAction","target":{"@type":"EntryPoint","urlTemplate":"https:\/\/indjijatravel.rs\/eng\/?s={search_term_string}"},"query-input":"required name=search_term_string"}],"inLanguage":"en-US"}]}},"_links":{"self":[{"href":"https:\/\/indjijatravel.rs\/eng\/wp-json\/wp\/v2\/pages\/190","targetHints":{"allow":["GET"]}}],"collection":[{"href":"https:\/\/indjijatravel.rs\/eng\/wp-json\/wp\/v2\/pages"}],"about":[{"href":"https:\/\/indjijatravel.rs\/eng\/wp-json\/wp\/v2\/types\/page"}],"author":[{"embeddable":true,"href":"https:\/\/indjijatravel.rs\/eng\/wp-json\/wp\/v2\/users\/1"}],"replies":[{"embeddable":true,"href":"https:\/\/indjijatravel.rs\/eng\/wp-json\/wp\/v2\/comments?post=190"}],"version-history":[{"count":2,"href":"https:\/\/indjijatravel.rs\/eng\/wp-json\/wp\/v2\/pages\/190\/revisions"}],"predecessor-version":[{"id":527,"href":"https:\/\/indjijatravel.rs\/eng\/wp-json\/wp\/v2\/pages\/190\/revisions\/527"}],"wp:attachment":[{"href":"https:\/\/indjijatravel.rs\/eng\/wp-json\/wp\/v2\/media?parent=190"}],"curies":[{"name":"wp","href":"https:\/\/api.w.org\/{rel}","templated":true}]}}