{"id":196,"date":"2022-10-04T09:01:35","date_gmt":"2022-10-04T09:01:35","guid":{"rendered":"https:\/\/indjijatravel.rs\/eng\/?page_id=196"},"modified":"2022-10-07T04:34:58","modified_gmt":"2022-10-07T04:34:58","slug":"tradition-ethno-house-maradik","status":"publish","type":"page","link":"https:\/\/indjijatravel.rs\/eng\/tradition-ethno-house-maradik\/","title":{"rendered":"Tradition: Ethno house Maradik"},"content":{"rendered":"\n<h5 class=\"wp-block-heading\">Ethno house Maradik<\/h5>\n\n\n\n<p>Ethno house Maradik is a rural household about 150 years old. It is located at Vuka Karad\u017ei\u0107a St. 41 in Maradik. The authenticity of the exhibits and the interesting story of the former way of life make it very attractive for tourists to visit.<\/p>\n\n\n\n<p>The house is known to be over 150 years old. It was built of cob with a very specific layout of rooms that were needed in a rural household. The house consists of a front room, a back room, a kitchenette, a hallway along the front of the house with treated glass, then there is a cellar, a shed, a granary, a pigsty and a chicken coop. All rooms and the outside area contain authentic exhibits, which are between 50 and 200 years old.<\/p>\n\n\n\n<figure class=\"wp-block-gallery has-nested-images columns-3 is-cropped wp-block-gallery-1 is-layout-flex wp-block-gallery-is-layout-flex\">\n<figure class=\"wp-block-image size-large\"><img loading=\"lazy\" decoding=\"async\" width=\"770\" height=\"490\" data-id=\"511\" src=\"http:\/\/indjijatravel.rs\/eng\/wp-content\/uploads\/sites\/2\/2022\/10\/1-770x490-3.jpg\" alt=\"\" class=\"wp-image-511\" srcset=\"https:\/\/indjijatravel.rs\/eng\/wp-content\/uploads\/sites\/2\/2022\/10\/1-770x490-3.jpg 770w, https:\/\/indjijatravel.rs\/eng\/wp-content\/uploads\/sites\/2\/2022\/10\/1-770x490-3-300x191.jpg 300w, https:\/\/indjijatravel.rs\/eng\/wp-content\/uploads\/sites\/2\/2022\/10\/1-770x490-3-768x489.jpg 768w\" sizes=\"auto, (max-width: 770px) 100vw, 770px\" \/><\/figure>\n\n\n\n<figure class=\"wp-block-image size-large\"><img loading=\"lazy\" decoding=\"async\" width=\"770\" height=\"490\" data-id=\"512\" src=\"http:\/\/indjijatravel.rs\/eng\/wp-content\/uploads\/sites\/2\/2022\/10\/2-770x490-3.jpg\" alt=\"\" class=\"wp-image-512\" srcset=\"https:\/\/indjijatravel.rs\/eng\/wp-content\/uploads\/sites\/2\/2022\/10\/2-770x490-3.jpg 770w, https:\/\/indjijatravel.rs\/eng\/wp-content\/uploads\/sites\/2\/2022\/10\/2-770x490-3-300x191.jpg 300w, https:\/\/indjijatravel.rs\/eng\/wp-content\/uploads\/sites\/2\/2022\/10\/2-770x490-3-768x489.jpg 768w\" sizes=\"auto, (max-width: 770px) 100vw, 770px\" \/><\/figure>\n\n\n\n<figure class=\"wp-block-image size-large\"><img loading=\"lazy\" decoding=\"async\" width=\"770\" height=\"490\" data-id=\"513\" src=\"http:\/\/indjijatravel.rs\/eng\/wp-content\/uploads\/sites\/2\/2022\/10\/3-770x490-3.jpg\" alt=\"\" class=\"wp-image-513\" srcset=\"https:\/\/indjijatravel.rs\/eng\/wp-content\/uploads\/sites\/2\/2022\/10\/3-770x490-3.jpg 770w, https:\/\/indjijatravel.rs\/eng\/wp-content\/uploads\/sites\/2\/2022\/10\/3-770x490-3-300x191.jpg 300w, https:\/\/indjijatravel.rs\/eng\/wp-content\/uploads\/sites\/2\/2022\/10\/3-770x490-3-768x489.jpg 768w\" sizes=\"auto, (max-width: 770px) 100vw, 770px\" \/><\/figure>\n\n\n\n<figure class=\"wp-block-image size-large\"><img loading=\"lazy\" decoding=\"async\" width=\"770\" height=\"490\" data-id=\"514\" src=\"http:\/\/indjijatravel.rs\/eng\/wp-content\/uploads\/sites\/2\/2022\/10\/4-770x490-3.jpg\" alt=\"\" class=\"wp-image-514\" srcset=\"https:\/\/indjijatravel.rs\/eng\/wp-content\/uploads\/sites\/2\/2022\/10\/4-770x490-3.jpg 770w, https:\/\/indjijatravel.rs\/eng\/wp-content\/uploads\/sites\/2\/2022\/10\/4-770x490-3-300x191.jpg 300w, https:\/\/indjijatravel.rs\/eng\/wp-content\/uploads\/sites\/2\/2022\/10\/4-770x490-3-768x489.jpg 768w\" sizes=\"auto, (max-width: 770px) 100vw, 770px\" \/><\/figure>\n\n\n\n<figure class=\"wp-block-image size-large\"><img loading=\"lazy\" decoding=\"async\" width=\"770\" height=\"490\" data-id=\"515\" src=\"http:\/\/indjijatravel.rs\/eng\/wp-content\/uploads\/sites\/2\/2022\/10\/5-770x490-3.jpg\" alt=\"\" class=\"wp-image-515\" srcset=\"https:\/\/indjijatravel.rs\/eng\/wp-content\/uploads\/sites\/2\/2022\/10\/5-770x490-3.jpg 770w, https:\/\/indjijatravel.rs\/eng\/wp-content\/uploads\/sites\/2\/2022\/10\/5-770x490-3-300x191.jpg 300w, https:\/\/indjijatravel.rs\/eng\/wp-content\/uploads\/sites\/2\/2022\/10\/5-770x490-3-768x489.jpg 768w\" sizes=\"auto, (max-width: 770px) 100vw, 770px\" \/><\/figure>\n\n\n\n<figure class=\"wp-block-image size-large\"><img loading=\"lazy\" decoding=\"async\" width=\"770\" height=\"490\" data-id=\"516\" src=\"http:\/\/indjijatravel.rs\/eng\/wp-content\/uploads\/sites\/2\/2022\/10\/6-770x490-3.jpg\" alt=\"\" class=\"wp-image-516\" srcset=\"https:\/\/indjijatravel.rs\/eng\/wp-content\/uploads\/sites\/2\/2022\/10\/6-770x490-3.jpg 770w, https:\/\/indjijatravel.rs\/eng\/wp-content\/uploads\/sites\/2\/2022\/10\/6-770x490-3-300x191.jpg 300w, https:\/\/indjijatravel.rs\/eng\/wp-content\/uploads\/sites\/2\/2022\/10\/6-770x490-3-768x489.jpg 768w\" sizes=\"auto, (max-width: 770px) 100vw, 770px\" \/><\/figure>\n\n\n\n<figure class=\"wp-block-image size-large\"><img loading=\"lazy\" decoding=\"async\" width=\"770\" height=\"490\" data-id=\"518\" src=\"http:\/\/indjijatravel.rs\/eng\/wp-content\/uploads\/sites\/2\/2022\/10\/7-770x490-3.jpg\" alt=\"\" class=\"wp-image-518\" srcset=\"https:\/\/indjijatravel.rs\/eng\/wp-content\/uploads\/sites\/2\/2022\/10\/7-770x490-3.jpg 770w, https:\/\/indjijatravel.rs\/eng\/wp-content\/uploads\/sites\/2\/2022\/10\/7-770x490-3-300x191.jpg 300w, https:\/\/indjijatravel.rs\/eng\/wp-content\/uploads\/sites\/2\/2022\/10\/7-770x490-3-768x489.jpg 768w\" sizes=\"auto, (max-width: 770px) 100vw, 770px\" \/><\/figure>\n<\/figure>\n\n\n\n<p><\/p>\n\n\n\n<p>In the back of the yard, you can see an old village cart, a sleigh, a plough which was pulled by two or three horses, a harrow, a treshing machine, and other tools used in a rural household. There are also planted fruit trees that are most widespread on the slopes of Fru\u0161ka Gora.<\/p>\n\n\n\n<p>Within the Ethno House there are mini souvenir shops and eco markets, where you can buy local products prepared by locals (homemade honey, wines and brandies, seasonal fruits, homemade juices, jams, etc.).<\/p>\n\n\n\n<p>In the front yard there is an ethno restaurant with a capacity of 130 seats, which serves national dishes. Appetizers, dishes and desserts that are most often prepared here are: Srem breakfast, different types of stew (be\u0107ar, pudarski, pork), scrambled eggs, homemade soup with noodles, beef goulash, tripe, pig&#8217;s trotters in sauce, beans with ribs, donuts with jam, strudel with walnuts or poppy seeds, pies, noodles with poppy seeds, gomboce with plums, grandma\u2019s cake, etc. Domestic drinks served are: jabukova\u010da (apple brandy), \u0161ljivovica (plum brandy), lozova\u010da (grape brandy), homemade wine (white, red, rose), homemade juice (elderberry, sour cherry, mint, cherry, raspberry, blackberry, strawberry), coffee, tea, etc.<\/p>\n\n\n\n<p>Visits are organized only with advanced booking, for groups of at least 10 people.<\/p>\n\n\n\n<p>Contact:<br>Armida tours<br>Milana Ili\u0107a 18, 22320 In\u0111ija<br>063 522 548, 022 506 255, 022 560 759, 022 553 143<br><a href=\"http:\/\/www.armidatours.co.rs\/\">www.armidatours.co.rs<\/a><\/p>\n","protected":false},"excerpt":{"rendered":"<p>Ethno house Maradik Ethno house Maradik is a rural household about 150 years old. It is located at Vuka Karad\u017ei\u0107a St. 41 in Maradik. The authenticity of the exhibits and the interesting story of the former way of life make it very attractive for tourists to visit. The house is known to be over 150 [&hellip;]<\/p>\n","protected":false},"author":1,"featured_media":0,"parent":0,"menu_order":0,"comment_status":"closed","ping_status":"closed","template":"","meta":{"_monsterinsights_skip_tracking":false,"_monsterinsights_sitenote_active":false,"_monsterinsights_sitenote_note":"","_monsterinsights_sitenote_category":0,"footnotes":""},"class_list":["post-196","page","type-page","status-publish","hentry","no-thumb"],"yoast_head":"<!-- This site is optimized with the Yoast SEO plugin v19.7.1 - https:\/\/yoast.com\/wordpress\/plugins\/seo\/ -->\n<title>Tradition: Ethno house Maradik - Tourist organization of the Municipality of In\u0111ija<\/title>\n<meta name=\"description\" content=\"Ethno house Maradik is a rural household about 150 years old. It is located at Vuka Karad\u017ei\u0107a St. 41 in Maradik. The authenticity of the ...\" \/>\n<meta name=\"robots\" content=\"index, follow, max-snippet:-1, max-image-preview:large, max-video-preview:-1\" \/>\n<link rel=\"canonical\" href=\"https:\/\/indjijatravel.rs\/eng\/tradition-ethno-house-maradik\/\" \/>\n<meta property=\"og:locale\" content=\"en_US\" \/>\n<meta property=\"og:type\" content=\"article\" \/>\n<meta property=\"og:title\" content=\"Tradition: Ethno house Maradik - Tourist organization of the Municipality of In\u0111ija\" \/>\n<meta property=\"og:description\" content=\"Ethno house Maradik is a rural household about 150 years old. It is located at Vuka Karad\u017ei\u0107a St. 41 in Maradik. The authenticity of the ...\" \/>\n<meta property=\"og:url\" content=\"https:\/\/indjijatravel.rs\/eng\/tradition-ethno-house-maradik\/\" \/>\n<meta property=\"og:site_name\" content=\"Tourist organization of the Municipality of In\u0111ija\" \/>\n<meta property=\"article:modified_time\" content=\"2022-10-07T04:34:58+00:00\" \/>\n<meta property=\"og:image\" content=\"http:\/\/indjijatravel.rs\/eng\/wp-content\/uploads\/sites\/2\/2022\/10\/1-770x490-3.jpg\" \/>\n<meta name=\"twitter:card\" content=\"summary_large_image\" \/>\n<meta name=\"twitter:label1\" content=\"Est. reading time\" \/>\n\t<meta name=\"twitter:data1\" content=\"3 minutes\" \/>\n<script type=\"application\/ld+json\" class=\"yoast-schema-graph\">{\"@context\":\"https:\/\/schema.org\",\"@graph\":[{\"@type\":\"WebPage\",\"@id\":\"https:\/\/indjijatravel.rs\/eng\/tradition-ethno-house-maradik\/\",\"url\":\"https:\/\/indjijatravel.rs\/eng\/tradition-ethno-house-maradik\/\",\"name\":\"Tradition: Ethno house Maradik - Tourist organization of the Municipality of In\u0111ija\",\"isPartOf\":{\"@id\":\"https:\/\/indjijatravel.rs\/eng\/#website\"},\"datePublished\":\"2022-10-04T09:01:35+00:00\",\"dateModified\":\"2022-10-07T04:34:58+00:00\",\"description\":\"Ethno house Maradik is a rural household about 150 years old. It is located at Vuka Karad\u017ei\u0107a St. 41 in Maradik. The authenticity of the ...\",\"breadcrumb\":{\"@id\":\"https:\/\/indjijatravel.rs\/eng\/tradition-ethno-house-maradik\/#breadcrumb\"},\"inLanguage\":\"en-US\",\"potentialAction\":[{\"@type\":\"ReadAction\",\"target\":[\"https:\/\/indjijatravel.rs\/eng\/tradition-ethno-house-maradik\/\"]}]},{\"@type\":\"BreadcrumbList\",\"@id\":\"https:\/\/indjijatravel.rs\/eng\/tradition-ethno-house-maradik\/#breadcrumb\",\"itemListElement\":[{\"@type\":\"ListItem\",\"position\":1,\"name\":\"\u041f\u043e\u0447\u0435\u0442\u043d\u0430\",\"item\":\"https:\/\/indjijatravel.rs\/eng\/\"},{\"@type\":\"ListItem\",\"position\":2,\"name\":\"Tradition: Ethno house Maradik\"}]},{\"@type\":\"WebSite\",\"@id\":\"https:\/\/indjijatravel.rs\/eng\/#website\",\"url\":\"https:\/\/indjijatravel.rs\/eng\/\",\"name\":\"Tourist organization of the Municipality of In\u0111ija\",\"description\":\"\",\"potentialAction\":[{\"@type\":\"SearchAction\",\"target\":{\"@type\":\"EntryPoint\",\"urlTemplate\":\"https:\/\/indjijatravel.rs\/eng\/?s={search_term_string}\"},\"query-input\":\"required name=search_term_string\"}],\"inLanguage\":\"en-US\"}]}<\/script>\n<!-- \/ Yoast SEO plugin. -->","yoast_head_json":{"title":"Tradition: Ethno house Maradik - Tourist organization of the Municipality of In\u0111ija","description":"Ethno house Maradik is a rural household about 150 years old. It is located at Vuka Karad\u017ei\u0107a St. 41 in Maradik. The authenticity of the ...","robots":{"index":"index","follow":"follow","max-snippet":"max-snippet:-1","max-image-preview":"max-image-preview:large","max-video-preview":"max-video-preview:-1"},"canonical":"https:\/\/indjijatravel.rs\/eng\/tradition-ethno-house-maradik\/","og_locale":"en_US","og_type":"article","og_title":"Tradition: Ethno house Maradik - Tourist organization of the Municipality of In\u0111ija","og_description":"Ethno house Maradik is a rural household about 150 years old. It is located at Vuka Karad\u017ei\u0107a St. 41 in Maradik. The authenticity of the ...","og_url":"https:\/\/indjijatravel.rs\/eng\/tradition-ethno-house-maradik\/","og_site_name":"Tourist organization of the Municipality of In\u0111ija","article_modified_time":"2022-10-07T04:34:58+00:00","og_image":[{"url":"http:\/\/indjijatravel.rs\/eng\/wp-content\/uploads\/sites\/2\/2022\/10\/1-770x490-3.jpg"}],"twitter_card":"summary_large_image","twitter_misc":{"Est. reading time":"3 minutes"},"schema":{"@context":"https:\/\/schema.org","@graph":[{"@type":"WebPage","@id":"https:\/\/indjijatravel.rs\/eng\/tradition-ethno-house-maradik\/","url":"https:\/\/indjijatravel.rs\/eng\/tradition-ethno-house-maradik\/","name":"Tradition: Ethno house Maradik - Tourist organization of the Municipality of In\u0111ija","isPartOf":{"@id":"https:\/\/indjijatravel.rs\/eng\/#website"},"datePublished":"2022-10-04T09:01:35+00:00","dateModified":"2022-10-07T04:34:58+00:00","description":"Ethno house Maradik is a rural household about 150 years old. It is located at Vuka Karad\u017ei\u0107a St. 41 in Maradik. The authenticity of the ...","breadcrumb":{"@id":"https:\/\/indjijatravel.rs\/eng\/tradition-ethno-house-maradik\/#breadcrumb"},"inLanguage":"en-US","potentialAction":[{"@type":"ReadAction","target":["https:\/\/indjijatravel.rs\/eng\/tradition-ethno-house-maradik\/"]}]},{"@type":"BreadcrumbList","@id":"https:\/\/indjijatravel.rs\/eng\/tradition-ethno-house-maradik\/#breadcrumb","itemListElement":[{"@type":"ListItem","position":1,"name":"\u041f\u043e\u0447\u0435\u0442\u043d\u0430","item":"https:\/\/indjijatravel.rs\/eng\/"},{"@type":"ListItem","position":2,"name":"Tradition: Ethno house Maradik"}]},{"@type":"WebSite","@id":"https:\/\/indjijatravel.rs\/eng\/#website","url":"https:\/\/indjijatravel.rs\/eng\/","name":"Tourist organization of the Municipality of In\u0111ija","description":"","potentialAction":[{"@type":"SearchAction","target":{"@type":"EntryPoint","urlTemplate":"https:\/\/indjijatravel.rs\/eng\/?s={search_term_string}"},"query-input":"required name=search_term_string"}],"inLanguage":"en-US"}]}},"_links":{"self":[{"href":"https:\/\/indjijatravel.rs\/eng\/wp-json\/wp\/v2\/pages\/196","targetHints":{"allow":["GET"]}}],"collection":[{"href":"https:\/\/indjijatravel.rs\/eng\/wp-json\/wp\/v2\/pages"}],"about":[{"href":"https:\/\/indjijatravel.rs\/eng\/wp-json\/wp\/v2\/types\/page"}],"author":[{"embeddable":true,"href":"https:\/\/indjijatravel.rs\/eng\/wp-json\/wp\/v2\/users\/1"}],"replies":[{"embeddable":true,"href":"https:\/\/indjijatravel.rs\/eng\/wp-json\/wp\/v2\/comments?post=196"}],"version-history":[{"count":2,"href":"https:\/\/indjijatravel.rs\/eng\/wp-json\/wp\/v2\/pages\/196\/revisions"}],"predecessor-version":[{"id":519,"href":"https:\/\/indjijatravel.rs\/eng\/wp-json\/wp\/v2\/pages\/196\/revisions\/519"}],"wp:attachment":[{"href":"https:\/\/indjijatravel.rs\/eng\/wp-json\/wp\/v2\/media?parent=196"}],"curies":[{"name":"wp","href":"https:\/\/api.w.org\/{rel}","templated":true}]}}