{"id":20,"date":"2017-12-12T08:27:03","date_gmt":"2017-12-12T08:27:03","guid":{"rendered":"http:\/\/indjijatravel.rs\/eng\/?page_id=20"},"modified":"2022-10-07T20:54:49","modified_gmt":"2022-10-07T20:54:49","slug":"about-us","status":"publish","type":"page","link":"https:\/\/indjijatravel.rs\/eng\/about-us\/","title":{"rendered":"About us"},"content":{"rendered":"<h5>About us<\/h5>\n<p>The Tourist Organization of the Municipality of In\u0111ija was founded on 15<sup>th<\/sup> April 15 2005, with its headquarters at Cara Du\u0161ana St. 1, In\u0111ija. It deals with the promotion and development of tourism in the municipality of In\u0111ija. In addition to activities on promotion, which is the basic task of tourist organizations, intensive work is being done on infrastructure and other tourism development projects in order to enrich and improve the existing tourist offer.<\/p>\n<p>The business premises of the Tourist Organization are also the main info centre and souvenir shop of the city. During the summer tourist season, an info centre is also available &#8211; a souvenir shop in the pedestrian zone of In\u0111ija and on the quay in Stari Slankamen. Tourist Organization of the Municipality of In\u0111ija manages the tourist complex &#8220;Celtic village&#8221; and gallery &#8220;Adligat&#8221; in In\u0111ija.<\/p>\n","protected":false},"excerpt":{"rendered":"<p>About us The Tourist Organization of the Municipality of In\u0111ija was founded on 15th April 15 2005, with its headquarters at Cara Du\u0161ana St. 1, In\u0111ija. It deals with the promotion and development of tourism in the municipality of In\u0111ija. In addition to activities on promotion, which is the basic task of tourist organizations, intensive [&hellip;]<\/p>\n","protected":false},"author":1,"featured_media":0,"parent":0,"menu_order":0,"comment_status":"closed","ping_status":"closed","template":"","meta":{"_monsterinsights_skip_tracking":false,"_monsterinsights_sitenote_active":false,"_monsterinsights_sitenote_note":"","_monsterinsights_sitenote_category":0,"footnotes":""},"class_list":["post-20","page","type-page","status-publish","hentry","no-thumb"],"yoast_head":"<!-- This site is optimized with the Yoast SEO plugin v19.7.1 - https:\/\/yoast.com\/wordpress\/plugins\/seo\/ -->\n<title>About us - Tourist organization of the Municipality of In\u0111ija<\/title>\n<meta name=\"robots\" content=\"index, follow, max-snippet:-1, max-image-preview:large, max-video-preview:-1\" \/>\n<link rel=\"canonical\" href=\"https:\/\/indjijatravel.rs\/eng\/about-us\/\" \/>\n<meta property=\"og:locale\" content=\"en_US\" \/>\n<meta property=\"og:type\" content=\"article\" \/>\n<meta property=\"og:title\" content=\"About us - Tourist organization of the Municipality of In\u0111ija\" \/>\n<meta property=\"og:description\" content=\"About us The Tourist Organization of the Municipality of In\u0111ija was founded on 15th April 15 2005, with its headquarters at Cara Du\u0161ana St. 1, In\u0111ija. It deals with the promotion and development of tourism in the municipality of In\u0111ija. In addition to activities on promotion, which is the basic task of tourist organizations, intensive [&hellip;]\" \/>\n<meta property=\"og:url\" content=\"https:\/\/indjijatravel.rs\/eng\/about-us\/\" \/>\n<meta property=\"og:site_name\" content=\"Tourist organization of the Municipality of In\u0111ija\" \/>\n<meta property=\"article:modified_time\" content=\"2022-10-07T20:54:49+00:00\" \/>\n<meta name=\"twitter:card\" content=\"summary_large_image\" \/>\n<meta name=\"twitter:label1\" content=\"Est. reading time\" \/>\n\t<meta name=\"twitter:data1\" content=\"1 minute\" \/>\n<script type=\"application\/ld+json\" class=\"yoast-schema-graph\">{\"@context\":\"https:\/\/schema.org\",\"@graph\":[{\"@type\":\"WebPage\",\"@id\":\"https:\/\/indjijatravel.rs\/eng\/about-us\/\",\"url\":\"https:\/\/indjijatravel.rs\/eng\/about-us\/\",\"name\":\"About us - Tourist organization of the Municipality of In\u0111ija\",\"isPartOf\":{\"@id\":\"https:\/\/indjijatravel.rs\/eng\/#website\"},\"datePublished\":\"2017-12-12T08:27:03+00:00\",\"dateModified\":\"2022-10-07T20:54:49+00:00\",\"breadcrumb\":{\"@id\":\"https:\/\/indjijatravel.rs\/eng\/about-us\/#breadcrumb\"},\"inLanguage\":\"en-US\",\"potentialAction\":[{\"@type\":\"ReadAction\",\"target\":[\"https:\/\/indjijatravel.rs\/eng\/about-us\/\"]}]},{\"@type\":\"BreadcrumbList\",\"@id\":\"https:\/\/indjijatravel.rs\/eng\/about-us\/#breadcrumb\",\"itemListElement\":[{\"@type\":\"ListItem\",\"position\":1,\"name\":\"\u041f\u043e\u0447\u0435\u0442\u043d\u0430\",\"item\":\"https:\/\/indjijatravel.rs\/eng\/\"},{\"@type\":\"ListItem\",\"position\":2,\"name\":\"About us\"}]},{\"@type\":\"WebSite\",\"@id\":\"https:\/\/indjijatravel.rs\/eng\/#website\",\"url\":\"https:\/\/indjijatravel.rs\/eng\/\",\"name\":\"Tourist organization of the Municipality of In\u0111ija\",\"description\":\"\",\"potentialAction\":[{\"@type\":\"SearchAction\",\"target\":{\"@type\":\"EntryPoint\",\"urlTemplate\":\"https:\/\/indjijatravel.rs\/eng\/?s={search_term_string}\"},\"query-input\":\"required name=search_term_string\"}],\"inLanguage\":\"en-US\"}]}<\/script>\n<!-- \/ Yoast SEO plugin. -->","yoast_head_json":{"title":"About us - Tourist organization of the Municipality of In\u0111ija","robots":{"index":"index","follow":"follow","max-snippet":"max-snippet:-1","max-image-preview":"max-image-preview:large","max-video-preview":"max-video-preview:-1"},"canonical":"https:\/\/indjijatravel.rs\/eng\/about-us\/","og_locale":"en_US","og_type":"article","og_title":"About us - Tourist organization of the Municipality of In\u0111ija","og_description":"About us The Tourist Organization of the Municipality of In\u0111ija was founded on 15th April 15 2005, with its headquarters at Cara Du\u0161ana St. 1, In\u0111ija. It deals with the promotion and development of tourism in the municipality of In\u0111ija. In addition to activities on promotion, which is the basic task of tourist organizations, intensive [&hellip;]","og_url":"https:\/\/indjijatravel.rs\/eng\/about-us\/","og_site_name":"Tourist organization of the Municipality of In\u0111ija","article_modified_time":"2022-10-07T20:54:49+00:00","twitter_card":"summary_large_image","twitter_misc":{"Est. reading time":"1 minute"},"schema":{"@context":"https:\/\/schema.org","@graph":[{"@type":"WebPage","@id":"https:\/\/indjijatravel.rs\/eng\/about-us\/","url":"https:\/\/indjijatravel.rs\/eng\/about-us\/","name":"About us - Tourist organization of the Municipality of In\u0111ija","isPartOf":{"@id":"https:\/\/indjijatravel.rs\/eng\/#website"},"datePublished":"2017-12-12T08:27:03+00:00","dateModified":"2022-10-07T20:54:49+00:00","breadcrumb":{"@id":"https:\/\/indjijatravel.rs\/eng\/about-us\/#breadcrumb"},"inLanguage":"en-US","potentialAction":[{"@type":"ReadAction","target":["https:\/\/indjijatravel.rs\/eng\/about-us\/"]}]},{"@type":"BreadcrumbList","@id":"https:\/\/indjijatravel.rs\/eng\/about-us\/#breadcrumb","itemListElement":[{"@type":"ListItem","position":1,"name":"\u041f\u043e\u0447\u0435\u0442\u043d\u0430","item":"https:\/\/indjijatravel.rs\/eng\/"},{"@type":"ListItem","position":2,"name":"About us"}]},{"@type":"WebSite","@id":"https:\/\/indjijatravel.rs\/eng\/#website","url":"https:\/\/indjijatravel.rs\/eng\/","name":"Tourist organization of the Municipality of In\u0111ija","description":"","potentialAction":[{"@type":"SearchAction","target":{"@type":"EntryPoint","urlTemplate":"https:\/\/indjijatravel.rs\/eng\/?s={search_term_string}"},"query-input":"required name=search_term_string"}],"inLanguage":"en-US"}]}},"_links":{"self":[{"href":"https:\/\/indjijatravel.rs\/eng\/wp-json\/wp\/v2\/pages\/20","targetHints":{"allow":["GET"]}}],"collection":[{"href":"https:\/\/indjijatravel.rs\/eng\/wp-json\/wp\/v2\/pages"}],"about":[{"href":"https:\/\/indjijatravel.rs\/eng\/wp-json\/wp\/v2\/types\/page"}],"author":[{"embeddable":true,"href":"https:\/\/indjijatravel.rs\/eng\/wp-json\/wp\/v2\/users\/1"}],"replies":[{"embeddable":true,"href":"https:\/\/indjijatravel.rs\/eng\/wp-json\/wp\/v2\/comments?post=20"}],"version-history":[{"count":3,"href":"https:\/\/indjijatravel.rs\/eng\/wp-json\/wp\/v2\/pages\/20\/revisions"}],"predecessor-version":[{"id":547,"href":"https:\/\/indjijatravel.rs\/eng\/wp-json\/wp\/v2\/pages\/20\/revisions\/547"}],"wp:attachment":[{"href":"https:\/\/indjijatravel.rs\/eng\/wp-json\/wp\/v2\/media?parent=20"}],"curies":[{"name":"wp","href":"https:\/\/api.w.org\/{rel}","templated":true}]}}