{"id":206,"date":"2022-10-04T11:36:30","date_gmt":"2022-10-04T11:36:30","guid":{"rendered":"https:\/\/indjijatravel.rs\/eng\/?page_id=206"},"modified":"2022-10-07T04:27:23","modified_gmt":"2022-10-07T04:27:23","slug":"boat-ride","status":"publish","type":"page","link":"https:\/\/indjijatravel.rs\/eng\/boat-ride\/","title":{"rendered":"Boat ride"},"content":{"rendered":"\n<h5 class=\"wp-block-heading\">Boat ride<\/h5>\n\n\n\n<p><a href=\"https:\/\/indjijatravel.rs\/eng\/nature-the-danube-river\/\">The Danube<\/a> flows through the territory of the municipality of In\u0111ija in the length of 27 km. Settlements located near the banks of the river are rich in both natural and cultural-historical attractions. Sightseeing of villages, the banks and the river islands (ada) is possible by bigger and smaller boats. Preserved nature with rich plant and animal species and interesting stories of the Danube fishermen about the river, the fish stock and &#8220;water traffic&#8221;, will fulfil your expectations and give you an unforgettable experience with the desire to return to the nature and the river.<\/p>\n\n\n\n<figure class=\"wp-block-gallery has-nested-images columns-3 is-cropped wp-block-gallery-1 is-layout-flex wp-block-gallery-is-layout-flex\">\n<figure class=\"wp-block-image size-large\"><img loading=\"lazy\" decoding=\"async\" width=\"770\" height=\"490\" data-id=\"488\" src=\"http:\/\/indjijatravel.rs\/eng\/wp-content\/uploads\/sites\/2\/2022\/10\/SON_8801-770x490-1.jpg\" alt=\"\" class=\"wp-image-488\" srcset=\"https:\/\/indjijatravel.rs\/eng\/wp-content\/uploads\/sites\/2\/2022\/10\/SON_8801-770x490-1.jpg 770w, https:\/\/indjijatravel.rs\/eng\/wp-content\/uploads\/sites\/2\/2022\/10\/SON_8801-770x490-1-300x191.jpg 300w, https:\/\/indjijatravel.rs\/eng\/wp-content\/uploads\/sites\/2\/2022\/10\/SON_8801-770x490-1-768x489.jpg 768w\" sizes=\"auto, (max-width: 770px) 100vw, 770px\" \/><\/figure>\n\n\n\n<figure class=\"wp-block-image size-large\"><img loading=\"lazy\" decoding=\"async\" width=\"770\" height=\"490\" data-id=\"485\" src=\"http:\/\/indjijatravel.rs\/eng\/wp-content\/uploads\/sites\/2\/2022\/10\/5-770x490-2.jpg\" alt=\"\" class=\"wp-image-485\" srcset=\"https:\/\/indjijatravel.rs\/eng\/wp-content\/uploads\/sites\/2\/2022\/10\/5-770x490-2.jpg 770w, https:\/\/indjijatravel.rs\/eng\/wp-content\/uploads\/sites\/2\/2022\/10\/5-770x490-2-300x191.jpg 300w, https:\/\/indjijatravel.rs\/eng\/wp-content\/uploads\/sites\/2\/2022\/10\/5-770x490-2-768x489.jpg 768w\" sizes=\"auto, (max-width: 770px) 100vw, 770px\" \/><\/figure>\n\n\n\n<figure class=\"wp-block-image size-large\"><img loading=\"lazy\" decoding=\"async\" width=\"770\" height=\"490\" data-id=\"489\" src=\"http:\/\/indjijatravel.rs\/eng\/wp-content\/uploads\/sites\/2\/2022\/10\/SON_8824-770x490-1.jpg\" alt=\"\" class=\"wp-image-489\" srcset=\"https:\/\/indjijatravel.rs\/eng\/wp-content\/uploads\/sites\/2\/2022\/10\/SON_8824-770x490-1.jpg 770w, https:\/\/indjijatravel.rs\/eng\/wp-content\/uploads\/sites\/2\/2022\/10\/SON_8824-770x490-1-300x191.jpg 300w, https:\/\/indjijatravel.rs\/eng\/wp-content\/uploads\/sites\/2\/2022\/10\/SON_8824-770x490-1-768x489.jpg 768w\" sizes=\"auto, (max-width: 770px) 100vw, 770px\" \/><\/figure>\n\n\n\n<figure class=\"wp-block-image size-large\"><img loading=\"lazy\" decoding=\"async\" width=\"770\" height=\"490\" data-id=\"486\" src=\"http:\/\/indjijatravel.rs\/eng\/wp-content\/uploads\/sites\/2\/2022\/10\/38023134_2111608955760759_8259224974951186432_o-770x490-1.jpg\" alt=\"\" class=\"wp-image-486\" srcset=\"https:\/\/indjijatravel.rs\/eng\/wp-content\/uploads\/sites\/2\/2022\/10\/38023134_2111608955760759_8259224974951186432_o-770x490-1.jpg 770w, https:\/\/indjijatravel.rs\/eng\/wp-content\/uploads\/sites\/2\/2022\/10\/38023134_2111608955760759_8259224974951186432_o-770x490-1-300x191.jpg 300w, https:\/\/indjijatravel.rs\/eng\/wp-content\/uploads\/sites\/2\/2022\/10\/38023134_2111608955760759_8259224974951186432_o-770x490-1-768x489.jpg 768w\" sizes=\"auto, (max-width: 770px) 100vw, 770px\" \/><\/figure>\n\n\n\n<figure class=\"wp-block-image size-large\"><img loading=\"lazy\" decoding=\"async\" width=\"770\" height=\"490\" data-id=\"487\" src=\"http:\/\/indjijatravel.rs\/eng\/wp-content\/uploads\/sites\/2\/2022\/10\/Dunavom-do-Krcedinske-ade-3-770x490-1.jpg\" alt=\"\" class=\"wp-image-487\" srcset=\"https:\/\/indjijatravel.rs\/eng\/wp-content\/uploads\/sites\/2\/2022\/10\/Dunavom-do-Krcedinske-ade-3-770x490-1.jpg 770w, https:\/\/indjijatravel.rs\/eng\/wp-content\/uploads\/sites\/2\/2022\/10\/Dunavom-do-Krcedinske-ade-3-770x490-1-300x191.jpg 300w, https:\/\/indjijatravel.rs\/eng\/wp-content\/uploads\/sites\/2\/2022\/10\/Dunavom-do-Krcedinske-ade-3-770x490-1-768x489.jpg 768w\" sizes=\"auto, (max-width: 770px) 100vw, 770px\" \/><\/figure>\n<\/figure>\n\n\n\n<p><\/p>\n\n\n\n<p><strong>Panoramic view of Stari Slankamen from the water, tour of the confluence of the Tisza and the Danube<\/strong><\/p>\n\n\n\n<p>&#8211; Marina in Stari Slankamen &#8211; Association of Boaters &#8220;Stari Slankamen&#8221;, contact: 063 175 28 17<br>&#8211; Old Marina in Stari Slankamen &#8211; Association of the Danube Lovers &#8220;Mika Alas&#8221;, contact: 063 814 84 81<\/p>\n\n\n\n<p><strong>Sailing along the Danube near Be\u0161ka and Kr\u010dedin, with the possibility of visiting Kr\u010dedinska ada<\/strong><\/p>\n\n\n\n<p>&#8211; the Danube bank near Be\u0161ka &#8211; pier of the restaurant &#8220;Sidro&#8221;, contact: 064 264 73 94<\/p>\n","protected":false},"excerpt":{"rendered":"<p>Boat ride The Danube flows through the territory of the municipality of In\u0111ija in the length of 27 km. Settlements located near the banks of the river are rich in both natural and cultural-historical attractions. Sightseeing of villages, the banks and the river islands (ada) is possible by bigger and smaller boats. Preserved nature with [&hellip;]<\/p>\n","protected":false},"author":1,"featured_media":0,"parent":0,"menu_order":0,"comment_status":"closed","ping_status":"closed","template":"","meta":{"_monsterinsights_skip_tracking":false,"_monsterinsights_sitenote_active":false,"_monsterinsights_sitenote_note":"","_monsterinsights_sitenote_category":0,"footnotes":""},"class_list":["post-206","page","type-page","status-publish","hentry","no-thumb"],"yoast_head":"<!-- This site is optimized with the Yoast SEO plugin v19.7.1 - https:\/\/yoast.com\/wordpress\/plugins\/seo\/ -->\n<title>Boat ride - Tourist organization of the Municipality of In\u0111ija<\/title>\n<meta name=\"description\" content=\"The Danube flows through the territory of the municipality of In\u0111ija in the length of 27 km. Settlements located near the banks of the ...\" \/>\n<meta name=\"robots\" content=\"index, follow, max-snippet:-1, max-image-preview:large, max-video-preview:-1\" \/>\n<link rel=\"canonical\" href=\"https:\/\/indjijatravel.rs\/eng\/boat-ride\/\" \/>\n<meta property=\"og:locale\" content=\"en_US\" \/>\n<meta property=\"og:type\" content=\"article\" \/>\n<meta property=\"og:title\" content=\"Boat ride - Tourist organization of the Municipality of In\u0111ija\" \/>\n<meta property=\"og:description\" content=\"The Danube flows through the territory of the municipality of In\u0111ija in the length of 27 km. Settlements located near the banks of the ...\" \/>\n<meta property=\"og:url\" content=\"https:\/\/indjijatravel.rs\/eng\/boat-ride\/\" \/>\n<meta property=\"og:site_name\" content=\"Tourist organization of the Municipality of In\u0111ija\" \/>\n<meta property=\"article:modified_time\" content=\"2022-10-07T04:27:23+00:00\" \/>\n<meta property=\"og:image\" content=\"http:\/\/indjijatravel.rs\/eng\/wp-content\/uploads\/sites\/2\/2022\/10\/SON_8801-770x490-1.jpg\" \/>\n<meta name=\"twitter:card\" content=\"summary_large_image\" \/>\n<meta name=\"twitter:label1\" content=\"Est. reading time\" \/>\n\t<meta name=\"twitter:data1\" content=\"2 minutes\" \/>\n<script type=\"application\/ld+json\" class=\"yoast-schema-graph\">{\"@context\":\"https:\/\/schema.org\",\"@graph\":[{\"@type\":\"WebPage\",\"@id\":\"https:\/\/indjijatravel.rs\/eng\/boat-ride\/\",\"url\":\"https:\/\/indjijatravel.rs\/eng\/boat-ride\/\",\"name\":\"Boat ride - Tourist organization of the Municipality of In\u0111ija\",\"isPartOf\":{\"@id\":\"https:\/\/indjijatravel.rs\/eng\/#website\"},\"datePublished\":\"2022-10-04T11:36:30+00:00\",\"dateModified\":\"2022-10-07T04:27:23+00:00\",\"description\":\"The Danube flows through the territory of the municipality of In\u0111ija in the length of 27 km. Settlements located near the banks of the ...\",\"breadcrumb\":{\"@id\":\"https:\/\/indjijatravel.rs\/eng\/boat-ride\/#breadcrumb\"},\"inLanguage\":\"en-US\",\"potentialAction\":[{\"@type\":\"ReadAction\",\"target\":[\"https:\/\/indjijatravel.rs\/eng\/boat-ride\/\"]}]},{\"@type\":\"BreadcrumbList\",\"@id\":\"https:\/\/indjijatravel.rs\/eng\/boat-ride\/#breadcrumb\",\"itemListElement\":[{\"@type\":\"ListItem\",\"position\":1,\"name\":\"\u041f\u043e\u0447\u0435\u0442\u043d\u0430\",\"item\":\"https:\/\/indjijatravel.rs\/eng\/\"},{\"@type\":\"ListItem\",\"position\":2,\"name\":\"Boat ride\"}]},{\"@type\":\"WebSite\",\"@id\":\"https:\/\/indjijatravel.rs\/eng\/#website\",\"url\":\"https:\/\/indjijatravel.rs\/eng\/\",\"name\":\"Tourist organization of the Municipality of In\u0111ija\",\"description\":\"\",\"potentialAction\":[{\"@type\":\"SearchAction\",\"target\":{\"@type\":\"EntryPoint\",\"urlTemplate\":\"https:\/\/indjijatravel.rs\/eng\/?s={search_term_string}\"},\"query-input\":\"required name=search_term_string\"}],\"inLanguage\":\"en-US\"}]}<\/script>\n<!-- \/ Yoast SEO plugin. -->","yoast_head_json":{"title":"Boat ride - Tourist organization of the Municipality of In\u0111ija","description":"The Danube flows through the territory of the municipality of In\u0111ija in the length of 27 km. Settlements located near the banks of the ...","robots":{"index":"index","follow":"follow","max-snippet":"max-snippet:-1","max-image-preview":"max-image-preview:large","max-video-preview":"max-video-preview:-1"},"canonical":"https:\/\/indjijatravel.rs\/eng\/boat-ride\/","og_locale":"en_US","og_type":"article","og_title":"Boat ride - Tourist organization of the Municipality of In\u0111ija","og_description":"The Danube flows through the territory of the municipality of In\u0111ija in the length of 27 km. Settlements located near the banks of the ...","og_url":"https:\/\/indjijatravel.rs\/eng\/boat-ride\/","og_site_name":"Tourist organization of the Municipality of In\u0111ija","article_modified_time":"2022-10-07T04:27:23+00:00","og_image":[{"url":"http:\/\/indjijatravel.rs\/eng\/wp-content\/uploads\/sites\/2\/2022\/10\/SON_8801-770x490-1.jpg"}],"twitter_card":"summary_large_image","twitter_misc":{"Est. reading time":"2 minutes"},"schema":{"@context":"https:\/\/schema.org","@graph":[{"@type":"WebPage","@id":"https:\/\/indjijatravel.rs\/eng\/boat-ride\/","url":"https:\/\/indjijatravel.rs\/eng\/boat-ride\/","name":"Boat ride - Tourist organization of the Municipality of In\u0111ija","isPartOf":{"@id":"https:\/\/indjijatravel.rs\/eng\/#website"},"datePublished":"2022-10-04T11:36:30+00:00","dateModified":"2022-10-07T04:27:23+00:00","description":"The Danube flows through the territory of the municipality of In\u0111ija in the length of 27 km. Settlements located near the banks of the ...","breadcrumb":{"@id":"https:\/\/indjijatravel.rs\/eng\/boat-ride\/#breadcrumb"},"inLanguage":"en-US","potentialAction":[{"@type":"ReadAction","target":["https:\/\/indjijatravel.rs\/eng\/boat-ride\/"]}]},{"@type":"BreadcrumbList","@id":"https:\/\/indjijatravel.rs\/eng\/boat-ride\/#breadcrumb","itemListElement":[{"@type":"ListItem","position":1,"name":"\u041f\u043e\u0447\u0435\u0442\u043d\u0430","item":"https:\/\/indjijatravel.rs\/eng\/"},{"@type":"ListItem","position":2,"name":"Boat ride"}]},{"@type":"WebSite","@id":"https:\/\/indjijatravel.rs\/eng\/#website","url":"https:\/\/indjijatravel.rs\/eng\/","name":"Tourist organization of the Municipality of In\u0111ija","description":"","potentialAction":[{"@type":"SearchAction","target":{"@type":"EntryPoint","urlTemplate":"https:\/\/indjijatravel.rs\/eng\/?s={search_term_string}"},"query-input":"required name=search_term_string"}],"inLanguage":"en-US"}]}},"_links":{"self":[{"href":"https:\/\/indjijatravel.rs\/eng\/wp-json\/wp\/v2\/pages\/206","targetHints":{"allow":["GET"]}}],"collection":[{"href":"https:\/\/indjijatravel.rs\/eng\/wp-json\/wp\/v2\/pages"}],"about":[{"href":"https:\/\/indjijatravel.rs\/eng\/wp-json\/wp\/v2\/types\/page"}],"author":[{"embeddable":true,"href":"https:\/\/indjijatravel.rs\/eng\/wp-json\/wp\/v2\/users\/1"}],"replies":[{"embeddable":true,"href":"https:\/\/indjijatravel.rs\/eng\/wp-json\/wp\/v2\/comments?post=206"}],"version-history":[{"count":4,"href":"https:\/\/indjijatravel.rs\/eng\/wp-json\/wp\/v2\/pages\/206\/revisions"}],"predecessor-version":[{"id":490,"href":"https:\/\/indjijatravel.rs\/eng\/wp-json\/wp\/v2\/pages\/206\/revisions\/490"}],"wp:attachment":[{"href":"https:\/\/indjijatravel.rs\/eng\/wp-json\/wp\/v2\/media?parent=206"}],"curies":[{"name":"wp","href":"https:\/\/api.w.org\/{rel}","templated":true}]}}