{"id":210,"date":"2022-10-04T11:42:14","date_gmt":"2022-10-04T11:42:14","guid":{"rendered":"https:\/\/indjijatravel.rs\/eng\/?page_id=210"},"modified":"2022-10-04T11:43:04","modified_gmt":"2022-10-04T11:43:04","slug":"tour-recommendations","status":"publish","type":"page","link":"https:\/\/indjijatravel.rs\/eng\/tour-recommendations\/","title":{"rendered":"Tour recommendations"},"content":{"rendered":"\n<h5 class=\"wp-block-heading\">Tour recommendations<\/h5>\n\n\n\n<p>The Tourist Organization of the Municipality of In\u0111ija recommends the following tourist facilities:<\/p>\n\n\n\n<ul class=\"wp-block-list\"><li>River cruises: a visit to Kr\u010dedinska ada, taking photos of animals, a picnic in the ambience of unspoilt nature or a panoramic tour of Stari Slankamen from the water and a tour of the confluence of the Tisza and the Danube, where, according to the legend, Attila the Hun was buried.<\/li><li>Tour of the Monument to the Battle of Slankamen<\/li><li>Enjoying the union of the national park Fru\u0161ka Gora and the banks of the Danube in the forest of \u010cortanovci<\/li><li>Lunch at one of our isolated farms (sala\u0161) or restaurants on the banks of the Danube<\/li><li>Visit to some of the wineries in the rich offer of the municipality of In\u0111ija<\/li><li>Visit to the theme tourist complex &#8220;Celtic Village&#8221; in In\u0111ija<\/li><li>A tour of the monument to Milunka Savi\u0107 in In\u0111ija, the zoo-park &#8220;Koki&#8221;, enjoying a walk by the lake or swimming in the city pool with slides<\/li><li>A walk through the pedestrian zone of In\u0111ija, coffee in one of the caf\u00e9s under the canopy of century-old linden trees<\/li><li>Visit to the Adligat Gallery in In\u0111ija<\/li><li>Shopping in &#8220;BIG Fashion Park&#8221; outlet centre<\/li><\/ul>\n","protected":false},"excerpt":{"rendered":"<p>Tour recommendations The Tourist Organization of the Municipality of In\u0111ija recommends the following tourist facilities: River cruises: a visit to Kr\u010dedinska ada, taking photos of animals, a picnic in the ambience of unspoilt nature or a panoramic tour of Stari Slankamen from the water and a tour of the confluence of the Tisza and the [&hellip;]<\/p>\n","protected":false},"author":1,"featured_media":0,"parent":0,"menu_order":0,"comment_status":"closed","ping_status":"closed","template":"","meta":{"_monsterinsights_skip_tracking":false,"_monsterinsights_sitenote_active":false,"_monsterinsights_sitenote_note":"","_monsterinsights_sitenote_category":0,"footnotes":""},"class_list":["post-210","page","type-page","status-publish","hentry","no-thumb"],"yoast_head":"<!-- This site is optimized with the Yoast SEO plugin v19.7.1 - https:\/\/yoast.com\/wordpress\/plugins\/seo\/ -->\n<title>Tour recommendations - Tourist organization of the Municipality of In\u0111ija<\/title>\n<meta name=\"description\" content=\"The Tourist Organization of the Municipality of In\u0111ija recommends the following tourist facilities: River cruises: a visit to Kr\u010dedinska ...\" \/>\n<meta name=\"robots\" content=\"index, follow, max-snippet:-1, max-image-preview:large, max-video-preview:-1\" \/>\n<link rel=\"canonical\" href=\"https:\/\/indjijatravel.rs\/eng\/tour-recommendations\/\" \/>\n<meta property=\"og:locale\" content=\"en_US\" \/>\n<meta property=\"og:type\" content=\"article\" \/>\n<meta property=\"og:title\" content=\"Tour recommendations - Tourist organization of the Municipality of In\u0111ija\" \/>\n<meta property=\"og:description\" content=\"The Tourist Organization of the Municipality of In\u0111ija recommends the following tourist facilities: River cruises: a visit to Kr\u010dedinska ...\" \/>\n<meta property=\"og:url\" content=\"https:\/\/indjijatravel.rs\/eng\/tour-recommendations\/\" \/>\n<meta property=\"og:site_name\" content=\"Tourist organization of the Municipality of In\u0111ija\" \/>\n<meta property=\"article:modified_time\" content=\"2022-10-04T11:43:04+00:00\" \/>\n<meta name=\"twitter:card\" content=\"summary_large_image\" \/>\n<meta name=\"twitter:label1\" content=\"Est. reading time\" \/>\n\t<meta name=\"twitter:data1\" content=\"1 minute\" \/>\n<script type=\"application\/ld+json\" class=\"yoast-schema-graph\">{\"@context\":\"https:\/\/schema.org\",\"@graph\":[{\"@type\":\"WebPage\",\"@id\":\"https:\/\/indjijatravel.rs\/eng\/tour-recommendations\/\",\"url\":\"https:\/\/indjijatravel.rs\/eng\/tour-recommendations\/\",\"name\":\"Tour recommendations - Tourist organization of the Municipality of In\u0111ija\",\"isPartOf\":{\"@id\":\"https:\/\/indjijatravel.rs\/eng\/#website\"},\"datePublished\":\"2022-10-04T11:42:14+00:00\",\"dateModified\":\"2022-10-04T11:43:04+00:00\",\"description\":\"The Tourist Organization of the Municipality of In\u0111ija recommends the following tourist facilities: River cruises: a visit to Kr\u010dedinska ...\",\"breadcrumb\":{\"@id\":\"https:\/\/indjijatravel.rs\/eng\/tour-recommendations\/#breadcrumb\"},\"inLanguage\":\"en-US\",\"potentialAction\":[{\"@type\":\"ReadAction\",\"target\":[\"https:\/\/indjijatravel.rs\/eng\/tour-recommendations\/\"]}]},{\"@type\":\"BreadcrumbList\",\"@id\":\"https:\/\/indjijatravel.rs\/eng\/tour-recommendations\/#breadcrumb\",\"itemListElement\":[{\"@type\":\"ListItem\",\"position\":1,\"name\":\"\u041f\u043e\u0447\u0435\u0442\u043d\u0430\",\"item\":\"https:\/\/indjijatravel.rs\/eng\/\"},{\"@type\":\"ListItem\",\"position\":2,\"name\":\"Tour recommendations\"}]},{\"@type\":\"WebSite\",\"@id\":\"https:\/\/indjijatravel.rs\/eng\/#website\",\"url\":\"https:\/\/indjijatravel.rs\/eng\/\",\"name\":\"Tourist organization of the Municipality of In\u0111ija\",\"description\":\"\",\"potentialAction\":[{\"@type\":\"SearchAction\",\"target\":{\"@type\":\"EntryPoint\",\"urlTemplate\":\"https:\/\/indjijatravel.rs\/eng\/?s={search_term_string}\"},\"query-input\":\"required name=search_term_string\"}],\"inLanguage\":\"en-US\"}]}<\/script>\n<!-- \/ Yoast SEO plugin. -->","yoast_head_json":{"title":"Tour recommendations - Tourist organization of the Municipality of In\u0111ija","description":"The Tourist Organization of the Municipality of In\u0111ija recommends the following tourist facilities: River cruises: a visit to Kr\u010dedinska ...","robots":{"index":"index","follow":"follow","max-snippet":"max-snippet:-1","max-image-preview":"max-image-preview:large","max-video-preview":"max-video-preview:-1"},"canonical":"https:\/\/indjijatravel.rs\/eng\/tour-recommendations\/","og_locale":"en_US","og_type":"article","og_title":"Tour recommendations - Tourist organization of the Municipality of In\u0111ija","og_description":"The Tourist Organization of the Municipality of In\u0111ija recommends the following tourist facilities: River cruises: a visit to Kr\u010dedinska ...","og_url":"https:\/\/indjijatravel.rs\/eng\/tour-recommendations\/","og_site_name":"Tourist organization of the Municipality of In\u0111ija","article_modified_time":"2022-10-04T11:43:04+00:00","twitter_card":"summary_large_image","twitter_misc":{"Est. reading time":"1 minute"},"schema":{"@context":"https:\/\/schema.org","@graph":[{"@type":"WebPage","@id":"https:\/\/indjijatravel.rs\/eng\/tour-recommendations\/","url":"https:\/\/indjijatravel.rs\/eng\/tour-recommendations\/","name":"Tour recommendations - Tourist organization of the Municipality of In\u0111ija","isPartOf":{"@id":"https:\/\/indjijatravel.rs\/eng\/#website"},"datePublished":"2022-10-04T11:42:14+00:00","dateModified":"2022-10-04T11:43:04+00:00","description":"The Tourist Organization of the Municipality of In\u0111ija recommends the following tourist facilities: River cruises: a visit to Kr\u010dedinska ...","breadcrumb":{"@id":"https:\/\/indjijatravel.rs\/eng\/tour-recommendations\/#breadcrumb"},"inLanguage":"en-US","potentialAction":[{"@type":"ReadAction","target":["https:\/\/indjijatravel.rs\/eng\/tour-recommendations\/"]}]},{"@type":"BreadcrumbList","@id":"https:\/\/indjijatravel.rs\/eng\/tour-recommendations\/#breadcrumb","itemListElement":[{"@type":"ListItem","position":1,"name":"\u041f\u043e\u0447\u0435\u0442\u043d\u0430","item":"https:\/\/indjijatravel.rs\/eng\/"},{"@type":"ListItem","position":2,"name":"Tour recommendations"}]},{"@type":"WebSite","@id":"https:\/\/indjijatravel.rs\/eng\/#website","url":"https:\/\/indjijatravel.rs\/eng\/","name":"Tourist organization of the Municipality of In\u0111ija","description":"","potentialAction":[{"@type":"SearchAction","target":{"@type":"EntryPoint","urlTemplate":"https:\/\/indjijatravel.rs\/eng\/?s={search_term_string}"},"query-input":"required name=search_term_string"}],"inLanguage":"en-US"}]}},"_links":{"self":[{"href":"https:\/\/indjijatravel.rs\/eng\/wp-json\/wp\/v2\/pages\/210","targetHints":{"allow":["GET"]}}],"collection":[{"href":"https:\/\/indjijatravel.rs\/eng\/wp-json\/wp\/v2\/pages"}],"about":[{"href":"https:\/\/indjijatravel.rs\/eng\/wp-json\/wp\/v2\/types\/page"}],"author":[{"embeddable":true,"href":"https:\/\/indjijatravel.rs\/eng\/wp-json\/wp\/v2\/users\/1"}],"replies":[{"embeddable":true,"href":"https:\/\/indjijatravel.rs\/eng\/wp-json\/wp\/v2\/comments?post=210"}],"version-history":[{"count":2,"href":"https:\/\/indjijatravel.rs\/eng\/wp-json\/wp\/v2\/pages\/210\/revisions"}],"predecessor-version":[{"id":212,"href":"https:\/\/indjijatravel.rs\/eng\/wp-json\/wp\/v2\/pages\/210\/revisions\/212"}],"wp:attachment":[{"href":"https:\/\/indjijatravel.rs\/eng\/wp-json\/wp\/v2\/media?parent=210"}],"curies":[{"name":"wp","href":"https:\/\/api.w.org\/{rel}","templated":true}]}}