{"id":213,"date":"2022-10-04T11:55:01","date_gmt":"2022-10-04T11:55:01","guid":{"rendered":"https:\/\/indjijatravel.rs\/eng\/?page_id=213"},"modified":"2022-10-07T04:20:58","modified_gmt":"2022-10-07T04:20:58","slug":"cycling","status":"publish","type":"page","link":"https:\/\/indjijatravel.rs\/eng\/cycling\/","title":{"rendered":"Cycling"},"content":{"rendered":"\n<h5 class=\"wp-block-heading\">Cycling<\/h5>\n\n\n\n<h5 class=\"wp-block-heading\">EuroVelo 6<\/h5>\n\n\n\n<p>The trans-European cycling route EuroVelo 6, which connects the Atlantic with the Black Sea, passes through one of the most beautiful parts of Serbia. The route through Serbia, which stretches from Ba\u010dki Breg to Bregovo, is divided into seven stages. The fourth stage, Novi Sad &#8211; Belgrade (96 km long), passes through the territory of the municipality of In\u0111ija &#8211; from \u010cortanovci through Beska, Kr\u010dedin, then past Slankamena\u010dki Vinogradi to Stari Slankamen and onward towards Surduk.<\/p>\n\n\n\n<p>The route leads along the peripheral part of Fru\u0161ka Gora, an area where the wooded landscapes of the national park alternate with the Srem plain, orchards and vineyards. Along the trail there are a number of vantage points with a beautiful view of the Danube and the surrounding area.<\/p>\n\n\n\n<p>By turning from this route to the interesting settlements of the municipality of In\u0111ija, tourists can enjoy the natural wonders of the Danube banks, get to know the tradition of this area but also the modern spirit of the city of In\u0111ija, the centre of one of the most developed municipalities in Serbia.<\/p>\n\n\n\n<p>Features of the route through the municipality of In\u0111ija:<br>Length: 26 km<br>Altitude: 154 m<br>Trail quality: good<\/p>\n\n\n\n<p><strong>REST AREA FOR CYCLISTS IN BE\u0160KA<\/strong><\/p>\n\n\n\n<p>On the trans-European bicycle route EuroVelo 6, which connects the Atlantic Ocean and the Black Sea and which passes through the territory of the municipality of In\u0111ija, a rest area for cyclists was set up in Be\u0161ka in 2012. At the entrance to the settlement from the direction of Novi Sad and \u010cortanovci, tourists can take a break on an organized area, get fresh drinking water, connect to a free wifi network and plan their journey with the help of information and maps on information boards.<\/p>\n\n\n\n<p>The rest area for cyclists is at the same time a small village square and a park of friendship between Be\u0161ka and the partner settlement Karlshuld (Germany) and is therefore called Karlshuld Park. The partnership agreement between Be\u0161ka and this Bavarian town was signed in 2010.<\/p>\n\n\n\n<figure class=\"wp-block-gallery has-nested-images columns-3 is-cropped wp-block-gallery-1 is-layout-flex wp-block-gallery-is-layout-flex\">\n<figure class=\"wp-block-image size-large\"><img loading=\"lazy\" decoding=\"async\" width=\"770\" height=\"490\" data-id=\"479\" src=\"http:\/\/indjijatravel.rs\/eng\/wp-content\/uploads\/sites\/2\/2022\/10\/DSC_9276-770x490-1.jpg\" alt=\"\" class=\"wp-image-479\" srcset=\"https:\/\/indjijatravel.rs\/eng\/wp-content\/uploads\/sites\/2\/2022\/10\/DSC_9276-770x490-1.jpg 770w, https:\/\/indjijatravel.rs\/eng\/wp-content\/uploads\/sites\/2\/2022\/10\/DSC_9276-770x490-1-300x191.jpg 300w, https:\/\/indjijatravel.rs\/eng\/wp-content\/uploads\/sites\/2\/2022\/10\/DSC_9276-770x490-1-768x489.jpg 768w\" sizes=\"auto, (max-width: 770px) 100vw, 770px\" \/><\/figure>\n\n\n\n<figure class=\"wp-block-image size-large\"><img loading=\"lazy\" decoding=\"async\" width=\"770\" height=\"490\" data-id=\"477\" src=\"http:\/\/indjijatravel.rs\/eng\/wp-content\/uploads\/sites\/2\/2022\/10\/DSC_9268-1-770x490-1.jpg\" alt=\"\" class=\"wp-image-477\" srcset=\"https:\/\/indjijatravel.rs\/eng\/wp-content\/uploads\/sites\/2\/2022\/10\/DSC_9268-1-770x490-1.jpg 770w, https:\/\/indjijatravel.rs\/eng\/wp-content\/uploads\/sites\/2\/2022\/10\/DSC_9268-1-770x490-1-300x191.jpg 300w, https:\/\/indjijatravel.rs\/eng\/wp-content\/uploads\/sites\/2\/2022\/10\/DSC_9268-1-770x490-1-768x489.jpg 768w\" sizes=\"auto, (max-width: 770px) 100vw, 770px\" \/><\/figure>\n\n\n\n<figure class=\"wp-block-image size-large\"><img loading=\"lazy\" decoding=\"async\" width=\"770\" height=\"490\" data-id=\"480\" src=\"http:\/\/indjijatravel.rs\/eng\/wp-content\/uploads\/sites\/2\/2022\/10\/DSC_9277-770x490-1.jpg\" alt=\"\" class=\"wp-image-480\" srcset=\"https:\/\/indjijatravel.rs\/eng\/wp-content\/uploads\/sites\/2\/2022\/10\/DSC_9277-770x490-1.jpg 770w, https:\/\/indjijatravel.rs\/eng\/wp-content\/uploads\/sites\/2\/2022\/10\/DSC_9277-770x490-1-300x191.jpg 300w, https:\/\/indjijatravel.rs\/eng\/wp-content\/uploads\/sites\/2\/2022\/10\/DSC_9277-770x490-1-768x489.jpg 768w\" sizes=\"auto, (max-width: 770px) 100vw, 770px\" \/><\/figure>\n\n\n\n<figure class=\"wp-block-image size-large\"><img loading=\"lazy\" decoding=\"async\" width=\"770\" height=\"490\" data-id=\"478\" src=\"http:\/\/indjijatravel.rs\/eng\/wp-content\/uploads\/sites\/2\/2022\/10\/DSC_9272-770x490-1.jpg\" alt=\"\" class=\"wp-image-478\" srcset=\"https:\/\/indjijatravel.rs\/eng\/wp-content\/uploads\/sites\/2\/2022\/10\/DSC_9272-770x490-1.jpg 770w, https:\/\/indjijatravel.rs\/eng\/wp-content\/uploads\/sites\/2\/2022\/10\/DSC_9272-770x490-1-300x191.jpg 300w, https:\/\/indjijatravel.rs\/eng\/wp-content\/uploads\/sites\/2\/2022\/10\/DSC_9272-770x490-1-768x489.jpg 768w\" sizes=\"auto, (max-width: 770px) 100vw, 770px\" \/><\/figure>\n<\/figure>\n\n\n\n<h5 class=\"wp-block-heading\">&nbsp;<\/h5>\n\n\n\n<p><strong>LAKE CYCLING ROUTE<\/strong><\/p>\n\n\n\n<p>The lake cycling route is a route that connects all lakes in the territory of eastern Srem. It covers the territory of the municipalities of Ruma, Irig and In\u0111ija next to the following lakes: Pavlova\u010dko, Borkova\u010dko, Bankova\u010dko (Me\u0111e\u0161), Dobrodol and Jarkovci. It covers the area between the Sava cycling route and the Srem route, with which it is connected by the Monastery route. The length of the lake cycling route is 155 km.<\/p>\n\n\n\n<p>In the territory of the municipality of In\u0111ija, the lake route passes through Ljukovo, then along Lake of Jarkovci all the way to Maradik. The turn for Lake Jarkovci is also marked, as well as the path that leads around the lake. The route uses the existing asphalt road and partially a country road which is in good condition.<\/p>\n\n\n\n<p>More detailed information on Srem&#8217;s cycling routes can be found on the website <a href=\"http:\/\/www.srembike.rs\" target=\"_blank\" rel=\"noopener\">www.srembike.rs<\/a> &nbsp;&nbsp;<\/p>\n\n\n\n<figure class=\"wp-block-gallery has-nested-images columns-3 is-cropped wp-block-gallery-2 is-layout-flex wp-block-gallery-is-layout-flex\">\n<figure class=\"wp-block-image size-large\"><img loading=\"lazy\" decoding=\"async\" width=\"770\" height=\"490\" data-id=\"475\" src=\"http:\/\/indjijatravel.rs\/eng\/wp-content\/uploads\/sites\/2\/2022\/10\/znak-jezerska-ruta.jpg\" alt=\"\" class=\"wp-image-475\" srcset=\"https:\/\/indjijatravel.rs\/eng\/wp-content\/uploads\/sites\/2\/2022\/10\/znak-jezerska-ruta.jpg 770w, https:\/\/indjijatravel.rs\/eng\/wp-content\/uploads\/sites\/2\/2022\/10\/znak-jezerska-ruta-300x191.jpg 300w, https:\/\/indjijatravel.rs\/eng\/wp-content\/uploads\/sites\/2\/2022\/10\/znak-jezerska-ruta-768x489.jpg 768w\" sizes=\"auto, (max-width: 770px) 100vw, 770px\" \/><\/figure>\n<\/figure>\n","protected":false},"excerpt":{"rendered":"<p>Cycling EuroVelo 6 The trans-European cycling route EuroVelo 6, which connects the Atlantic with the Black Sea, passes through one of the most beautiful parts of Serbia. The route through Serbia, which stretches from Ba\u010dki Breg to Bregovo, is divided into seven stages. The fourth stage, Novi Sad &#8211; Belgrade (96 km long), passes through [&hellip;]<\/p>\n","protected":false},"author":1,"featured_media":0,"parent":0,"menu_order":0,"comment_status":"closed","ping_status":"closed","template":"","meta":{"_monsterinsights_skip_tracking":false,"_monsterinsights_sitenote_active":false,"_monsterinsights_sitenote_note":"","_monsterinsights_sitenote_category":0,"footnotes":""},"class_list":["post-213","page","type-page","status-publish","hentry","no-thumb"],"yoast_head":"<!-- This site is optimized with the Yoast SEO plugin v19.7.1 - https:\/\/yoast.com\/wordpress\/plugins\/seo\/ -->\n<title>Cycling - Tourist organization of the Municipality of In\u0111ija<\/title>\n<meta name=\"description\" content=\"The trans-European cycling route EuroVelo 6, which connects the Atlantic with the Black Sea, passes through one of the most beautiful parts ..\" \/>\n<meta name=\"robots\" content=\"index, follow, max-snippet:-1, max-image-preview:large, max-video-preview:-1\" \/>\n<link rel=\"canonical\" href=\"https:\/\/indjijatravel.rs\/eng\/cycling\/\" \/>\n<meta property=\"og:locale\" content=\"en_US\" \/>\n<meta property=\"og:type\" content=\"article\" \/>\n<meta property=\"og:title\" content=\"Cycling - Tourist organization of the Municipality of In\u0111ija\" \/>\n<meta property=\"og:description\" content=\"The trans-European cycling route EuroVelo 6, which connects the Atlantic with the Black Sea, passes through one of the most beautiful parts ..\" \/>\n<meta property=\"og:url\" content=\"https:\/\/indjijatravel.rs\/eng\/cycling\/\" \/>\n<meta property=\"og:site_name\" content=\"Tourist organization of the Municipality of In\u0111ija\" \/>\n<meta property=\"article:modified_time\" content=\"2022-10-07T04:20:58+00:00\" \/>\n<meta property=\"og:image\" content=\"http:\/\/indjijatravel.rs\/eng\/wp-content\/uploads\/sites\/2\/2022\/10\/DSC_9276-770x490-1.jpg\" \/>\n<meta name=\"twitter:card\" content=\"summary_large_image\" \/>\n<meta name=\"twitter:label1\" content=\"Est. reading time\" \/>\n\t<meta name=\"twitter:data1\" content=\"4 minutes\" \/>\n<script type=\"application\/ld+json\" class=\"yoast-schema-graph\">{\"@context\":\"https:\/\/schema.org\",\"@graph\":[{\"@type\":\"WebPage\",\"@id\":\"https:\/\/indjijatravel.rs\/eng\/cycling\/\",\"url\":\"https:\/\/indjijatravel.rs\/eng\/cycling\/\",\"name\":\"Cycling - Tourist organization of the Municipality of In\u0111ija\",\"isPartOf\":{\"@id\":\"https:\/\/indjijatravel.rs\/eng\/#website\"},\"datePublished\":\"2022-10-04T11:55:01+00:00\",\"dateModified\":\"2022-10-07T04:20:58+00:00\",\"description\":\"The trans-European cycling route EuroVelo 6, which connects the Atlantic with the Black Sea, passes through one of the most beautiful parts ..\",\"breadcrumb\":{\"@id\":\"https:\/\/indjijatravel.rs\/eng\/cycling\/#breadcrumb\"},\"inLanguage\":\"en-US\",\"potentialAction\":[{\"@type\":\"ReadAction\",\"target\":[\"https:\/\/indjijatravel.rs\/eng\/cycling\/\"]}]},{\"@type\":\"BreadcrumbList\",\"@id\":\"https:\/\/indjijatravel.rs\/eng\/cycling\/#breadcrumb\",\"itemListElement\":[{\"@type\":\"ListItem\",\"position\":1,\"name\":\"\u041f\u043e\u0447\u0435\u0442\u043d\u0430\",\"item\":\"https:\/\/indjijatravel.rs\/eng\/\"},{\"@type\":\"ListItem\",\"position\":2,\"name\":\"Cycling\"}]},{\"@type\":\"WebSite\",\"@id\":\"https:\/\/indjijatravel.rs\/eng\/#website\",\"url\":\"https:\/\/indjijatravel.rs\/eng\/\",\"name\":\"Tourist organization of the Municipality of In\u0111ija\",\"description\":\"\",\"potentialAction\":[{\"@type\":\"SearchAction\",\"target\":{\"@type\":\"EntryPoint\",\"urlTemplate\":\"https:\/\/indjijatravel.rs\/eng\/?s={search_term_string}\"},\"query-input\":\"required name=search_term_string\"}],\"inLanguage\":\"en-US\"}]}<\/script>\n<!-- \/ Yoast SEO plugin. -->","yoast_head_json":{"title":"Cycling - Tourist organization of the Municipality of In\u0111ija","description":"The trans-European cycling route EuroVelo 6, which connects the Atlantic with the Black Sea, passes through one of the most beautiful parts ..","robots":{"index":"index","follow":"follow","max-snippet":"max-snippet:-1","max-image-preview":"max-image-preview:large","max-video-preview":"max-video-preview:-1"},"canonical":"https:\/\/indjijatravel.rs\/eng\/cycling\/","og_locale":"en_US","og_type":"article","og_title":"Cycling - Tourist organization of the Municipality of In\u0111ija","og_description":"The trans-European cycling route EuroVelo 6, which connects the Atlantic with the Black Sea, passes through one of the most beautiful parts ..","og_url":"https:\/\/indjijatravel.rs\/eng\/cycling\/","og_site_name":"Tourist organization of the Municipality of In\u0111ija","article_modified_time":"2022-10-07T04:20:58+00:00","og_image":[{"url":"http:\/\/indjijatravel.rs\/eng\/wp-content\/uploads\/sites\/2\/2022\/10\/DSC_9276-770x490-1.jpg"}],"twitter_card":"summary_large_image","twitter_misc":{"Est. reading time":"4 minutes"},"schema":{"@context":"https:\/\/schema.org","@graph":[{"@type":"WebPage","@id":"https:\/\/indjijatravel.rs\/eng\/cycling\/","url":"https:\/\/indjijatravel.rs\/eng\/cycling\/","name":"Cycling - Tourist organization of the Municipality of In\u0111ija","isPartOf":{"@id":"https:\/\/indjijatravel.rs\/eng\/#website"},"datePublished":"2022-10-04T11:55:01+00:00","dateModified":"2022-10-07T04:20:58+00:00","description":"The trans-European cycling route EuroVelo 6, which connects the Atlantic with the Black Sea, passes through one of the most beautiful parts ..","breadcrumb":{"@id":"https:\/\/indjijatravel.rs\/eng\/cycling\/#breadcrumb"},"inLanguage":"en-US","potentialAction":[{"@type":"ReadAction","target":["https:\/\/indjijatravel.rs\/eng\/cycling\/"]}]},{"@type":"BreadcrumbList","@id":"https:\/\/indjijatravel.rs\/eng\/cycling\/#breadcrumb","itemListElement":[{"@type":"ListItem","position":1,"name":"\u041f\u043e\u0447\u0435\u0442\u043d\u0430","item":"https:\/\/indjijatravel.rs\/eng\/"},{"@type":"ListItem","position":2,"name":"Cycling"}]},{"@type":"WebSite","@id":"https:\/\/indjijatravel.rs\/eng\/#website","url":"https:\/\/indjijatravel.rs\/eng\/","name":"Tourist organization of the Municipality of In\u0111ija","description":"","potentialAction":[{"@type":"SearchAction","target":{"@type":"EntryPoint","urlTemplate":"https:\/\/indjijatravel.rs\/eng\/?s={search_term_string}"},"query-input":"required name=search_term_string"}],"inLanguage":"en-US"}]}},"_links":{"self":[{"href":"https:\/\/indjijatravel.rs\/eng\/wp-json\/wp\/v2\/pages\/213","targetHints":{"allow":["GET"]}}],"collection":[{"href":"https:\/\/indjijatravel.rs\/eng\/wp-json\/wp\/v2\/pages"}],"about":[{"href":"https:\/\/indjijatravel.rs\/eng\/wp-json\/wp\/v2\/types\/page"}],"author":[{"embeddable":true,"href":"https:\/\/indjijatravel.rs\/eng\/wp-json\/wp\/v2\/users\/1"}],"replies":[{"embeddable":true,"href":"https:\/\/indjijatravel.rs\/eng\/wp-json\/wp\/v2\/comments?post=213"}],"version-history":[{"count":3,"href":"https:\/\/indjijatravel.rs\/eng\/wp-json\/wp\/v2\/pages\/213\/revisions"}],"predecessor-version":[{"id":481,"href":"https:\/\/indjijatravel.rs\/eng\/wp-json\/wp\/v2\/pages\/213\/revisions\/481"}],"wp:attachment":[{"href":"https:\/\/indjijatravel.rs\/eng\/wp-json\/wp\/v2\/media?parent=213"}],"curies":[{"name":"wp","href":"https:\/\/api.w.org\/{rel}","templated":true}]}}