{"id":234,"date":"2022-10-04T12:21:15","date_gmt":"2022-10-04T12:21:15","guid":{"rendered":"https:\/\/indjijatravel.rs\/eng\/?page_id=234"},"modified":"2022-10-05T08:20:27","modified_gmt":"2022-10-05T08:20:27","slug":"farms","status":"publish","type":"page","link":"https:\/\/indjijatravel.rs\/eng\/farms\/","title":{"rendered":"Farms"},"content":{"rendered":"<h5>Farms<\/h5>\n<p><strong>&#8220;SALA\u0160 STOJ\u0160I\u0106&#8221;<\/strong><\/p>\n<p><img loading=\"lazy\" decoding=\"async\" class=\"alignnone size-medium wp-image-1022\" src=\"http:\/\/indjijatravel.rs\/wp-content\/uploads\/2018\/11\/Salas-Stojsic-1-300x200.jpg\" alt=\"\" width=\"300\" height=\"200\" \/>\u00a0 \u00a0\u00a0<img loading=\"lazy\" decoding=\"async\" class=\"alignnone size-medium wp-image-1345\" src=\"http:\/\/indjijatravel.rs\/wp-content\/uploads\/2018\/11\/Za-salas-stojsic-300x200.jpg\" alt=\"\" width=\"300\" height=\"200\" \/><\/p>\n<p>Kr\u010dedinski put bb, Be\u0161ka<br \/>022 574 253, 063 89 03 475<br \/><a href=\"http:\/\/www.salasstojsic.com\">www.salasstojsic.com<\/a><\/p>\n<p>\u00a0<\/p>\n<p><strong>&#8220;SALA\u0160 MALI PARK&#8221;<\/strong><\/p>\n<p><img loading=\"lazy\" decoding=\"async\" class=\"alignnone size-medium wp-image-1018\" src=\"http:\/\/indjijatravel.rs\/wp-content\/uploads\/2018\/11\/Salas-Mali-Park-1m-300x214.jpg\" alt=\"\" width=\"300\" height=\"214\" \/>\u00a0 \u00a0\u00a0<img loading=\"lazy\" decoding=\"async\" class=\"alignnone size-medium wp-image-1020\" src=\"http:\/\/indjijatravel.rs\/wp-content\/uploads\/2018\/11\/Salas-Mali-Park-2-300x214.jpg\" alt=\"\" width=\"300\" height=\"214\" \/><\/p>\n<p>Put M-22.1 (old road Beograd &#8211; Novi Sad), Gladno\u0161<br \/>022 573 560<br \/><a href=\"http:\/\/www.salasmalipark.rs\">www.salasmalipark.rs<\/a><\/p>\n\n\n<p><\/p>\n","protected":false},"excerpt":{"rendered":"<p>Farms &#8220;SALA\u0160 STOJ\u0160I\u0106&#8221; \u00a0 \u00a0\u00a0 Kr\u010dedinski put bb, Be\u0161ka022 574 253, 063 89 03 475www.salasstojsic.com \u00a0 &#8220;SALA\u0160 MALI PARK&#8221; \u00a0 \u00a0\u00a0 Put M-22.1 (old road Beograd &#8211; Novi Sad), Gladno\u0161022 573 560www.salasmalipark.rs<\/p>\n","protected":false},"author":1,"featured_media":0,"parent":0,"menu_order":0,"comment_status":"closed","ping_status":"closed","template":"","meta":{"_monsterinsights_skip_tracking":false,"_monsterinsights_sitenote_active":false,"_monsterinsights_sitenote_note":"","_monsterinsights_sitenote_category":0,"footnotes":""},"class_list":["post-234","page","type-page","status-publish","hentry","no-thumb"],"yoast_head":"<!-- This site is optimized with the Yoast SEO plugin v19.7.1 - https:\/\/yoast.com\/wordpress\/plugins\/seo\/ -->\n<title>Farms - Tourist organization of the Municipality of In\u0111ija<\/title>\n<meta name=\"robots\" content=\"index, follow, max-snippet:-1, max-image-preview:large, max-video-preview:-1\" \/>\n<link rel=\"canonical\" href=\"https:\/\/indjijatravel.rs\/eng\/farms\/\" \/>\n<meta property=\"og:locale\" content=\"en_US\" \/>\n<meta property=\"og:type\" content=\"article\" \/>\n<meta property=\"og:title\" content=\"Farms - Tourist organization of the Municipality of In\u0111ija\" \/>\n<meta property=\"og:description\" content=\"Farms &#8220;SALA\u0160 STOJ\u0160I\u0106&#8221; \u00a0 \u00a0\u00a0 Kr\u010dedinski put bb, Be\u0161ka022 574 253, 063 89 03 475www.salasstojsic.com \u00a0 &#8220;SALA\u0160 MALI PARK&#8221; \u00a0 \u00a0\u00a0 Put M-22.1 (old road Beograd &#8211; Novi Sad), Gladno\u0161022 573 560www.salasmalipark.rs\" \/>\n<meta property=\"og:url\" content=\"https:\/\/indjijatravel.rs\/eng\/farms\/\" \/>\n<meta property=\"og:site_name\" content=\"Tourist organization of the Municipality of In\u0111ija\" \/>\n<meta property=\"article:modified_time\" content=\"2022-10-05T08:20:27+00:00\" \/>\n<meta property=\"og:image\" content=\"http:\/\/indjijatravel.rs\/wp-content\/uploads\/2018\/11\/Salas-Stojsic-1-300x200.jpg\" \/>\n<meta name=\"twitter:card\" content=\"summary_large_image\" \/>\n<meta name=\"twitter:label1\" content=\"Est. reading time\" \/>\n\t<meta name=\"twitter:data1\" content=\"1 minute\" \/>\n<script type=\"application\/ld+json\" class=\"yoast-schema-graph\">{\"@context\":\"https:\/\/schema.org\",\"@graph\":[{\"@type\":\"WebPage\",\"@id\":\"https:\/\/indjijatravel.rs\/eng\/farms\/\",\"url\":\"https:\/\/indjijatravel.rs\/eng\/farms\/\",\"name\":\"Farms - Tourist organization of the Municipality of In\u0111ija\",\"isPartOf\":{\"@id\":\"https:\/\/indjijatravel.rs\/eng\/#website\"},\"datePublished\":\"2022-10-04T12:21:15+00:00\",\"dateModified\":\"2022-10-05T08:20:27+00:00\",\"breadcrumb\":{\"@id\":\"https:\/\/indjijatravel.rs\/eng\/farms\/#breadcrumb\"},\"inLanguage\":\"en-US\",\"potentialAction\":[{\"@type\":\"ReadAction\",\"target\":[\"https:\/\/indjijatravel.rs\/eng\/farms\/\"]}]},{\"@type\":\"BreadcrumbList\",\"@id\":\"https:\/\/indjijatravel.rs\/eng\/farms\/#breadcrumb\",\"itemListElement\":[{\"@type\":\"ListItem\",\"position\":1,\"name\":\"\u041f\u043e\u0447\u0435\u0442\u043d\u0430\",\"item\":\"https:\/\/indjijatravel.rs\/eng\/\"},{\"@type\":\"ListItem\",\"position\":2,\"name\":\"Farms\"}]},{\"@type\":\"WebSite\",\"@id\":\"https:\/\/indjijatravel.rs\/eng\/#website\",\"url\":\"https:\/\/indjijatravel.rs\/eng\/\",\"name\":\"Tourist organization of the Municipality of In\u0111ija\",\"description\":\"\",\"potentialAction\":[{\"@type\":\"SearchAction\",\"target\":{\"@type\":\"EntryPoint\",\"urlTemplate\":\"https:\/\/indjijatravel.rs\/eng\/?s={search_term_string}\"},\"query-input\":\"required name=search_term_string\"}],\"inLanguage\":\"en-US\"}]}<\/script>\n<!-- \/ Yoast SEO plugin. -->","yoast_head_json":{"title":"Farms - Tourist organization of the Municipality of In\u0111ija","robots":{"index":"index","follow":"follow","max-snippet":"max-snippet:-1","max-image-preview":"max-image-preview:large","max-video-preview":"max-video-preview:-1"},"canonical":"https:\/\/indjijatravel.rs\/eng\/farms\/","og_locale":"en_US","og_type":"article","og_title":"Farms - Tourist organization of the Municipality of In\u0111ija","og_description":"Farms &#8220;SALA\u0160 STOJ\u0160I\u0106&#8221; \u00a0 \u00a0\u00a0 Kr\u010dedinski put bb, Be\u0161ka022 574 253, 063 89 03 475www.salasstojsic.com \u00a0 &#8220;SALA\u0160 MALI PARK&#8221; \u00a0 \u00a0\u00a0 Put M-22.1 (old road Beograd &#8211; Novi Sad), Gladno\u0161022 573 560www.salasmalipark.rs","og_url":"https:\/\/indjijatravel.rs\/eng\/farms\/","og_site_name":"Tourist organization of the Municipality of In\u0111ija","article_modified_time":"2022-10-05T08:20:27+00:00","og_image":[{"url":"http:\/\/indjijatravel.rs\/wp-content\/uploads\/2018\/11\/Salas-Stojsic-1-300x200.jpg"}],"twitter_card":"summary_large_image","twitter_misc":{"Est. reading time":"1 minute"},"schema":{"@context":"https:\/\/schema.org","@graph":[{"@type":"WebPage","@id":"https:\/\/indjijatravel.rs\/eng\/farms\/","url":"https:\/\/indjijatravel.rs\/eng\/farms\/","name":"Farms - Tourist organization of the Municipality of In\u0111ija","isPartOf":{"@id":"https:\/\/indjijatravel.rs\/eng\/#website"},"datePublished":"2022-10-04T12:21:15+00:00","dateModified":"2022-10-05T08:20:27+00:00","breadcrumb":{"@id":"https:\/\/indjijatravel.rs\/eng\/farms\/#breadcrumb"},"inLanguage":"en-US","potentialAction":[{"@type":"ReadAction","target":["https:\/\/indjijatravel.rs\/eng\/farms\/"]}]},{"@type":"BreadcrumbList","@id":"https:\/\/indjijatravel.rs\/eng\/farms\/#breadcrumb","itemListElement":[{"@type":"ListItem","position":1,"name":"\u041f\u043e\u0447\u0435\u0442\u043d\u0430","item":"https:\/\/indjijatravel.rs\/eng\/"},{"@type":"ListItem","position":2,"name":"Farms"}]},{"@type":"WebSite","@id":"https:\/\/indjijatravel.rs\/eng\/#website","url":"https:\/\/indjijatravel.rs\/eng\/","name":"Tourist organization of the Municipality of In\u0111ija","description":"","potentialAction":[{"@type":"SearchAction","target":{"@type":"EntryPoint","urlTemplate":"https:\/\/indjijatravel.rs\/eng\/?s={search_term_string}"},"query-input":"required name=search_term_string"}],"inLanguage":"en-US"}]}},"_links":{"self":[{"href":"https:\/\/indjijatravel.rs\/eng\/wp-json\/wp\/v2\/pages\/234","targetHints":{"allow":["GET"]}}],"collection":[{"href":"https:\/\/indjijatravel.rs\/eng\/wp-json\/wp\/v2\/pages"}],"about":[{"href":"https:\/\/indjijatravel.rs\/eng\/wp-json\/wp\/v2\/types\/page"}],"author":[{"embeddable":true,"href":"https:\/\/indjijatravel.rs\/eng\/wp-json\/wp\/v2\/users\/1"}],"replies":[{"embeddable":true,"href":"https:\/\/indjijatravel.rs\/eng\/wp-json\/wp\/v2\/comments?post=234"}],"version-history":[{"count":3,"href":"https:\/\/indjijatravel.rs\/eng\/wp-json\/wp\/v2\/pages\/234\/revisions"}],"predecessor-version":[{"id":273,"href":"https:\/\/indjijatravel.rs\/eng\/wp-json\/wp\/v2\/pages\/234\/revisions\/273"}],"wp:attachment":[{"href":"https:\/\/indjijatravel.rs\/eng\/wp-json\/wp\/v2\/media?parent=234"}],"curies":[{"name":"wp","href":"https:\/\/api.w.org\/{rel}","templated":true}]}}