{"id":42,"date":"2017-12-12T08:52:40","date_gmt":"2017-12-12T08:52:40","guid":{"rendered":"http:\/\/indjijatravel.rs\/eng\/?page_id=42"},"modified":"2022-10-06T10:37:40","modified_gmt":"2022-10-06T10:37:40","slug":"history-of-indjija","status":"publish","type":"page","link":"https:\/\/indjijatravel.rs\/eng\/history-of-indjija\/","title":{"rendered":"History of Indjija"},"content":{"rendered":"<h5>In\u0111ija through the centuries<\/h5>\n<p>Life in the Pannonian Plain has lasted for millennia. There are numerous remains of cultures that lived in this area in the Bronze and Iron Ages. It was inhabited by the tribes Autariatae, Moesi and Triballi, and soon came the bellicose Celts after the defeat at Delphi in Greece in 279 BC. Gauls who lived in these parts are called the Scordisci and their supremacy lasted until the arrival of the Romans in Pannonia. The most important remnant of the Scordisci in the municipality of In\u0111ija is Acumincum &#8211; a site near Stari Slankamen, where the Romans later built their fortress.<\/p>\n<figure id=\"attachment_1330\" aria-describedby=\"caption-attachment-1330\" style=\"width: 868px\" class=\"wp-caption aligncenter\"><img loading=\"lazy\" decoding=\"async\" class=\"wp-image-1330 size-full\" src=\"http:\/\/indjijatravel.rs\/wp-content\/uploads\/2018\/11\/slankamen-mix.jpg\" alt=\"\" width=\"868\" height=\"566\" \/><figcaption id=\"caption-attachment-1330\" class=\"wp-caption-text\">Stari Slankamen in 1910<\/figcaption><\/figure>\n<p>With the arrival of the Romans on the Danube in Srem, which was the border of the Empire, a limes was established. It was a system of fortifications that defended the territory of the Empire from barbarian invasions, and so this area entered the system that stretched from Hadrian&#8217;s Wall in Britain across the Rhine and the Danube to the eastern frontier of the Empire in the Middle East. The importance of Srem grew significantly when Sirmium became one of the four imperial capitals. In the territory of the municipality of In\u0111ija, next to Stari Slankamen, there is a significant site in \u010cortanovci known as <em>Castra Herculis<\/em> or <em>Ad Herculem<\/em>, where the remains of a fortress and a Roman country villa were found, as well as several tombs, and the latest discovery from 2018 found that the settlement had a water supply system (aqueduct).<\/p>\n<p>During the Great Migration, many tribes passed the area and left devastation behind. Hungarians came eventually and settled here in the 10<sup>th<\/sup> century, and from then until 1918 they were the masters of the entire plain.<\/p>\n<p>A statue of the god Atlas was found in the area of \u200b\u200bthe city of In\u0111ija, but more detailed research has not been done, so nothing can be said about the existence of a settlement from an earlier period. The first mention of In\u0111ija is from 1455 as the property of the Hungarian noble family Sulyok de Lekcse. The village survived even after the Turkish conquest of Srem (1521-1526), \u200b\u200bwhich was proven by the Turkish defter for Srem from 1596, when it was mentioned that In\u0111ija consisted of 23 houses and a Widow&#8217;s Home. Arguably, the most important settlement in that period was the fortress in Slankamen. A medieval fort was built on the remains of the Roman fortress and port, which protected the flow of the Danube in this part. Its significance is especially evident at the turn of the 16<sup>th <\/sup>century, when it was a part of the system of fortifications that protected the southern border of the Kingdom of Hungary. It is assumed that Stari Slankamen was the property of the despot Vuk Grgurevi\u0107 Brankovi\u0107, popularly known as Zmaj Ognjeni Vuk. In 1468, he built the church of St. Nicholas, which still bears witness to those turbulent times. Furthermore, Slankamen was a port and one of the locations of Nassadists (Tchaikists), who sailed on light boats on the Danube and the Sava and prevented the Ottomans from crossing the river. One of the most significant events that took place was the battle of Slankamen in 1691, when the Ottoman army under the command of Grand Vizier Mustafa Pasha K\u00f6pr\u00fcl\u00fc fought with the Habsburg army led by Margrave Ludwig von Baden. The Grand Vizier fell here with eighteen other pashas and a large part of the army, and, Serbian warriors, under the command of field marshal-lieutenant Jovan Monasterlija, stood out in the battle on the side of the Habsburgs.<\/p>\n<p>There is no information about the settlement of In\u0111ija until the beginning of the 18<sup>th <\/sup>century. It is known that after the Treaty of Karlowitz in 1699, it remained under Turkish rule until 1718, when the Habsburg Monarchy liberated not only the territories up to the Sava and the Danube, but also the northern parts of central Serbia. However, peace did not equal progress for In\u0111ija. For unknown reasons, the village was displaced before the end of the war. Since then, it existed only as a grassland that was under the administration of the Chamber of Commerce in Petrovaradin. In 1728, In\u0111ija passed into the hands of the Counts Peja\u010devi\u0107. Since it was suitable for grazing cattle, In\u0111ija grassland was leased first to the municipality of Be\u0161ka, and later to the rich merchants from Be\u0161ka. Thus, for the following thirty years, In\u0111ija served as a pasture for the cattle owned by the inhabitants of Be\u0161ka.<\/p>\n<p>With the territorial reorganization of the monarchy and the establishment of the Military Frontier, the Count Peja\u010devi\u0107 was left without a large part of his estate (<em>spahiluk<\/em>), so he was interested in settling the grasslands in his possession. For this reason, In\u0111ija was repopulated in 1746. The settlers came from Be\u0161ka and the village of Patke. Until the 1820s, the inhabitants were Serbs. Already in 1754, they built a church dedicated to the Presentation of the Most Holy Mother of God, which was consecrated in 1766 by Metropolitan Pavle Nenadovi\u0107. The priests were from the An\u0111eli\u0107 family for more than a century. In the beginning, the people of In\u0111ija were more engaged in cattle breeding, and less in agriculture. The livestock in In\u0111ija decreased over time, which indicates that agriculture has taken precedence over cattle breeding.<\/p>\n<p>Since 1825, due to the departure of Serbs from In\u0111ija, the authorities began to settle Germans. This changed the ethnic structure of the village population. The government now relied on Germans, which provoked conflicts with a national character. By the middle of the century, Germans had become the majority. In 1848, there were over 1,500 of them, while there were only about 700 Serbs, as Radoslav Markovi\u0107 claims in his work on In\u0111ija. This accelerated the emigration of Serbs from In\u0111ija.<\/p>\n<p>In addition, already in 1825, In\u0111ija was elevated to the rank of a town because it acquired the right to hold fairs. The fair was held every year on 2<sup>nd<\/sup> July. Moreover, due to the settlement of Germans, the number of craftsmen increased, so that in 1845 the state gave a guild privilege to the craftsmen of In\u0111ija.<\/p>\n<p>The events of the revolutionary year of 1848 affected In\u0111ija as well. Serbs from In\u0111ija sent their representative to the May Assembly. The people of In\u0111ija managed to save the property of their German neighbours from the bellicose border guards, but soon relations deteriorated because Germans supported the government and did not want to side with Serbs. In In\u0111ija, the conflict was settled with the expulsion of the notary Balrog, who remained with the help of Germans, while Serbs wanted to oust him, accusing him of oppression. The conflict over the notary lasted until the end of the revolution in Hungary, when the governmental party won.<\/p>\n<p>From then until the end of the century, Serbs had been constantly moving out of the town, until the arrival of the priest Radoslav Markovi\u0107, who managed to prevent that and who strengthened Serbs economically. In 1897, he prevented further emigration of Serbs by organising the first agricultural cooperative in the Austro-Hungarian monarchy. They began to prosper economically and slowly caught up with their German neighbours. With the efforts of the parish priest, on 27<sup>th <\/sup>September 1905, the Sokol Society was founded in In\u0111ija. Archpriest Markovi\u0107 became its first president, and the youth practiced in the churchyard. It is important to point out that In\u0111ija also became a railway hub. Namely, in 1883, the railway station was opened and the train ran on the route Budapest-Novi Sad-Zemun and Zagreb-\u0160id-Sremska Mitrovica-In\u0111ija. This conditioned the further economic development of the town. Numerous hotels were opened next to the station, and In\u0111ija became one of the most important centres for the repair of wagons in this part of the royal lands.<\/p>\n<p>A map of this area in the 19<sup>th<\/sup> century can be seen at the following link <a href=\"https:\/\/mapire.eu\/en\/\">www.mapire.eu<\/a><\/p>\n<p>New challenges came after a single shot in Sarajevo, when the heir to the throne Franz Ferdinand was killed. The long-awaited war in Europe began on 28<sup>th<\/sup> July 1914, when Austria-Hungary declared war on Serbia. Prominent Serbs from In\u0111ija were imprisoned in Ruma because the authorities were afraid that they would launch an armed action, and when the Serbian army came close to In\u0111ija in September 1914, certain individuals were imprisoned again, together with the archpriest Radoslav Markovi\u0107, to be released in 1916. When the disintegration of the Austro-Hungarian monarchy began in October 1918, and the People&#8217;s Council was founded in Zagreb, the archpriest, together with other detainees, founded the People&#8217;s Council in In\u0111ija on 25<sup>th<\/sup> October 1918. Upon returning home, Germans from In\u0111ija, who had taken refuge in Ba\u010dka, found their houses as they had left them. The President of the People&#8217;s Council in In\u0111ija, Radoslav Markovi\u0107, did not allow lawlessness to prevail, so he ordered daily reading of the proclamations and &#8220;orders&#8221; on behalf of the seventh regiment commander. In\u0111ija was liberated on 8<sup>th<\/sup> November 1918, on Mitrovdan. Germans never forgot this kindness of the archpriest. He was also a participant in the assembly in Ruma on 24<sup>th<\/sup> November 1918, when Serbian people from Srem clearly stated that they wanted to unite with the Kingdom of Serbia. Consequently, as early as 1<sup>st<\/sup> December 1918, In\u0111ija was in the new state of the Kingdom of Serbs, Croats and Slovenes.<\/p>\n<p>The period between the wars, in addition to freedom, brought some problems as well. One of the most important issues was the agrarian reform, and the parish priest of In\u0111ija participated in the discussion on the issue, believing that the agricultural cooperatives would do the job in the fairest way. In addition, Germans continued being the majority in In\u0111ija and opened numerous workshops. One of them was Krznara, which intensified its production in 1924.<\/p>\n<figure id=\"attachment_1334\" aria-describedby=\"caption-attachment-1334\" style=\"width: 817px\" class=\"wp-caption aligncenter\"><img loading=\"lazy\" decoding=\"async\" class=\"size-full wp-image-1334\" src=\"http:\/\/indjijatravel.rs\/wp-content\/uploads\/2018\/11\/zgrada-opstine.jpg\" alt=\"\" width=\"817\" height=\"526\" \/><figcaption id=\"caption-attachment-1334\" class=\"wp-caption-text\">In\u0111ija, Municipal House around 1925<\/figcaption><\/figure>\n<p>The constant economic growth was interrupted by the Second World War. As early as 10<sup>th<\/sup> April 1941, the army of the Third Reich entered the town and established its authority. As Srem belonged to the Independent State of Croatia, In\u0111ija was formally under this pro-Nazi creation. However, the actual situation on site was different. As Germans made up the majority of the population, they had their own self-government and officials of the Independent State of Croatia were not allowed to come to the town. Thus, the local Swabians saved many Serbs who remained in In\u0111ija, but also those who came from the surrounding area, so there were no major crimes in the town. During the operations of the Red Army for the liberation of the Balkans and Central Europe from the Nazis, partisans and Soviet soldiers liberated the city on 22<sup>nd<\/sup> October 1944. Consequently, the local German population fled together with the Nazis.<\/p>\n<figure id=\"attachment_1336\" aria-describedby=\"caption-attachment-1336\" style=\"width: 825px\" class=\"wp-caption aligncenter\"><img loading=\"lazy\" decoding=\"async\" class=\"size-full wp-image-1336\" src=\"http:\/\/indjijatravel.rs\/wp-content\/uploads\/2018\/11\/ulica.jpg\" alt=\"\" width=\"825\" height=\"528\" \/><figcaption id=\"caption-attachment-1336\" class=\"wp-caption-text\">In\u0111ija, Kolodvor street around 1930<\/figcaption><\/figure>\n<p>The new communist government, which was established after the liberation, gave German houses to the colonists and all companies were nationalised. In the 1960s, the economic growth of In\u0111ija started again, where, in addition to the already existing fur factory (Krznara) and furniture factory, numerous other companies were established, such as Bruno, Grafi\u010dar, Gumaplast, production of baby food, etc. Economic growth lasted until the 1980s, and in the 1990s most of the large companies of In\u0111ija collapsed and eventually went bankrupt and were privatised.<\/p>\n<p>As it is located halfway between Belgrade and Novi Sad and is intersected by important road and railway routes, the economic growth and development of the city is guaranteed in the 21<sup>st<\/sup> century as well. Glorious days, similar to those in the past, lie ahead.<\/p>\n<p><strong>The origin of the name of In\u0111ija<\/strong><\/p>\n<p>There are three versions about the origin of the name of this town in eastern Srem.<\/p>\n<p>The first is that the name originates from the Latin word <em>indigena<\/em>, which means indigenous, native. We can assume that some learned people in the Middle Ages, probably monks from Catholic monasteries in the vicinity of In\u0111ija, found a population unknown to them until then and called them indigenous, and that the name has remained the same to this day.<\/p>\n<p>Another theory is that the name originated during the Ottoman rule in the area. As the road from Belgrade to Petrovaradin passed through In\u0111ija, the Ottomans would arrive in In\u0111ija during the afternoon prayer, where they performed the <em>ikindia<\/em> prayer and it is assumed that the name of the city came from this word for prayer. However, as there is proof that the name was first mentioned in 1455, and the Ottoman conquest was in the period from 1521 to 1526, this theory is less probable.<\/p>\n<p>The third theory certainly sounds the best. It is believed that In\u0111ija used to be a female name and that the settlement was named after a beautiful girl who lived in it. The truth of this cannot be determined with certainty, but there is evidence that In\u0111ija really existed as a female name in the past.<\/p>\n<p>Author: Vuka\u0161in Vukmirovi\u0107, historian<\/p>\n","protected":false},"excerpt":{"rendered":"<p>In\u0111ija through the centuries Life in the Pannonian Plain has lasted for millennia. There are numerous remains of cultures that lived in this area in the Bronze and Iron Ages. It was inhabited by the tribes Autariatae, Moesi and Triballi, and soon came the bellicose Celts after the defeat at Delphi in Greece in 279 [&hellip;]<\/p>\n","protected":false},"author":1,"featured_media":0,"parent":0,"menu_order":0,"comment_status":"closed","ping_status":"closed","template":"","meta":{"_monsterinsights_skip_tracking":false,"_monsterinsights_sitenote_active":false,"_monsterinsights_sitenote_note":"","_monsterinsights_sitenote_category":0,"footnotes":""},"class_list":["post-42","page","type-page","status-publish","hentry","no-thumb"],"yoast_head":"<!-- This site is optimized with the Yoast SEO plugin v19.7.1 - https:\/\/yoast.com\/wordpress\/plugins\/seo\/ -->\n<title>History of Indjija - Tourist organization of the Municipality of In\u0111ija<\/title>\n<meta name=\"description\" content=\"Life in the Pannonian Plain has lasted for millennia. There are numerous remains of cultures that lived in this area in the Bronze and ...\" \/>\n<meta name=\"robots\" content=\"index, follow, max-snippet:-1, max-image-preview:large, max-video-preview:-1\" \/>\n<link rel=\"canonical\" href=\"http:\/\/indjijatravel.rs\/eng\/history-of-indjija\/\" \/>\n<meta property=\"og:locale\" content=\"en_US\" \/>\n<meta property=\"og:type\" content=\"article\" \/>\n<meta property=\"og:title\" content=\"History of Indjija - Tourist organization of the Municipality of In\u0111ija\" \/>\n<meta property=\"og:description\" content=\"Life in the Pannonian Plain has lasted for millennia. There are numerous remains of cultures that lived in this area in the Bronze and ...\" \/>\n<meta property=\"og:url\" content=\"http:\/\/indjijatravel.rs\/eng\/history-of-indjija\/\" \/>\n<meta property=\"og:site_name\" content=\"Tourist organization of the Municipality of In\u0111ija\" \/>\n<meta property=\"article:modified_time\" content=\"2022-10-06T10:37:40+00:00\" \/>\n<meta property=\"og:image\" content=\"http:\/\/indjijatravel.rs\/wp-content\/uploads\/2018\/11\/slankamen-mix.jpg\" \/>\n<meta name=\"twitter:card\" content=\"summary_large_image\" \/>\n<meta name=\"twitter:label1\" content=\"Est. reading time\" \/>\n\t<meta name=\"twitter:data1\" content=\"11 minutes\" \/>\n<script type=\"application\/ld+json\" class=\"yoast-schema-graph\">{\"@context\":\"https:\/\/schema.org\",\"@graph\":[{\"@type\":\"WebPage\",\"@id\":\"http:\/\/indjijatravel.rs\/eng\/history-of-indjija\/\",\"url\":\"http:\/\/indjijatravel.rs\/eng\/history-of-indjija\/\",\"name\":\"History of Indjija - Tourist organization of the Municipality of In\u0111ija\",\"isPartOf\":{\"@id\":\"https:\/\/indjijatravel.rs\/eng\/#website\"},\"datePublished\":\"2017-12-12T08:52:40+00:00\",\"dateModified\":\"2022-10-06T10:37:40+00:00\",\"description\":\"Life in the Pannonian Plain has lasted for millennia. There are numerous remains of cultures that lived in this area in the Bronze and ...\",\"breadcrumb\":{\"@id\":\"http:\/\/indjijatravel.rs\/eng\/history-of-indjija\/#breadcrumb\"},\"inLanguage\":\"en-US\",\"potentialAction\":[{\"@type\":\"ReadAction\",\"target\":[\"http:\/\/indjijatravel.rs\/eng\/history-of-indjija\/\"]}]},{\"@type\":\"BreadcrumbList\",\"@id\":\"http:\/\/indjijatravel.rs\/eng\/history-of-indjija\/#breadcrumb\",\"itemListElement\":[{\"@type\":\"ListItem\",\"position\":1,\"name\":\"\u041f\u043e\u0447\u0435\u0442\u043d\u0430\",\"item\":\"https:\/\/indjijatravel.rs\/eng\/\"},{\"@type\":\"ListItem\",\"position\":2,\"name\":\"History of Indjija\"}]},{\"@type\":\"WebSite\",\"@id\":\"https:\/\/indjijatravel.rs\/eng\/#website\",\"url\":\"https:\/\/indjijatravel.rs\/eng\/\",\"name\":\"Tourist organization of the Municipality of In\u0111ija\",\"description\":\"\",\"potentialAction\":[{\"@type\":\"SearchAction\",\"target\":{\"@type\":\"EntryPoint\",\"urlTemplate\":\"https:\/\/indjijatravel.rs\/eng\/?s={search_term_string}\"},\"query-input\":\"required name=search_term_string\"}],\"inLanguage\":\"en-US\"}]}<\/script>\n<!-- \/ Yoast SEO plugin. -->","yoast_head_json":{"title":"History of Indjija - Tourist organization of the Municipality of In\u0111ija","description":"Life in the Pannonian Plain has lasted for millennia. There are numerous remains of cultures that lived in this area in the Bronze and ...","robots":{"index":"index","follow":"follow","max-snippet":"max-snippet:-1","max-image-preview":"max-image-preview:large","max-video-preview":"max-video-preview:-1"},"canonical":"http:\/\/indjijatravel.rs\/eng\/history-of-indjija\/","og_locale":"en_US","og_type":"article","og_title":"History of Indjija - Tourist organization of the Municipality of In\u0111ija","og_description":"Life in the Pannonian Plain has lasted for millennia. There are numerous remains of cultures that lived in this area in the Bronze and ...","og_url":"http:\/\/indjijatravel.rs\/eng\/history-of-indjija\/","og_site_name":"Tourist organization of the Municipality of In\u0111ija","article_modified_time":"2022-10-06T10:37:40+00:00","og_image":[{"url":"http:\/\/indjijatravel.rs\/wp-content\/uploads\/2018\/11\/slankamen-mix.jpg"}],"twitter_card":"summary_large_image","twitter_misc":{"Est. reading time":"11 minutes"},"schema":{"@context":"https:\/\/schema.org","@graph":[{"@type":"WebPage","@id":"http:\/\/indjijatravel.rs\/eng\/history-of-indjija\/","url":"http:\/\/indjijatravel.rs\/eng\/history-of-indjija\/","name":"History of Indjija - Tourist organization of the Municipality of In\u0111ija","isPartOf":{"@id":"https:\/\/indjijatravel.rs\/eng\/#website"},"datePublished":"2017-12-12T08:52:40+00:00","dateModified":"2022-10-06T10:37:40+00:00","description":"Life in the Pannonian Plain has lasted for millennia. There are numerous remains of cultures that lived in this area in the Bronze and ...","breadcrumb":{"@id":"http:\/\/indjijatravel.rs\/eng\/history-of-indjija\/#breadcrumb"},"inLanguage":"en-US","potentialAction":[{"@type":"ReadAction","target":["http:\/\/indjijatravel.rs\/eng\/history-of-indjija\/"]}]},{"@type":"BreadcrumbList","@id":"http:\/\/indjijatravel.rs\/eng\/history-of-indjija\/#breadcrumb","itemListElement":[{"@type":"ListItem","position":1,"name":"\u041f\u043e\u0447\u0435\u0442\u043d\u0430","item":"https:\/\/indjijatravel.rs\/eng\/"},{"@type":"ListItem","position":2,"name":"History of Indjija"}]},{"@type":"WebSite","@id":"https:\/\/indjijatravel.rs\/eng\/#website","url":"https:\/\/indjijatravel.rs\/eng\/","name":"Tourist organization of the Municipality of In\u0111ija","description":"","potentialAction":[{"@type":"SearchAction","target":{"@type":"EntryPoint","urlTemplate":"https:\/\/indjijatravel.rs\/eng\/?s={search_term_string}"},"query-input":"required name=search_term_string"}],"inLanguage":"en-US"}]}},"_links":{"self":[{"href":"https:\/\/indjijatravel.rs\/eng\/wp-json\/wp\/v2\/pages\/42","targetHints":{"allow":["GET"]}}],"collection":[{"href":"https:\/\/indjijatravel.rs\/eng\/wp-json\/wp\/v2\/pages"}],"about":[{"href":"https:\/\/indjijatravel.rs\/eng\/wp-json\/wp\/v2\/types\/page"}],"author":[{"embeddable":true,"href":"https:\/\/indjijatravel.rs\/eng\/wp-json\/wp\/v2\/users\/1"}],"replies":[{"embeddable":true,"href":"https:\/\/indjijatravel.rs\/eng\/wp-json\/wp\/v2\/comments?post=42"}],"version-history":[{"count":4,"href":"https:\/\/indjijatravel.rs\/eng\/wp-json\/wp\/v2\/pages\/42\/revisions"}],"predecessor-version":[{"id":338,"href":"https:\/\/indjijatravel.rs\/eng\/wp-json\/wp\/v2\/pages\/42\/revisions\/338"}],"wp:attachment":[{"href":"https:\/\/indjijatravel.rs\/eng\/wp-json\/wp\/v2\/media?parent=42"}],"curies":[{"name":"wp","href":"https:\/\/api.w.org\/{rel}","templated":true}]}}