{"id":566,"date":"2022-10-21T07:32:40","date_gmt":"2022-10-21T07:32:40","guid":{"rendered":"https:\/\/indjijatravel.rs\/eng\/?page_id=566"},"modified":"2022-10-21T07:32:40","modified_gmt":"2022-10-21T07:32:40","slug":"beska","status":"publish","type":"page","link":"https:\/\/indjijatravel.rs\/eng\/beska\/","title":{"rendered":"Be\u0161ka"},"content":{"rendered":"\n<h5 class=\"wp-block-heading\">Be\u0161ka<\/h5>\n\n\n\n<p>Be\u0161ka is the second largest village in the municipality of In\u0111ija. It is located near the E-75 highway and the Danube River, which is about five kilometers away. The European cycling route EuroVelo 6 passes through Be\u0161ka and this is the only arranged rest area for cyclists on this part of the route.<\/p>\n\n\n\n<p>Owing to its position along the banks of the Danube and pleasant cafes and restaurants, the weekend break zone of Be\u0161ka has become an attractive place for lovers of the river, good food, tamburitza music and outdoor recreation.<\/p>\n\n\n\n<p>On the bank of the Danube, near the bridge, there is a significant archaeological site of Kalaka\u010da dating from the Early Iron Age.<\/p>\n\n\n\n<p>There are two theories about the origin of the name of the settlement. According to one, the word <em>be\u0161ka<\/em> is of Turkish origin and means either a cradle (<em>be\u0161iku<\/em>), or it is a coin of two Turkish words: <em>be\u015f <\/em>and <em>kaya<\/em>, which means the fifth stone, i.e. the fifth station or destination in military or some other terminology. According to another theory, it was named after an Old Slavic word that had something to do with health, i.e. that the name meant a place that was healthy for life or where there was a source of healthy water.<\/p>\n\n\n\n<p>Be\u0161ka is a medieval place, created during the settlement of Slavs in this area. The first historical records about it date from the first half of the 16<sup>th<\/sup> century. Be\u0161ka was a Serbian settlement until 1860, when Germans, who originate from the Palatinate Area, immigrated. At the beginning of the 20<sup>th <\/sup>century, Be\u0161ka was inhabited by Hungarians, a smaller number of Slovaks, and later by Croats, Montenegrins and Serbs from different parts. According to the 2011 census, Be\u0161ka had 5,783 inhabitants.<\/p>\n\n\n\n<p>There are two churches in the settlement: the Orthodox Church of the Presentation of the Most Holy Mother of God, the Catholic Church of St. Theresa and the Chapel of St. Petka, which is located on the outskirts of the settlement.<\/p>\n\n\n\n<p>The famous painter Danica Jovanovi\u0107 was born in Be\u0161ka in 1886. A few years ago, Danica Jovanovi\u0107 Memorial Room was opened in the Cultural Centre in Be\u0161ka, where visitors can get acquainted with the life and work of this artist.<\/p>\n","protected":false},"excerpt":{"rendered":"<p>Be\u0161ka Be\u0161ka is the second largest village in the municipality of In\u0111ija. It is located near the E-75 highway and the Danube River, which is about five kilometers away. The European cycling route EuroVelo 6 passes through Be\u0161ka and this is the only arranged rest area for cyclists on this part of the route. Owing [&hellip;]<\/p>\n","protected":false},"author":1,"featured_media":0,"parent":0,"menu_order":0,"comment_status":"closed","ping_status":"closed","template":"","meta":{"_monsterinsights_skip_tracking":false,"_monsterinsights_sitenote_active":false,"_monsterinsights_sitenote_note":"","_monsterinsights_sitenote_category":0,"footnotes":""},"class_list":["post-566","page","type-page","status-publish","hentry","no-thumb"],"yoast_head":"<!-- This site is optimized with the Yoast SEO plugin v19.7.1 - https:\/\/yoast.com\/wordpress\/plugins\/seo\/ -->\n<title>Be\u0161ka - Tourist organization of the Municipality of In\u0111ija<\/title>\n<meta name=\"description\" content=\"Be\u0161ka is the second largest village in the municipality of In\u0111ija. It is located near the E-75 highway and the Danube River, which is about ..\" \/>\n<meta name=\"robots\" content=\"index, follow, max-snippet:-1, max-image-preview:large, max-video-preview:-1\" \/>\n<link rel=\"canonical\" href=\"https:\/\/indjijatravel.rs\/eng\/beska\/\" \/>\n<meta property=\"og:locale\" content=\"en_US\" \/>\n<meta property=\"og:type\" content=\"article\" \/>\n<meta property=\"og:title\" content=\"Be\u0161ka - Tourist organization of the Municipality of In\u0111ija\" \/>\n<meta property=\"og:description\" content=\"Be\u0161ka is the second largest village in the municipality of In\u0111ija. It is located near the E-75 highway and the Danube River, which is about ..\" \/>\n<meta property=\"og:url\" content=\"https:\/\/indjijatravel.rs\/eng\/beska\/\" \/>\n<meta property=\"og:site_name\" content=\"Tourist organization of the Municipality of In\u0111ija\" \/>\n<meta name=\"twitter:card\" content=\"summary_large_image\" \/>\n<meta name=\"twitter:label1\" content=\"Est. reading time\" \/>\n\t<meta name=\"twitter:data1\" content=\"2 minutes\" \/>\n<script type=\"application\/ld+json\" class=\"yoast-schema-graph\">{\"@context\":\"https:\/\/schema.org\",\"@graph\":[{\"@type\":\"WebPage\",\"@id\":\"https:\/\/indjijatravel.rs\/eng\/beska\/\",\"url\":\"https:\/\/indjijatravel.rs\/eng\/beska\/\",\"name\":\"Be\u0161ka - Tourist organization of the Municipality of In\u0111ija\",\"isPartOf\":{\"@id\":\"https:\/\/indjijatravel.rs\/eng\/#website\"},\"datePublished\":\"2022-10-21T07:32:40+00:00\",\"dateModified\":\"2022-10-21T07:32:40+00:00\",\"description\":\"Be\u0161ka is the second largest village in the municipality of In\u0111ija. It is located near the E-75 highway and the Danube River, which is about ..\",\"breadcrumb\":{\"@id\":\"https:\/\/indjijatravel.rs\/eng\/beska\/#breadcrumb\"},\"inLanguage\":\"en-US\",\"potentialAction\":[{\"@type\":\"ReadAction\",\"target\":[\"https:\/\/indjijatravel.rs\/eng\/beska\/\"]}]},{\"@type\":\"BreadcrumbList\",\"@id\":\"https:\/\/indjijatravel.rs\/eng\/beska\/#breadcrumb\",\"itemListElement\":[{\"@type\":\"ListItem\",\"position\":1,\"name\":\"\u041f\u043e\u0447\u0435\u0442\u043d\u0430\",\"item\":\"https:\/\/indjijatravel.rs\/eng\/\"},{\"@type\":\"ListItem\",\"position\":2,\"name\":\"Be\u0161ka\"}]},{\"@type\":\"WebSite\",\"@id\":\"https:\/\/indjijatravel.rs\/eng\/#website\",\"url\":\"https:\/\/indjijatravel.rs\/eng\/\",\"name\":\"Tourist organization of the Municipality of In\u0111ija\",\"description\":\"\",\"potentialAction\":[{\"@type\":\"SearchAction\",\"target\":{\"@type\":\"EntryPoint\",\"urlTemplate\":\"https:\/\/indjijatravel.rs\/eng\/?s={search_term_string}\"},\"query-input\":\"required name=search_term_string\"}],\"inLanguage\":\"en-US\"}]}<\/script>\n<!-- \/ Yoast SEO plugin. -->","yoast_head_json":{"title":"Be\u0161ka - Tourist organization of the Municipality of In\u0111ija","description":"Be\u0161ka is the second largest village in the municipality of In\u0111ija. It is located near the E-75 highway and the Danube River, which is about ..","robots":{"index":"index","follow":"follow","max-snippet":"max-snippet:-1","max-image-preview":"max-image-preview:large","max-video-preview":"max-video-preview:-1"},"canonical":"https:\/\/indjijatravel.rs\/eng\/beska\/","og_locale":"en_US","og_type":"article","og_title":"Be\u0161ka - Tourist organization of the Municipality of In\u0111ija","og_description":"Be\u0161ka is the second largest village in the municipality of In\u0111ija. It is located near the E-75 highway and the Danube River, which is about ..","og_url":"https:\/\/indjijatravel.rs\/eng\/beska\/","og_site_name":"Tourist organization of the Municipality of In\u0111ija","twitter_card":"summary_large_image","twitter_misc":{"Est. reading time":"2 minutes"},"schema":{"@context":"https:\/\/schema.org","@graph":[{"@type":"WebPage","@id":"https:\/\/indjijatravel.rs\/eng\/beska\/","url":"https:\/\/indjijatravel.rs\/eng\/beska\/","name":"Be\u0161ka - Tourist organization of the Municipality of In\u0111ija","isPartOf":{"@id":"https:\/\/indjijatravel.rs\/eng\/#website"},"datePublished":"2022-10-21T07:32:40+00:00","dateModified":"2022-10-21T07:32:40+00:00","description":"Be\u0161ka is the second largest village in the municipality of In\u0111ija. It is located near the E-75 highway and the Danube River, which is about ..","breadcrumb":{"@id":"https:\/\/indjijatravel.rs\/eng\/beska\/#breadcrumb"},"inLanguage":"en-US","potentialAction":[{"@type":"ReadAction","target":["https:\/\/indjijatravel.rs\/eng\/beska\/"]}]},{"@type":"BreadcrumbList","@id":"https:\/\/indjijatravel.rs\/eng\/beska\/#breadcrumb","itemListElement":[{"@type":"ListItem","position":1,"name":"\u041f\u043e\u0447\u0435\u0442\u043d\u0430","item":"https:\/\/indjijatravel.rs\/eng\/"},{"@type":"ListItem","position":2,"name":"Be\u0161ka"}]},{"@type":"WebSite","@id":"https:\/\/indjijatravel.rs\/eng\/#website","url":"https:\/\/indjijatravel.rs\/eng\/","name":"Tourist organization of the Municipality of In\u0111ija","description":"","potentialAction":[{"@type":"SearchAction","target":{"@type":"EntryPoint","urlTemplate":"https:\/\/indjijatravel.rs\/eng\/?s={search_term_string}"},"query-input":"required name=search_term_string"}],"inLanguage":"en-US"}]}},"_links":{"self":[{"href":"https:\/\/indjijatravel.rs\/eng\/wp-json\/wp\/v2\/pages\/566","targetHints":{"allow":["GET"]}}],"collection":[{"href":"https:\/\/indjijatravel.rs\/eng\/wp-json\/wp\/v2\/pages"}],"about":[{"href":"https:\/\/indjijatravel.rs\/eng\/wp-json\/wp\/v2\/types\/page"}],"author":[{"embeddable":true,"href":"https:\/\/indjijatravel.rs\/eng\/wp-json\/wp\/v2\/users\/1"}],"replies":[{"embeddable":true,"href":"https:\/\/indjijatravel.rs\/eng\/wp-json\/wp\/v2\/comments?post=566"}],"version-history":[{"count":1,"href":"https:\/\/indjijatravel.rs\/eng\/wp-json\/wp\/v2\/pages\/566\/revisions"}],"predecessor-version":[{"id":567,"href":"https:\/\/indjijatravel.rs\/eng\/wp-json\/wp\/v2\/pages\/566\/revisions\/567"}],"wp:attachment":[{"href":"https:\/\/indjijatravel.rs\/eng\/wp-json\/wp\/v2\/media?parent=566"}],"curies":[{"name":"wp","href":"https:\/\/api.w.org\/{rel}","templated":true}]}}