{"id":570,"date":"2022-10-21T07:34:49","date_gmt":"2022-10-21T07:34:49","guid":{"rendered":"https:\/\/indjijatravel.rs\/eng\/?page_id=570"},"modified":"2022-10-21T07:34:50","modified_gmt":"2022-10-21T07:34:50","slug":"krcedin","status":"publish","type":"page","link":"https:\/\/indjijatravel.rs\/eng\/krcedin\/","title":{"rendered":"Kr\u010dedin"},"content":{"rendered":"\n<h5 class=\"wp-block-heading\">Kr\u010dedin<\/h5>\n\n\n\n<p>Kr\u010dedin is a settlement in the municipality of In\u0111ija, located on the slopes of Fru\u0161ka Gora near the bank of the Danube and it is extremely appealing to tourists. North of the settlement itself, on the right bank of the Danube, a settlement was formed, which consists of about 2,000 cottages. Right next to the bank there are several sandy hills with beautiful beaches with excellent conditions for swimming.<\/p>\n\n\n\n<p>In the Celtic era, there was a settlement on the site of Kr\u010dedin that looked like a fortification. The first settlement was located northwest of today&#8217;s Kr\u010dedin in the area of \u200b\u200bKalaka\u010da. The name Kr\u010dedin in translation means a stone building or a stone fortification. The only inscription from the 2<sup>nd<\/sup> century AD was found in this area in the 1960s.<\/p>\n\n\n\n<p>During the Turkish rule, there was a village in the same place as today. Kr\u010dedin was under Turkish rule for about 100 years and during that time it had a special status, because it was on the road between Belgrade and Buda and the status was granted by the Sultan with his firmans. Afterwards, the village was under the rule of the Habsburg Monarchy until the end of the First World War. Since it was located in the Military Frontier, all the inhabitants were soldiers &#8211; frontier guards. The Frontier Guard Building, which is today a library, dates from this period.<\/p>\n\n\n\n<p>The left bank of the Danube, overgrown with Canadian poplar forests, with the spacious Island of Kr\u010dedin (<em>Kr\u010dedinska ada<\/em>), numerous distributaries and ponds, is a true paradise for lovers of nature, ecology, hunting, fishing and photo safaris. The Island of Kr\u010dedin, with a 10 km long coast and an area of \u200b\u200balmost nine square kilometers, belongs to the group of the largest Danube islands from the mouth of the Drava to the mouth of the Tisza into the Danube. It is separated from the land by the Gardinova\u010dki Rukavac (Gardinovci Distributary, a.k.a. Dunavac), which leads to the entire network of other distributaries and ponds.<\/p>\n\n\n\n<p>The island is a true oasis of the animal world &#8211; it is home to horses, cattle, donkeys, pigs, numerous species of birds, from black storks to white-tailed eagles etc. Although these horses, donkeys, mangulicas, are seemingly left to fend for themselves, they are cared for by marsh cattle breeders from the surrounding villages of Kovilj, Gardinovci, Kr\u010dedin, Be\u0161ka. The cattle breeders transfer the cattle to the Island of Kr\u010dedin by ferry, and when the water level rises and there is a danger of flooding, they transfer them back to the houses. All of them know exactly the owner of each stallion, mare and foal.<\/p>\n\n\n\n<p>The best time to visit the Island of Kr\u010dedin is from May to September.<\/p>\n","protected":false},"excerpt":{"rendered":"<p>Kr\u010dedin Kr\u010dedin is a settlement in the municipality of In\u0111ija, located on the slopes of Fru\u0161ka Gora near the bank of the Danube and it is extremely appealing to tourists. North of the settlement itself, on the right bank of the Danube, a settlement was formed, which consists of about 2,000 cottages. Right next to [&hellip;]<\/p>\n","protected":false},"author":1,"featured_media":0,"parent":0,"menu_order":0,"comment_status":"closed","ping_status":"closed","template":"","meta":{"_monsterinsights_skip_tracking":false,"_monsterinsights_sitenote_active":false,"_monsterinsights_sitenote_note":"","_monsterinsights_sitenote_category":0,"footnotes":""},"class_list":["post-570","page","type-page","status-publish","hentry","no-thumb"],"yoast_head":"<!-- This site is optimized with the Yoast SEO plugin v19.7.1 - https:\/\/yoast.com\/wordpress\/plugins\/seo\/ -->\n<title>Kr\u010dedin - Tourist organization of the Municipality of In\u0111ija<\/title>\n<meta name=\"description\" content=\"Kr\u010dedin is a settlement in the municipality of In\u0111ija, located on the slopes of Fru\u0161ka Gora near the bank of the Danube and it is extremely ..\" \/>\n<meta name=\"robots\" content=\"index, follow, max-snippet:-1, max-image-preview:large, max-video-preview:-1\" \/>\n<link rel=\"canonical\" href=\"https:\/\/indjijatravel.rs\/eng\/krcedin\/\" \/>\n<meta property=\"og:locale\" content=\"en_US\" \/>\n<meta property=\"og:type\" content=\"article\" \/>\n<meta property=\"og:title\" content=\"Kr\u010dedin - Tourist organization of the Municipality of In\u0111ija\" \/>\n<meta property=\"og:description\" content=\"Kr\u010dedin is a settlement in the municipality of In\u0111ija, located on the slopes of Fru\u0161ka Gora near the bank of the Danube and it is extremely ..\" \/>\n<meta property=\"og:url\" content=\"https:\/\/indjijatravel.rs\/eng\/krcedin\/\" \/>\n<meta property=\"og:site_name\" content=\"Tourist organization of the Municipality of In\u0111ija\" \/>\n<meta property=\"article:modified_time\" content=\"2022-10-21T07:34:50+00:00\" \/>\n<meta name=\"twitter:card\" content=\"summary_large_image\" \/>\n<meta name=\"twitter:label1\" content=\"Est. reading time\" \/>\n\t<meta name=\"twitter:data1\" content=\"2 minutes\" \/>\n<script type=\"application\/ld+json\" class=\"yoast-schema-graph\">{\"@context\":\"https:\/\/schema.org\",\"@graph\":[{\"@type\":\"WebPage\",\"@id\":\"https:\/\/indjijatravel.rs\/eng\/krcedin\/\",\"url\":\"https:\/\/indjijatravel.rs\/eng\/krcedin\/\",\"name\":\"Kr\u010dedin - Tourist organization of the Municipality of In\u0111ija\",\"isPartOf\":{\"@id\":\"https:\/\/indjijatravel.rs\/eng\/#website\"},\"datePublished\":\"2022-10-21T07:34:49+00:00\",\"dateModified\":\"2022-10-21T07:34:50+00:00\",\"description\":\"Kr\u010dedin is a settlement in the municipality of In\u0111ija, located on the slopes of Fru\u0161ka Gora near the bank of the Danube and it is extremely ..\",\"breadcrumb\":{\"@id\":\"https:\/\/indjijatravel.rs\/eng\/krcedin\/#breadcrumb\"},\"inLanguage\":\"en-US\",\"potentialAction\":[{\"@type\":\"ReadAction\",\"target\":[\"https:\/\/indjijatravel.rs\/eng\/krcedin\/\"]}]},{\"@type\":\"BreadcrumbList\",\"@id\":\"https:\/\/indjijatravel.rs\/eng\/krcedin\/#breadcrumb\",\"itemListElement\":[{\"@type\":\"ListItem\",\"position\":1,\"name\":\"\u041f\u043e\u0447\u0435\u0442\u043d\u0430\",\"item\":\"https:\/\/indjijatravel.rs\/eng\/\"},{\"@type\":\"ListItem\",\"position\":2,\"name\":\"Kr\u010dedin\"}]},{\"@type\":\"WebSite\",\"@id\":\"https:\/\/indjijatravel.rs\/eng\/#website\",\"url\":\"https:\/\/indjijatravel.rs\/eng\/\",\"name\":\"Tourist organization of the Municipality of In\u0111ija\",\"description\":\"\",\"potentialAction\":[{\"@type\":\"SearchAction\",\"target\":{\"@type\":\"EntryPoint\",\"urlTemplate\":\"https:\/\/indjijatravel.rs\/eng\/?s={search_term_string}\"},\"query-input\":\"required name=search_term_string\"}],\"inLanguage\":\"en-US\"}]}<\/script>\n<!-- \/ Yoast SEO plugin. -->","yoast_head_json":{"title":"Kr\u010dedin - Tourist organization of the Municipality of In\u0111ija","description":"Kr\u010dedin is a settlement in the municipality of In\u0111ija, located on the slopes of Fru\u0161ka Gora near the bank of the Danube and it is extremely ..","robots":{"index":"index","follow":"follow","max-snippet":"max-snippet:-1","max-image-preview":"max-image-preview:large","max-video-preview":"max-video-preview:-1"},"canonical":"https:\/\/indjijatravel.rs\/eng\/krcedin\/","og_locale":"en_US","og_type":"article","og_title":"Kr\u010dedin - Tourist organization of the Municipality of In\u0111ija","og_description":"Kr\u010dedin is a settlement in the municipality of In\u0111ija, located on the slopes of Fru\u0161ka Gora near the bank of the Danube and it is extremely ..","og_url":"https:\/\/indjijatravel.rs\/eng\/krcedin\/","og_site_name":"Tourist organization of the Municipality of In\u0111ija","article_modified_time":"2022-10-21T07:34:50+00:00","twitter_card":"summary_large_image","twitter_misc":{"Est. reading time":"2 minutes"},"schema":{"@context":"https:\/\/schema.org","@graph":[{"@type":"WebPage","@id":"https:\/\/indjijatravel.rs\/eng\/krcedin\/","url":"https:\/\/indjijatravel.rs\/eng\/krcedin\/","name":"Kr\u010dedin - Tourist organization of the Municipality of In\u0111ija","isPartOf":{"@id":"https:\/\/indjijatravel.rs\/eng\/#website"},"datePublished":"2022-10-21T07:34:49+00:00","dateModified":"2022-10-21T07:34:50+00:00","description":"Kr\u010dedin is a settlement in the municipality of In\u0111ija, located on the slopes of Fru\u0161ka Gora near the bank of the Danube and it is extremely ..","breadcrumb":{"@id":"https:\/\/indjijatravel.rs\/eng\/krcedin\/#breadcrumb"},"inLanguage":"en-US","potentialAction":[{"@type":"ReadAction","target":["https:\/\/indjijatravel.rs\/eng\/krcedin\/"]}]},{"@type":"BreadcrumbList","@id":"https:\/\/indjijatravel.rs\/eng\/krcedin\/#breadcrumb","itemListElement":[{"@type":"ListItem","position":1,"name":"\u041f\u043e\u0447\u0435\u0442\u043d\u0430","item":"https:\/\/indjijatravel.rs\/eng\/"},{"@type":"ListItem","position":2,"name":"Kr\u010dedin"}]},{"@type":"WebSite","@id":"https:\/\/indjijatravel.rs\/eng\/#website","url":"https:\/\/indjijatravel.rs\/eng\/","name":"Tourist organization of the Municipality of In\u0111ija","description":"","potentialAction":[{"@type":"SearchAction","target":{"@type":"EntryPoint","urlTemplate":"https:\/\/indjijatravel.rs\/eng\/?s={search_term_string}"},"query-input":"required name=search_term_string"}],"inLanguage":"en-US"}]}},"_links":{"self":[{"href":"https:\/\/indjijatravel.rs\/eng\/wp-json\/wp\/v2\/pages\/570","targetHints":{"allow":["GET"]}}],"collection":[{"href":"https:\/\/indjijatravel.rs\/eng\/wp-json\/wp\/v2\/pages"}],"about":[{"href":"https:\/\/indjijatravel.rs\/eng\/wp-json\/wp\/v2\/types\/page"}],"author":[{"embeddable":true,"href":"https:\/\/indjijatravel.rs\/eng\/wp-json\/wp\/v2\/users\/1"}],"replies":[{"embeddable":true,"href":"https:\/\/indjijatravel.rs\/eng\/wp-json\/wp\/v2\/comments?post=570"}],"version-history":[{"count":1,"href":"https:\/\/indjijatravel.rs\/eng\/wp-json\/wp\/v2\/pages\/570\/revisions"}],"predecessor-version":[{"id":571,"href":"https:\/\/indjijatravel.rs\/eng\/wp-json\/wp\/v2\/pages\/570\/revisions\/571"}],"wp:attachment":[{"href":"https:\/\/indjijatravel.rs\/eng\/wp-json\/wp\/v2\/media?parent=570"}],"curies":[{"name":"wp","href":"https:\/\/api.w.org\/{rel}","templated":true}]}}