{"id":572,"date":"2022-10-21T07:35:48","date_gmt":"2022-10-21T07:35:48","guid":{"rendered":"https:\/\/indjijatravel.rs\/eng\/?page_id=572"},"modified":"2022-10-21T07:35:49","modified_gmt":"2022-10-21T07:35:49","slug":"maradik","status":"publish","type":"page","link":"https:\/\/indjijatravel.rs\/eng\/maradik\/","title":{"rendered":"Maradik"},"content":{"rendered":"\n<h5 class=\"wp-block-heading\">Maradik<\/h5>\n\n\n\n<p>Maradik is located in the western part of the municipality of In\u0111ija, on the southeastern slopes of Fru\u0161ka Gora, in the immediate vicinity of Fru\u0161ka Gora monasteries. The main road M-22.1, which is about two kilometers away from Maradik, connects the village with Novi Sad and In\u0111ija (11 km). Near the village there is an artificial accumulation lake \u0160elevrenac. It was created in the 1980s by building a dam on the stream of the same name. Today, the lake is privately owned and fishing is possible with a permit purchased on the spot.<\/p>\n\n\n\n<p>The name of the village comes from the Hungarian word <em>marad\u00e9k<\/em> which means &#8220;remainder&#8221;. The settlement was first recorded in 1498 in the \u201cKru\u0161evo Pomenik\u201d and the falsified charter of the Kru\u0161edol Monastery. There is no reliable information about the village from the Turkish period, but it is mentioned as early as 1702, when it was permanently inhabited. In the first half of the 18<sup>th<\/sup> century, the majority of the population were Serbs. Later, due to the intensification of agriculture, Count Marko Peja\u010devi\u0107 settled a large number of Hungarians here, who were good farmers.<\/p>\n\n\n\n<p>Maradik is a typical rural settlement of the Pannonian type and specific because it is a multiethnic environment. This is evidenced by the fact that there are still three churches in Maradik: the Orthodox Church of St. Sava, the Reformed Christian Church and the Roman Catholic Church of St. Anne.<\/p>\n\n\n\n<p>The tradition of this area can be best experienced by visiting the Ethno House Maradik, which is an authentic rural household about 150 years old. The household is adapted for tourists and gives them the opportunity to learn a lot about the traditions, culture, customs and way of life of the people who once inhabited this area. Also, it is possible to buy local products and souvenirs produced by the villagers or try local cuisine \u2013 corn bread, goulash, paprikash, Srem breakfast &#8230;<\/p>\n\n\n\n<p>In Maradik there are active associations of women who deal with the preservation of tradition and who pass on their knowledge and skills to younger generations, through organized workshops. The traditional manifestation \u201c<em>Maradi\u010dka jesen<\/em>\u201d, which is held in September, presents their works, but also agricultural products characteristic of this village, among other things known for fruit production.<\/p>\n","protected":false},"excerpt":{"rendered":"<p>Maradik Maradik is located in the western part of the municipality of In\u0111ija, on the southeastern slopes of Fru\u0161ka Gora, in the immediate vicinity of Fru\u0161ka Gora monasteries. The main road M-22.1, which is about two kilometers away from Maradik, connects the village with Novi Sad and In\u0111ija (11 km). Near the village there is [&hellip;]<\/p>\n","protected":false},"author":1,"featured_media":0,"parent":0,"menu_order":0,"comment_status":"closed","ping_status":"closed","template":"","meta":{"_monsterinsights_skip_tracking":false,"_monsterinsights_sitenote_active":false,"_monsterinsights_sitenote_note":"","_monsterinsights_sitenote_category":0,"footnotes":""},"class_list":["post-572","page","type-page","status-publish","hentry","no-thumb"],"yoast_head":"<!-- This site is optimized with the Yoast SEO plugin v19.7.1 - https:\/\/yoast.com\/wordpress\/plugins\/seo\/ -->\n<title>Maradik - Tourist organization of the Municipality of In\u0111ija<\/title>\n<meta name=\"description\" content=\"Maradik is located in the western part of the municipality of In\u0111ija, on the southeastern slopes of Fru\u0161ka Gora, in the immediate vicinity ...\" \/>\n<meta name=\"robots\" content=\"index, follow, max-snippet:-1, max-image-preview:large, max-video-preview:-1\" \/>\n<link rel=\"canonical\" href=\"https:\/\/indjijatravel.rs\/eng\/maradik\/\" \/>\n<meta property=\"og:locale\" content=\"en_US\" \/>\n<meta property=\"og:type\" content=\"article\" \/>\n<meta property=\"og:title\" content=\"Maradik - Tourist organization of the Municipality of In\u0111ija\" \/>\n<meta property=\"og:description\" content=\"Maradik is located in the western part of the municipality of In\u0111ija, on the southeastern slopes of Fru\u0161ka Gora, in the immediate vicinity ...\" \/>\n<meta property=\"og:url\" content=\"https:\/\/indjijatravel.rs\/eng\/maradik\/\" \/>\n<meta property=\"og:site_name\" content=\"Tourist organization of the Municipality of In\u0111ija\" \/>\n<meta property=\"article:modified_time\" content=\"2022-10-21T07:35:49+00:00\" \/>\n<meta name=\"twitter:card\" content=\"summary_large_image\" \/>\n<meta name=\"twitter:label1\" content=\"Est. reading time\" \/>\n\t<meta name=\"twitter:data1\" content=\"2 minutes\" \/>\n<script type=\"application\/ld+json\" class=\"yoast-schema-graph\">{\"@context\":\"https:\/\/schema.org\",\"@graph\":[{\"@type\":\"WebPage\",\"@id\":\"https:\/\/indjijatravel.rs\/eng\/maradik\/\",\"url\":\"https:\/\/indjijatravel.rs\/eng\/maradik\/\",\"name\":\"Maradik - Tourist organization of the Municipality of In\u0111ija\",\"isPartOf\":{\"@id\":\"https:\/\/indjijatravel.rs\/eng\/#website\"},\"datePublished\":\"2022-10-21T07:35:48+00:00\",\"dateModified\":\"2022-10-21T07:35:49+00:00\",\"description\":\"Maradik is located in the western part of the municipality of In\u0111ija, on the southeastern slopes of Fru\u0161ka Gora, in the immediate vicinity ...\",\"breadcrumb\":{\"@id\":\"https:\/\/indjijatravel.rs\/eng\/maradik\/#breadcrumb\"},\"inLanguage\":\"en-US\",\"potentialAction\":[{\"@type\":\"ReadAction\",\"target\":[\"https:\/\/indjijatravel.rs\/eng\/maradik\/\"]}]},{\"@type\":\"BreadcrumbList\",\"@id\":\"https:\/\/indjijatravel.rs\/eng\/maradik\/#breadcrumb\",\"itemListElement\":[{\"@type\":\"ListItem\",\"position\":1,\"name\":\"\u041f\u043e\u0447\u0435\u0442\u043d\u0430\",\"item\":\"https:\/\/indjijatravel.rs\/eng\/\"},{\"@type\":\"ListItem\",\"position\":2,\"name\":\"Maradik\"}]},{\"@type\":\"WebSite\",\"@id\":\"https:\/\/indjijatravel.rs\/eng\/#website\",\"url\":\"https:\/\/indjijatravel.rs\/eng\/\",\"name\":\"Tourist organization of the Municipality of In\u0111ija\",\"description\":\"\",\"potentialAction\":[{\"@type\":\"SearchAction\",\"target\":{\"@type\":\"EntryPoint\",\"urlTemplate\":\"https:\/\/indjijatravel.rs\/eng\/?s={search_term_string}\"},\"query-input\":\"required name=search_term_string\"}],\"inLanguage\":\"en-US\"}]}<\/script>\n<!-- \/ Yoast SEO plugin. -->","yoast_head_json":{"title":"Maradik - Tourist organization of the Municipality of In\u0111ija","description":"Maradik is located in the western part of the municipality of In\u0111ija, on the southeastern slopes of Fru\u0161ka Gora, in the immediate vicinity ...","robots":{"index":"index","follow":"follow","max-snippet":"max-snippet:-1","max-image-preview":"max-image-preview:large","max-video-preview":"max-video-preview:-1"},"canonical":"https:\/\/indjijatravel.rs\/eng\/maradik\/","og_locale":"en_US","og_type":"article","og_title":"Maradik - Tourist organization of the Municipality of In\u0111ija","og_description":"Maradik is located in the western part of the municipality of In\u0111ija, on the southeastern slopes of Fru\u0161ka Gora, in the immediate vicinity ...","og_url":"https:\/\/indjijatravel.rs\/eng\/maradik\/","og_site_name":"Tourist organization of the Municipality of In\u0111ija","article_modified_time":"2022-10-21T07:35:49+00:00","twitter_card":"summary_large_image","twitter_misc":{"Est. reading time":"2 minutes"},"schema":{"@context":"https:\/\/schema.org","@graph":[{"@type":"WebPage","@id":"https:\/\/indjijatravel.rs\/eng\/maradik\/","url":"https:\/\/indjijatravel.rs\/eng\/maradik\/","name":"Maradik - Tourist organization of the Municipality of In\u0111ija","isPartOf":{"@id":"https:\/\/indjijatravel.rs\/eng\/#website"},"datePublished":"2022-10-21T07:35:48+00:00","dateModified":"2022-10-21T07:35:49+00:00","description":"Maradik is located in the western part of the municipality of In\u0111ija, on the southeastern slopes of Fru\u0161ka Gora, in the immediate vicinity ...","breadcrumb":{"@id":"https:\/\/indjijatravel.rs\/eng\/maradik\/#breadcrumb"},"inLanguage":"en-US","potentialAction":[{"@type":"ReadAction","target":["https:\/\/indjijatravel.rs\/eng\/maradik\/"]}]},{"@type":"BreadcrumbList","@id":"https:\/\/indjijatravel.rs\/eng\/maradik\/#breadcrumb","itemListElement":[{"@type":"ListItem","position":1,"name":"\u041f\u043e\u0447\u0435\u0442\u043d\u0430","item":"https:\/\/indjijatravel.rs\/eng\/"},{"@type":"ListItem","position":2,"name":"Maradik"}]},{"@type":"WebSite","@id":"https:\/\/indjijatravel.rs\/eng\/#website","url":"https:\/\/indjijatravel.rs\/eng\/","name":"Tourist organization of the Municipality of In\u0111ija","description":"","potentialAction":[{"@type":"SearchAction","target":{"@type":"EntryPoint","urlTemplate":"https:\/\/indjijatravel.rs\/eng\/?s={search_term_string}"},"query-input":"required name=search_term_string"}],"inLanguage":"en-US"}]}},"_links":{"self":[{"href":"https:\/\/indjijatravel.rs\/eng\/wp-json\/wp\/v2\/pages\/572","targetHints":{"allow":["GET"]}}],"collection":[{"href":"https:\/\/indjijatravel.rs\/eng\/wp-json\/wp\/v2\/pages"}],"about":[{"href":"https:\/\/indjijatravel.rs\/eng\/wp-json\/wp\/v2\/types\/page"}],"author":[{"embeddable":true,"href":"https:\/\/indjijatravel.rs\/eng\/wp-json\/wp\/v2\/users\/1"}],"replies":[{"embeddable":true,"href":"https:\/\/indjijatravel.rs\/eng\/wp-json\/wp\/v2\/comments?post=572"}],"version-history":[{"count":1,"href":"https:\/\/indjijatravel.rs\/eng\/wp-json\/wp\/v2\/pages\/572\/revisions"}],"predecessor-version":[{"id":573,"href":"https:\/\/indjijatravel.rs\/eng\/wp-json\/wp\/v2\/pages\/572\/revisions\/573"}],"wp:attachment":[{"href":"https:\/\/indjijatravel.rs\/eng\/wp-json\/wp\/v2\/media?parent=572"}],"curies":[{"name":"wp","href":"https:\/\/api.w.org\/{rel}","templated":true}]}}