{"id":580,"date":"2022-10-21T07:39:51","date_gmt":"2022-10-21T07:39:51","guid":{"rendered":"https:\/\/indjijatravel.rs\/eng\/?page_id=580"},"modified":"2022-10-21T07:39:51","modified_gmt":"2022-10-21T07:39:51","slug":"cortanovci","status":"publish","type":"page","link":"https:\/\/indjijatravel.rs\/eng\/cortanovci\/","title":{"rendered":"\u010cortanovci"},"content":{"rendered":"\n<h5 class=\"wp-block-heading\">\u010cortanovci<\/h5>\n\n\n\n<p>\u010cortanovci, a famous picnic area within the Fru\u0161ka Gora National Park, is located on the banks of the Danube. In addition to natural treasures \u200b\u200band wonders, it is a space rich in cultural and historical monuments: the remains of Neolithic settlements, the remains of a Roman fortress, the Holy Spring Savinac, where St. Sava stayed on his trip to the Kovilj Monastery and Villa Stankovic &#8211; the villa of the royal governor Radenko Stankovi\u0107.<\/p>\n\n\n\n<p>The name of this village came from the fish \u2018<em>\u010dortan\u2019<\/em>. That is what the Slavs call carp fish of less than half a kilogram. And since the \u010cortanovci were near the Danube, the locals mostly fished and traded in fish.<\/p>\n\n\n\n<p>This picturesque village boasts one of the most beautiful beaches on this part of the Danube, attractive sandbanks and islands, the natural ambience of the Forest of Mihaljevac (<em>Mihaljeva\u010dka \u0161uma<\/em>), and is recommended for lovers of sports and recreation &#8211; active holidays in nature.<\/p>\n\n\n\n<p>Deep in the forest lie the walls of a Roman fortress &#8211; Castra Herculis. The Romans also left us grape vines, brought during the reign of Emperor Aurelius Probus, who was born in this area, and ever since then \u010cortanovci and the whole of Srem have been known for their quality grapes and wines.<\/p>\n\n\n\n<p>In the 13<sup>th <\/sup>century, St. Sava also visited these areas and appointed Archbishop Arsenije II, who was born near \u010cortanovci, as the bishop of the Serbian Orthodox Church. It is interesting that Serbian and later Srem King Dragutin Nemanji\u0107, who founded the monastery of Remeta, lived in the area of \u200b\u200b\u010cortanovci.<\/p>\n","protected":false},"excerpt":{"rendered":"<p>\u010cortanovci \u010cortanovci, a famous picnic area within the Fru\u0161ka Gora National Park, is located on the banks of the Danube. In addition to natural treasures \u200b\u200band wonders, it is a space rich in cultural and historical monuments: the remains of Neolithic settlements, the remains of a Roman fortress, the Holy Spring Savinac, where St. Sava [&hellip;]<\/p>\n","protected":false},"author":1,"featured_media":0,"parent":0,"menu_order":0,"comment_status":"closed","ping_status":"closed","template":"","meta":{"_monsterinsights_skip_tracking":false,"_monsterinsights_sitenote_active":false,"_monsterinsights_sitenote_note":"","_monsterinsights_sitenote_category":0,"footnotes":""},"class_list":["post-580","page","type-page","status-publish","hentry","no-thumb"],"yoast_head":"<!-- This site is optimized with the Yoast SEO plugin v19.7.1 - https:\/\/yoast.com\/wordpress\/plugins\/seo\/ -->\n<title>\u010cortanovci - Tourist organization of the Municipality of In\u0111ija<\/title>\n<meta name=\"description\" content=\"\u010cortanovci, a famous picnic area within the Fru\u0161ka Gora National Park, is located on the banks of the Danube. In addition to natural ...\" \/>\n<meta name=\"robots\" content=\"index, follow, max-snippet:-1, max-image-preview:large, max-video-preview:-1\" \/>\n<link rel=\"canonical\" href=\"https:\/\/indjijatravel.rs\/eng\/cortanovci\/\" \/>\n<meta property=\"og:locale\" content=\"en_US\" \/>\n<meta property=\"og:type\" content=\"article\" \/>\n<meta property=\"og:title\" content=\"\u010cortanovci - Tourist organization of the Municipality of In\u0111ija\" \/>\n<meta property=\"og:description\" content=\"\u010cortanovci, a famous picnic area within the Fru\u0161ka Gora National Park, is located on the banks of the Danube. In addition to natural ...\" \/>\n<meta property=\"og:url\" content=\"https:\/\/indjijatravel.rs\/eng\/cortanovci\/\" \/>\n<meta property=\"og:site_name\" content=\"Tourist organization of the Municipality of In\u0111ija\" \/>\n<meta name=\"twitter:card\" content=\"summary_large_image\" \/>\n<meta name=\"twitter:label1\" content=\"Est. reading time\" \/>\n\t<meta name=\"twitter:data1\" content=\"2 minutes\" \/>\n<script type=\"application\/ld+json\" class=\"yoast-schema-graph\">{\"@context\":\"https:\/\/schema.org\",\"@graph\":[{\"@type\":\"WebPage\",\"@id\":\"https:\/\/indjijatravel.rs\/eng\/cortanovci\/\",\"url\":\"https:\/\/indjijatravel.rs\/eng\/cortanovci\/\",\"name\":\"\u010cortanovci - Tourist organization of the Municipality of In\u0111ija\",\"isPartOf\":{\"@id\":\"https:\/\/indjijatravel.rs\/eng\/#website\"},\"datePublished\":\"2022-10-21T07:39:51+00:00\",\"dateModified\":\"2022-10-21T07:39:51+00:00\",\"description\":\"\u010cortanovci, a famous picnic area within the Fru\u0161ka Gora National Park, is located on the banks of the Danube. In addition to natural ...\",\"breadcrumb\":{\"@id\":\"https:\/\/indjijatravel.rs\/eng\/cortanovci\/#breadcrumb\"},\"inLanguage\":\"en-US\",\"potentialAction\":[{\"@type\":\"ReadAction\",\"target\":[\"https:\/\/indjijatravel.rs\/eng\/cortanovci\/\"]}]},{\"@type\":\"BreadcrumbList\",\"@id\":\"https:\/\/indjijatravel.rs\/eng\/cortanovci\/#breadcrumb\",\"itemListElement\":[{\"@type\":\"ListItem\",\"position\":1,\"name\":\"\u041f\u043e\u0447\u0435\u0442\u043d\u0430\",\"item\":\"https:\/\/indjijatravel.rs\/eng\/\"},{\"@type\":\"ListItem\",\"position\":2,\"name\":\"\u010cortanovci\"}]},{\"@type\":\"WebSite\",\"@id\":\"https:\/\/indjijatravel.rs\/eng\/#website\",\"url\":\"https:\/\/indjijatravel.rs\/eng\/\",\"name\":\"Tourist organization of the Municipality of In\u0111ija\",\"description\":\"\",\"potentialAction\":[{\"@type\":\"SearchAction\",\"target\":{\"@type\":\"EntryPoint\",\"urlTemplate\":\"https:\/\/indjijatravel.rs\/eng\/?s={search_term_string}\"},\"query-input\":\"required name=search_term_string\"}],\"inLanguage\":\"en-US\"}]}<\/script>\n<!-- \/ Yoast SEO plugin. -->","yoast_head_json":{"title":"\u010cortanovci - Tourist organization of the Municipality of In\u0111ija","description":"\u010cortanovci, a famous picnic area within the Fru\u0161ka Gora National Park, is located on the banks of the Danube. In addition to natural ...","robots":{"index":"index","follow":"follow","max-snippet":"max-snippet:-1","max-image-preview":"max-image-preview:large","max-video-preview":"max-video-preview:-1"},"canonical":"https:\/\/indjijatravel.rs\/eng\/cortanovci\/","og_locale":"en_US","og_type":"article","og_title":"\u010cortanovci - Tourist organization of the Municipality of In\u0111ija","og_description":"\u010cortanovci, a famous picnic area within the Fru\u0161ka Gora National Park, is located on the banks of the Danube. In addition to natural ...","og_url":"https:\/\/indjijatravel.rs\/eng\/cortanovci\/","og_site_name":"Tourist organization of the Municipality of In\u0111ija","twitter_card":"summary_large_image","twitter_misc":{"Est. reading time":"2 minutes"},"schema":{"@context":"https:\/\/schema.org","@graph":[{"@type":"WebPage","@id":"https:\/\/indjijatravel.rs\/eng\/cortanovci\/","url":"https:\/\/indjijatravel.rs\/eng\/cortanovci\/","name":"\u010cortanovci - Tourist organization of the Municipality of In\u0111ija","isPartOf":{"@id":"https:\/\/indjijatravel.rs\/eng\/#website"},"datePublished":"2022-10-21T07:39:51+00:00","dateModified":"2022-10-21T07:39:51+00:00","description":"\u010cortanovci, a famous picnic area within the Fru\u0161ka Gora National Park, is located on the banks of the Danube. In addition to natural ...","breadcrumb":{"@id":"https:\/\/indjijatravel.rs\/eng\/cortanovci\/#breadcrumb"},"inLanguage":"en-US","potentialAction":[{"@type":"ReadAction","target":["https:\/\/indjijatravel.rs\/eng\/cortanovci\/"]}]},{"@type":"BreadcrumbList","@id":"https:\/\/indjijatravel.rs\/eng\/cortanovci\/#breadcrumb","itemListElement":[{"@type":"ListItem","position":1,"name":"\u041f\u043e\u0447\u0435\u0442\u043d\u0430","item":"https:\/\/indjijatravel.rs\/eng\/"},{"@type":"ListItem","position":2,"name":"\u010cortanovci"}]},{"@type":"WebSite","@id":"https:\/\/indjijatravel.rs\/eng\/#website","url":"https:\/\/indjijatravel.rs\/eng\/","name":"Tourist organization of the Municipality of In\u0111ija","description":"","potentialAction":[{"@type":"SearchAction","target":{"@type":"EntryPoint","urlTemplate":"https:\/\/indjijatravel.rs\/eng\/?s={search_term_string}"},"query-input":"required name=search_term_string"}],"inLanguage":"en-US"}]}},"_links":{"self":[{"href":"https:\/\/indjijatravel.rs\/eng\/wp-json\/wp\/v2\/pages\/580","targetHints":{"allow":["GET"]}}],"collection":[{"href":"https:\/\/indjijatravel.rs\/eng\/wp-json\/wp\/v2\/pages"}],"about":[{"href":"https:\/\/indjijatravel.rs\/eng\/wp-json\/wp\/v2\/types\/page"}],"author":[{"embeddable":true,"href":"https:\/\/indjijatravel.rs\/eng\/wp-json\/wp\/v2\/users\/1"}],"replies":[{"embeddable":true,"href":"https:\/\/indjijatravel.rs\/eng\/wp-json\/wp\/v2\/comments?post=580"}],"version-history":[{"count":1,"href":"https:\/\/indjijatravel.rs\/eng\/wp-json\/wp\/v2\/pages\/580\/revisions"}],"predecessor-version":[{"id":581,"href":"https:\/\/indjijatravel.rs\/eng\/wp-json\/wp\/v2\/pages\/580\/revisions\/581"}],"wp:attachment":[{"href":"https:\/\/indjijatravel.rs\/eng\/wp-json\/wp\/v2\/media?parent=580"}],"curies":[{"name":"wp","href":"https:\/\/api.w.org\/{rel}","templated":true}]}}