{"id":600,"date":"2022-10-21T08:21:45","date_gmt":"2022-10-21T08:21:45","guid":{"rendered":"https:\/\/indjijatravel.rs\/eng\/?page_id=600"},"modified":"2022-10-21T08:21:45","modified_gmt":"2022-10-21T08:21:45","slug":"castle-of-count-petar-pejacevic","status":"publish","type":"page","link":"https:\/\/indjijatravel.rs\/eng\/castle-of-count-petar-pejacevic\/","title":{"rendered":"Castle of Count Petar Peja\u010devi\u0107"},"content":{"rendered":"\n<h5 class=\"wp-block-heading\">Castle of Count Petar Peja\u010devi\u0107<\/h5>\n\n\n\n<p><em><em>Between Legend and Truth<\/em> <\/em><\/p>\n\n\n\n<p>It is believed that Count Petar Peja\u010devi\u0107 had 99 estates (<em>\u2018pustara\u2019<\/em>), because if he had had 100, he would have had to support the army. The Moja Volja (My Will) estate was his smallest estate. Legend has it that Count Peter was a bohemian and a gambler. On one occasion, on the balcony of his summer house, he lost everything except this estate. Then his wife asked to play the cards of her own will. She sat down at the table and won everything back, so they called the property Moja Volja (My Will). Another legend says that Count Petar had a daughter, Dora, who walked by the lake and asked for a summer house to be built there since it was her will to do so.<\/p>\n\n\n\n<figure class=\"wp-block-image size-large\"><img decoding=\"async\" src=\"http:\/\/indjijatravel.rs\/wp-content\/uploads\/2022\/05\/dvorac.jpg\" alt=\"\" class=\"wp-image-4587\"\/><\/figure>\n\n\n\n<p>The estates were agricultural-production units within large manorial estates, i.e. farms with a village. They consisted of arable land and a large number of outbuildings, production buildings, workers\u2019 houses (workers who cultivated the land were called \u2018<em>biro\u0161i\u2019<\/em>) and administrator\u2019s apartments. An administrative building (\u2018<em>kurija\u2019<\/em>) was often built on the estate, in which the nobility stayed only occasionally, usually once a year when they came to collect income. One such was a building on the shores of Lake Jarkovac.<\/p>\n\n\n\n<p>The exact time of the building of this manor house is not known, but apparently it dates from the second half of the 19<sup>th <\/sup>century, when the estate of Ruma was managed by Count Petar Peja\u010devi\u0107 and his son Adolf. The building was erected on a hill, which gave it fine views of the surrounding countryside. It has a base in the shape of the letter &#8220;T&#8221;, with a long single-story and two-story transverse wing. Originally, there was a balcony on the first floor, however, in the later period, another ground floor balcony in the neo-baroque style was added. A small, beautifully landscaped garden with flowers, paths made of gravel and some sculptures, as well as a small park used to surround the building.<\/p>\n\n\n\n<p>After the First and Second World Wars, the Moja Volja estate was largely destroyed and all outbuildings were demolished. Between the two world wars, the preserved manor house housed the home for blind girls, which was under the highest protection of Queen Marija Kara\u0111or\u0111evi\u0107.<\/p>\n\n\n\n<p>After the Second World War, the building was bought by Dr. Kosti\u0107, and it is assumed that another balcony was added at that time. The building remained in his ownership until the middle of 1950s, when it was bought by the local community. Today, it is a multi-purpose facility that houses a village school and kindergarten, a local office and an ambulance.<\/p>\n","protected":false},"excerpt":{"rendered":"<p>Castle of Count Petar Peja\u010devi\u0107 Between Legend and Truth It is believed that Count Petar Peja\u010devi\u0107 had 99 estates (\u2018pustara\u2019), because if he had had 100, he would have had to support the army. The Moja Volja (My Will) estate was his smallest estate. Legend has it that Count Peter was a bohemian and a [&hellip;]<\/p>\n","protected":false},"author":1,"featured_media":0,"parent":0,"menu_order":0,"comment_status":"closed","ping_status":"closed","template":"","meta":{"_monsterinsights_skip_tracking":false,"_monsterinsights_sitenote_active":false,"_monsterinsights_sitenote_note":"","_monsterinsights_sitenote_category":0,"footnotes":""},"class_list":["post-600","page","type-page","status-publish","hentry","no-thumb"],"yoast_head":"<!-- This site is optimized with the Yoast SEO plugin v19.7.1 - https:\/\/yoast.com\/wordpress\/plugins\/seo\/ -->\n<title>Castle of Count Petar Peja\u010devi\u0107 - Tourist organization of the Municipality of In\u0111ija<\/title>\n<meta name=\"description\" content=\"It is believed that Count Petar Peja\u010devi\u0107 had 99 estates (\u2018pustara\u2019), because if he had had 100, he would have had to support the army ...\" \/>\n<meta name=\"robots\" content=\"index, follow, max-snippet:-1, max-image-preview:large, max-video-preview:-1\" \/>\n<link rel=\"canonical\" href=\"https:\/\/indjijatravel.rs\/eng\/castle-of-count-petar-pejacevic\/\" \/>\n<meta property=\"og:locale\" content=\"en_US\" \/>\n<meta property=\"og:type\" content=\"article\" \/>\n<meta property=\"og:title\" content=\"Castle of Count Petar Peja\u010devi\u0107 - Tourist organization of the Municipality of In\u0111ija\" \/>\n<meta property=\"og:description\" content=\"It is believed that Count Petar Peja\u010devi\u0107 had 99 estates (\u2018pustara\u2019), because if he had had 100, he would have had to support the army ...\" \/>\n<meta property=\"og:url\" content=\"https:\/\/indjijatravel.rs\/eng\/castle-of-count-petar-pejacevic\/\" \/>\n<meta property=\"og:site_name\" content=\"Tourist organization of the Municipality of In\u0111ija\" \/>\n<meta property=\"og:image\" content=\"http:\/\/indjijatravel.rs\/wp-content\/uploads\/2022\/05\/dvorac.jpg\" \/>\n<meta name=\"twitter:card\" content=\"summary_large_image\" \/>\n<meta name=\"twitter:label1\" content=\"Est. reading time\" \/>\n\t<meta name=\"twitter:data1\" content=\"3 minutes\" \/>\n<script type=\"application\/ld+json\" class=\"yoast-schema-graph\">{\"@context\":\"https:\/\/schema.org\",\"@graph\":[{\"@type\":\"WebPage\",\"@id\":\"https:\/\/indjijatravel.rs\/eng\/castle-of-count-petar-pejacevic\/\",\"url\":\"https:\/\/indjijatravel.rs\/eng\/castle-of-count-petar-pejacevic\/\",\"name\":\"Castle of Count Petar Peja\u010devi\u0107 - Tourist organization of the Municipality of In\u0111ija\",\"isPartOf\":{\"@id\":\"https:\/\/indjijatravel.rs\/eng\/#website\"},\"datePublished\":\"2022-10-21T08:21:45+00:00\",\"dateModified\":\"2022-10-21T08:21:45+00:00\",\"description\":\"It is believed that Count Petar Peja\u010devi\u0107 had 99 estates (\u2018pustara\u2019), because if he had had 100, he would have had to support the army ...\",\"breadcrumb\":{\"@id\":\"https:\/\/indjijatravel.rs\/eng\/castle-of-count-petar-pejacevic\/#breadcrumb\"},\"inLanguage\":\"en-US\",\"potentialAction\":[{\"@type\":\"ReadAction\",\"target\":[\"https:\/\/indjijatravel.rs\/eng\/castle-of-count-petar-pejacevic\/\"]}]},{\"@type\":\"BreadcrumbList\",\"@id\":\"https:\/\/indjijatravel.rs\/eng\/castle-of-count-petar-pejacevic\/#breadcrumb\",\"itemListElement\":[{\"@type\":\"ListItem\",\"position\":1,\"name\":\"\u041f\u043e\u0447\u0435\u0442\u043d\u0430\",\"item\":\"https:\/\/indjijatravel.rs\/eng\/\"},{\"@type\":\"ListItem\",\"position\":2,\"name\":\"Castle of Count Petar Peja\u010devi\u0107\"}]},{\"@type\":\"WebSite\",\"@id\":\"https:\/\/indjijatravel.rs\/eng\/#website\",\"url\":\"https:\/\/indjijatravel.rs\/eng\/\",\"name\":\"Tourist organization of the Municipality of In\u0111ija\",\"description\":\"\",\"potentialAction\":[{\"@type\":\"SearchAction\",\"target\":{\"@type\":\"EntryPoint\",\"urlTemplate\":\"https:\/\/indjijatravel.rs\/eng\/?s={search_term_string}\"},\"query-input\":\"required name=search_term_string\"}],\"inLanguage\":\"en-US\"}]}<\/script>\n<!-- \/ Yoast SEO plugin. -->","yoast_head_json":{"title":"Castle of Count Petar Peja\u010devi\u0107 - Tourist organization of the Municipality of In\u0111ija","description":"It is believed that Count Petar Peja\u010devi\u0107 had 99 estates (\u2018pustara\u2019), because if he had had 100, he would have had to support the army ...","robots":{"index":"index","follow":"follow","max-snippet":"max-snippet:-1","max-image-preview":"max-image-preview:large","max-video-preview":"max-video-preview:-1"},"canonical":"https:\/\/indjijatravel.rs\/eng\/castle-of-count-petar-pejacevic\/","og_locale":"en_US","og_type":"article","og_title":"Castle of Count Petar Peja\u010devi\u0107 - Tourist organization of the Municipality of In\u0111ija","og_description":"It is believed that Count Petar Peja\u010devi\u0107 had 99 estates (\u2018pustara\u2019), because if he had had 100, he would have had to support the army ...","og_url":"https:\/\/indjijatravel.rs\/eng\/castle-of-count-petar-pejacevic\/","og_site_name":"Tourist organization of the Municipality of In\u0111ija","og_image":[{"url":"http:\/\/indjijatravel.rs\/wp-content\/uploads\/2022\/05\/dvorac.jpg"}],"twitter_card":"summary_large_image","twitter_misc":{"Est. reading time":"3 minutes"},"schema":{"@context":"https:\/\/schema.org","@graph":[{"@type":"WebPage","@id":"https:\/\/indjijatravel.rs\/eng\/castle-of-count-petar-pejacevic\/","url":"https:\/\/indjijatravel.rs\/eng\/castle-of-count-petar-pejacevic\/","name":"Castle of Count Petar Peja\u010devi\u0107 - Tourist organization of the Municipality of In\u0111ija","isPartOf":{"@id":"https:\/\/indjijatravel.rs\/eng\/#website"},"datePublished":"2022-10-21T08:21:45+00:00","dateModified":"2022-10-21T08:21:45+00:00","description":"It is believed that Count Petar Peja\u010devi\u0107 had 99 estates (\u2018pustara\u2019), because if he had had 100, he would have had to support the army ...","breadcrumb":{"@id":"https:\/\/indjijatravel.rs\/eng\/castle-of-count-petar-pejacevic\/#breadcrumb"},"inLanguage":"en-US","potentialAction":[{"@type":"ReadAction","target":["https:\/\/indjijatravel.rs\/eng\/castle-of-count-petar-pejacevic\/"]}]},{"@type":"BreadcrumbList","@id":"https:\/\/indjijatravel.rs\/eng\/castle-of-count-petar-pejacevic\/#breadcrumb","itemListElement":[{"@type":"ListItem","position":1,"name":"\u041f\u043e\u0447\u0435\u0442\u043d\u0430","item":"https:\/\/indjijatravel.rs\/eng\/"},{"@type":"ListItem","position":2,"name":"Castle of Count Petar Peja\u010devi\u0107"}]},{"@type":"WebSite","@id":"https:\/\/indjijatravel.rs\/eng\/#website","url":"https:\/\/indjijatravel.rs\/eng\/","name":"Tourist organization of the Municipality of In\u0111ija","description":"","potentialAction":[{"@type":"SearchAction","target":{"@type":"EntryPoint","urlTemplate":"https:\/\/indjijatravel.rs\/eng\/?s={search_term_string}"},"query-input":"required name=search_term_string"}],"inLanguage":"en-US"}]}},"_links":{"self":[{"href":"https:\/\/indjijatravel.rs\/eng\/wp-json\/wp\/v2\/pages\/600","targetHints":{"allow":["GET"]}}],"collection":[{"href":"https:\/\/indjijatravel.rs\/eng\/wp-json\/wp\/v2\/pages"}],"about":[{"href":"https:\/\/indjijatravel.rs\/eng\/wp-json\/wp\/v2\/types\/page"}],"author":[{"embeddable":true,"href":"https:\/\/indjijatravel.rs\/eng\/wp-json\/wp\/v2\/users\/1"}],"replies":[{"embeddable":true,"href":"https:\/\/indjijatravel.rs\/eng\/wp-json\/wp\/v2\/comments?post=600"}],"version-history":[{"count":1,"href":"https:\/\/indjijatravel.rs\/eng\/wp-json\/wp\/v2\/pages\/600\/revisions"}],"predecessor-version":[{"id":601,"href":"https:\/\/indjijatravel.rs\/eng\/wp-json\/wp\/v2\/pages\/600\/revisions\/601"}],"wp:attachment":[{"href":"https:\/\/indjijatravel.rs\/eng\/wp-json\/wp\/v2\/media?parent=600"}],"curies":[{"name":"wp","href":"https:\/\/api.w.org\/{rel}","templated":true}]}}