{"id":610,"date":"2022-10-21T08:30:27","date_gmt":"2022-10-21T08:30:27","guid":{"rendered":"https:\/\/indjijatravel.rs\/eng\/?page_id=610"},"modified":"2022-10-21T08:30:28","modified_gmt":"2022-10-21T08:30:28","slug":"church-of-st-nicholas","status":"publish","type":"page","link":"https:\/\/indjijatravel.rs\/eng\/church-of-st-nicholas\/","title":{"rendered":"Church of St. Nicholas"},"content":{"rendered":"\n<h5 class=\"wp-block-heading\">Church of St. Nicholas<\/h5>\n\n\n\n<p><em><em>The Temple of the Fine Library<\/em><\/em><\/p>\n\n\n\n<p>The Temple of the Transfer of the Relics of the Holy Father Nikolaj was built in 1781 and consecrated by Metropolitan Vi\u0107entije. This is a single-nave building with an altar apse on the east side and a bell tower above the western part of the building. The fa\u00e7ade of the church is divided by a low plinth, pilasters and a profiled roof cornice. The church got its present appearance at the beginning of the 19<sup>th<\/sup> century.<\/p>\n\n\n\n<figure class=\"wp-block-image size-large\"><img decoding=\"async\" src=\"http:\/\/indjijatravel.rs\/wp-content\/uploads\/2022\/05\/Crkva-Svetog-Nikole-.png\" alt=\"\" class=\"wp-image-4569\"\/><\/figure>\n\n\n\n<p>The fence around the church is made of wrought iron with beautiful ornaments, as the gate itself. There are a lot of firs and silver pines in the church yard, while there are three linden trees in front of the church. On the left side in front of the church is an old stone cross surrounded by a wrought iron fence with an inscription. The iconostasis has been painted several times and belongs to the type of multi-story altar partitions. It was done by Edvard Vladar\u0161, Dimitrije Lazarevi\u0107 and Teodor Vitkovi\u0107. The author of the paintings is Petar Kambera, and the choir is the work of woodcarver Marko Vujatovi\u0107. It houses a fine library of church books.<\/p>\n\n\n\n<p>During the First World War, the bells were removed from the church and melted down into cannons. Until the Germans built their church, their priests and believers used the Serbian church for worship.<\/p>\n\n\n\n<p>Conservation and restoration work on the church was carried out in 1973, whereas the interior of the temple and the cleaning of carved parts and iconostasis was done in 1981.<\/p>\n\n\n\n<p>It received the status of a Cultural Heritage of Great Importance in 1972, and was categorized in 1991.<\/p>\n","protected":false},"excerpt":{"rendered":"<p>Church of St. Nicholas The Temple of the Fine Library The Temple of the Transfer of the Relics of the Holy Father Nikolaj was built in 1781 and consecrated by Metropolitan Vi\u0107entije. This is a single-nave building with an altar apse on the east side and a bell tower above the western part of the [&hellip;]<\/p>\n","protected":false},"author":1,"featured_media":0,"parent":0,"menu_order":0,"comment_status":"closed","ping_status":"closed","template":"","meta":{"_monsterinsights_skip_tracking":false,"_monsterinsights_sitenote_active":false,"_monsterinsights_sitenote_note":"","_monsterinsights_sitenote_category":0,"footnotes":""},"class_list":["post-610","page","type-page","status-publish","hentry","no-thumb"],"yoast_head":"<!-- This site is optimized with the Yoast SEO plugin v19.7.1 - https:\/\/yoast.com\/wordpress\/plugins\/seo\/ -->\n<title>Church of St. Nicholas - Tourist organization of the Municipality of In\u0111ija<\/title>\n<meta name=\"description\" content=\"The Temple of the Transfer of the Relics of the Holy Father Nikolaj was built in 1781 and consecrated by Metropolitan Vi\u0107entije. This is a ...\" \/>\n<meta name=\"robots\" content=\"index, follow, max-snippet:-1, max-image-preview:large, max-video-preview:-1\" \/>\n<link rel=\"canonical\" href=\"https:\/\/indjijatravel.rs\/eng\/church-of-st-nicholas\/\" \/>\n<meta property=\"og:locale\" content=\"en_US\" \/>\n<meta property=\"og:type\" content=\"article\" \/>\n<meta property=\"og:title\" content=\"Church of St. Nicholas - Tourist organization of the Municipality of In\u0111ija\" \/>\n<meta property=\"og:description\" content=\"The Temple of the Transfer of the Relics of the Holy Father Nikolaj was built in 1781 and consecrated by Metropolitan Vi\u0107entije. This is a ...\" \/>\n<meta property=\"og:url\" content=\"https:\/\/indjijatravel.rs\/eng\/church-of-st-nicholas\/\" \/>\n<meta property=\"og:site_name\" content=\"Tourist organization of the Municipality of In\u0111ija\" \/>\n<meta property=\"article:modified_time\" content=\"2022-10-21T08:30:28+00:00\" \/>\n<meta property=\"og:image\" content=\"http:\/\/indjijatravel.rs\/wp-content\/uploads\/2022\/05\/Crkva-Svetog-Nikole-.png\" \/>\n<meta name=\"twitter:card\" content=\"summary_large_image\" \/>\n<meta name=\"twitter:label1\" content=\"Est. reading time\" \/>\n\t<meta name=\"twitter:data1\" content=\"2 minutes\" \/>\n<script type=\"application\/ld+json\" class=\"yoast-schema-graph\">{\"@context\":\"https:\/\/schema.org\",\"@graph\":[{\"@type\":\"WebPage\",\"@id\":\"https:\/\/indjijatravel.rs\/eng\/church-of-st-nicholas\/\",\"url\":\"https:\/\/indjijatravel.rs\/eng\/church-of-st-nicholas\/\",\"name\":\"Church of St. Nicholas - Tourist organization of the Municipality of In\u0111ija\",\"isPartOf\":{\"@id\":\"https:\/\/indjijatravel.rs\/eng\/#website\"},\"datePublished\":\"2022-10-21T08:30:27+00:00\",\"dateModified\":\"2022-10-21T08:30:28+00:00\",\"description\":\"The Temple of the Transfer of the Relics of the Holy Father Nikolaj was built in 1781 and consecrated by Metropolitan Vi\u0107entije. This is a ...\",\"breadcrumb\":{\"@id\":\"https:\/\/indjijatravel.rs\/eng\/church-of-st-nicholas\/#breadcrumb\"},\"inLanguage\":\"en-US\",\"potentialAction\":[{\"@type\":\"ReadAction\",\"target\":[\"https:\/\/indjijatravel.rs\/eng\/church-of-st-nicholas\/\"]}]},{\"@type\":\"BreadcrumbList\",\"@id\":\"https:\/\/indjijatravel.rs\/eng\/church-of-st-nicholas\/#breadcrumb\",\"itemListElement\":[{\"@type\":\"ListItem\",\"position\":1,\"name\":\"\u041f\u043e\u0447\u0435\u0442\u043d\u0430\",\"item\":\"https:\/\/indjijatravel.rs\/eng\/\"},{\"@type\":\"ListItem\",\"position\":2,\"name\":\"Church of St. Nicholas\"}]},{\"@type\":\"WebSite\",\"@id\":\"https:\/\/indjijatravel.rs\/eng\/#website\",\"url\":\"https:\/\/indjijatravel.rs\/eng\/\",\"name\":\"Tourist organization of the Municipality of In\u0111ija\",\"description\":\"\",\"potentialAction\":[{\"@type\":\"SearchAction\",\"target\":{\"@type\":\"EntryPoint\",\"urlTemplate\":\"https:\/\/indjijatravel.rs\/eng\/?s={search_term_string}\"},\"query-input\":\"required name=search_term_string\"}],\"inLanguage\":\"en-US\"}]}<\/script>\n<!-- \/ Yoast SEO plugin. -->","yoast_head_json":{"title":"Church of St. Nicholas - Tourist organization of the Municipality of In\u0111ija","description":"The Temple of the Transfer of the Relics of the Holy Father Nikolaj was built in 1781 and consecrated by Metropolitan Vi\u0107entije. This is a ...","robots":{"index":"index","follow":"follow","max-snippet":"max-snippet:-1","max-image-preview":"max-image-preview:large","max-video-preview":"max-video-preview:-1"},"canonical":"https:\/\/indjijatravel.rs\/eng\/church-of-st-nicholas\/","og_locale":"en_US","og_type":"article","og_title":"Church of St. Nicholas - Tourist organization of the Municipality of In\u0111ija","og_description":"The Temple of the Transfer of the Relics of the Holy Father Nikolaj was built in 1781 and consecrated by Metropolitan Vi\u0107entije. This is a ...","og_url":"https:\/\/indjijatravel.rs\/eng\/church-of-st-nicholas\/","og_site_name":"Tourist organization of the Municipality of In\u0111ija","article_modified_time":"2022-10-21T08:30:28+00:00","og_image":[{"url":"http:\/\/indjijatravel.rs\/wp-content\/uploads\/2022\/05\/Crkva-Svetog-Nikole-.png"}],"twitter_card":"summary_large_image","twitter_misc":{"Est. reading time":"2 minutes"},"schema":{"@context":"https:\/\/schema.org","@graph":[{"@type":"WebPage","@id":"https:\/\/indjijatravel.rs\/eng\/church-of-st-nicholas\/","url":"https:\/\/indjijatravel.rs\/eng\/church-of-st-nicholas\/","name":"Church of St. Nicholas - Tourist organization of the Municipality of In\u0111ija","isPartOf":{"@id":"https:\/\/indjijatravel.rs\/eng\/#website"},"datePublished":"2022-10-21T08:30:27+00:00","dateModified":"2022-10-21T08:30:28+00:00","description":"The Temple of the Transfer of the Relics of the Holy Father Nikolaj was built in 1781 and consecrated by Metropolitan Vi\u0107entije. This is a ...","breadcrumb":{"@id":"https:\/\/indjijatravel.rs\/eng\/church-of-st-nicholas\/#breadcrumb"},"inLanguage":"en-US","potentialAction":[{"@type":"ReadAction","target":["https:\/\/indjijatravel.rs\/eng\/church-of-st-nicholas\/"]}]},{"@type":"BreadcrumbList","@id":"https:\/\/indjijatravel.rs\/eng\/church-of-st-nicholas\/#breadcrumb","itemListElement":[{"@type":"ListItem","position":1,"name":"\u041f\u043e\u0447\u0435\u0442\u043d\u0430","item":"https:\/\/indjijatravel.rs\/eng\/"},{"@type":"ListItem","position":2,"name":"Church of St. Nicholas"}]},{"@type":"WebSite","@id":"https:\/\/indjijatravel.rs\/eng\/#website","url":"https:\/\/indjijatravel.rs\/eng\/","name":"Tourist organization of the Municipality of In\u0111ija","description":"","potentialAction":[{"@type":"SearchAction","target":{"@type":"EntryPoint","urlTemplate":"https:\/\/indjijatravel.rs\/eng\/?s={search_term_string}"},"query-input":"required name=search_term_string"}],"inLanguage":"en-US"}]}},"_links":{"self":[{"href":"https:\/\/indjijatravel.rs\/eng\/wp-json\/wp\/v2\/pages\/610","targetHints":{"allow":["GET"]}}],"collection":[{"href":"https:\/\/indjijatravel.rs\/eng\/wp-json\/wp\/v2\/pages"}],"about":[{"href":"https:\/\/indjijatravel.rs\/eng\/wp-json\/wp\/v2\/types\/page"}],"author":[{"embeddable":true,"href":"https:\/\/indjijatravel.rs\/eng\/wp-json\/wp\/v2\/users\/1"}],"replies":[{"embeddable":true,"href":"https:\/\/indjijatravel.rs\/eng\/wp-json\/wp\/v2\/comments?post=610"}],"version-history":[{"count":1,"href":"https:\/\/indjijatravel.rs\/eng\/wp-json\/wp\/v2\/pages\/610\/revisions"}],"predecessor-version":[{"id":611,"href":"https:\/\/indjijatravel.rs\/eng\/wp-json\/wp\/v2\/pages\/610\/revisions\/611"}],"wp:attachment":[{"href":"https:\/\/indjijatravel.rs\/eng\/wp-json\/wp\/v2\/media?parent=610"}],"curies":[{"name":"wp","href":"https:\/\/api.w.org\/{rel}","templated":true}]}}