{"id":612,"date":"2022-10-21T08:32:21","date_gmt":"2022-10-21T08:32:21","guid":{"rendered":"https:\/\/indjijatravel.rs\/eng\/?page_id=612"},"modified":"2022-10-21T08:32:22","modified_gmt":"2022-10-21T08:32:22","slug":"military-frontier-building","status":"publish","type":"page","link":"https:\/\/indjijatravel.rs\/eng\/military-frontier-building\/","title":{"rendered":"Military Frontier Building"},"content":{"rendered":"\n<h5 class=\"wp-block-heading\">Military Frontier Building<\/h5>\n\n\n\n<p><em><em>Military Building Converted into a School<\/em><\/em><\/p>\n\n\n\n<p>The Military Frontier Building in Kr\u010dedin, a village in the municipality of In\u0111ija, was erected in the 1960s and has the status of a Cultural Heritage of Great Importance. It was designed as a two-story house, most likely for officer&#8217;s apartments, but due to the war between Austria and Italy and the lack of funds, only a one-story building was built.<\/p>\n\n\n\n<figure class=\"wp-block-image size-large\"><img decoding=\"async\" src=\"http:\/\/indjijatravel.rs\/wp-content\/uploads\/2022\/05\/Vojnogran_zgrada_u.jpg\" alt=\"\" class=\"wp-image-4572\"\/><\/figure>\n\n\n\n<p>Since the Military Frontier was soon abolished, it is assumed that it was never used for military purposes, but was turned into a school. In addition to the school, there were also teachers&#8217; apartments, a post office for a while, and it also served as a warehouse for grains and mineral fertilizers. Otherwise, the military frontier buildings were used to house the command center, arsenal or military administration.<\/p>\n\n\n\n<p>The building is built of hard material and plastered, with a basement, elevated ground floor and attic space. On the main fa\u00e7ade, there are five framed windows, shaped with plaster with rectangular frames, which form a kind of pilaster, a small plinth and a cornice.<\/p>\n\n\n\n<p>Conservation work was carried out in 1984.<\/p>\n","protected":false},"excerpt":{"rendered":"<p>Military Frontier Building Military Building Converted into a School The Military Frontier Building in Kr\u010dedin, a village in the municipality of In\u0111ija, was erected in the 1960s and has the status of a Cultural Heritage of Great Importance. It was designed as a two-story house, most likely for officer&#8217;s apartments, but due to the war [&hellip;]<\/p>\n","protected":false},"author":1,"featured_media":0,"parent":0,"menu_order":0,"comment_status":"closed","ping_status":"closed","template":"","meta":{"_monsterinsights_skip_tracking":false,"_monsterinsights_sitenote_active":false,"_monsterinsights_sitenote_note":"","_monsterinsights_sitenote_category":0,"footnotes":""},"class_list":["post-612","page","type-page","status-publish","hentry","no-thumb"],"yoast_head":"<!-- This site is optimized with the Yoast SEO plugin v19.7.1 - https:\/\/yoast.com\/wordpress\/plugins\/seo\/ -->\n<title>Military Frontier Building - Tourist organization of the Municipality of In\u0111ija<\/title>\n<meta name=\"description\" content=\"The Military Frontier Building in Kr\u010dedin, a village in the municipality of In\u0111ija, was erected in the 1960s and has the status of a ...\" \/>\n<meta name=\"robots\" content=\"index, follow, max-snippet:-1, max-image-preview:large, max-video-preview:-1\" \/>\n<link rel=\"canonical\" href=\"https:\/\/indjijatravel.rs\/eng\/military-frontier-building\/\" \/>\n<meta property=\"og:locale\" content=\"en_US\" \/>\n<meta property=\"og:type\" content=\"article\" \/>\n<meta property=\"og:title\" content=\"Military Frontier Building - Tourist organization of the Municipality of In\u0111ija\" \/>\n<meta property=\"og:description\" content=\"The Military Frontier Building in Kr\u010dedin, a village in the municipality of In\u0111ija, was erected in the 1960s and has the status of a ...\" \/>\n<meta property=\"og:url\" content=\"https:\/\/indjijatravel.rs\/eng\/military-frontier-building\/\" \/>\n<meta property=\"og:site_name\" content=\"Tourist organization of the Municipality of In\u0111ija\" \/>\n<meta property=\"article:modified_time\" content=\"2022-10-21T08:32:22+00:00\" \/>\n<meta property=\"og:image\" content=\"http:\/\/indjijatravel.rs\/wp-content\/uploads\/2022\/05\/Vojnogran_zgrada_u.jpg\" \/>\n<meta name=\"twitter:card\" content=\"summary_large_image\" \/>\n<meta name=\"twitter:label1\" content=\"Est. reading time\" \/>\n\t<meta name=\"twitter:data1\" content=\"2 minutes\" \/>\n<script type=\"application\/ld+json\" class=\"yoast-schema-graph\">{\"@context\":\"https:\/\/schema.org\",\"@graph\":[{\"@type\":\"WebPage\",\"@id\":\"https:\/\/indjijatravel.rs\/eng\/military-frontier-building\/\",\"url\":\"https:\/\/indjijatravel.rs\/eng\/military-frontier-building\/\",\"name\":\"Military Frontier Building - Tourist organization of the Municipality of In\u0111ija\",\"isPartOf\":{\"@id\":\"https:\/\/indjijatravel.rs\/eng\/#website\"},\"datePublished\":\"2022-10-21T08:32:21+00:00\",\"dateModified\":\"2022-10-21T08:32:22+00:00\",\"description\":\"The Military Frontier Building in Kr\u010dedin, a village in the municipality of In\u0111ija, was erected in the 1960s and has the status of a ...\",\"breadcrumb\":{\"@id\":\"https:\/\/indjijatravel.rs\/eng\/military-frontier-building\/#breadcrumb\"},\"inLanguage\":\"en-US\",\"potentialAction\":[{\"@type\":\"ReadAction\",\"target\":[\"https:\/\/indjijatravel.rs\/eng\/military-frontier-building\/\"]}]},{\"@type\":\"BreadcrumbList\",\"@id\":\"https:\/\/indjijatravel.rs\/eng\/military-frontier-building\/#breadcrumb\",\"itemListElement\":[{\"@type\":\"ListItem\",\"position\":1,\"name\":\"\u041f\u043e\u0447\u0435\u0442\u043d\u0430\",\"item\":\"https:\/\/indjijatravel.rs\/eng\/\"},{\"@type\":\"ListItem\",\"position\":2,\"name\":\"Military Frontier Building\"}]},{\"@type\":\"WebSite\",\"@id\":\"https:\/\/indjijatravel.rs\/eng\/#website\",\"url\":\"https:\/\/indjijatravel.rs\/eng\/\",\"name\":\"Tourist organization of the Municipality of In\u0111ija\",\"description\":\"\",\"potentialAction\":[{\"@type\":\"SearchAction\",\"target\":{\"@type\":\"EntryPoint\",\"urlTemplate\":\"https:\/\/indjijatravel.rs\/eng\/?s={search_term_string}\"},\"query-input\":\"required name=search_term_string\"}],\"inLanguage\":\"en-US\"}]}<\/script>\n<!-- \/ Yoast SEO plugin. -->","yoast_head_json":{"title":"Military Frontier Building - Tourist organization of the Municipality of In\u0111ija","description":"The Military Frontier Building in Kr\u010dedin, a village in the municipality of In\u0111ija, was erected in the 1960s and has the status of a ...","robots":{"index":"index","follow":"follow","max-snippet":"max-snippet:-1","max-image-preview":"max-image-preview:large","max-video-preview":"max-video-preview:-1"},"canonical":"https:\/\/indjijatravel.rs\/eng\/military-frontier-building\/","og_locale":"en_US","og_type":"article","og_title":"Military Frontier Building - Tourist organization of the Municipality of In\u0111ija","og_description":"The Military Frontier Building in Kr\u010dedin, a village in the municipality of In\u0111ija, was erected in the 1960s and has the status of a ...","og_url":"https:\/\/indjijatravel.rs\/eng\/military-frontier-building\/","og_site_name":"Tourist organization of the Municipality of In\u0111ija","article_modified_time":"2022-10-21T08:32:22+00:00","og_image":[{"url":"http:\/\/indjijatravel.rs\/wp-content\/uploads\/2022\/05\/Vojnogran_zgrada_u.jpg"}],"twitter_card":"summary_large_image","twitter_misc":{"Est. reading time":"2 minutes"},"schema":{"@context":"https:\/\/schema.org","@graph":[{"@type":"WebPage","@id":"https:\/\/indjijatravel.rs\/eng\/military-frontier-building\/","url":"https:\/\/indjijatravel.rs\/eng\/military-frontier-building\/","name":"Military Frontier Building - Tourist organization of the Municipality of In\u0111ija","isPartOf":{"@id":"https:\/\/indjijatravel.rs\/eng\/#website"},"datePublished":"2022-10-21T08:32:21+00:00","dateModified":"2022-10-21T08:32:22+00:00","description":"The Military Frontier Building in Kr\u010dedin, a village in the municipality of In\u0111ija, was erected in the 1960s and has the status of a ...","breadcrumb":{"@id":"https:\/\/indjijatravel.rs\/eng\/military-frontier-building\/#breadcrumb"},"inLanguage":"en-US","potentialAction":[{"@type":"ReadAction","target":["https:\/\/indjijatravel.rs\/eng\/military-frontier-building\/"]}]},{"@type":"BreadcrumbList","@id":"https:\/\/indjijatravel.rs\/eng\/military-frontier-building\/#breadcrumb","itemListElement":[{"@type":"ListItem","position":1,"name":"\u041f\u043e\u0447\u0435\u0442\u043d\u0430","item":"https:\/\/indjijatravel.rs\/eng\/"},{"@type":"ListItem","position":2,"name":"Military Frontier Building"}]},{"@type":"WebSite","@id":"https:\/\/indjijatravel.rs\/eng\/#website","url":"https:\/\/indjijatravel.rs\/eng\/","name":"Tourist organization of the Municipality of In\u0111ija","description":"","potentialAction":[{"@type":"SearchAction","target":{"@type":"EntryPoint","urlTemplate":"https:\/\/indjijatravel.rs\/eng\/?s={search_term_string}"},"query-input":"required name=search_term_string"}],"inLanguage":"en-US"}]}},"_links":{"self":[{"href":"https:\/\/indjijatravel.rs\/eng\/wp-json\/wp\/v2\/pages\/612","targetHints":{"allow":["GET"]}}],"collection":[{"href":"https:\/\/indjijatravel.rs\/eng\/wp-json\/wp\/v2\/pages"}],"about":[{"href":"https:\/\/indjijatravel.rs\/eng\/wp-json\/wp\/v2\/types\/page"}],"author":[{"embeddable":true,"href":"https:\/\/indjijatravel.rs\/eng\/wp-json\/wp\/v2\/users\/1"}],"replies":[{"embeddable":true,"href":"https:\/\/indjijatravel.rs\/eng\/wp-json\/wp\/v2\/comments?post=612"}],"version-history":[{"count":1,"href":"https:\/\/indjijatravel.rs\/eng\/wp-json\/wp\/v2\/pages\/612\/revisions"}],"predecessor-version":[{"id":613,"href":"https:\/\/indjijatravel.rs\/eng\/wp-json\/wp\/v2\/pages\/612\/revisions\/613"}],"wp:attachment":[{"href":"https:\/\/indjijatravel.rs\/eng\/wp-json\/wp\/v2\/media?parent=612"}],"curies":[{"name":"wp","href":"https:\/\/api.w.org\/{rel}","templated":true}]}}