{"id":622,"date":"2022-10-21T08:40:33","date_gmt":"2022-10-21T08:40:33","guid":{"rendered":"https:\/\/indjijatravel.rs\/eng\/?page_id=622"},"modified":"2022-10-21T08:40:33","modified_gmt":"2022-10-21T08:40:33","slug":"church-of-the-presentation-of-the-most-holy-mother-of-god","status":"publish","type":"page","link":"https:\/\/indjijatravel.rs\/eng\/church-of-the-presentation-of-the-most-holy-mother-of-god\/","title":{"rendered":"Church of the Presentation of the Most Holy Mother of God"},"content":{"rendered":"\n<h5 class=\"wp-block-heading\">Church of the Presentation of the Most Holy Mother of God<\/h5>\n\n\n\n<p><em><em>Predi\u0107&#8217;s Icons on the Top of the Iconostasis<\/em><\/em><\/p>\n\n\n\n<p>The Church of the Presentation of the Most Holy Mother of God (<em>Crkva Vavedenja Presvete Bogorodice<\/em>) in Be\u0161ka has changed its location several times and has been at its current location since 1771. It is assumed that its previous location was on the site of today&#8217;s Vodice Chapel, that it was a wooden church, covered with shingles. Later, a new stone church was built. In the middle of the 18<sup>th<\/sup> century, the Austrian Empress Maria Theresa carried out the siege of the village and built a new church in the center in 1771.<\/p>\n\n\n\n<figure class=\"wp-block-image size-large\"><img decoding=\"async\" src=\"http:\/\/indjijatravel.rs\/wp-content\/uploads\/2022\/05\/DSC_9318.jpg\" alt=\"\" class=\"wp-image-4558\"\/><\/figure>\n\n\n\n<p>The architecture of the church dates from the second half of the 18<sup>th <\/sup>century with the classicist carvings of the famous Vojvodina woodcarver Pavle Bo\u0161njakovi\u0107 from 1836 and the paintings of the Veliki Be\u010dkerek painter Jeftimije Popovi\u0107 from 1840. It represents an interesting artistic whole important for the study of modern Serbian art. Somewhat later (1899-1900), Du\u0161an and Stevan Aleksi\u0107 from Arad carried out restoration works on the iconostasis and the interior of the church and added new compositions.<\/p>\n\n\n\n<p>There are about 120 icons on the walls of the temple. The church houses the original work of Uro\u0161 Predi\u0107 on the top of the iconostasis (Crucifixion of Jesus Christ with the icon of the Mother of God and St. John the Theologian). Predi\u0107 was the most prominent representative of Academic Realism among Serbs. He graduated from the conservative Academy of Arts in Vienna in 1880. He lived there for another five years and made 13 paintings of mythological content for the frieze of the Parliament in Vienna.<\/p>\n\n\n\n<p>The church in Be\u0161ka boasts a very rich collection of books, which are in the church-municipal library, church archives or in choirs, which is quite rare for the area. The church has been protected since 1973, and since 1991 it has been categorized as a Cultural Heritage of Great Importance.<\/p>\n","protected":false},"excerpt":{"rendered":"<p>Church of the Presentation of the Most Holy Mother of God Predi\u0107&#8217;s Icons on the Top of the Iconostasis The Church of the Presentation of the Most Holy Mother of God (Crkva Vavedenja Presvete Bogorodice) in Be\u0161ka has changed its location several times and has been at its current location since 1771. It is assumed [&hellip;]<\/p>\n","protected":false},"author":1,"featured_media":0,"parent":0,"menu_order":0,"comment_status":"closed","ping_status":"closed","template":"","meta":{"_monsterinsights_skip_tracking":false,"_monsterinsights_sitenote_active":false,"_monsterinsights_sitenote_note":"","_monsterinsights_sitenote_category":0,"footnotes":""},"class_list":["post-622","page","type-page","status-publish","hentry","no-thumb"],"yoast_head":"<!-- This site is optimized with the Yoast SEO plugin v19.7.1 - https:\/\/yoast.com\/wordpress\/plugins\/seo\/ -->\n<title>Church of the Presentation of the Most Holy Mother of God - Tourist organization of the Municipality of In\u0111ija<\/title>\n<meta name=\"description\" content=\"The Church of the Presentation of the Most Holy Mother of God (Crkva Vavedenja Presvete Bogorodice) in Be\u0161ka has changed its location ...\" \/>\n<meta name=\"robots\" content=\"index, follow, max-snippet:-1, max-image-preview:large, max-video-preview:-1\" \/>\n<link rel=\"canonical\" href=\"https:\/\/indjijatravel.rs\/eng\/church-of-the-presentation-of-the-most-holy-mother-of-god\/\" \/>\n<meta property=\"og:locale\" content=\"en_US\" \/>\n<meta property=\"og:type\" content=\"article\" \/>\n<meta property=\"og:title\" content=\"Church of the Presentation of the Most Holy Mother of God - Tourist organization of the Municipality of In\u0111ija\" \/>\n<meta property=\"og:description\" content=\"The Church of the Presentation of the Most Holy Mother of God (Crkva Vavedenja Presvete Bogorodice) in Be\u0161ka has changed its location ...\" \/>\n<meta property=\"og:url\" content=\"https:\/\/indjijatravel.rs\/eng\/church-of-the-presentation-of-the-most-holy-mother-of-god\/\" \/>\n<meta property=\"og:site_name\" content=\"Tourist organization of the Municipality of In\u0111ija\" \/>\n<meta property=\"og:image\" content=\"http:\/\/indjijatravel.rs\/wp-content\/uploads\/2022\/05\/DSC_9318.jpg\" \/>\n<meta name=\"twitter:card\" content=\"summary_large_image\" \/>\n<meta name=\"twitter:label1\" content=\"Est. reading time\" \/>\n\t<meta name=\"twitter:data1\" content=\"2 minutes\" \/>\n<script type=\"application\/ld+json\" class=\"yoast-schema-graph\">{\"@context\":\"https:\/\/schema.org\",\"@graph\":[{\"@type\":\"WebPage\",\"@id\":\"https:\/\/indjijatravel.rs\/eng\/church-of-the-presentation-of-the-most-holy-mother-of-god\/\",\"url\":\"https:\/\/indjijatravel.rs\/eng\/church-of-the-presentation-of-the-most-holy-mother-of-god\/\",\"name\":\"Church of the Presentation of the Most Holy Mother of God - Tourist organization of the Municipality of In\u0111ija\",\"isPartOf\":{\"@id\":\"https:\/\/indjijatravel.rs\/eng\/#website\"},\"datePublished\":\"2022-10-21T08:40:33+00:00\",\"dateModified\":\"2022-10-21T08:40:33+00:00\",\"description\":\"The Church of the Presentation of the Most Holy Mother of God (Crkva Vavedenja Presvete Bogorodice) in Be\u0161ka has changed its location ...\",\"breadcrumb\":{\"@id\":\"https:\/\/indjijatravel.rs\/eng\/church-of-the-presentation-of-the-most-holy-mother-of-god\/#breadcrumb\"},\"inLanguage\":\"en-US\",\"potentialAction\":[{\"@type\":\"ReadAction\",\"target\":[\"https:\/\/indjijatravel.rs\/eng\/church-of-the-presentation-of-the-most-holy-mother-of-god\/\"]}]},{\"@type\":\"BreadcrumbList\",\"@id\":\"https:\/\/indjijatravel.rs\/eng\/church-of-the-presentation-of-the-most-holy-mother-of-god\/#breadcrumb\",\"itemListElement\":[{\"@type\":\"ListItem\",\"position\":1,\"name\":\"\u041f\u043e\u0447\u0435\u0442\u043d\u0430\",\"item\":\"https:\/\/indjijatravel.rs\/eng\/\"},{\"@type\":\"ListItem\",\"position\":2,\"name\":\"Church of the Presentation of the Most Holy Mother of God\"}]},{\"@type\":\"WebSite\",\"@id\":\"https:\/\/indjijatravel.rs\/eng\/#website\",\"url\":\"https:\/\/indjijatravel.rs\/eng\/\",\"name\":\"Tourist organization of the Municipality of In\u0111ija\",\"description\":\"\",\"potentialAction\":[{\"@type\":\"SearchAction\",\"target\":{\"@type\":\"EntryPoint\",\"urlTemplate\":\"https:\/\/indjijatravel.rs\/eng\/?s={search_term_string}\"},\"query-input\":\"required name=search_term_string\"}],\"inLanguage\":\"en-US\"}]}<\/script>\n<!-- \/ Yoast SEO plugin. -->","yoast_head_json":{"title":"Church of the Presentation of the Most Holy Mother of God - Tourist organization of the Municipality of In\u0111ija","description":"The Church of the Presentation of the Most Holy Mother of God (Crkva Vavedenja Presvete Bogorodice) in Be\u0161ka has changed its location ...","robots":{"index":"index","follow":"follow","max-snippet":"max-snippet:-1","max-image-preview":"max-image-preview:large","max-video-preview":"max-video-preview:-1"},"canonical":"https:\/\/indjijatravel.rs\/eng\/church-of-the-presentation-of-the-most-holy-mother-of-god\/","og_locale":"en_US","og_type":"article","og_title":"Church of the Presentation of the Most Holy Mother of God - Tourist organization of the Municipality of In\u0111ija","og_description":"The Church of the Presentation of the Most Holy Mother of God (Crkva Vavedenja Presvete Bogorodice) in Be\u0161ka has changed its location ...","og_url":"https:\/\/indjijatravel.rs\/eng\/church-of-the-presentation-of-the-most-holy-mother-of-god\/","og_site_name":"Tourist organization of the Municipality of In\u0111ija","og_image":[{"url":"http:\/\/indjijatravel.rs\/wp-content\/uploads\/2022\/05\/DSC_9318.jpg"}],"twitter_card":"summary_large_image","twitter_misc":{"Est. reading time":"2 minutes"},"schema":{"@context":"https:\/\/schema.org","@graph":[{"@type":"WebPage","@id":"https:\/\/indjijatravel.rs\/eng\/church-of-the-presentation-of-the-most-holy-mother-of-god\/","url":"https:\/\/indjijatravel.rs\/eng\/church-of-the-presentation-of-the-most-holy-mother-of-god\/","name":"Church of the Presentation of the Most Holy Mother of God - Tourist organization of the Municipality of In\u0111ija","isPartOf":{"@id":"https:\/\/indjijatravel.rs\/eng\/#website"},"datePublished":"2022-10-21T08:40:33+00:00","dateModified":"2022-10-21T08:40:33+00:00","description":"The Church of the Presentation of the Most Holy Mother of God (Crkva Vavedenja Presvete Bogorodice) in Be\u0161ka has changed its location ...","breadcrumb":{"@id":"https:\/\/indjijatravel.rs\/eng\/church-of-the-presentation-of-the-most-holy-mother-of-god\/#breadcrumb"},"inLanguage":"en-US","potentialAction":[{"@type":"ReadAction","target":["https:\/\/indjijatravel.rs\/eng\/church-of-the-presentation-of-the-most-holy-mother-of-god\/"]}]},{"@type":"BreadcrumbList","@id":"https:\/\/indjijatravel.rs\/eng\/church-of-the-presentation-of-the-most-holy-mother-of-god\/#breadcrumb","itemListElement":[{"@type":"ListItem","position":1,"name":"\u041f\u043e\u0447\u0435\u0442\u043d\u0430","item":"https:\/\/indjijatravel.rs\/eng\/"},{"@type":"ListItem","position":2,"name":"Church of the Presentation of the Most Holy Mother of God"}]},{"@type":"WebSite","@id":"https:\/\/indjijatravel.rs\/eng\/#website","url":"https:\/\/indjijatravel.rs\/eng\/","name":"Tourist organization of the Municipality of In\u0111ija","description":"","potentialAction":[{"@type":"SearchAction","target":{"@type":"EntryPoint","urlTemplate":"https:\/\/indjijatravel.rs\/eng\/?s={search_term_string}"},"query-input":"required name=search_term_string"}],"inLanguage":"en-US"}]}},"_links":{"self":[{"href":"https:\/\/indjijatravel.rs\/eng\/wp-json\/wp\/v2\/pages\/622","targetHints":{"allow":["GET"]}}],"collection":[{"href":"https:\/\/indjijatravel.rs\/eng\/wp-json\/wp\/v2\/pages"}],"about":[{"href":"https:\/\/indjijatravel.rs\/eng\/wp-json\/wp\/v2\/types\/page"}],"author":[{"embeddable":true,"href":"https:\/\/indjijatravel.rs\/eng\/wp-json\/wp\/v2\/users\/1"}],"replies":[{"embeddable":true,"href":"https:\/\/indjijatravel.rs\/eng\/wp-json\/wp\/v2\/comments?post=622"}],"version-history":[{"count":1,"href":"https:\/\/indjijatravel.rs\/eng\/wp-json\/wp\/v2\/pages\/622\/revisions"}],"predecessor-version":[{"id":623,"href":"https:\/\/indjijatravel.rs\/eng\/wp-json\/wp\/v2\/pages\/622\/revisions\/623"}],"wp:attachment":[{"href":"https:\/\/indjijatravel.rs\/eng\/wp-json\/wp\/v2\/media?parent=622"}],"curies":[{"name":"wp","href":"https:\/\/api.w.org\/{rel}","templated":true}]}}