{"id":624,"date":"2022-10-21T08:42:03","date_gmt":"2022-10-21T08:42:03","guid":{"rendered":"https:\/\/indjijatravel.rs\/eng\/?page_id=624"},"modified":"2022-10-21T08:42:03","modified_gmt":"2022-10-21T08:42:03","slug":"archaeological-site-kalakaca","status":"publish","type":"page","link":"https:\/\/indjijatravel.rs\/eng\/archaeological-site-kalakaca\/","title":{"rendered":"Archaeological Site Kalaka\u010da"},"content":{"rendered":"\n<h5 class=\"wp-block-heading\">Archaeological Site Kalaka\u010da<\/h5>\n\n\n\n<p><em><em>Grain Keepers from the Iron Age<\/em><\/em><\/p>\n\n\n\n<p>The archaeological site of Kalaka\u010da is a hillfort type of settlement that dates back to the Early Iron Age and is about 3000 years old. It is located on the high bank above the Danube, near the Be\u0161ka bridge. The first excavations on this site, which preceded the construction of the highway and the bridge, were conducted in the period from 1971 to 1974. The excavations continued during 2003 and 2004 and preceded the construction of the second highway route. These excavations revealed a part of the settlement that was protected by a trench on the south side and probably an earthen rampart, while on the other sides the settlement it was protected by natural ravines (<em>surduk<\/em>) and high steep banks. 215 objects were found, most often silos for storing grain and other foodstuffs. The rest are circular huts with a base diameter of about 3.60 meters with a central pillar in the middle.<\/p>\n\n\n\n<p>Kalaka\u010da is associated with the beginning of the use of iron in the Balkans and the Yugoslav Pannonian part of the Danube region. Since it represents the native settlement of the Iron Age in the wider area of \u200b\u200bthe Danube region, when we talk about something similar, we say &#8220;a settlement of the Kalaka\u010da type&#8221;.<\/p>\n\n\n\n<p>In addition to the fact that this is the time when iron from southeastern Europe arrived in our country, this site is important because with the culture of the Iron Age in these parts and in northeastern Hungary, the funeral pyres were stopped and burials were reinstated. The custom of pyres lasted since the Middle Bronze Age, i.e. for six centuries it ruled in our region and throughout Central Europe. With the loss of this custom, a change was made in the spiritual life of the inhabitants of this area, and for the first time, the influences of the Southeast were felt.<\/p>\n\n\n\n<p>Painted walls were discovered on Kalaka\u010da, which can only be linked to the Mycenaean culture, which speaks of the multiple significance of this locality. Until its discovery, the Iron Age in our country, was the least known in relation to all other prehistoric times.<\/p>\n\n\n\n<p>The settlement was of an agricultural character. In addition to grain, barley, millet, lentils, flax, its inhabitants also raised domestic animals and went hunting. Most ceramic vessels found had a simple appearance, with grooves or curves.<\/p>\n","protected":false},"excerpt":{"rendered":"<p>Archaeological Site Kalaka\u010da Grain Keepers from the Iron Age The archaeological site of Kalaka\u010da is a hillfort type of settlement that dates back to the Early Iron Age and is about 3000 years old. It is located on the high bank above the Danube, near the Be\u0161ka bridge. The first excavations on this site, which [&hellip;]<\/p>\n","protected":false},"author":1,"featured_media":0,"parent":0,"menu_order":0,"comment_status":"closed","ping_status":"closed","template":"","meta":{"_monsterinsights_skip_tracking":false,"_monsterinsights_sitenote_active":false,"_monsterinsights_sitenote_note":"","_monsterinsights_sitenote_category":0,"footnotes":""},"class_list":["post-624","page","type-page","status-publish","hentry","no-thumb"],"yoast_head":"<!-- This site is optimized with the Yoast SEO plugin v19.7.1 - https:\/\/yoast.com\/wordpress\/plugins\/seo\/ -->\n<title>Archaeological Site Kalaka\u010da - Tourist organization of the Municipality of In\u0111ija<\/title>\n<meta name=\"description\" content=\"The archaeological site of Kalaka\u010da is a hillfort type of settlement that dates back to the Early Iron Age and is about 3000 years old ...\" \/>\n<meta name=\"robots\" content=\"index, follow, max-snippet:-1, max-image-preview:large, max-video-preview:-1\" \/>\n<link rel=\"canonical\" href=\"https:\/\/indjijatravel.rs\/eng\/archaeological-site-kalakaca\/\" \/>\n<meta property=\"og:locale\" content=\"en_US\" \/>\n<meta property=\"og:type\" content=\"article\" \/>\n<meta property=\"og:title\" content=\"Archaeological Site Kalaka\u010da - Tourist organization of the Municipality of In\u0111ija\" \/>\n<meta property=\"og:description\" content=\"The archaeological site of Kalaka\u010da is a hillfort type of settlement that dates back to the Early Iron Age and is about 3000 years old ...\" \/>\n<meta property=\"og:url\" content=\"https:\/\/indjijatravel.rs\/eng\/archaeological-site-kalakaca\/\" \/>\n<meta property=\"og:site_name\" content=\"Tourist organization of the Municipality of In\u0111ija\" \/>\n<meta name=\"twitter:card\" content=\"summary_large_image\" \/>\n<meta name=\"twitter:label1\" content=\"Est. reading time\" \/>\n\t<meta name=\"twitter:data1\" content=\"2 minutes\" \/>\n<script type=\"application\/ld+json\" class=\"yoast-schema-graph\">{\"@context\":\"https:\/\/schema.org\",\"@graph\":[{\"@type\":\"WebPage\",\"@id\":\"https:\/\/indjijatravel.rs\/eng\/archaeological-site-kalakaca\/\",\"url\":\"https:\/\/indjijatravel.rs\/eng\/archaeological-site-kalakaca\/\",\"name\":\"Archaeological Site Kalaka\u010da - Tourist organization of the Municipality of In\u0111ija\",\"isPartOf\":{\"@id\":\"https:\/\/indjijatravel.rs\/eng\/#website\"},\"datePublished\":\"2022-10-21T08:42:03+00:00\",\"dateModified\":\"2022-10-21T08:42:03+00:00\",\"description\":\"The archaeological site of Kalaka\u010da is a hillfort type of settlement that dates back to the Early Iron Age and is about 3000 years old ...\",\"breadcrumb\":{\"@id\":\"https:\/\/indjijatravel.rs\/eng\/archaeological-site-kalakaca\/#breadcrumb\"},\"inLanguage\":\"en-US\",\"potentialAction\":[{\"@type\":\"ReadAction\",\"target\":[\"https:\/\/indjijatravel.rs\/eng\/archaeological-site-kalakaca\/\"]}]},{\"@type\":\"BreadcrumbList\",\"@id\":\"https:\/\/indjijatravel.rs\/eng\/archaeological-site-kalakaca\/#breadcrumb\",\"itemListElement\":[{\"@type\":\"ListItem\",\"position\":1,\"name\":\"\u041f\u043e\u0447\u0435\u0442\u043d\u0430\",\"item\":\"https:\/\/indjijatravel.rs\/eng\/\"},{\"@type\":\"ListItem\",\"position\":2,\"name\":\"Archaeological Site Kalaka\u010da\"}]},{\"@type\":\"WebSite\",\"@id\":\"https:\/\/indjijatravel.rs\/eng\/#website\",\"url\":\"https:\/\/indjijatravel.rs\/eng\/\",\"name\":\"Tourist organization of the Municipality of In\u0111ija\",\"description\":\"\",\"potentialAction\":[{\"@type\":\"SearchAction\",\"target\":{\"@type\":\"EntryPoint\",\"urlTemplate\":\"https:\/\/indjijatravel.rs\/eng\/?s={search_term_string}\"},\"query-input\":\"required name=search_term_string\"}],\"inLanguage\":\"en-US\"}]}<\/script>\n<!-- \/ Yoast SEO plugin. -->","yoast_head_json":{"title":"Archaeological Site Kalaka\u010da - Tourist organization of the Municipality of In\u0111ija","description":"The archaeological site of Kalaka\u010da is a hillfort type of settlement that dates back to the Early Iron Age and is about 3000 years old ...","robots":{"index":"index","follow":"follow","max-snippet":"max-snippet:-1","max-image-preview":"max-image-preview:large","max-video-preview":"max-video-preview:-1"},"canonical":"https:\/\/indjijatravel.rs\/eng\/archaeological-site-kalakaca\/","og_locale":"en_US","og_type":"article","og_title":"Archaeological Site Kalaka\u010da - Tourist organization of the Municipality of In\u0111ija","og_description":"The archaeological site of Kalaka\u010da is a hillfort type of settlement that dates back to the Early Iron Age and is about 3000 years old ...","og_url":"https:\/\/indjijatravel.rs\/eng\/archaeological-site-kalakaca\/","og_site_name":"Tourist organization of the Municipality of In\u0111ija","twitter_card":"summary_large_image","twitter_misc":{"Est. reading time":"2 minutes"},"schema":{"@context":"https:\/\/schema.org","@graph":[{"@type":"WebPage","@id":"https:\/\/indjijatravel.rs\/eng\/archaeological-site-kalakaca\/","url":"https:\/\/indjijatravel.rs\/eng\/archaeological-site-kalakaca\/","name":"Archaeological Site Kalaka\u010da - Tourist organization of the Municipality of In\u0111ija","isPartOf":{"@id":"https:\/\/indjijatravel.rs\/eng\/#website"},"datePublished":"2022-10-21T08:42:03+00:00","dateModified":"2022-10-21T08:42:03+00:00","description":"The archaeological site of Kalaka\u010da is a hillfort type of settlement that dates back to the Early Iron Age and is about 3000 years old ...","breadcrumb":{"@id":"https:\/\/indjijatravel.rs\/eng\/archaeological-site-kalakaca\/#breadcrumb"},"inLanguage":"en-US","potentialAction":[{"@type":"ReadAction","target":["https:\/\/indjijatravel.rs\/eng\/archaeological-site-kalakaca\/"]}]},{"@type":"BreadcrumbList","@id":"https:\/\/indjijatravel.rs\/eng\/archaeological-site-kalakaca\/#breadcrumb","itemListElement":[{"@type":"ListItem","position":1,"name":"\u041f\u043e\u0447\u0435\u0442\u043d\u0430","item":"https:\/\/indjijatravel.rs\/eng\/"},{"@type":"ListItem","position":2,"name":"Archaeological Site Kalaka\u010da"}]},{"@type":"WebSite","@id":"https:\/\/indjijatravel.rs\/eng\/#website","url":"https:\/\/indjijatravel.rs\/eng\/","name":"Tourist organization of the Municipality of In\u0111ija","description":"","potentialAction":[{"@type":"SearchAction","target":{"@type":"EntryPoint","urlTemplate":"https:\/\/indjijatravel.rs\/eng\/?s={search_term_string}"},"query-input":"required name=search_term_string"}],"inLanguage":"en-US"}]}},"_links":{"self":[{"href":"https:\/\/indjijatravel.rs\/eng\/wp-json\/wp\/v2\/pages\/624","targetHints":{"allow":["GET"]}}],"collection":[{"href":"https:\/\/indjijatravel.rs\/eng\/wp-json\/wp\/v2\/pages"}],"about":[{"href":"https:\/\/indjijatravel.rs\/eng\/wp-json\/wp\/v2\/types\/page"}],"author":[{"embeddable":true,"href":"https:\/\/indjijatravel.rs\/eng\/wp-json\/wp\/v2\/users\/1"}],"replies":[{"embeddable":true,"href":"https:\/\/indjijatravel.rs\/eng\/wp-json\/wp\/v2\/comments?post=624"}],"version-history":[{"count":1,"href":"https:\/\/indjijatravel.rs\/eng\/wp-json\/wp\/v2\/pages\/624\/revisions"}],"predecessor-version":[{"id":625,"href":"https:\/\/indjijatravel.rs\/eng\/wp-json\/wp\/v2\/pages\/624\/revisions\/625"}],"wp:attachment":[{"href":"https:\/\/indjijatravel.rs\/eng\/wp-json\/wp\/v2\/media?parent=624"}],"curies":[{"name":"wp","href":"https:\/\/api.w.org\/{rel}","templated":true}]}}