{"id":626,"date":"2022-10-21T08:43:44","date_gmt":"2022-10-21T08:43:44","guid":{"rendered":"https:\/\/indjijatravel.rs\/eng\/?page_id=626"},"modified":"2022-10-21T08:43:45","modified_gmt":"2022-10-21T08:43:45","slug":"monument-to-the-executed-inhabitants-of-the-village-of-beska-in-the-great-war","status":"publish","type":"page","link":"https:\/\/indjijatravel.rs\/eng\/monument-to-the-executed-inhabitants-of-the-village-of-beska-in-the-great-war\/","title":{"rendered":"Monument to the Executed Inhabitants of the Village of Be\u0161ka in the Great War"},"content":{"rendered":"\n<h5 class=\"wp-block-heading\">Monument to the Executed Inhabitants of the Village of Be\u0161ka in the Great War<\/h5>\n\n\n\n<p><em><em>A Crime Without Punishment<\/em><\/em><\/p>\n\n\n\n<p>One of the most shocking events in the municipality of In\u0111ija took place during the First World War, when Austro-Hungarian soldiers shot six residents of Be\u0161ka by summary execution in Petrovaradin, and only because they eagerly awaited the arrival of the Serbian army.<\/p>\n\n\n\n<p>Among those executed was an academic painter Danica Jovanovi\u0107, who returned from school in Munich just before the fatal event. She was only 28 years old at the time of the murder.<\/p>\n\n\n\n<figure class=\"wp-block-image size-large\"><img decoding=\"async\" src=\"http:\/\/indjijatravel.rs\/wp-content\/uploads\/2022\/05\/Nadgrobni_spomenik_mucenika_bescanskih.jpg\" alt=\"\" class=\"wp-image-4566\"\/><\/figure>\n\n\n\n<p>The victims were buried in Petrovaradin contrary to all Orthodox and human customs. The bodies were thrown upside down and the heads were turned to the west instead of to the east.<\/p>\n\n\n\n<p>Four years after the war, the bodies were exhumed and buried in the church yard in Be\u0161ka.<\/p>\n\n\n\n<p>However, at the beginning of the Second World War, one of the first decisions of the local Swabians was to move the graves and the monument to the local Orthodox cemetery in the village, where they are still located today.<\/p>\n\n\n\n<p>The monument in the form of an obelisk is made of dark granite in the style of Classicism. The dedication of the monument is engraved on the front, with the names of those shot, and on the back are the verses of Jovan Jovanovi\u0107 Zmaj. There are four stone crosses with the names of those shot in the front of the monument.<\/p>\n","protected":false},"excerpt":{"rendered":"<p>Monument to the Executed Inhabitants of the Village of Be\u0161ka in the Great War A Crime Without Punishment One of the most shocking events in the municipality of In\u0111ija took place during the First World War, when Austro-Hungarian soldiers shot six residents of Be\u0161ka by summary execution in Petrovaradin, and only because they eagerly awaited [&hellip;]<\/p>\n","protected":false},"author":1,"featured_media":0,"parent":0,"menu_order":0,"comment_status":"closed","ping_status":"closed","template":"","meta":{"_monsterinsights_skip_tracking":false,"_monsterinsights_sitenote_active":false,"_monsterinsights_sitenote_note":"","_monsterinsights_sitenote_category":0,"footnotes":""},"class_list":["post-626","page","type-page","status-publish","hentry","no-thumb"],"yoast_head":"<!-- This site is optimized with the Yoast SEO plugin v19.7.1 - https:\/\/yoast.com\/wordpress\/plugins\/seo\/ -->\n<title>Monument to the Executed Inhabitants of the Village of Be\u0161ka in the Great War - Tourist organization of the Municipality of In\u0111ija<\/title>\n<meta name=\"description\" content=\"One of the most shocking events in the municipality of In\u0111ija took place during the First World War, when Austro-Hungarian soldiers shot ...\" \/>\n<meta name=\"robots\" content=\"index, follow, max-snippet:-1, max-image-preview:large, max-video-preview:-1\" \/>\n<link rel=\"canonical\" href=\"https:\/\/indjijatravel.rs\/eng\/monument-to-the-executed-inhabitants-of-the-village-of-beska-in-the-great-war\/\" \/>\n<meta property=\"og:locale\" content=\"en_US\" \/>\n<meta property=\"og:type\" content=\"article\" \/>\n<meta property=\"og:title\" content=\"Monument to the Executed Inhabitants of the Village of Be\u0161ka in the Great War - Tourist organization of the Municipality of In\u0111ija\" \/>\n<meta property=\"og:description\" content=\"One of the most shocking events in the municipality of In\u0111ija took place during the First World War, when Austro-Hungarian soldiers shot ...\" \/>\n<meta property=\"og:url\" content=\"https:\/\/indjijatravel.rs\/eng\/monument-to-the-executed-inhabitants-of-the-village-of-beska-in-the-great-war\/\" \/>\n<meta property=\"og:site_name\" content=\"Tourist organization of the Municipality of In\u0111ija\" \/>\n<meta property=\"article:modified_time\" content=\"2022-10-21T08:43:45+00:00\" \/>\n<meta property=\"og:image\" content=\"http:\/\/indjijatravel.rs\/wp-content\/uploads\/2022\/05\/Nadgrobni_spomenik_mucenika_bescanskih.jpg\" \/>\n<meta name=\"twitter:card\" content=\"summary_large_image\" \/>\n<meta name=\"twitter:label1\" content=\"Est. reading time\" \/>\n\t<meta name=\"twitter:data1\" content=\"2 minutes\" \/>\n<script type=\"application\/ld+json\" class=\"yoast-schema-graph\">{\"@context\":\"https:\/\/schema.org\",\"@graph\":[{\"@type\":\"WebPage\",\"@id\":\"https:\/\/indjijatravel.rs\/eng\/monument-to-the-executed-inhabitants-of-the-village-of-beska-in-the-great-war\/\",\"url\":\"https:\/\/indjijatravel.rs\/eng\/monument-to-the-executed-inhabitants-of-the-village-of-beska-in-the-great-war\/\",\"name\":\"Monument to the Executed Inhabitants of the Village of Be\u0161ka in the Great War - Tourist organization of the Municipality of In\u0111ija\",\"isPartOf\":{\"@id\":\"https:\/\/indjijatravel.rs\/eng\/#website\"},\"datePublished\":\"2022-10-21T08:43:44+00:00\",\"dateModified\":\"2022-10-21T08:43:45+00:00\",\"description\":\"One of the most shocking events in the municipality of In\u0111ija took place during the First World War, when Austro-Hungarian soldiers shot ...\",\"breadcrumb\":{\"@id\":\"https:\/\/indjijatravel.rs\/eng\/monument-to-the-executed-inhabitants-of-the-village-of-beska-in-the-great-war\/#breadcrumb\"},\"inLanguage\":\"en-US\",\"potentialAction\":[{\"@type\":\"ReadAction\",\"target\":[\"https:\/\/indjijatravel.rs\/eng\/monument-to-the-executed-inhabitants-of-the-village-of-beska-in-the-great-war\/\"]}]},{\"@type\":\"BreadcrumbList\",\"@id\":\"https:\/\/indjijatravel.rs\/eng\/monument-to-the-executed-inhabitants-of-the-village-of-beska-in-the-great-war\/#breadcrumb\",\"itemListElement\":[{\"@type\":\"ListItem\",\"position\":1,\"name\":\"\u041f\u043e\u0447\u0435\u0442\u043d\u0430\",\"item\":\"https:\/\/indjijatravel.rs\/eng\/\"},{\"@type\":\"ListItem\",\"position\":2,\"name\":\"Monument to the Executed Inhabitants of the Village of Be\u0161ka in the Great War\"}]},{\"@type\":\"WebSite\",\"@id\":\"https:\/\/indjijatravel.rs\/eng\/#website\",\"url\":\"https:\/\/indjijatravel.rs\/eng\/\",\"name\":\"Tourist organization of the Municipality of In\u0111ija\",\"description\":\"\",\"potentialAction\":[{\"@type\":\"SearchAction\",\"target\":{\"@type\":\"EntryPoint\",\"urlTemplate\":\"https:\/\/indjijatravel.rs\/eng\/?s={search_term_string}\"},\"query-input\":\"required name=search_term_string\"}],\"inLanguage\":\"en-US\"}]}<\/script>\n<!-- \/ Yoast SEO plugin. -->","yoast_head_json":{"title":"Monument to the Executed Inhabitants of the Village of Be\u0161ka in the Great War - Tourist organization of the Municipality of In\u0111ija","description":"One of the most shocking events in the municipality of In\u0111ija took place during the First World War, when Austro-Hungarian soldiers shot ...","robots":{"index":"index","follow":"follow","max-snippet":"max-snippet:-1","max-image-preview":"max-image-preview:large","max-video-preview":"max-video-preview:-1"},"canonical":"https:\/\/indjijatravel.rs\/eng\/monument-to-the-executed-inhabitants-of-the-village-of-beska-in-the-great-war\/","og_locale":"en_US","og_type":"article","og_title":"Monument to the Executed Inhabitants of the Village of Be\u0161ka in the Great War - Tourist organization of the Municipality of In\u0111ija","og_description":"One of the most shocking events in the municipality of In\u0111ija took place during the First World War, when Austro-Hungarian soldiers shot ...","og_url":"https:\/\/indjijatravel.rs\/eng\/monument-to-the-executed-inhabitants-of-the-village-of-beska-in-the-great-war\/","og_site_name":"Tourist organization of the Municipality of In\u0111ija","article_modified_time":"2022-10-21T08:43:45+00:00","og_image":[{"url":"http:\/\/indjijatravel.rs\/wp-content\/uploads\/2022\/05\/Nadgrobni_spomenik_mucenika_bescanskih.jpg"}],"twitter_card":"summary_large_image","twitter_misc":{"Est. reading time":"2 minutes"},"schema":{"@context":"https:\/\/schema.org","@graph":[{"@type":"WebPage","@id":"https:\/\/indjijatravel.rs\/eng\/monument-to-the-executed-inhabitants-of-the-village-of-beska-in-the-great-war\/","url":"https:\/\/indjijatravel.rs\/eng\/monument-to-the-executed-inhabitants-of-the-village-of-beska-in-the-great-war\/","name":"Monument to the Executed Inhabitants of the Village of Be\u0161ka in the Great War - Tourist organization of the Municipality of In\u0111ija","isPartOf":{"@id":"https:\/\/indjijatravel.rs\/eng\/#website"},"datePublished":"2022-10-21T08:43:44+00:00","dateModified":"2022-10-21T08:43:45+00:00","description":"One of the most shocking events in the municipality of In\u0111ija took place during the First World War, when Austro-Hungarian soldiers shot ...","breadcrumb":{"@id":"https:\/\/indjijatravel.rs\/eng\/monument-to-the-executed-inhabitants-of-the-village-of-beska-in-the-great-war\/#breadcrumb"},"inLanguage":"en-US","potentialAction":[{"@type":"ReadAction","target":["https:\/\/indjijatravel.rs\/eng\/monument-to-the-executed-inhabitants-of-the-village-of-beska-in-the-great-war\/"]}]},{"@type":"BreadcrumbList","@id":"https:\/\/indjijatravel.rs\/eng\/monument-to-the-executed-inhabitants-of-the-village-of-beska-in-the-great-war\/#breadcrumb","itemListElement":[{"@type":"ListItem","position":1,"name":"\u041f\u043e\u0447\u0435\u0442\u043d\u0430","item":"https:\/\/indjijatravel.rs\/eng\/"},{"@type":"ListItem","position":2,"name":"Monument to the Executed Inhabitants of the Village of Be\u0161ka in the Great War"}]},{"@type":"WebSite","@id":"https:\/\/indjijatravel.rs\/eng\/#website","url":"https:\/\/indjijatravel.rs\/eng\/","name":"Tourist organization of the Municipality of In\u0111ija","description":"","potentialAction":[{"@type":"SearchAction","target":{"@type":"EntryPoint","urlTemplate":"https:\/\/indjijatravel.rs\/eng\/?s={search_term_string}"},"query-input":"required name=search_term_string"}],"inLanguage":"en-US"}]}},"_links":{"self":[{"href":"https:\/\/indjijatravel.rs\/eng\/wp-json\/wp\/v2\/pages\/626","targetHints":{"allow":["GET"]}}],"collection":[{"href":"https:\/\/indjijatravel.rs\/eng\/wp-json\/wp\/v2\/pages"}],"about":[{"href":"https:\/\/indjijatravel.rs\/eng\/wp-json\/wp\/v2\/types\/page"}],"author":[{"embeddable":true,"href":"https:\/\/indjijatravel.rs\/eng\/wp-json\/wp\/v2\/users\/1"}],"replies":[{"embeddable":true,"href":"https:\/\/indjijatravel.rs\/eng\/wp-json\/wp\/v2\/comments?post=626"}],"version-history":[{"count":1,"href":"https:\/\/indjijatravel.rs\/eng\/wp-json\/wp\/v2\/pages\/626\/revisions"}],"predecessor-version":[{"id":627,"href":"https:\/\/indjijatravel.rs\/eng\/wp-json\/wp\/v2\/pages\/626\/revisions\/627"}],"wp:attachment":[{"href":"https:\/\/indjijatravel.rs\/eng\/wp-json\/wp\/v2\/media?parent=626"}],"curies":[{"name":"wp","href":"https:\/\/api.w.org\/{rel}","templated":true}]}}