{"id":643,"date":"2022-10-21T09:21:16","date_gmt":"2022-10-21T09:21:16","guid":{"rendered":"https:\/\/indjijatravel.rs\/eng\/?page_id=643"},"modified":"2022-10-21T09:21:17","modified_gmt":"2022-10-21T09:21:17","slug":"church-of-st-nicholas-3","status":"publish","type":"page","link":"https:\/\/indjijatravel.rs\/eng\/church-of-st-nicholas-3\/","title":{"rendered":"Church of St. Nicholas"},"content":{"rendered":"\n<h5 class=\"wp-block-heading\">Church of St. Nicholas<\/h5>\n\n\n\n<p><em><em>Endowment of Zmaj Ognjeni Vuk<\/em><\/em><\/p>\n\n\n\n<p>According to tradition, the Church of St. Nicholas was built in 1468 by Vuk Grgurevi\u0107, popularly known as Zmaj Ognjeni Vuk, the grandson of Despot \u0110ura\u0111 Brankovi\u0107. The church is one of the oldest monuments of its kind in Srem. It was built in the style of the Morava Architectural School. It has a great cultural and historical value and represents the pattern according to which the churches of Srem were built, among which the most famous is the monastery church of Kru\u0161edol.<\/p>\n\n\n\n<figure class=\"wp-block-image size-large\"><img decoding=\"async\" src=\"http:\/\/indjijatravel.rs\/wp-content\/uploads\/2022\/05\/crkva-3-1.jpg\" alt=\"\" class=\"wp-image-4507\"\/><\/figure>\n\n\n\n<p>The Church of St. Nicholas has existed for more than five centuries. Over time, it has undergone certain changes. The biggest change is reflected in the replacement of the roof, so today there is one bell tower. This church was also the border between two empires &#8211; Hungary and Turkey. At the end of the 15<sup>th <\/sup>and the beginning of the 16<sup>th<\/sup> century, it was a strong literary center. The work of the Morava School continued there, and with many monasteries in Fru\u0161ka Gora, the church was a link in the literary movement associated with the monks from the Ra\u010da Monastery.<\/p>\n\n\n\n<p>The oldest icon that is preserved in the church today is &#8220;Nedremano oko&#8221; (<em>Sleepless Eye)<\/em> from 1726, the work of Teodor Kra\u010dun. It was painted as part of the iconostasis. It is a religious-symbolic almost poetic theme inspired by the verses of the Holy Scriptures. The new four throne icons were commissioned in 1749. The icons created in the middle of the 18<sup>th <\/sup>century are attributed to Nikola Ne\u0161kovi\u0107. There is a very impressive figure of an angel holding swords in his hands.<\/p>\n\n\n\n<p>The iconostasis abounds in icons and scenes. In addition to eight icons in the plinth, it contains six throne icons, four of which have five miniature scenes from the lives of saints (Baroque medallions), the Annunciation on the holy doors, 12 holiday icons, 12 apostles, 12 prophets, the Holy Trinity and the Crucifixion with icons of the Virgin and John the Theologian.<\/p>\n\n\n\n<p>Of the manuscripts from the 18<sup>th <\/sup>century, the church today has a book of church inventory (\u2018<em>Inventarijum<\/em>\u2019) from 1791, registers from 1777, and a circular protocol from 1754. The frescoes with the figures of Basil the Great, John Chrysostom and Gregory the Theologian date between 1470 and 1573.<\/p>\n","protected":false},"excerpt":{"rendered":"<p>Church of St. Nicholas Endowment of Zmaj Ognjeni Vuk According to tradition, the Church of St. Nicholas was built in 1468 by Vuk Grgurevi\u0107, popularly known as Zmaj Ognjeni Vuk, the grandson of Despot \u0110ura\u0111 Brankovi\u0107. The church is one of the oldest monuments of its kind in Srem. It was built in the style [&hellip;]<\/p>\n","protected":false},"author":1,"featured_media":0,"parent":0,"menu_order":0,"comment_status":"closed","ping_status":"closed","template":"","meta":{"_monsterinsights_skip_tracking":false,"_monsterinsights_sitenote_active":false,"_monsterinsights_sitenote_note":"","_monsterinsights_sitenote_category":0,"footnotes":""},"class_list":["post-643","page","type-page","status-publish","hentry","no-thumb"],"yoast_head":"<!-- This site is optimized with the Yoast SEO plugin v19.7.1 - https:\/\/yoast.com\/wordpress\/plugins\/seo\/ -->\n<title>Church of St. Nicholas - Tourist organization of the Municipality of In\u0111ija<\/title>\n<meta name=\"description\" content=\"According to tradition, the Church of St. Nicholas was built in 1468 by Vuk Grgurevi\u0107, popularly known as Zmaj Ognjeni Vuk, the grandson of ..\" \/>\n<meta name=\"robots\" content=\"index, follow, max-snippet:-1, max-image-preview:large, max-video-preview:-1\" \/>\n<link rel=\"canonical\" href=\"https:\/\/indjijatravel.rs\/eng\/church-of-st-nicholas-3\/\" \/>\n<meta property=\"og:locale\" content=\"en_US\" \/>\n<meta property=\"og:type\" content=\"article\" \/>\n<meta property=\"og:title\" content=\"Church of St. Nicholas - Tourist organization of the Municipality of In\u0111ija\" \/>\n<meta property=\"og:description\" content=\"According to tradition, the Church of St. Nicholas was built in 1468 by Vuk Grgurevi\u0107, popularly known as Zmaj Ognjeni Vuk, the grandson of ..\" \/>\n<meta property=\"og:url\" content=\"https:\/\/indjijatravel.rs\/eng\/church-of-st-nicholas-3\/\" \/>\n<meta property=\"og:site_name\" content=\"Tourist organization of the Municipality of In\u0111ija\" \/>\n<meta property=\"article:modified_time\" content=\"2022-10-21T09:21:17+00:00\" \/>\n<meta property=\"og:image\" content=\"http:\/\/indjijatravel.rs\/wp-content\/uploads\/2022\/05\/crkva-3-1.jpg\" \/>\n<meta name=\"twitter:card\" content=\"summary_large_image\" \/>\n<meta name=\"twitter:label1\" content=\"Est. reading time\" \/>\n\t<meta name=\"twitter:data1\" content=\"2 minutes\" \/>\n<script type=\"application\/ld+json\" class=\"yoast-schema-graph\">{\"@context\":\"https:\/\/schema.org\",\"@graph\":[{\"@type\":\"WebPage\",\"@id\":\"https:\/\/indjijatravel.rs\/eng\/church-of-st-nicholas-3\/\",\"url\":\"https:\/\/indjijatravel.rs\/eng\/church-of-st-nicholas-3\/\",\"name\":\"Church of St. Nicholas - Tourist organization of the Municipality of In\u0111ija\",\"isPartOf\":{\"@id\":\"https:\/\/indjijatravel.rs\/eng\/#website\"},\"datePublished\":\"2022-10-21T09:21:16+00:00\",\"dateModified\":\"2022-10-21T09:21:17+00:00\",\"description\":\"According to tradition, the Church of St. Nicholas was built in 1468 by Vuk Grgurevi\u0107, popularly known as Zmaj Ognjeni Vuk, the grandson of ..\",\"breadcrumb\":{\"@id\":\"https:\/\/indjijatravel.rs\/eng\/church-of-st-nicholas-3\/#breadcrumb\"},\"inLanguage\":\"en-US\",\"potentialAction\":[{\"@type\":\"ReadAction\",\"target\":[\"https:\/\/indjijatravel.rs\/eng\/church-of-st-nicholas-3\/\"]}]},{\"@type\":\"BreadcrumbList\",\"@id\":\"https:\/\/indjijatravel.rs\/eng\/church-of-st-nicholas-3\/#breadcrumb\",\"itemListElement\":[{\"@type\":\"ListItem\",\"position\":1,\"name\":\"\u041f\u043e\u0447\u0435\u0442\u043d\u0430\",\"item\":\"https:\/\/indjijatravel.rs\/eng\/\"},{\"@type\":\"ListItem\",\"position\":2,\"name\":\"Church of St. Nicholas\"}]},{\"@type\":\"WebSite\",\"@id\":\"https:\/\/indjijatravel.rs\/eng\/#website\",\"url\":\"https:\/\/indjijatravel.rs\/eng\/\",\"name\":\"Tourist organization of the Municipality of In\u0111ija\",\"description\":\"\",\"potentialAction\":[{\"@type\":\"SearchAction\",\"target\":{\"@type\":\"EntryPoint\",\"urlTemplate\":\"https:\/\/indjijatravel.rs\/eng\/?s={search_term_string}\"},\"query-input\":\"required name=search_term_string\"}],\"inLanguage\":\"en-US\"}]}<\/script>\n<!-- \/ Yoast SEO plugin. -->","yoast_head_json":{"title":"Church of St. Nicholas - Tourist organization of the Municipality of In\u0111ija","description":"According to tradition, the Church of St. Nicholas was built in 1468 by Vuk Grgurevi\u0107, popularly known as Zmaj Ognjeni Vuk, the grandson of ..","robots":{"index":"index","follow":"follow","max-snippet":"max-snippet:-1","max-image-preview":"max-image-preview:large","max-video-preview":"max-video-preview:-1"},"canonical":"https:\/\/indjijatravel.rs\/eng\/church-of-st-nicholas-3\/","og_locale":"en_US","og_type":"article","og_title":"Church of St. Nicholas - Tourist organization of the Municipality of In\u0111ija","og_description":"According to tradition, the Church of St. Nicholas was built in 1468 by Vuk Grgurevi\u0107, popularly known as Zmaj Ognjeni Vuk, the grandson of ..","og_url":"https:\/\/indjijatravel.rs\/eng\/church-of-st-nicholas-3\/","og_site_name":"Tourist organization of the Municipality of In\u0111ija","article_modified_time":"2022-10-21T09:21:17+00:00","og_image":[{"url":"http:\/\/indjijatravel.rs\/wp-content\/uploads\/2022\/05\/crkva-3-1.jpg"}],"twitter_card":"summary_large_image","twitter_misc":{"Est. reading time":"2 minutes"},"schema":{"@context":"https:\/\/schema.org","@graph":[{"@type":"WebPage","@id":"https:\/\/indjijatravel.rs\/eng\/church-of-st-nicholas-3\/","url":"https:\/\/indjijatravel.rs\/eng\/church-of-st-nicholas-3\/","name":"Church of St. Nicholas - Tourist organization of the Municipality of In\u0111ija","isPartOf":{"@id":"https:\/\/indjijatravel.rs\/eng\/#website"},"datePublished":"2022-10-21T09:21:16+00:00","dateModified":"2022-10-21T09:21:17+00:00","description":"According to tradition, the Church of St. Nicholas was built in 1468 by Vuk Grgurevi\u0107, popularly known as Zmaj Ognjeni Vuk, the grandson of ..","breadcrumb":{"@id":"https:\/\/indjijatravel.rs\/eng\/church-of-st-nicholas-3\/#breadcrumb"},"inLanguage":"en-US","potentialAction":[{"@type":"ReadAction","target":["https:\/\/indjijatravel.rs\/eng\/church-of-st-nicholas-3\/"]}]},{"@type":"BreadcrumbList","@id":"https:\/\/indjijatravel.rs\/eng\/church-of-st-nicholas-3\/#breadcrumb","itemListElement":[{"@type":"ListItem","position":1,"name":"\u041f\u043e\u0447\u0435\u0442\u043d\u0430","item":"https:\/\/indjijatravel.rs\/eng\/"},{"@type":"ListItem","position":2,"name":"Church of St. Nicholas"}]},{"@type":"WebSite","@id":"https:\/\/indjijatravel.rs\/eng\/#website","url":"https:\/\/indjijatravel.rs\/eng\/","name":"Tourist organization of the Municipality of In\u0111ija","description":"","potentialAction":[{"@type":"SearchAction","target":{"@type":"EntryPoint","urlTemplate":"https:\/\/indjijatravel.rs\/eng\/?s={search_term_string}"},"query-input":"required name=search_term_string"}],"inLanguage":"en-US"}]}},"_links":{"self":[{"href":"https:\/\/indjijatravel.rs\/eng\/wp-json\/wp\/v2\/pages\/643","targetHints":{"allow":["GET"]}}],"collection":[{"href":"https:\/\/indjijatravel.rs\/eng\/wp-json\/wp\/v2\/pages"}],"about":[{"href":"https:\/\/indjijatravel.rs\/eng\/wp-json\/wp\/v2\/types\/page"}],"author":[{"embeddable":true,"href":"https:\/\/indjijatravel.rs\/eng\/wp-json\/wp\/v2\/users\/1"}],"replies":[{"embeddable":true,"href":"https:\/\/indjijatravel.rs\/eng\/wp-json\/wp\/v2\/comments?post=643"}],"version-history":[{"count":1,"href":"https:\/\/indjijatravel.rs\/eng\/wp-json\/wp\/v2\/pages\/643\/revisions"}],"predecessor-version":[{"id":644,"href":"https:\/\/indjijatravel.rs\/eng\/wp-json\/wp\/v2\/pages\/643\/revisions\/644"}],"wp:attachment":[{"href":"https:\/\/indjijatravel.rs\/eng\/wp-json\/wp\/v2\/media?parent=643"}],"curies":[{"name":"wp","href":"https:\/\/api.w.org\/{rel}","templated":true}]}}