{"id":667,"date":"2022-10-21T09:44:06","date_gmt":"2022-10-21T09:44:06","guid":{"rendered":"https:\/\/indjijatravel.rs\/eng\/?page_id=667"},"modified":"2022-10-21T09:44:07","modified_gmt":"2022-10-21T09:44:07","slug":"house-of-dorde-vojnovic","status":"publish","type":"page","link":"https:\/\/indjijatravel.rs\/eng\/house-of-dorde-vojnovic\/","title":{"rendered":"House of \u0110or\u0111e Vojnovi\u0107"},"content":{"rendered":"\n<h5 class=\"wp-block-heading\">House of \u0110or\u0111e Vojnovi\u0107<\/h5>\n\n\n\n<p><em><em>The Most Famous House in In\u0111ija<\/em><\/em><\/p>\n\n\n\n<p>The Vojnovi\u0107 House is a representative example of neoclassical architecture created at the end of the 19<sup>th<\/sup> century in In\u0111ija. \u0110or\u0111e Vojnovi\u0107 willed his family property, a single-story house, with a valuable collection of art paintings and objects to the Municipality of In\u0111ija a few months before his death, at the end of 1974. In 1976, the building was officially declared a Cultural Heritage of Importance for the Municipality of In\u0111ija.<\/p>\n\n\n\n<figure class=\"wp-block-image size-large\"><img decoding=\"async\" src=\"http:\/\/indjijatravel.rs\/wp-content\/uploads\/2022\/04\/Kuca-Vojnovica-1024x680.jpg\" alt=\"\" class=\"wp-image-4374\"\/><\/figure>\n\n\n\n<p>\u0110or\u0111e Vojnovi\u0107 was born in 1888. His parents \u0110or\u0111e and Ljubica came to In\u0111ija from Bu\u0111anovci in the middle of the 19<sup>th <\/sup>century and bought about 300 acres of land.<\/p>\n\n\n\n<p>\u0110or\u0111e Vojnovi\u0107 was educated in Sremski Karlovci, Osijek and Vienna. He was married to Anica Konti\u0107. Upon his return to In\u0111ija after the completion of his schooling and his father&#8217;s death, he dealt with economic, social and national issues.<\/p>\n\n\n\n<p>When the First World War began, he was immediately imprisoned and spent three years in an Austrian prison. After the war, he found the property looted and demolished, but he was determined to rebuild it.<\/p>\n\n\n\n<p>&#8220;Before the war, after finishing the Law School, I dedicated myself to the Economics. The war ruined me, but in the fall of 1917, I gave myself over to the Economics again and began to try to improve it. I renewed the machinery through loans, procured 10 horses, 16 cows and heifers with a bull, 50 pigs, because my intention, aspiration and need were to solve dairy and pig farming on my property as much as possible, which was broken up due to the war and after my suffering with great difficulty and indebtedness, I tried to renew them &#8230; believing that I, as an educated man, can achieve that according to my skill&#8221;, wrote \u0110or\u0111e Vojnovi\u0107.<\/p>\n\n\n\n<p>As a member of the Sokol Society from In\u0111ija, he is one of the most deserving for the construction of the Sokol Home in 1938. The construction lasted for three years and about 600,000 dinars were spent on it. Today, Sokol Home is the Cultural Center of In\u0111ija.<\/p>\n\n\n\n<p>He also translated from German and other foreign languages. He published a translation of Heinrich Harrer&#8217;s book &#8220;Seven Years in Tibet: My Life at the Court of the Dalai Lama&#8221;, published by Matica Srpska in 1956.<\/p>\n\n\n\n<p>He died in 1975 in In\u0111ija, and was buried in the Old Serbian Cemetery in In\u0111ija. This landowner and bibliophile left all his possessions to In\u0111ija.<\/p>\n\n\n\n<p>Today, his house houses the city gallery, a wine cellar in which the first wine shop was opened, and a memorial room dedicated to \u0110or\u0111e Vojnovi\u0107 with authentic furniture from the 19<sup>th<\/sup> century.<\/p>\n","protected":false},"excerpt":{"rendered":"<p>House of \u0110or\u0111e Vojnovi\u0107 The Most Famous House in In\u0111ija The Vojnovi\u0107 House is a representative example of neoclassical architecture created at the end of the 19th century in In\u0111ija. \u0110or\u0111e Vojnovi\u0107 willed his family property, a single-story house, with a valuable collection of art paintings and objects to the Municipality of In\u0111ija a few [&hellip;]<\/p>\n","protected":false},"author":1,"featured_media":0,"parent":0,"menu_order":0,"comment_status":"closed","ping_status":"closed","template":"","meta":{"_monsterinsights_skip_tracking":false,"_monsterinsights_sitenote_active":false,"_monsterinsights_sitenote_note":"","_monsterinsights_sitenote_category":0,"footnotes":""},"class_list":["post-667","page","type-page","status-publish","hentry","no-thumb"],"yoast_head":"<!-- This site is optimized with the Yoast SEO plugin v19.7.1 - https:\/\/yoast.com\/wordpress\/plugins\/seo\/ -->\n<title>House of \u0110or\u0111e Vojnovi\u0107 - Tourist organization of the Municipality of In\u0111ija<\/title>\n<meta name=\"description\" content=\"The Vojnovi\u0107 House is a representative example of neoclassical architecture created at the end of the 19th century in In\u0111ija ...\" \/>\n<meta name=\"robots\" content=\"index, follow, max-snippet:-1, max-image-preview:large, max-video-preview:-1\" \/>\n<link rel=\"canonical\" href=\"https:\/\/indjijatravel.rs\/eng\/house-of-dorde-vojnovic\/\" \/>\n<meta property=\"og:locale\" content=\"en_US\" \/>\n<meta property=\"og:type\" content=\"article\" \/>\n<meta property=\"og:title\" content=\"House of \u0110or\u0111e Vojnovi\u0107 - Tourist organization of the Municipality of In\u0111ija\" \/>\n<meta property=\"og:description\" content=\"The Vojnovi\u0107 House is a representative example of neoclassical architecture created at the end of the 19th century in In\u0111ija ...\" \/>\n<meta property=\"og:url\" content=\"https:\/\/indjijatravel.rs\/eng\/house-of-dorde-vojnovic\/\" \/>\n<meta property=\"og:site_name\" content=\"Tourist organization of the Municipality of In\u0111ija\" \/>\n<meta property=\"article:modified_time\" content=\"2022-10-21T09:44:07+00:00\" \/>\n<meta property=\"og:image\" content=\"http:\/\/indjijatravel.rs\/wp-content\/uploads\/2022\/04\/Kuca-Vojnovica-1024x680.jpg\" \/>\n<meta name=\"twitter:card\" content=\"summary_large_image\" \/>\n<meta name=\"twitter:label1\" content=\"Est. reading time\" \/>\n\t<meta name=\"twitter:data1\" content=\"3 minutes\" \/>\n<script type=\"application\/ld+json\" class=\"yoast-schema-graph\">{\"@context\":\"https:\/\/schema.org\",\"@graph\":[{\"@type\":\"WebPage\",\"@id\":\"https:\/\/indjijatravel.rs\/eng\/house-of-dorde-vojnovic\/\",\"url\":\"https:\/\/indjijatravel.rs\/eng\/house-of-dorde-vojnovic\/\",\"name\":\"House of \u0110or\u0111e Vojnovi\u0107 - Tourist organization of the Municipality of In\u0111ija\",\"isPartOf\":{\"@id\":\"https:\/\/indjijatravel.rs\/eng\/#website\"},\"datePublished\":\"2022-10-21T09:44:06+00:00\",\"dateModified\":\"2022-10-21T09:44:07+00:00\",\"description\":\"The Vojnovi\u0107 House is a representative example of neoclassical architecture created at the end of the 19th century in In\u0111ija ...\",\"breadcrumb\":{\"@id\":\"https:\/\/indjijatravel.rs\/eng\/house-of-dorde-vojnovic\/#breadcrumb\"},\"inLanguage\":\"en-US\",\"potentialAction\":[{\"@type\":\"ReadAction\",\"target\":[\"https:\/\/indjijatravel.rs\/eng\/house-of-dorde-vojnovic\/\"]}]},{\"@type\":\"BreadcrumbList\",\"@id\":\"https:\/\/indjijatravel.rs\/eng\/house-of-dorde-vojnovic\/#breadcrumb\",\"itemListElement\":[{\"@type\":\"ListItem\",\"position\":1,\"name\":\"\u041f\u043e\u0447\u0435\u0442\u043d\u0430\",\"item\":\"https:\/\/indjijatravel.rs\/eng\/\"},{\"@type\":\"ListItem\",\"position\":2,\"name\":\"House of \u0110or\u0111e Vojnovi\u0107\"}]},{\"@type\":\"WebSite\",\"@id\":\"https:\/\/indjijatravel.rs\/eng\/#website\",\"url\":\"https:\/\/indjijatravel.rs\/eng\/\",\"name\":\"Tourist organization of the Municipality of In\u0111ija\",\"description\":\"\",\"potentialAction\":[{\"@type\":\"SearchAction\",\"target\":{\"@type\":\"EntryPoint\",\"urlTemplate\":\"https:\/\/indjijatravel.rs\/eng\/?s={search_term_string}\"},\"query-input\":\"required name=search_term_string\"}],\"inLanguage\":\"en-US\"}]}<\/script>\n<!-- \/ Yoast SEO plugin. -->","yoast_head_json":{"title":"House of \u0110or\u0111e Vojnovi\u0107 - Tourist organization of the Municipality of In\u0111ija","description":"The Vojnovi\u0107 House is a representative example of neoclassical architecture created at the end of the 19th century in In\u0111ija ...","robots":{"index":"index","follow":"follow","max-snippet":"max-snippet:-1","max-image-preview":"max-image-preview:large","max-video-preview":"max-video-preview:-1"},"canonical":"https:\/\/indjijatravel.rs\/eng\/house-of-dorde-vojnovic\/","og_locale":"en_US","og_type":"article","og_title":"House of \u0110or\u0111e Vojnovi\u0107 - Tourist organization of the Municipality of In\u0111ija","og_description":"The Vojnovi\u0107 House is a representative example of neoclassical architecture created at the end of the 19th century in In\u0111ija ...","og_url":"https:\/\/indjijatravel.rs\/eng\/house-of-dorde-vojnovic\/","og_site_name":"Tourist organization of the Municipality of In\u0111ija","article_modified_time":"2022-10-21T09:44:07+00:00","og_image":[{"url":"http:\/\/indjijatravel.rs\/wp-content\/uploads\/2022\/04\/Kuca-Vojnovica-1024x680.jpg"}],"twitter_card":"summary_large_image","twitter_misc":{"Est. reading time":"3 minutes"},"schema":{"@context":"https:\/\/schema.org","@graph":[{"@type":"WebPage","@id":"https:\/\/indjijatravel.rs\/eng\/house-of-dorde-vojnovic\/","url":"https:\/\/indjijatravel.rs\/eng\/house-of-dorde-vojnovic\/","name":"House of \u0110or\u0111e Vojnovi\u0107 - Tourist organization of the Municipality of In\u0111ija","isPartOf":{"@id":"https:\/\/indjijatravel.rs\/eng\/#website"},"datePublished":"2022-10-21T09:44:06+00:00","dateModified":"2022-10-21T09:44:07+00:00","description":"The Vojnovi\u0107 House is a representative example of neoclassical architecture created at the end of the 19th century in In\u0111ija ...","breadcrumb":{"@id":"https:\/\/indjijatravel.rs\/eng\/house-of-dorde-vojnovic\/#breadcrumb"},"inLanguage":"en-US","potentialAction":[{"@type":"ReadAction","target":["https:\/\/indjijatravel.rs\/eng\/house-of-dorde-vojnovic\/"]}]},{"@type":"BreadcrumbList","@id":"https:\/\/indjijatravel.rs\/eng\/house-of-dorde-vojnovic\/#breadcrumb","itemListElement":[{"@type":"ListItem","position":1,"name":"\u041f\u043e\u0447\u0435\u0442\u043d\u0430","item":"https:\/\/indjijatravel.rs\/eng\/"},{"@type":"ListItem","position":2,"name":"House of \u0110or\u0111e Vojnovi\u0107"}]},{"@type":"WebSite","@id":"https:\/\/indjijatravel.rs\/eng\/#website","url":"https:\/\/indjijatravel.rs\/eng\/","name":"Tourist organization of the Municipality of In\u0111ija","description":"","potentialAction":[{"@type":"SearchAction","target":{"@type":"EntryPoint","urlTemplate":"https:\/\/indjijatravel.rs\/eng\/?s={search_term_string}"},"query-input":"required name=search_term_string"}],"inLanguage":"en-US"}]}},"_links":{"self":[{"href":"https:\/\/indjijatravel.rs\/eng\/wp-json\/wp\/v2\/pages\/667","targetHints":{"allow":["GET"]}}],"collection":[{"href":"https:\/\/indjijatravel.rs\/eng\/wp-json\/wp\/v2\/pages"}],"about":[{"href":"https:\/\/indjijatravel.rs\/eng\/wp-json\/wp\/v2\/types\/page"}],"author":[{"embeddable":true,"href":"https:\/\/indjijatravel.rs\/eng\/wp-json\/wp\/v2\/users\/1"}],"replies":[{"embeddable":true,"href":"https:\/\/indjijatravel.rs\/eng\/wp-json\/wp\/v2\/comments?post=667"}],"version-history":[{"count":1,"href":"https:\/\/indjijatravel.rs\/eng\/wp-json\/wp\/v2\/pages\/667\/revisions"}],"predecessor-version":[{"id":668,"href":"https:\/\/indjijatravel.rs\/eng\/wp-json\/wp\/v2\/pages\/667\/revisions\/668"}],"wp:attachment":[{"href":"https:\/\/indjijatravel.rs\/eng\/wp-json\/wp\/v2\/media?parent=667"}],"curies":[{"name":"wp","href":"https:\/\/api.w.org\/{rel}","templated":true}]}}