{"id":673,"date":"2022-10-21T09:48:20","date_gmt":"2022-10-21T09:48:20","guid":{"rendered":"https:\/\/indjijatravel.rs\/eng\/?page_id=673"},"modified":"2022-10-21T09:57:32","modified_gmt":"2022-10-21T09:57:32","slug":"memorial-to-fallen-fighters-and-victims-of-fascist-terror","status":"publish","type":"page","link":"https:\/\/indjijatravel.rs\/eng\/memorial-to-fallen-fighters-and-victims-of-fascist-terror\/","title":{"rendered":"Memorial to Fallen Fighters and Victims of Fascist Terror"},"content":{"rendered":"\n<h5 class=\"wp-block-heading\">Memorial to Fallen Fighters and Victims of Fascist Terror<\/h5>\n\n\n\n<p><em><em>Endowment of Milo\u0161 Vojinovi\u0107<\/em><\/em><\/p>\n\n\n\n<p>Memorial to the Fallen Fighters and Victims of the Fascist Terror of the City of In\u0111ija 1941-1945. It was originally placed (1984) in the hall of the &#8220;\u0110or\u0111e Nato\u0161evi\u0107&#8221; library, and is now located in the Serbian Orthodox Cemetery in In\u0111ija.<\/p>\n\n\n\n<figure class=\"wp-block-image size-large\"><img decoding=\"async\" src=\"http:\/\/indjijatravel.rs\/wp-content\/uploads\/2022\/04\/Spomen--1024x647.jpg\" alt=\"\" class=\"wp-image-4385\"\/><\/figure>\n\n\n\n<p>As early as 10 April 1941 the Wehrmacht entered In\u0111ija and established its rule. As Srem belonged to the Independent State of Croatia, In\u0111ija was formally under this pro-Nazi creation. 30,185 people died in Srem during the war. During the Red Army&#8217;s operations to liberate the Balkans and Central Europe from the Nazis, the Partisans and Soviet soldiers liberated the city on 22 October 1944. The local German population fled together with the Nazis.<\/p>\n\n\n\n<p>The conceptual design of the memorial was given by Milo\u0161 Vojinovi\u0107, an academy-trained painter &#8211; graphic artist from In\u0111ija and an educator at the Elementary school &#8220;Petar Ko\u010di\u0107&#8221; in In\u0111ija. The memorial is made of white marble and consists of: a pedestal and a memorial with the names of fallen fighters and victims of fascist terror.<\/p>\n\n\n\n<p>The memorial consists of seven pillars, on which the names of fallen fighters and victims of fascist terror are engraved.<\/p>\n\n\n\n<p>The monument was erected by the Alliance of Associations of Veterans of the People&#8217;s Liberation War of Yugoslavia (SUBNOR) of the Municipality of In\u0111ija.<\/p>\n","protected":false},"excerpt":{"rendered":"<p>Memorial to Fallen Fighters and Victims of Fascist Terror Endowment of Milo\u0161 Vojinovi\u0107 Memorial to the Fallen Fighters and Victims of the Fascist Terror of the City of In\u0111ija 1941-1945. It was originally placed (1984) in the hall of the &#8220;\u0110or\u0111e Nato\u0161evi\u0107&#8221; library, and is now located in the Serbian Orthodox Cemetery in In\u0111ija. As [&hellip;]<\/p>\n","protected":false},"author":1,"featured_media":0,"parent":0,"menu_order":0,"comment_status":"closed","ping_status":"closed","template":"","meta":{"_monsterinsights_skip_tracking":false,"_monsterinsights_sitenote_active":false,"_monsterinsights_sitenote_note":"","_monsterinsights_sitenote_category":0,"footnotes":""},"class_list":["post-673","page","type-page","status-publish","hentry","no-thumb"],"yoast_head":"<!-- This site is optimized with the Yoast SEO plugin v19.7.1 - https:\/\/yoast.com\/wordpress\/plugins\/seo\/ -->\n<title>Memorial to Fallen Fighters and Victims of Fascist Terror - Tourist organization of the Municipality of In\u0111ija<\/title>\n<meta name=\"description\" content=\"Memorial to the Fallen Fighters and Victims of the Fascist Terror of the City of In\u0111ija 1941-1945. It was originally placed (1984) in the ...\" \/>\n<meta name=\"robots\" content=\"index, follow, max-snippet:-1, max-image-preview:large, max-video-preview:-1\" \/>\n<link rel=\"canonical\" href=\"https:\/\/indjijatravel.rs\/eng\/memorial-to-fallen-fighters-and-victims-of-fascist-terror\/\" \/>\n<meta property=\"og:locale\" content=\"en_US\" \/>\n<meta property=\"og:type\" content=\"article\" \/>\n<meta property=\"og:title\" content=\"Memorial to Fallen Fighters and Victims of Fascist Terror - Tourist organization of the Municipality of In\u0111ija\" \/>\n<meta property=\"og:description\" content=\"Memorial to the Fallen Fighters and Victims of the Fascist Terror of the City of In\u0111ija 1941-1945. It was originally placed (1984) in the ...\" \/>\n<meta property=\"og:url\" content=\"https:\/\/indjijatravel.rs\/eng\/memorial-to-fallen-fighters-and-victims-of-fascist-terror\/\" \/>\n<meta property=\"og:site_name\" content=\"Tourist organization of the Municipality of In\u0111ija\" \/>\n<meta property=\"article:modified_time\" content=\"2022-10-21T09:57:32+00:00\" \/>\n<meta property=\"og:image\" content=\"http:\/\/indjijatravel.rs\/wp-content\/uploads\/2022\/04\/Spomen--1024x647.jpg\" \/>\n<meta name=\"twitter:card\" content=\"summary_large_image\" \/>\n<meta name=\"twitter:label1\" content=\"Est. reading time\" \/>\n\t<meta name=\"twitter:data1\" content=\"2 minutes\" \/>\n<script type=\"application\/ld+json\" class=\"yoast-schema-graph\">{\"@context\":\"https:\/\/schema.org\",\"@graph\":[{\"@type\":\"WebPage\",\"@id\":\"https:\/\/indjijatravel.rs\/eng\/memorial-to-fallen-fighters-and-victims-of-fascist-terror\/\",\"url\":\"https:\/\/indjijatravel.rs\/eng\/memorial-to-fallen-fighters-and-victims-of-fascist-terror\/\",\"name\":\"Memorial to Fallen Fighters and Victims of Fascist Terror - Tourist organization of the Municipality of In\u0111ija\",\"isPartOf\":{\"@id\":\"https:\/\/indjijatravel.rs\/eng\/#website\"},\"datePublished\":\"2022-10-21T09:48:20+00:00\",\"dateModified\":\"2022-10-21T09:57:32+00:00\",\"description\":\"Memorial to the Fallen Fighters and Victims of the Fascist Terror of the City of In\u0111ija 1941-1945. It was originally placed (1984) in the ...\",\"breadcrumb\":{\"@id\":\"https:\/\/indjijatravel.rs\/eng\/memorial-to-fallen-fighters-and-victims-of-fascist-terror\/#breadcrumb\"},\"inLanguage\":\"en-US\",\"potentialAction\":[{\"@type\":\"ReadAction\",\"target\":[\"https:\/\/indjijatravel.rs\/eng\/memorial-to-fallen-fighters-and-victims-of-fascist-terror\/\"]}]},{\"@type\":\"BreadcrumbList\",\"@id\":\"https:\/\/indjijatravel.rs\/eng\/memorial-to-fallen-fighters-and-victims-of-fascist-terror\/#breadcrumb\",\"itemListElement\":[{\"@type\":\"ListItem\",\"position\":1,\"name\":\"\u041f\u043e\u0447\u0435\u0442\u043d\u0430\",\"item\":\"https:\/\/indjijatravel.rs\/eng\/\"},{\"@type\":\"ListItem\",\"position\":2,\"name\":\"Memorial to Fallen Fighters and Victims of Fascist Terror\"}]},{\"@type\":\"WebSite\",\"@id\":\"https:\/\/indjijatravel.rs\/eng\/#website\",\"url\":\"https:\/\/indjijatravel.rs\/eng\/\",\"name\":\"Tourist organization of the Municipality of In\u0111ija\",\"description\":\"\",\"potentialAction\":[{\"@type\":\"SearchAction\",\"target\":{\"@type\":\"EntryPoint\",\"urlTemplate\":\"https:\/\/indjijatravel.rs\/eng\/?s={search_term_string}\"},\"query-input\":\"required name=search_term_string\"}],\"inLanguage\":\"en-US\"}]}<\/script>\n<!-- \/ Yoast SEO plugin. -->","yoast_head_json":{"title":"Memorial to Fallen Fighters and Victims of Fascist Terror - Tourist organization of the Municipality of In\u0111ija","description":"Memorial to the Fallen Fighters and Victims of the Fascist Terror of the City of In\u0111ija 1941-1945. It was originally placed (1984) in the ...","robots":{"index":"index","follow":"follow","max-snippet":"max-snippet:-1","max-image-preview":"max-image-preview:large","max-video-preview":"max-video-preview:-1"},"canonical":"https:\/\/indjijatravel.rs\/eng\/memorial-to-fallen-fighters-and-victims-of-fascist-terror\/","og_locale":"en_US","og_type":"article","og_title":"Memorial to Fallen Fighters and Victims of Fascist Terror - Tourist organization of the Municipality of In\u0111ija","og_description":"Memorial to the Fallen Fighters and Victims of the Fascist Terror of the City of In\u0111ija 1941-1945. It was originally placed (1984) in the ...","og_url":"https:\/\/indjijatravel.rs\/eng\/memorial-to-fallen-fighters-and-victims-of-fascist-terror\/","og_site_name":"Tourist organization of the Municipality of In\u0111ija","article_modified_time":"2022-10-21T09:57:32+00:00","og_image":[{"url":"http:\/\/indjijatravel.rs\/wp-content\/uploads\/2022\/04\/Spomen--1024x647.jpg"}],"twitter_card":"summary_large_image","twitter_misc":{"Est. reading time":"2 minutes"},"schema":{"@context":"https:\/\/schema.org","@graph":[{"@type":"WebPage","@id":"https:\/\/indjijatravel.rs\/eng\/memorial-to-fallen-fighters-and-victims-of-fascist-terror\/","url":"https:\/\/indjijatravel.rs\/eng\/memorial-to-fallen-fighters-and-victims-of-fascist-terror\/","name":"Memorial to Fallen Fighters and Victims of Fascist Terror - Tourist organization of the Municipality of In\u0111ija","isPartOf":{"@id":"https:\/\/indjijatravel.rs\/eng\/#website"},"datePublished":"2022-10-21T09:48:20+00:00","dateModified":"2022-10-21T09:57:32+00:00","description":"Memorial to the Fallen Fighters and Victims of the Fascist Terror of the City of In\u0111ija 1941-1945. It was originally placed (1984) in the ...","breadcrumb":{"@id":"https:\/\/indjijatravel.rs\/eng\/memorial-to-fallen-fighters-and-victims-of-fascist-terror\/#breadcrumb"},"inLanguage":"en-US","potentialAction":[{"@type":"ReadAction","target":["https:\/\/indjijatravel.rs\/eng\/memorial-to-fallen-fighters-and-victims-of-fascist-terror\/"]}]},{"@type":"BreadcrumbList","@id":"https:\/\/indjijatravel.rs\/eng\/memorial-to-fallen-fighters-and-victims-of-fascist-terror\/#breadcrumb","itemListElement":[{"@type":"ListItem","position":1,"name":"\u041f\u043e\u0447\u0435\u0442\u043d\u0430","item":"https:\/\/indjijatravel.rs\/eng\/"},{"@type":"ListItem","position":2,"name":"Memorial to Fallen Fighters and Victims of Fascist Terror"}]},{"@type":"WebSite","@id":"https:\/\/indjijatravel.rs\/eng\/#website","url":"https:\/\/indjijatravel.rs\/eng\/","name":"Tourist organization of the Municipality of In\u0111ija","description":"","potentialAction":[{"@type":"SearchAction","target":{"@type":"EntryPoint","urlTemplate":"https:\/\/indjijatravel.rs\/eng\/?s={search_term_string}"},"query-input":"required name=search_term_string"}],"inLanguage":"en-US"}]}},"_links":{"self":[{"href":"https:\/\/indjijatravel.rs\/eng\/wp-json\/wp\/v2\/pages\/673","targetHints":{"allow":["GET"]}}],"collection":[{"href":"https:\/\/indjijatravel.rs\/eng\/wp-json\/wp\/v2\/pages"}],"about":[{"href":"https:\/\/indjijatravel.rs\/eng\/wp-json\/wp\/v2\/types\/page"}],"author":[{"embeddable":true,"href":"https:\/\/indjijatravel.rs\/eng\/wp-json\/wp\/v2\/users\/1"}],"replies":[{"embeddable":true,"href":"https:\/\/indjijatravel.rs\/eng\/wp-json\/wp\/v2\/comments?post=673"}],"version-history":[{"count":2,"href":"https:\/\/indjijatravel.rs\/eng\/wp-json\/wp\/v2\/pages\/673\/revisions"}],"predecessor-version":[{"id":688,"href":"https:\/\/indjijatravel.rs\/eng\/wp-json\/wp\/v2\/pages\/673\/revisions\/688"}],"wp:attachment":[{"href":"https:\/\/indjijatravel.rs\/eng\/wp-json\/wp\/v2\/media?parent=673"}],"curies":[{"name":"wp","href":"https:\/\/api.w.org\/{rel}","templated":true}]}}