{"id":675,"date":"2022-10-21T09:49:45","date_gmt":"2022-10-21T09:49:45","guid":{"rendered":"https:\/\/indjijatravel.rs\/eng\/?page_id=675"},"modified":"2022-10-21T09:49:45","modified_gmt":"2022-10-21T09:49:45","slug":"monument-to-milunka-savic","status":"publish","type":"page","link":"https:\/\/indjijatravel.rs\/eng\/monument-to-milunka-savic\/","title":{"rendered":"Monument to Milunka Savi\u0107"},"content":{"rendered":"\n<h5 class=\"wp-block-heading\">Monument to Milunka Savi\u0107<\/h5>\n\n\n\n<p><em><em>In Honor of all the Forgotten Heroes<\/em><\/em><\/p>\n\n\n\n<p>On the centenary of the end of the First World War, the municipality of In\u0111ija solemnly unveiled a monument to Milunka Savi\u0107, the most decorated woman soldier of the First World War, symbolically on the day of her birth on 28 June, and one of the biggest Serbian holidays, Vidovdan. The monument is located in the sports and recreational zone of In\u0111ija &#8220;Leje&#8221;, on the regional road Belgrade &#8211; In\u0111ija.<\/p>\n\n\n\n<figure class=\"wp-block-image size-large\"><img decoding=\"async\" src=\"http:\/\/indjijatravel.rs\/wp-content\/uploads\/2022\/04\/IMG_1566-1024x683.jpg\" alt=\"\" class=\"wp-image-4389\"\/><\/figure>\n\n\n\n<p>The author of the monument to Milunka Savi\u0107 is Jelena Bo\u017eovi\u0107-\u0110or\u0111evi\u0107, a sculptor from Belgrade. The monument is 2 meters and 35 centimeters high, cast in bronze on a pedestal 170 centimeters high, by Miodrag Jaksi\u0107, who also designed the ground floor solution around the monument.<\/p>\n\n\n\n<p>On the pedestal there are the decorations that Milunka Savi\u0107 was decorated with during the six years of war, and they are: Golden Kara\u0111or\u0111e star with swords, Gold medal for bravery &#8220;Milo\u0161 Obili\u0107&#8221;, Albanian Commemorative Medal, Memorial of the War for Liberation and Unification 1914-1918, Jubilee Memorial of the Salonica Front, the&nbsp;Legion of Honor of the 4<sup>th<\/sup> degree &#8211; officer, the Legion of Honor of the 5<sup>th<\/sup> degree &#8211; knight and the Croix de guerre with a silver-gilt palm.<\/p>\n\n\n\n<p>The words of Milunka Savi\u0107 are also engraved on the monument: &#8220;What helped me the most was that I had an innate feeling to throw the hand grenade where I intended, and that was quite far, because I was very strong. Everyone was amazed at that, and I, in fact, didn\u2019t even learn how to throw a hand grenade. We shepherds played a variety of games, and one of my favorites was marker shooting. We would take an object, a stone or something &#8230; stick it in the meadow and throw a stone from a distance. I almost always won. That&#8217;s where my grenade-throwing skill came from. And I was young and strong.\u201d<\/p>\n","protected":false},"excerpt":{"rendered":"<p>Monument to Milunka Savi\u0107 In Honor of all the Forgotten Heroes On the centenary of the end of the First World War, the municipality of In\u0111ija solemnly unveiled a monument to Milunka Savi\u0107, the most decorated woman soldier of the First World War, symbolically on the day of her birth on 28 June, and one [&hellip;]<\/p>\n","protected":false},"author":1,"featured_media":0,"parent":0,"menu_order":0,"comment_status":"closed","ping_status":"closed","template":"","meta":{"_monsterinsights_skip_tracking":false,"_monsterinsights_sitenote_active":false,"_monsterinsights_sitenote_note":"","_monsterinsights_sitenote_category":0,"footnotes":""},"class_list":["post-675","page","type-page","status-publish","hentry","no-thumb"],"yoast_head":"<!-- This site is optimized with the Yoast SEO plugin v19.7.1 - https:\/\/yoast.com\/wordpress\/plugins\/seo\/ -->\n<title>Monument to Milunka Savi\u0107 - Tourist organization of the Municipality of In\u0111ija<\/title>\n<meta name=\"description\" content=\"On the centenary of the end of the First World War, the municipality of In\u0111ija solemnly unveiled a monument to Milunka Savi\u0107, the most ...\" \/>\n<meta name=\"robots\" content=\"index, follow, max-snippet:-1, max-image-preview:large, max-video-preview:-1\" \/>\n<link rel=\"canonical\" href=\"https:\/\/indjijatravel.rs\/eng\/monument-to-milunka-savic\/\" \/>\n<meta property=\"og:locale\" content=\"en_US\" \/>\n<meta property=\"og:type\" content=\"article\" \/>\n<meta property=\"og:title\" content=\"Monument to Milunka Savi\u0107 - Tourist organization of the Municipality of In\u0111ija\" \/>\n<meta property=\"og:description\" content=\"On the centenary of the end of the First World War, the municipality of In\u0111ija solemnly unveiled a monument to Milunka Savi\u0107, the most ...\" \/>\n<meta property=\"og:url\" content=\"https:\/\/indjijatravel.rs\/eng\/monument-to-milunka-savic\/\" \/>\n<meta property=\"og:site_name\" content=\"Tourist organization of the Municipality of In\u0111ija\" \/>\n<meta property=\"og:image\" content=\"http:\/\/indjijatravel.rs\/wp-content\/uploads\/2022\/04\/IMG_1566-1024x683.jpg\" \/>\n<meta name=\"twitter:card\" content=\"summary_large_image\" \/>\n<meta name=\"twitter:label1\" content=\"Est. reading time\" \/>\n\t<meta name=\"twitter:data1\" content=\"2 minutes\" \/>\n<script type=\"application\/ld+json\" class=\"yoast-schema-graph\">{\"@context\":\"https:\/\/schema.org\",\"@graph\":[{\"@type\":\"WebPage\",\"@id\":\"https:\/\/indjijatravel.rs\/eng\/monument-to-milunka-savic\/\",\"url\":\"https:\/\/indjijatravel.rs\/eng\/monument-to-milunka-savic\/\",\"name\":\"Monument to Milunka Savi\u0107 - Tourist organization of the Municipality of In\u0111ija\",\"isPartOf\":{\"@id\":\"https:\/\/indjijatravel.rs\/eng\/#website\"},\"datePublished\":\"2022-10-21T09:49:45+00:00\",\"dateModified\":\"2022-10-21T09:49:45+00:00\",\"description\":\"On the centenary of the end of the First World War, the municipality of In\u0111ija solemnly unveiled a monument to Milunka Savi\u0107, the most ...\",\"breadcrumb\":{\"@id\":\"https:\/\/indjijatravel.rs\/eng\/monument-to-milunka-savic\/#breadcrumb\"},\"inLanguage\":\"en-US\",\"potentialAction\":[{\"@type\":\"ReadAction\",\"target\":[\"https:\/\/indjijatravel.rs\/eng\/monument-to-milunka-savic\/\"]}]},{\"@type\":\"BreadcrumbList\",\"@id\":\"https:\/\/indjijatravel.rs\/eng\/monument-to-milunka-savic\/#breadcrumb\",\"itemListElement\":[{\"@type\":\"ListItem\",\"position\":1,\"name\":\"\u041f\u043e\u0447\u0435\u0442\u043d\u0430\",\"item\":\"https:\/\/indjijatravel.rs\/eng\/\"},{\"@type\":\"ListItem\",\"position\":2,\"name\":\"Monument to Milunka Savi\u0107\"}]},{\"@type\":\"WebSite\",\"@id\":\"https:\/\/indjijatravel.rs\/eng\/#website\",\"url\":\"https:\/\/indjijatravel.rs\/eng\/\",\"name\":\"Tourist organization of the Municipality of In\u0111ija\",\"description\":\"\",\"potentialAction\":[{\"@type\":\"SearchAction\",\"target\":{\"@type\":\"EntryPoint\",\"urlTemplate\":\"https:\/\/indjijatravel.rs\/eng\/?s={search_term_string}\"},\"query-input\":\"required name=search_term_string\"}],\"inLanguage\":\"en-US\"}]}<\/script>\n<!-- \/ Yoast SEO plugin. -->","yoast_head_json":{"title":"Monument to Milunka Savi\u0107 - Tourist organization of the Municipality of In\u0111ija","description":"On the centenary of the end of the First World War, the municipality of In\u0111ija solemnly unveiled a monument to Milunka Savi\u0107, the most ...","robots":{"index":"index","follow":"follow","max-snippet":"max-snippet:-1","max-image-preview":"max-image-preview:large","max-video-preview":"max-video-preview:-1"},"canonical":"https:\/\/indjijatravel.rs\/eng\/monument-to-milunka-savic\/","og_locale":"en_US","og_type":"article","og_title":"Monument to Milunka Savi\u0107 - Tourist organization of the Municipality of In\u0111ija","og_description":"On the centenary of the end of the First World War, the municipality of In\u0111ija solemnly unveiled a monument to Milunka Savi\u0107, the most ...","og_url":"https:\/\/indjijatravel.rs\/eng\/monument-to-milunka-savic\/","og_site_name":"Tourist organization of the Municipality of In\u0111ija","og_image":[{"url":"http:\/\/indjijatravel.rs\/wp-content\/uploads\/2022\/04\/IMG_1566-1024x683.jpg"}],"twitter_card":"summary_large_image","twitter_misc":{"Est. reading time":"2 minutes"},"schema":{"@context":"https:\/\/schema.org","@graph":[{"@type":"WebPage","@id":"https:\/\/indjijatravel.rs\/eng\/monument-to-milunka-savic\/","url":"https:\/\/indjijatravel.rs\/eng\/monument-to-milunka-savic\/","name":"Monument to Milunka Savi\u0107 - Tourist organization of the Municipality of In\u0111ija","isPartOf":{"@id":"https:\/\/indjijatravel.rs\/eng\/#website"},"datePublished":"2022-10-21T09:49:45+00:00","dateModified":"2022-10-21T09:49:45+00:00","description":"On the centenary of the end of the First World War, the municipality of In\u0111ija solemnly unveiled a monument to Milunka Savi\u0107, the most ...","breadcrumb":{"@id":"https:\/\/indjijatravel.rs\/eng\/monument-to-milunka-savic\/#breadcrumb"},"inLanguage":"en-US","potentialAction":[{"@type":"ReadAction","target":["https:\/\/indjijatravel.rs\/eng\/monument-to-milunka-savic\/"]}]},{"@type":"BreadcrumbList","@id":"https:\/\/indjijatravel.rs\/eng\/monument-to-milunka-savic\/#breadcrumb","itemListElement":[{"@type":"ListItem","position":1,"name":"\u041f\u043e\u0447\u0435\u0442\u043d\u0430","item":"https:\/\/indjijatravel.rs\/eng\/"},{"@type":"ListItem","position":2,"name":"Monument to Milunka Savi\u0107"}]},{"@type":"WebSite","@id":"https:\/\/indjijatravel.rs\/eng\/#website","url":"https:\/\/indjijatravel.rs\/eng\/","name":"Tourist organization of the Municipality of In\u0111ija","description":"","potentialAction":[{"@type":"SearchAction","target":{"@type":"EntryPoint","urlTemplate":"https:\/\/indjijatravel.rs\/eng\/?s={search_term_string}"},"query-input":"required name=search_term_string"}],"inLanguage":"en-US"}]}},"_links":{"self":[{"href":"https:\/\/indjijatravel.rs\/eng\/wp-json\/wp\/v2\/pages\/675","targetHints":{"allow":["GET"]}}],"collection":[{"href":"https:\/\/indjijatravel.rs\/eng\/wp-json\/wp\/v2\/pages"}],"about":[{"href":"https:\/\/indjijatravel.rs\/eng\/wp-json\/wp\/v2\/types\/page"}],"author":[{"embeddable":true,"href":"https:\/\/indjijatravel.rs\/eng\/wp-json\/wp\/v2\/users\/1"}],"replies":[{"embeddable":true,"href":"https:\/\/indjijatravel.rs\/eng\/wp-json\/wp\/v2\/comments?post=675"}],"version-history":[{"count":1,"href":"https:\/\/indjijatravel.rs\/eng\/wp-json\/wp\/v2\/pages\/675\/revisions"}],"predecessor-version":[{"id":676,"href":"https:\/\/indjijatravel.rs\/eng\/wp-json\/wp\/v2\/pages\/675\/revisions\/676"}],"wp:attachment":[{"href":"https:\/\/indjijatravel.rs\/eng\/wp-json\/wp\/v2\/media?parent=675"}],"curies":[{"name":"wp","href":"https:\/\/api.w.org\/{rel}","templated":true}]}}