{"id":677,"date":"2022-10-21T09:52:24","date_gmt":"2022-10-21T09:52:24","guid":{"rendered":"https:\/\/indjijatravel.rs\/eng\/?page_id=677"},"modified":"2022-10-21T09:52:24","modified_gmt":"2022-10-21T09:52:24","slug":"monument-to-king-petar-i","status":"publish","type":"page","link":"https:\/\/indjijatravel.rs\/eng\/monument-to-king-petar-i\/","title":{"rendered":"Monument to King Petar I"},"content":{"rendered":"\n<h5 class=\"wp-block-heading\">Monument to King Petar I<\/h5>\n\n\n\n<p><em><em>The Liberator of the Serbian People<\/em><\/em><\/p>\n\n\n\n<p>A monument to King Petar I Kara\u0111or\u0111evi\u0107 was unveiled on 1 December 1929 in the Park of Queen Marija.<\/p>\n\n\n\n<p>Petar Kara\u0111or\u0111evi\u0107 was grandson of Kara\u0111or\u0111e and the third son of Persida and Prince Aleksandar Kara\u0111or\u0111evi\u0107, who was forced to abdicate after the St. Andrew&#8217;s Day Assembly. Since then, the family lived abroad. Peter fought in the French army in the Franco-Prussian War. He also joined as a volunteer under the pseudonym Petar Mrkonji\u0107 in the Bosnian-Herzegovina uprising against the Ottoman Empire.<\/p>\n\n\n\n<figure class=\"wp-block-image size-large\"><img decoding=\"async\" src=\"http:\/\/indjijatravel.rs\/wp-content\/uploads\/2022\/04\/IMG_1654-2-1024x723.jpg\" alt=\"\" class=\"wp-image-4395\"\/><\/figure>\n\n\n\n<p>In 1883, he married the Montenegrin princess Zorka, the daughter of Prince Nikola. He had five children with her, including his heir Aleksandar. After the death of his father in 1885, Petar became the head of the Kara\u0111or\u0111evi\u0107 dynasty. After the May Coup and the assassination of King Aleksandar Obrenovi\u0107 in 1903, he was elected King of Serbia. As king, he advocated the constitutional order of the country and was known for his liberal policies.<\/p>\n\n\n\n<p>King Petar was the supreme commander of the Serbian army in the Balkan Wars. Due to his old age, on 24 June 1914, he transferred the royal powers to his son, the heir to the throne, Aleksandar. In the First World War, he retreated with the army through Albania. Since he was the King of Serbia during the period of great Serbian military successes, he remains remembered by the Serbian people as King Petar the Liberator (also known as the Old King).<\/p>\n\n\n\n<p>With the creation of the Kingdom of Serbs, Croats and Slovenes on 1 December 1918, he became the King of Serbs, Croats and Slovenes, which he remained until his death on 16 August 1921.<\/p>\n\n\n\n<p>The monument to King Petar I consists of a bust of King Petar on a white marble pedestal and is the work of sculptor Milorad Jovanovi\u0107 from Sremska Mitrovica.<\/p>\n\n\n\n<p>However, after the outbreak of the Second World War in 1941 and the formation of the Independent State of Croatia, all monuments dedicated to the Kara\u0111or\u0111evi\u0107 dynasty, including the monument to King Peter in In\u0111ija, were demolished.<\/p>\n\n\n\n<p>The monument in In\u0111ija was renovated in 1991 in the Park of Queen Marija and is the work of professor Nikola Ko\u0161evi\u0107. The renovation and laying of wreaths on this monument are related to 8 November (Mitrovdan), the day when In\u0111ija was liberated in the First World War.<\/p>\n","protected":false},"excerpt":{"rendered":"<p>Monument to King Petar I The Liberator of the Serbian People A monument to King Petar I Kara\u0111or\u0111evi\u0107 was unveiled on 1 December 1929 in the Park of Queen Marija. Petar Kara\u0111or\u0111evi\u0107 was grandson of Kara\u0111or\u0111e and the third son of Persida and Prince Aleksandar Kara\u0111or\u0111evi\u0107, who was forced to abdicate after the St. Andrew&#8217;s [&hellip;]<\/p>\n","protected":false},"author":1,"featured_media":0,"parent":0,"menu_order":0,"comment_status":"closed","ping_status":"closed","template":"","meta":{"_monsterinsights_skip_tracking":false,"_monsterinsights_sitenote_active":false,"_monsterinsights_sitenote_note":"","_monsterinsights_sitenote_category":0,"footnotes":""},"class_list":["post-677","page","type-page","status-publish","hentry","no-thumb"],"yoast_head":"<!-- This site is optimized with the Yoast SEO plugin v19.7.1 - https:\/\/yoast.com\/wordpress\/plugins\/seo\/ -->\n<title>Monument to King Petar I - Tourist organization of the Municipality of In\u0111ija<\/title>\n<meta name=\"description\" content=\"A monument to King Petar I Kara\u0111or\u0111evi\u0107 was unveiled on 1 December 1929 in the Park of Queen Marija. Petar Kara\u0111or\u0111evi\u0107 was grandson of ...\" \/>\n<meta name=\"robots\" content=\"index, follow, max-snippet:-1, max-image-preview:large, max-video-preview:-1\" \/>\n<link rel=\"canonical\" href=\"https:\/\/indjijatravel.rs\/eng\/monument-to-king-petar-i\/\" \/>\n<meta property=\"og:locale\" content=\"en_US\" \/>\n<meta property=\"og:type\" content=\"article\" \/>\n<meta property=\"og:title\" content=\"Monument to King Petar I - Tourist organization of the Municipality of In\u0111ija\" \/>\n<meta property=\"og:description\" content=\"A monument to King Petar I Kara\u0111or\u0111evi\u0107 was unveiled on 1 December 1929 in the Park of Queen Marija. Petar Kara\u0111or\u0111evi\u0107 was grandson of ...\" \/>\n<meta property=\"og:url\" content=\"https:\/\/indjijatravel.rs\/eng\/monument-to-king-petar-i\/\" \/>\n<meta property=\"og:site_name\" content=\"Tourist organization of the Municipality of In\u0111ija\" \/>\n<meta property=\"og:image\" content=\"http:\/\/indjijatravel.rs\/wp-content\/uploads\/2022\/04\/IMG_1654-2-1024x723.jpg\" \/>\n<meta name=\"twitter:card\" content=\"summary_large_image\" \/>\n<meta name=\"twitter:label1\" content=\"Est. reading time\" \/>\n\t<meta name=\"twitter:data1\" content=\"2 minutes\" \/>\n<script type=\"application\/ld+json\" class=\"yoast-schema-graph\">{\"@context\":\"https:\/\/schema.org\",\"@graph\":[{\"@type\":\"WebPage\",\"@id\":\"https:\/\/indjijatravel.rs\/eng\/monument-to-king-petar-i\/\",\"url\":\"https:\/\/indjijatravel.rs\/eng\/monument-to-king-petar-i\/\",\"name\":\"Monument to King Petar I - Tourist organization of the Municipality of In\u0111ija\",\"isPartOf\":{\"@id\":\"https:\/\/indjijatravel.rs\/eng\/#website\"},\"datePublished\":\"2022-10-21T09:52:24+00:00\",\"dateModified\":\"2022-10-21T09:52:24+00:00\",\"description\":\"A monument to King Petar I Kara\u0111or\u0111evi\u0107 was unveiled on 1 December 1929 in the Park of Queen Marija. Petar Kara\u0111or\u0111evi\u0107 was grandson of ...\",\"breadcrumb\":{\"@id\":\"https:\/\/indjijatravel.rs\/eng\/monument-to-king-petar-i\/#breadcrumb\"},\"inLanguage\":\"en-US\",\"potentialAction\":[{\"@type\":\"ReadAction\",\"target\":[\"https:\/\/indjijatravel.rs\/eng\/monument-to-king-petar-i\/\"]}]},{\"@type\":\"BreadcrumbList\",\"@id\":\"https:\/\/indjijatravel.rs\/eng\/monument-to-king-petar-i\/#breadcrumb\",\"itemListElement\":[{\"@type\":\"ListItem\",\"position\":1,\"name\":\"\u041f\u043e\u0447\u0435\u0442\u043d\u0430\",\"item\":\"https:\/\/indjijatravel.rs\/eng\/\"},{\"@type\":\"ListItem\",\"position\":2,\"name\":\"Monument to King Petar I\"}]},{\"@type\":\"WebSite\",\"@id\":\"https:\/\/indjijatravel.rs\/eng\/#website\",\"url\":\"https:\/\/indjijatravel.rs\/eng\/\",\"name\":\"Tourist organization of the Municipality of In\u0111ija\",\"description\":\"\",\"potentialAction\":[{\"@type\":\"SearchAction\",\"target\":{\"@type\":\"EntryPoint\",\"urlTemplate\":\"https:\/\/indjijatravel.rs\/eng\/?s={search_term_string}\"},\"query-input\":\"required name=search_term_string\"}],\"inLanguage\":\"en-US\"}]}<\/script>\n<!-- \/ Yoast SEO plugin. -->","yoast_head_json":{"title":"Monument to King Petar I - Tourist organization of the Municipality of In\u0111ija","description":"A monument to King Petar I Kara\u0111or\u0111evi\u0107 was unveiled on 1 December 1929 in the Park of Queen Marija. Petar Kara\u0111or\u0111evi\u0107 was grandson of ...","robots":{"index":"index","follow":"follow","max-snippet":"max-snippet:-1","max-image-preview":"max-image-preview:large","max-video-preview":"max-video-preview:-1"},"canonical":"https:\/\/indjijatravel.rs\/eng\/monument-to-king-petar-i\/","og_locale":"en_US","og_type":"article","og_title":"Monument to King Petar I - Tourist organization of the Municipality of In\u0111ija","og_description":"A monument to King Petar I Kara\u0111or\u0111evi\u0107 was unveiled on 1 December 1929 in the Park of Queen Marija. Petar Kara\u0111or\u0111evi\u0107 was grandson of ...","og_url":"https:\/\/indjijatravel.rs\/eng\/monument-to-king-petar-i\/","og_site_name":"Tourist organization of the Municipality of In\u0111ija","og_image":[{"url":"http:\/\/indjijatravel.rs\/wp-content\/uploads\/2022\/04\/IMG_1654-2-1024x723.jpg"}],"twitter_card":"summary_large_image","twitter_misc":{"Est. reading time":"2 minutes"},"schema":{"@context":"https:\/\/schema.org","@graph":[{"@type":"WebPage","@id":"https:\/\/indjijatravel.rs\/eng\/monument-to-king-petar-i\/","url":"https:\/\/indjijatravel.rs\/eng\/monument-to-king-petar-i\/","name":"Monument to King Petar I - Tourist organization of the Municipality of In\u0111ija","isPartOf":{"@id":"https:\/\/indjijatravel.rs\/eng\/#website"},"datePublished":"2022-10-21T09:52:24+00:00","dateModified":"2022-10-21T09:52:24+00:00","description":"A monument to King Petar I Kara\u0111or\u0111evi\u0107 was unveiled on 1 December 1929 in the Park of Queen Marija. Petar Kara\u0111or\u0111evi\u0107 was grandson of ...","breadcrumb":{"@id":"https:\/\/indjijatravel.rs\/eng\/monument-to-king-petar-i\/#breadcrumb"},"inLanguage":"en-US","potentialAction":[{"@type":"ReadAction","target":["https:\/\/indjijatravel.rs\/eng\/monument-to-king-petar-i\/"]}]},{"@type":"BreadcrumbList","@id":"https:\/\/indjijatravel.rs\/eng\/monument-to-king-petar-i\/#breadcrumb","itemListElement":[{"@type":"ListItem","position":1,"name":"\u041f\u043e\u0447\u0435\u0442\u043d\u0430","item":"https:\/\/indjijatravel.rs\/eng\/"},{"@type":"ListItem","position":2,"name":"Monument to King Petar I"}]},{"@type":"WebSite","@id":"https:\/\/indjijatravel.rs\/eng\/#website","url":"https:\/\/indjijatravel.rs\/eng\/","name":"Tourist organization of the Municipality of In\u0111ija","description":"","potentialAction":[{"@type":"SearchAction","target":{"@type":"EntryPoint","urlTemplate":"https:\/\/indjijatravel.rs\/eng\/?s={search_term_string}"},"query-input":"required name=search_term_string"}],"inLanguage":"en-US"}]}},"_links":{"self":[{"href":"https:\/\/indjijatravel.rs\/eng\/wp-json\/wp\/v2\/pages\/677","targetHints":{"allow":["GET"]}}],"collection":[{"href":"https:\/\/indjijatravel.rs\/eng\/wp-json\/wp\/v2\/pages"}],"about":[{"href":"https:\/\/indjijatravel.rs\/eng\/wp-json\/wp\/v2\/types\/page"}],"author":[{"embeddable":true,"href":"https:\/\/indjijatravel.rs\/eng\/wp-json\/wp\/v2\/users\/1"}],"replies":[{"embeddable":true,"href":"https:\/\/indjijatravel.rs\/eng\/wp-json\/wp\/v2\/comments?post=677"}],"version-history":[{"count":1,"href":"https:\/\/indjijatravel.rs\/eng\/wp-json\/wp\/v2\/pages\/677\/revisions"}],"predecessor-version":[{"id":678,"href":"https:\/\/indjijatravel.rs\/eng\/wp-json\/wp\/v2\/pages\/677\/revisions\/678"}],"wp:attachment":[{"href":"https:\/\/indjijatravel.rs\/eng\/wp-json\/wp\/v2\/media?parent=677"}],"curies":[{"name":"wp","href":"https:\/\/api.w.org\/{rel}","templated":true}]}}