{"id":82,"date":"2017-12-12T09:51:30","date_gmt":"2017-12-12T09:51:30","guid":{"rendered":"http:\/\/indjijatravel.rs\/eng\/?page_id=82"},"modified":"2022-10-05T08:42:47","modified_gmt":"2022-10-05T08:42:47","slug":"wineries","status":"publish","type":"page","link":"https:\/\/indjijatravel.rs\/eng\/wineries\/","title":{"rendered":"Wineries"},"content":{"rendered":"<h5>Wineries<\/h5>\n<p>In addition to numerous wine producers in the municipality of In\u0111ija, there are 9 registered wineries with tasting rooms. Advance booking is required to visit the wineries.<\/p>\n<p>\u00a0<\/p>\n<p><strong data-rich-text-format-boundary=\"true\">\u00a0&#8220;ATELJE VINA \u0160APAT&#8221;<\/strong><\/p>\n<p><img loading=\"lazy\" decoding=\"async\" class=\"alignnone size-full wp-image-3997\" src=\"http:\/\/indjijatravel.rs\/wp-content\/uploads\/2022\/02\/Atelje-vina-Sapat-1024x577-7.jpg\" alt=\"\" width=\"300\" height=\"193\" \/> \u00a0<img loading=\"lazy\" decoding=\"async\" class=\"alignnone size-full wp-image-4002\" src=\"http:\/\/indjijatravel.rs\/wp-content\/uploads\/2022\/02\/Sapat-1-6.jpg\" alt=\"\" width=\"300\" height=\"193\" \/><\/p>\n<p>Po\u010denta bb, Novi Slankamen<br \/>069 607 079, 069 607 698<br \/><a href=\"http:\/\/www.sapat.rs\/\">www.sapat.rs<\/a><\/p>\n<p>\u00a0<\/p>\n<p><strong data-rich-text-format-boundary=\"true\">\u00a0&#8220;AKUMINKUM&#8221;<\/strong><\/p>\n<p><img loading=\"lazy\" decoding=\"async\" class=\"alignnone size-full wp-image-4011\" src=\"http:\/\/indjijatravel.rs\/wp-content\/uploads\/2022\/02\/101069696_2606070479647935_1219220226105671680_o-1.jpg\" alt=\"\" width=\"300\" height=\"193\" \/> \u00a0<img loading=\"lazy\" decoding=\"async\" class=\"alignnone size-full wp-image-4012\" src=\"http:\/\/indjijatravel.rs\/wp-content\/uploads\/2022\/02\/Acumincum-za-krug-300x195-2.jpg\" alt=\"\" width=\"300\" height=\"195\" \/><\/p>\n<p>Dositeja Obradovi\u0107a 3, Stari Slankamen<br \/>063 238 399, 063 249 464<br \/><a href=\"http:\/\/www.vinarija-acumincum.com\/\">www.vinarija-acumincum.com<\/a><\/p>\n<p>\u00a0<\/p>\n<p style=\"background: white; margin: 0in 0in 15.0pt 0in;\"><strong data-rich-text-format-boundary=\"true\">&#8220;MANUFAKTURA SPASI\u0106&#8221;<\/strong><\/p>\n<p><img loading=\"lazy\" decoding=\"async\" class=\"alignnone size-full wp-image-4015\" src=\"http:\/\/indjijatravel.rs\/wp-content\/uploads\/2022\/02\/manufaktura-spasic-1-1.jpg\" alt=\"\" width=\"300\" height=\"193\" \/>\u00a0 <img loading=\"lazy\" decoding=\"async\" class=\"alignnone size-full wp-image-4019\" src=\"http:\/\/indjijatravel.rs\/wp-content\/uploads\/2022\/02\/spasic.jpg\" alt=\"\" width=\"300\" height=\"193\" \/><\/p>\n<p style=\"background: white; margin: 0in 0in 15.0pt 0in;\">Jovana Du\u010di\u0107a 6, Novi Slankamen<br \/>065 34 44 576<br \/><a href=\"http:\/\/www.vinarija-acumincum.com\/\">www.manufakturaspasic.com<\/a><\/p>\n<p>\u00a0<\/p>\n<p><strong data-rich-text-format-boundary=\"true\">&#8220;VINARIJA AVEN&#8221;<\/strong><\/p>\n<p><img loading=\"lazy\" decoding=\"async\" class=\"alignnone size-full wp-image-4022\" src=\"http:\/\/indjijatravel.rs\/wp-content\/uploads\/2022\/02\/aven-1.jpg\" alt=\"\" width=\"300\" height=\"193\" \/> \u00a0<img loading=\"lazy\" decoding=\"async\" class=\"alignnone size-full wp-image-4025\" src=\"http:\/\/indjijatravel.rs\/wp-content\/uploads\/2022\/02\/Vinarija-Aven-2-300x208-2.jpeg\" alt=\"\" width=\"300\" height=\"193\" \/><\/p>\n<p>Petra Ko\u010di\u0107a 29, In\u0111ija<br \/>061 21 51 034, 064 84 96 044<br \/><a href=\"http:\/\/www.vinarijaaven.rs\/\">www.vinarijaaven.rs<\/a><\/p>\n<p>\u00a0<\/p>\n<p><strong>&#8220;VINARIJA KOMAZEC<\/strong><strong>&#8220;<\/strong><\/p>\n<p><img loading=\"lazy\" decoding=\"async\" class=\"alignnone size-full wp-image-4028\" src=\"http:\/\/indjijatravel.rs\/wp-content\/uploads\/2022\/02\/20201115_132327-1.jpg\" alt=\"\" width=\"300\" height=\"193\" \/> \u00a0<img loading=\"lazy\" decoding=\"async\" class=\"alignnone size-full wp-image-4029\" src=\"http:\/\/indjijatravel.rs\/wp-content\/uploads\/2022\/02\/komazec.jpg\" alt=\"\" width=\"300\" height=\"193\" \/><\/p>\n<p>Jovana Popovi\u0107a 118, In\u0111ija<br \/>063 472 173<\/p>\n<p>\u00a0<\/p>\n<p><strong>&#8220;VINARIJA MACURA PRODUKT&#8221;<\/strong><\/p>\n<p><img loading=\"lazy\" decoding=\"async\" class=\"alignnone size-full wp-image-4033\" src=\"http:\/\/indjijatravel.rs\/wp-content\/uploads\/2022\/02\/macura-produkt.jpg\" alt=\"\" width=\"300\" height=\"193\" \/> \u00a0<img loading=\"lazy\" decoding=\"async\" class=\"alignnone size-full wp-image-4035\" src=\"http:\/\/indjijatravel.rs\/wp-content\/uploads\/2022\/02\/macura-produkt-grozdje-2.jpg\" alt=\"\" width=\"300\" height=\"193\" \/><\/p>\n<p>Dr Borivoja Gnjati\u0107a 32, Stari Slankamen<br \/>060 59 10 200<\/p>\n<p>\u00a0<\/p>\n<p><strong>&#8220;VINARIJA SOKOLOV ZAMAK&#8221;<\/strong><\/p>\n<p><img loading=\"lazy\" decoding=\"async\" class=\"alignnone size-full wp-image-4036\" src=\"http:\/\/indjijatravel.rs\/wp-content\/uploads\/2022\/02\/20170520_104601.jpg\" alt=\"\" width=\"300\" height=\"193\" \/> \u00a0<img loading=\"lazy\" decoding=\"async\" class=\"alignnone size-full wp-image-4037\" src=\"http:\/\/indjijatravel.rs\/wp-content\/uploads\/2022\/02\/sokolov-zamak.jpg\" alt=\"\" width=\"300\" height=\"193\" \/><\/p>\n<p>Kneza Milo\u0161a bb, Be\u0161ka<br \/>064 13 53 704<br \/><a href=\"http:\/\/www.sokolovzamak.rs\">www.sokolovzamak.rs<\/a><\/p>\n<p>\u00a0<\/p>\n<p><strong>&#8220;VINARIJA PATKOV VINOGRAD&#8221;<\/strong><\/p>\n<p><img loading=\"lazy\" decoding=\"async\" class=\"alignnone size-full wp-image-4038\" src=\"http:\/\/indjijatravel.rs\/wp-content\/uploads\/2022\/02\/4-jahaca.jpg\" alt=\"\" width=\"300\" height=\"193\" \/> \u00a0<img loading=\"lazy\" decoding=\"async\" class=\"alignnone size-full wp-image-4039\" src=\"http:\/\/indjijatravel.rs\/wp-content\/uploads\/2022\/02\/sesir-Patkov-vinograd.jpg\" alt=\"\" width=\"300\" height=\"193\" \/><\/p>\n<p>Milenka Vuksana 10, Kr\u010dedin<br \/>065 35 80 358<\/p>\n<p>\u00a0<\/p>\n<p><strong>&#8220;VINARIJA STOJANOVI\u0106&#8221;<\/strong><\/p>\n<p style=\"background: white; margin: 0in 0in 15.0pt 0in;\"><img loading=\"lazy\" decoding=\"async\" class=\"alignnone size-full wp-image-4048\" src=\"http:\/\/indjijatravel.rs\/wp-content\/uploads\/2022\/02\/Vinarija-Stojanovic-2a-2-300x226-1.jpg\" alt=\"\" width=\"300\" height=\"193\" \/> \u00a0<img loading=\"lazy\" decoding=\"async\" class=\"alignnone size-full wp-image-4049\" src=\"http:\/\/indjijatravel.rs\/wp-content\/uploads\/2022\/02\/Vinarija-Stojanovic-1-300x225-1.jpg\" alt=\"\" width=\"300\" height=\"193\" \/><\/p>\n<p>Janda 2, Slankamena\u010dki Vinogradi<br \/>063 275 590, 064 61 84 141<br \/><a href=\"http:\/\/www.vinarijastojanovic.rs\/\">www.vinarijastojanovic.rs<\/a><\/p>\n<p>\u00a0<\/p>\n<p style=\"background: white; margin: 0in 0in 15.0pt 0in;\"><strong>&#8220;LANGOV PODRUM&#8221;<\/strong><\/p>\n<p><img loading=\"lazy\" decoding=\"async\" class=\"alignnone size-full wp-image-4074\" src=\"http:\/\/indjijatravel.rs\/wp-content\/uploads\/2022\/03\/page-1.jpg\" alt=\"\" width=\"300\" height=\"196\" \/> \u00a0<img loading=\"lazy\" decoding=\"async\" class=\"alignnone size-full wp-image-4075\" src=\"http:\/\/indjijatravel.rs\/wp-content\/uploads\/2022\/03\/IMG4266-160820201059151554.jpeg\" alt=\"\" width=\"300\" height=\"196\" \/><\/p>\n<p>Nikole Bursa\u0107a 64, In\u0111ija<br \/>062 345 396<br \/><a href=\"http:\/\/www.langovpodrum.rs\">www.langovpodrum.rs<\/a><\/p>\n\n\n<p><\/p>\n","protected":false},"excerpt":{"rendered":"<p>Wineries In addition to numerous wine producers in the municipality of In\u0111ija, there are 9 registered wineries with tasting rooms. Advance booking is required to visit the wineries. \u00a0 \u00a0&#8220;ATELJE VINA \u0160APAT&#8221; \u00a0 Po\u010denta bb, Novi Slankamen069 607 079, 069 607 698www.sapat.rs \u00a0 \u00a0&#8220;AKUMINKUM&#8221; \u00a0 Dositeja Obradovi\u0107a 3, Stari Slankamen063 238 399, 063 249 464www.vinarija-acumincum.com [&hellip;]<\/p>\n","protected":false},"author":1,"featured_media":0,"parent":0,"menu_order":0,"comment_status":"closed","ping_status":"closed","template":"","meta":{"_monsterinsights_skip_tracking":false,"_monsterinsights_sitenote_active":false,"_monsterinsights_sitenote_note":"","_monsterinsights_sitenote_category":0,"footnotes":""},"class_list":["post-82","page","type-page","status-publish","hentry","no-thumb"],"yoast_head":"<!-- This site is optimized with the Yoast SEO plugin v19.7.1 - https:\/\/yoast.com\/wordpress\/plugins\/seo\/ -->\n<title>Wineries - Tourist organization of the Municipality of In\u0111ija<\/title>\n<meta name=\"description\" content=\"In addition to numerous wine producers in the municipality of In\u0111ija, there are 9 registered wineries with tasting rooms. Advance booking ...\" \/>\n<meta name=\"robots\" content=\"index, follow, max-snippet:-1, max-image-preview:large, max-video-preview:-1\" \/>\n<link rel=\"canonical\" href=\"https:\/\/indjijatravel.rs\/eng\/wineries\/\" \/>\n<meta property=\"og:locale\" content=\"en_US\" \/>\n<meta property=\"og:type\" content=\"article\" \/>\n<meta property=\"og:title\" content=\"Wineries - Tourist organization of the Municipality of In\u0111ija\" \/>\n<meta property=\"og:description\" content=\"In addition to numerous wine producers in the municipality of In\u0111ija, there are 9 registered wineries with tasting rooms. Advance booking ...\" \/>\n<meta property=\"og:url\" content=\"https:\/\/indjijatravel.rs\/eng\/wineries\/\" \/>\n<meta property=\"og:site_name\" content=\"Tourist organization of the Municipality of In\u0111ija\" \/>\n<meta property=\"article:modified_time\" content=\"2022-10-05T08:42:47+00:00\" \/>\n<meta property=\"og:image\" content=\"http:\/\/indjijatravel.rs\/wp-content\/uploads\/2022\/02\/Atelje-vina-Sapat-1024x577-7.jpg\" \/>\n<meta name=\"twitter:card\" content=\"summary_large_image\" \/>\n<meta name=\"twitter:label1\" content=\"Est. reading time\" \/>\n\t<meta name=\"twitter:data1\" content=\"5 minutes\" \/>\n<script type=\"application\/ld+json\" class=\"yoast-schema-graph\">{\"@context\":\"https:\/\/schema.org\",\"@graph\":[{\"@type\":\"WebPage\",\"@id\":\"https:\/\/indjijatravel.rs\/eng\/wineries\/\",\"url\":\"https:\/\/indjijatravel.rs\/eng\/wineries\/\",\"name\":\"Wineries - Tourist organization of the Municipality of In\u0111ija\",\"isPartOf\":{\"@id\":\"https:\/\/indjijatravel.rs\/eng\/#website\"},\"datePublished\":\"2017-12-12T09:51:30+00:00\",\"dateModified\":\"2022-10-05T08:42:47+00:00\",\"description\":\"In addition to numerous wine producers in the municipality of In\u0111ija, there are 9 registered wineries with tasting rooms. Advance booking ...\",\"breadcrumb\":{\"@id\":\"https:\/\/indjijatravel.rs\/eng\/wineries\/#breadcrumb\"},\"inLanguage\":\"en-US\",\"potentialAction\":[{\"@type\":\"ReadAction\",\"target\":[\"https:\/\/indjijatravel.rs\/eng\/wineries\/\"]}]},{\"@type\":\"BreadcrumbList\",\"@id\":\"https:\/\/indjijatravel.rs\/eng\/wineries\/#breadcrumb\",\"itemListElement\":[{\"@type\":\"ListItem\",\"position\":1,\"name\":\"\u041f\u043e\u0447\u0435\u0442\u043d\u0430\",\"item\":\"https:\/\/indjijatravel.rs\/eng\/\"},{\"@type\":\"ListItem\",\"position\":2,\"name\":\"Wineries\"}]},{\"@type\":\"WebSite\",\"@id\":\"https:\/\/indjijatravel.rs\/eng\/#website\",\"url\":\"https:\/\/indjijatravel.rs\/eng\/\",\"name\":\"Tourist organization of the Municipality of In\u0111ija\",\"description\":\"\",\"potentialAction\":[{\"@type\":\"SearchAction\",\"target\":{\"@type\":\"EntryPoint\",\"urlTemplate\":\"https:\/\/indjijatravel.rs\/eng\/?s={search_term_string}\"},\"query-input\":\"required name=search_term_string\"}],\"inLanguage\":\"en-US\"}]}<\/script>\n<!-- \/ Yoast SEO plugin. -->","yoast_head_json":{"title":"Wineries - Tourist organization of the Municipality of In\u0111ija","description":"In addition to numerous wine producers in the municipality of In\u0111ija, there are 9 registered wineries with tasting rooms. Advance booking ...","robots":{"index":"index","follow":"follow","max-snippet":"max-snippet:-1","max-image-preview":"max-image-preview:large","max-video-preview":"max-video-preview:-1"},"canonical":"https:\/\/indjijatravel.rs\/eng\/wineries\/","og_locale":"en_US","og_type":"article","og_title":"Wineries - Tourist organization of the Municipality of In\u0111ija","og_description":"In addition to numerous wine producers in the municipality of In\u0111ija, there are 9 registered wineries with tasting rooms. Advance booking ...","og_url":"https:\/\/indjijatravel.rs\/eng\/wineries\/","og_site_name":"Tourist organization of the Municipality of In\u0111ija","article_modified_time":"2022-10-05T08:42:47+00:00","og_image":[{"url":"http:\/\/indjijatravel.rs\/wp-content\/uploads\/2022\/02\/Atelje-vina-Sapat-1024x577-7.jpg"}],"twitter_card":"summary_large_image","twitter_misc":{"Est. reading time":"5 minutes"},"schema":{"@context":"https:\/\/schema.org","@graph":[{"@type":"WebPage","@id":"https:\/\/indjijatravel.rs\/eng\/wineries\/","url":"https:\/\/indjijatravel.rs\/eng\/wineries\/","name":"Wineries - Tourist organization of the Municipality of In\u0111ija","isPartOf":{"@id":"https:\/\/indjijatravel.rs\/eng\/#website"},"datePublished":"2017-12-12T09:51:30+00:00","dateModified":"2022-10-05T08:42:47+00:00","description":"In addition to numerous wine producers in the municipality of In\u0111ija, there are 9 registered wineries with tasting rooms. Advance booking ...","breadcrumb":{"@id":"https:\/\/indjijatravel.rs\/eng\/wineries\/#breadcrumb"},"inLanguage":"en-US","potentialAction":[{"@type":"ReadAction","target":["https:\/\/indjijatravel.rs\/eng\/wineries\/"]}]},{"@type":"BreadcrumbList","@id":"https:\/\/indjijatravel.rs\/eng\/wineries\/#breadcrumb","itemListElement":[{"@type":"ListItem","position":1,"name":"\u041f\u043e\u0447\u0435\u0442\u043d\u0430","item":"https:\/\/indjijatravel.rs\/eng\/"},{"@type":"ListItem","position":2,"name":"Wineries"}]},{"@type":"WebSite","@id":"https:\/\/indjijatravel.rs\/eng\/#website","url":"https:\/\/indjijatravel.rs\/eng\/","name":"Tourist organization of the Municipality of In\u0111ija","description":"","potentialAction":[{"@type":"SearchAction","target":{"@type":"EntryPoint","urlTemplate":"https:\/\/indjijatravel.rs\/eng\/?s={search_term_string}"},"query-input":"required name=search_term_string"}],"inLanguage":"en-US"}]}},"_links":{"self":[{"href":"https:\/\/indjijatravel.rs\/eng\/wp-json\/wp\/v2\/pages\/82","targetHints":{"allow":["GET"]}}],"collection":[{"href":"https:\/\/indjijatravel.rs\/eng\/wp-json\/wp\/v2\/pages"}],"about":[{"href":"https:\/\/indjijatravel.rs\/eng\/wp-json\/wp\/v2\/types\/page"}],"author":[{"embeddable":true,"href":"https:\/\/indjijatravel.rs\/eng\/wp-json\/wp\/v2\/users\/1"}],"replies":[{"embeddable":true,"href":"https:\/\/indjijatravel.rs\/eng\/wp-json\/wp\/v2\/comments?post=82"}],"version-history":[{"count":4,"href":"https:\/\/indjijatravel.rs\/eng\/wp-json\/wp\/v2\/pages\/82\/revisions"}],"predecessor-version":[{"id":278,"href":"https:\/\/indjijatravel.rs\/eng\/wp-json\/wp\/v2\/pages\/82\/revisions\/278"}],"wp:attachment":[{"href":"https:\/\/indjijatravel.rs\/eng\/wp-json\/wp\/v2\/media?parent=82"}],"curies":[{"name":"wp","href":"https:\/\/api.w.org\/{rel}","templated":true}]}}